{"id":9839,"date":"2025-03-19T16:06:42","date_gmt":"2025-03-19T15:06:42","guid":{"rendered":"https:\/\/www.tpcsrl.com\/plieuse-hydraulique-xl-3020x100-ton-cnc-esa-875-nr-4-axes-controles-y1-y2-x-r\/"},"modified":"2025-03-19T16:06:42","modified_gmt":"2025-03-19T15:06:42","slug":"plieuse-hydraulique-xl-3020x100-ton-cnc-esa-875-nr-4-axes-controles-y1-y2-x-r","status":"publish","type":"product","link":"https:\/\/www.tpcsrl.com\/fr\/plieuse-hydraulique-xl-3020x100-ton-cnc-esa-875-nr-4-axes-controles-y1-y2-x-r\/","title":{"rendered":"Presse plieuse hydraulique XL 3020&#215;100 Ton CNC Esa 875 Nr.4 Axes contr\u00f4l\u00e9s: Y1-Y2-X-R"},"content":{"rendered":"<p>MACHINE EN PR\u00caT \u00c0 LIVRER<\/p>\n<p>Plieuse pour t\u00f4le Dener 30020&#215;100 ton, CNC Esa 875 W ( Ready 4.0), longueur de pliage 3020 mm, puissance 100 ton, nr. 4 axes contr\u00f4l\u00e9s : Y1Y2-X-R, table de compensation motoris\u00e9e g\u00e9r\u00e9e par CNC \u00ab\u00a0type Wila\u00a0\u00bb, hauteur du plan de travail 900 mm, course de v\u00e9rin 300 mm, poids approximatif 8550 kg, supports avant de type l\u00e9ger, encoche montants 450 mm, ouverture 530 mm, dimensions machine LxLxH=3725x2250x2770 mm<\/p>\n","protected":false},"excerpt":{"rendered":"<p>MACHINE EN PR\u00caT \u00c0 LIVRER Plieuse pour t\u00f4le Dener 30020&#215;100 ton, CNC Esa 875 W ( Ready 4.0), longueur de [&hellip;]<\/p>\n","protected":false},"featured_media":9840,"comment_status":"open","ping_status":"closed","template":"","meta":{"_acf_changed":false,"_uag_custom_page_level_css":"","site-sidebar-layout":"default","site-content-layout":"","ast-site-content-layout":"default","site-content-style":"default","site-sidebar-style":"default","ast-global-header-display":"","ast-banner-title-visibility":"","ast-main-header-display":"","ast-hfb-above-header-display":"","ast-hfb-below-header-display":"","ast-hfb-mobile-header-display":"","site-post-title":"","ast-breadcrumbs-content":"","ast-featured-img":"","footer-sml-layout":"","ast-disable-related-posts":"","theme-transparent-header-meta":"default","adv-header-id-meta":"","stick-header-meta":"default","header-above-stick-meta":"","header-main-stick-meta":"","header-below-stick-meta":"","astra-migrate-meta-layouts":"default","ast-page-background-enabled":"default","ast-page-background-meta":{"desktop":{"background-color":"var(--ast-global-color-5)","background-image":"","background-repeat":"repeat","background-position":"center center","background-size":"auto","background-attachment":"scroll","background-type":"","background-media":"","overlay-type":"","overlay-color":"","overlay-opacity":"","overlay-gradient":""},"tablet":{"background-color":"","background-image":"","background-repeat":"repeat","background-position":"center center","background-size":"auto","background-attachment":"scroll","background-type":"","background-media":"","overlay-type":"","overlay-color":"","overlay-opacity":"","overlay-gradient":""},"mobile":{"background-color":"","background-image":"","background-repeat":"repeat","background-position":"center center","background-size":"auto","background-attachment":"scroll","background-type":"","background-media":"","overlay-type":"","overlay-color":"","overlay-opacity":"","overlay-gradient":""}},"ast-content-background-meta":{"desktop":{"background-color":"var(--ast-global-color-4)","background-image":"","background-repeat":"repeat","background-position":"center center","background-size":"auto","background-attachment":"scroll","background-type":"","background-media":"","overlay-type":"","overlay-color":"","overlay-opacity":"","overlay-gradient":""},"tablet":{"background-color":"var(--ast-global-color-4)","background-image":"","background-repeat":"repeat","background-position":"center center","background-size":"auto","background-attachment":"scroll","background-type":"","background-media":"","overlay-type":"","overlay-color":"","overlay-opacity":"","overlay-gradient":""},"mobile":{"background-color":"var(--ast-global-color-4)","background-image":"","background-repeat":"repeat","background-position":"center center","background-size":"auto","background-attachment":"scroll","background-type":"","background-media":"","overlay-type":"","overlay-color":"","overlay-opacity":"","overlay-gradient":""}},"iawp_total_views":1},"product_brand":[1984],"product_cat":[1144],"product_tag":[],"class_list":{"0":"post-9839","1":"product","2":"type-product","3":"status-publish","4":"has-post-thumbnail","6":"product_brand-dener","7":"product_cat-presse-plieuse-hydraulique","8":"desktop-align-left","9":"tablet-align-left","10":"mobile-align-left","12":"first","13":"instock","14":"shipping-taxable","15":"product-type-simple"},"acf":[],"yoast_head":"<!-- This site is optimized with the Yoast SEO plugin v27.4 - https:\/\/yoast.com\/product\/yoast-seo-wordpress\/ -->\n<title>Presse plieuse hydraulique XL 3020\u00d7100 Ton CNC Esa 875 Nr.4 Axes contr\u00f4l\u00e9s: Y1-Y2-X-R | TPC SRL<\/title>\n<meta name=\"description\" content=\"Scopri Presse plieuse hydraulique XL 3020x100 Ton CNC Esa 875 Nr.4 Axes contr\u00f4l\u00e9s: Y1-Y2-X-R su TPC SRL - qualit\u00e0, prestazioni e assistenza garantita.\" \/>\n<meta name=\"robots\" content=\"index, follow, max-snippet:-1, max-image-preview:large, max-video-preview:-1\" \/>\n<link rel=\"canonical\" href=\"https:\/\/www.tpcsrl.com\/fr\/plieuse-hydraulique-xl-3020x100-ton-cnc-esa-875-nr-4-axes-controles-y1-y2-x-r\/\" \/>\n<meta property=\"og:locale\" content=\"fr_FR\" \/>\n<meta property=\"og:type\" content=\"article\" \/>\n<meta property=\"og:title\" content=\"Presse plieuse hydraulique XL 3020x100 Ton CNC Esa 875 Nr.4 Axes contr\u00f4l\u00e9s: Y1-Y2-X-R - TPC SRL\" \/>\n<meta property=\"og:description\" content=\"Scopri Presse plieuse hydraulique XL 3020x100 Ton CNC Esa 875 Nr.4 Axes contr\u00f4l\u00e9s: Y1-Y2-X-R su TPC SRL - qualit\u00e0, prestazioni e assistenza garantita.\" \/>\n<meta property=\"og:url\" content=\"https:\/\/www.tpcsrl.com\/fr\/plieuse-hydraulique-xl-3020x100-ton-cnc-esa-875-nr-4-axes-controles-y1-y2-x-r\/\" \/>\n<meta property=\"og:site_name\" content=\"TPC SRL\" \/>\n<meta property=\"article:publisher\" content=\"https:\/\/www.facebook.com\/tpcsrl2022\" \/>\n<meta property=\"og:image\" content=\"https:\/\/www.tpcsrl.com\/wp-content\/uploads\/2025\/03\/original-pressa-piegatrice-idraulica-xl-3020x100-ton-cnc-esa-875-nr-4-assi-controllati-y1-y2-x-r-scaled.jpg\" \/>\n\t<meta property=\"og:image:width\" content=\"1920\" \/>\n\t<meta property=\"og:image:height\" content=\"2560\" \/>\n\t<meta property=\"og:image:type\" content=\"image\/jpeg\" \/>\n<meta name=\"twitter:card\" content=\"summary_large_image\" \/>\n<script type=\"application\/ld+json\" class=\"yoast-schema-graph\">{\"@context\":\"https:\\\/\\\/schema.org\",\"@graph\":[{\"@type\":\"WebPage\",\"@id\":\"https:\\\/\\\/www.tpcsrl.com\\\/fr\\\/plieuse-hydraulique-xl-3020x100-ton-cnc-esa-875-nr-4-axes-controles-y1-y2-x-r\\\/\",\"url\":\"https:\\\/\\\/www.tpcsrl.com\\\/fr\\\/plieuse-hydraulique-xl-3020x100-ton-cnc-esa-875-nr-4-axes-controles-y1-y2-x-r\\\/\",\"name\":\"Presse plieuse hydraulique XL 3020x100 Ton CNC Esa 875 Nr.4 Axes contr\u00f4l\u00e9s: Y1-Y2-X-R - TPC SRL\",\"isPartOf\":{\"@id\":\"https:\\\/\\\/www.tpcsrl.com\\\/fr\\\/#website\"},\"primaryImageOfPage\":{\"@id\":\"https:\\\/\\\/www.tpcsrl.com\\\/fr\\\/plieuse-hydraulique-xl-3020x100-ton-cnc-esa-875-nr-4-axes-controles-y1-y2-x-r\\\/#primaryimage\"},\"image\":{\"@id\":\"https:\\\/\\\/www.tpcsrl.com\\\/fr\\\/plieuse-hydraulique-xl-3020x100-ton-cnc-esa-875-nr-4-axes-controles-y1-y2-x-r\\\/#primaryimage\"},\"thumbnailUrl\":\"https:\\\/\\\/www.tpcsrl.com\\\/wp-content\\\/uploads\\\/2025\\\/03\\\/original-pressa-piegatrice-idraulica-xl-3020x100-ton-cnc-esa-875-nr-4-assi-controllati-y1-y2-x-r-scaled.jpg\",\"datePublished\":\"2025-03-19T15:06:42+00:00\",\"description\":\"Scopri Presse plieuse hydraulique XL 3020x100 Ton CNC Esa 875 Nr.4 Axes contr\u00f4l\u00e9s: Y1-Y2-X-R su TPC SRL - qualit\u00e0, prestazioni e assistenza garantita.\",\"breadcrumb\":{\"@id\":\"https:\\\/\\\/www.tpcsrl.com\\\/fr\\\/plieuse-hydraulique-xl-3020x100-ton-cnc-esa-875-nr-4-axes-controles-y1-y2-x-r\\\/#breadcrumb\"},\"inLanguage\":\"fr-FR\",\"potentialAction\":[{\"@type\":\"ReadAction\",\"target\":[\"https:\\\/\\\/www.tpcsrl.com\\\/fr\\\/plieuse-hydraulique-xl-3020x100-ton-cnc-esa-875-nr-4-axes-controles-y1-y2-x-r\\\/\"]}]},{\"@type\":\"ImageObject\",\"inLanguage\":\"fr-FR\",\"@id\":\"https:\\\/\\\/www.tpcsrl.com\\\/fr\\\/plieuse-hydraulique-xl-3020x100-ton-cnc-esa-875-nr-4-axes-controles-y1-y2-x-r\\\/#primaryimage\",\"url\":\"https:\\\/\\\/www.tpcsrl.com\\\/wp-content\\\/uploads\\\/2025\\\/03\\\/original-pressa-piegatrice-idraulica-xl-3020x100-ton-cnc-esa-875-nr-4-assi-controllati-y1-y2-x-r-scaled.jpg\",\"contentUrl\":\"https:\\\/\\\/www.tpcsrl.com\\\/wp-content\\\/uploads\\\/2025\\\/03\\\/original-pressa-piegatrice-idraulica-xl-3020x100-ton-cnc-esa-875-nr-4-assi-controllati-y1-y2-x-r-scaled.jpg\",\"width\":1920,\"height\":2560,\"caption\":\"Presse plieuse hydraulique XL 3020\u00d7100 Ton CNC Esa 875 Nr.4 Axes contr\u00f4l\u00e9s: Y1-Y2-X-R\"},{\"@type\":\"BreadcrumbList\",\"@id\":\"https:\\\/\\\/www.tpcsrl.com\\\/fr\\\/plieuse-hydraulique-xl-3020x100-ton-cnc-esa-875-nr-4-axes-controles-y1-y2-x-r\\\/#breadcrumb\",\"itemListElement\":[{\"@type\":\"ListItem\",\"position\":1,\"name\":\"Home\",\"item\":\"https:\\\/\\\/www.tpcsrl.com\\\/fr\\\/\"},{\"@type\":\"ListItem\",\"position\":2,\"name\":\"Boutique\",\"item\":\"https:\\\/\\\/www.tpcsrl.com\\\/fr\\\/boutique\\\/\"},{\"@type\":\"ListItem\",\"position\":3,\"name\":\"Presse plieuse hydraulique XL 3020&#215;100 Ton CNC Esa 875 Nr.4 Axes contr\u00f4l\u00e9s: Y1-Y2-X-R\"}]},{\"@type\":\"WebSite\",\"@id\":\"https:\\\/\\\/www.tpcsrl.com\\\/fr\\\/#website\",\"url\":\"https:\\\/\\\/www.tpcsrl.com\\\/fr\\\/\",\"name\":\"TPC SRL\",\"description\":\"Leader nell\u2019acquisto e vendita di macchine utensili\",\"publisher\":{\"@id\":\"https:\\\/\\\/www.tpcsrl.com\\\/fr\\\/#organization\"},\"potentialAction\":[{\"@type\":\"SearchAction\",\"target\":{\"@type\":\"EntryPoint\",\"urlTemplate\":\"https:\\\/\\\/www.tpcsrl.com\\\/fr\\\/?s={search_term_string}\"},\"query-input\":{\"@type\":\"PropertyValueSpecification\",\"valueRequired\":true,\"valueName\":\"search_term_string\"}}],\"inLanguage\":\"fr-FR\"},{\"@type\":\"Organization\",\"@id\":\"https:\\\/\\\/www.tpcsrl.com\\\/fr\\\/#organization\",\"name\":\"TPC SRL\",\"url\":\"https:\\\/\\\/www.tpcsrl.com\\\/fr\\\/\",\"logo\":{\"@type\":\"ImageObject\",\"inLanguage\":\"fr-FR\",\"@id\":\"https:\\\/\\\/www.tpcsrl.com\\\/fr\\\/#\\\/schema\\\/logo\\\/image\\\/\",\"url\":\"https:\\\/\\\/www.tpcsrl.com\\\/wp-content\\\/uploads\\\/2026\\\/01\\\/logo-tpc-fr.jpg\",\"contentUrl\":\"https:\\\/\\\/www.tpcsrl.com\\\/wp-content\\\/uploads\\\/2026\\\/01\\\/logo-tpc-fr.jpg\",\"width\":640,\"height\":316,\"caption\":\"TPC SRL\"},\"image\":{\"@id\":\"https:\\\/\\\/www.tpcsrl.com\\\/fr\\\/#\\\/schema\\\/logo\\\/image\\\/\"},\"sameAs\":[\"https:\\\/\\\/www.facebook.com\\\/tpcsrl2022\",\"https:\\\/\\\/www.youtube.com\\\/@TPCSRL\"]}]}<\/script>\n<!-- \/ Yoast SEO plugin. -->","yoast_head_json":{"title":"Presse plieuse hydraulique XL 3020\u00d7100 Ton CNC Esa 875 Nr.4 Axes contr\u00f4l\u00e9s: Y1-Y2-X-R | TPC SRL","description":"Scopri Presse plieuse hydraulique XL 3020x100 Ton CNC Esa 875 Nr.4 Axes contr\u00f4l\u00e9s: Y1-Y2-X-R su TPC SRL - qualit\u00e0, prestazioni e assistenza garantita.","robots":{"index":"index","follow":"follow","max-snippet":"max-snippet:-1","max-image-preview":"max-image-preview:large","max-video-preview":"max-video-preview:-1"},"canonical":"https:\/\/www.tpcsrl.com\/fr\/plieuse-hydraulique-xl-3020x100-ton-cnc-esa-875-nr-4-axes-controles-y1-y2-x-r\/","og_locale":"fr_FR","og_type":"article","og_title":"Presse plieuse hydraulique XL 3020x100 Ton CNC Esa 875 Nr.4 Axes contr\u00f4l\u00e9s: Y1-Y2-X-R - TPC SRL","og_description":"Scopri Presse plieuse hydraulique XL 3020x100 Ton CNC Esa 875 Nr.4 Axes contr\u00f4l\u00e9s: Y1-Y2-X-R su TPC SRL - qualit\u00e0, prestazioni e assistenza garantita.","og_url":"https:\/\/www.tpcsrl.com\/fr\/plieuse-hydraulique-xl-3020x100-ton-cnc-esa-875-nr-4-axes-controles-y1-y2-x-r\/","og_site_name":"TPC SRL","article_publisher":"https:\/\/www.facebook.com\/tpcsrl2022","og_image":[{"width":1920,"height":2560,"url":"https:\/\/www.tpcsrl.com\/wp-content\/uploads\/2025\/03\/original-pressa-piegatrice-idraulica-xl-3020x100-ton-cnc-esa-875-nr-4-assi-controllati-y1-y2-x-r-scaled.jpg","type":"image\/jpeg"}],"twitter_card":"summary_large_image","schema":{"@context":"https:\/\/schema.org","@graph":[{"@type":"WebPage","@id":"https:\/\/www.tpcsrl.com\/fr\/plieuse-hydraulique-xl-3020x100-ton-cnc-esa-875-nr-4-axes-controles-y1-y2-x-r\/","url":"https:\/\/www.tpcsrl.com\/fr\/plieuse-hydraulique-xl-3020x100-ton-cnc-esa-875-nr-4-axes-controles-y1-y2-x-r\/","name":"Presse plieuse hydraulique XL 3020x100 Ton CNC Esa 875 Nr.4 Axes contr\u00f4l\u00e9s: Y1-Y2-X-R - TPC SRL","isPartOf":{"@id":"https:\/\/www.tpcsrl.com\/fr\/#website"},"primaryImageOfPage":{"@id":"https:\/\/www.tpcsrl.com\/fr\/plieuse-hydraulique-xl-3020x100-ton-cnc-esa-875-nr-4-axes-controles-y1-y2-x-r\/#primaryimage"},"image":{"@id":"https:\/\/www.tpcsrl.com\/fr\/plieuse-hydraulique-xl-3020x100-ton-cnc-esa-875-nr-4-axes-controles-y1-y2-x-r\/#primaryimage"},"thumbnailUrl":"https:\/\/www.tpcsrl.com\/wp-content\/uploads\/2025\/03\/original-pressa-piegatrice-idraulica-xl-3020x100-ton-cnc-esa-875-nr-4-assi-controllati-y1-y2-x-r-scaled.jpg","datePublished":"2025-03-19T15:06:42+00:00","description":"Scopri Presse plieuse hydraulique XL 3020x100 Ton CNC Esa 875 Nr.4 Axes contr\u00f4l\u00e9s: Y1-Y2-X-R su TPC SRL - qualit\u00e0, prestazioni e assistenza garantita.","breadcrumb":{"@id":"https:\/\/www.tpcsrl.com\/fr\/plieuse-hydraulique-xl-3020x100-ton-cnc-esa-875-nr-4-axes-controles-y1-y2-x-r\/#breadcrumb"},"inLanguage":"fr-FR","potentialAction":[{"@type":"ReadAction","target":["https:\/\/www.tpcsrl.com\/fr\/plieuse-hydraulique-xl-3020x100-ton-cnc-esa-875-nr-4-axes-controles-y1-y2-x-r\/"]}]},{"@type":"ImageObject","inLanguage":"fr-FR","@id":"https:\/\/www.tpcsrl.com\/fr\/plieuse-hydraulique-xl-3020x100-ton-cnc-esa-875-nr-4-axes-controles-y1-y2-x-r\/#primaryimage","url":"https:\/\/www.tpcsrl.com\/wp-content\/uploads\/2025\/03\/original-pressa-piegatrice-idraulica-xl-3020x100-ton-cnc-esa-875-nr-4-assi-controllati-y1-y2-x-r-scaled.jpg","contentUrl":"https:\/\/www.tpcsrl.com\/wp-content\/uploads\/2025\/03\/original-pressa-piegatrice-idraulica-xl-3020x100-ton-cnc-esa-875-nr-4-assi-controllati-y1-y2-x-r-scaled.jpg","width":1920,"height":2560,"caption":"Presse plieuse hydraulique XL 3020\u00d7100 Ton CNC Esa 875 Nr.4 Axes contr\u00f4l\u00e9s: Y1-Y2-X-R"},{"@type":"BreadcrumbList","@id":"https:\/\/www.tpcsrl.com\/fr\/plieuse-hydraulique-xl-3020x100-ton-cnc-esa-875-nr-4-axes-controles-y1-y2-x-r\/#breadcrumb","itemListElement":[{"@type":"ListItem","position":1,"name":"Home","item":"https:\/\/www.tpcsrl.com\/fr\/"},{"@type":"ListItem","position":2,"name":"Boutique","item":"https:\/\/www.tpcsrl.com\/fr\/boutique\/"},{"@type":"ListItem","position":3,"name":"Presse plieuse hydraulique XL 3020&#215;100 Ton CNC Esa 875 Nr.4 Axes contr\u00f4l\u00e9s: Y1-Y2-X-R"}]},{"@type":"WebSite","@id":"https:\/\/www.tpcsrl.com\/fr\/#website","url":"https:\/\/www.tpcsrl.com\/fr\/","name":"TPC SRL","description":"Leader nell\u2019acquisto e vendita di macchine utensili","publisher":{"@id":"https:\/\/www.tpcsrl.com\/fr\/#organization"},"potentialAction":[{"@type":"SearchAction","target":{"@type":"EntryPoint","urlTemplate":"https:\/\/www.tpcsrl.com\/fr\/?s={search_term_string}"},"query-input":{"@type":"PropertyValueSpecification","valueRequired":true,"valueName":"search_term_string"}}],"inLanguage":"fr-FR"},{"@type":"Organization","@id":"https:\/\/www.tpcsrl.com\/fr\/#organization","name":"TPC SRL","url":"https:\/\/www.tpcsrl.com\/fr\/","logo":{"@type":"ImageObject","inLanguage":"fr-FR","@id":"https:\/\/www.tpcsrl.com\/fr\/#\/schema\/logo\/image\/","url":"https:\/\/www.tpcsrl.com\/wp-content\/uploads\/2026\/01\/logo-tpc-fr.jpg","contentUrl":"https:\/\/www.tpcsrl.com\/wp-content\/uploads\/2026\/01\/logo-tpc-fr.jpg","width":640,"height":316,"caption":"TPC SRL"},"image":{"@id":"https:\/\/www.tpcsrl.com\/fr\/#\/schema\/logo\/image\/"},"sameAs":["https:\/\/www.facebook.com\/tpcsrl2022","https:\/\/www.youtube.com\/@TPCSRL"]}]}},"uagb_featured_image_src":{"full":["https:\/\/www.tpcsrl.com\/wp-content\/uploads\/2025\/03\/original-pressa-piegatrice-idraulica-xl-3020x100-ton-cnc-esa-875-nr-4-assi-controllati-y1-y2-x-r-scaled.jpg",1920,2560,false],"thumbnail":["https:\/\/www.tpcsrl.com\/wp-content\/uploads\/2025\/03\/original-pressa-piegatrice-idraulica-xl-3020x100-ton-cnc-esa-875-nr-4-assi-controllati-y1-y2-x-r-150x150.jpg",150,150,true],"medium":["https:\/\/www.tpcsrl.com\/wp-content\/uploads\/2025\/03\/original-pressa-piegatrice-idraulica-xl-3020x100-ton-cnc-esa-875-nr-4-assi-controllati-y1-y2-x-r-225x300.jpg",225,300,true],"medium_large":["https:\/\/www.tpcsrl.com\/wp-content\/uploads\/2025\/03\/original-pressa-piegatrice-idraulica-xl-3020x100-ton-cnc-esa-875-nr-4-assi-controllati-y1-y2-x-r-768x1024.jpg",768,1024,true],"large":["https:\/\/www.tpcsrl.com\/wp-content\/uploads\/2025\/03\/original-pressa-piegatrice-idraulica-xl-3020x100-ton-cnc-esa-875-nr-4-assi-controllati-y1-y2-x-r-768x1024.jpg",768,1024,true],"1536x1536":["https:\/\/www.tpcsrl.com\/wp-content\/uploads\/2025\/03\/original-pressa-piegatrice-idraulica-xl-3020x100-ton-cnc-esa-875-nr-4-assi-controllati-y1-y2-x-r-1152x1536.jpg",1152,1536,true],"2048x2048":["https:\/\/www.tpcsrl.com\/wp-content\/uploads\/2025\/03\/original-pressa-piegatrice-idraulica-xl-3020x100-ton-cnc-esa-875-nr-4-assi-controllati-y1-y2-x-r-1536x2048.jpg",1536,2048,true],"woocommerce_thumbnail":["https:\/\/www.tpcsrl.com\/wp-content\/uploads\/2025\/03\/original-pressa-piegatrice-idraulica-xl-3020x100-ton-cnc-esa-875-nr-4-assi-controllati-y1-y2-x-r-scaled-300x225.jpg",300,225,true],"woocommerce_single":["https:\/\/www.tpcsrl.com\/wp-content\/uploads\/2025\/03\/original-pressa-piegatrice-idraulica-xl-3020x100-ton-cnc-esa-875-nr-4-assi-controllati-y1-y2-x-r-scaled-600x800.jpg",600,800,true],"woocommerce_gallery_thumbnail":["https:\/\/www.tpcsrl.com\/wp-content\/uploads\/2025\/03\/original-pressa-piegatrice-idraulica-xl-3020x100-ton-cnc-esa-875-nr-4-assi-controllati-y1-y2-x-r-scaled-100x100.jpg",100,100,true]},"uagb_author_info":{"display_name":"tpc srl","author_link":"https:\/\/www.tpcsrl.com\/fr\/author\/"},"uagb_comment_info":0,"uagb_excerpt":"MACHINE EN PR\u00caT \u00c0 LIVRER Plieuse pour t\u00f4le Dener 30020&#215;100 ton, CNC Esa 875 W ( Ready 4.0), longueur de [&hellip;]","_links":{"self":[{"href":"https:\/\/www.tpcsrl.com\/fr\/wp-json\/wp\/v2\/product\/9839","targetHints":{"allow":["GET"]}}],"collection":[{"href":"https:\/\/www.tpcsrl.com\/fr\/wp-json\/wp\/v2\/product"}],"about":[{"href":"https:\/\/www.tpcsrl.com\/fr\/wp-json\/wp\/v2\/types\/product"}],"replies":[{"embeddable":true,"href":"https:\/\/www.tpcsrl.com\/fr\/wp-json\/wp\/v2\/comments?post=9839"}],"wp:featuredmedia":[{"embeddable":true,"href":"https:\/\/www.tpcsrl.com\/fr\/wp-json\/wp\/v2\/media\/9840"}],"wp:attachment":[{"href":"https:\/\/www.tpcsrl.com\/fr\/wp-json\/wp\/v2\/media?parent=9839"}],"wp:term":[{"taxonomy":"product_brand","embeddable":true,"href":"https:\/\/www.tpcsrl.com\/fr\/wp-json\/wp\/v2\/product_brand?post=9839"},{"taxonomy":"product_cat","embeddable":true,"href":"https:\/\/www.tpcsrl.com\/fr\/wp-json\/wp\/v2\/product_cat?post=9839"},{"taxonomy":"product_tag","embeddable":true,"href":"https:\/\/www.tpcsrl.com\/fr\/wp-json\/wp\/v2\/product_tag?post=9839"}],"curies":[{"name":"wp","href":"https:\/\/api.w.org\/{rel}","templated":true}]}}