{"id":9552,"date":"2025-03-19T16:06:41","date_gmt":"2025-03-19T15:06:41","guid":{"rendered":"https:\/\/www.tpcsrl.com\/plieuse-electrique-servo-dd-m-2000x50-ton\/"},"modified":"2026-01-16T08:43:56","modified_gmt":"2026-01-16T07:43:56","slug":"presse-plieuse-electrique-servo-dd-m-2000-x-50-tonnes","status":"publish","type":"product","link":"https:\/\/www.tpcsrl.com\/fr\/presse-plieuse-electrique-servo-dd-m-2000-x-50-tonnes\/","title":{"rendered":"Presse plieuse \u00e9lectrique Servo DD-M 2000 \u00d7 50 tonnes"},"content":{"rendered":"<p>MACHINE EN PR\u00caT \u00c0 LIVRER<\/p>\n<p>Presse plieuse \u00e9lectrique dener 2050&#215;50 ton, longueur utile de pliage 2050 mm, puissance de pliage 50 ton, machine g\u00e9r\u00e9e par contr\u00f4le CNC ESA 875, attachement outils Promecan, attachement matrices et poin\u00e7ons de type europ\u00e9en, supports de type l\u00e9ger, hauteur de table de travail 900 mm, course de v\u00e9rin 220 mm, passage montants 2150 mm, encoche montants 450 mmSER<\/p>\n","protected":false},"excerpt":{"rendered":"<p>MACHINE EN PR\u00caT \u00c0 LIVRER Presse plieuse \u00e9lectrique dener 2050&#215;50 ton, longueur utile de pliage 2050 mm, puissance de pliage [&hellip;]<\/p>\n","protected":false},"featured_media":9009,"comment_status":"open","ping_status":"closed","template":"","meta":{"_acf_changed":false,"rs_blank_template":"","rs_page_bg_color":"","slide_template_v7":"","_uag_custom_page_level_css":"","site-sidebar-layout":"default","site-content-layout":"","ast-site-content-layout":"default","site-content-style":"default","site-sidebar-style":"default","ast-global-header-display":"","ast-banner-title-visibility":"","ast-main-header-display":"","ast-hfb-above-header-display":"","ast-hfb-below-header-display":"","ast-hfb-mobile-header-display":"","site-post-title":"","ast-breadcrumbs-content":"","ast-featured-img":"","footer-sml-layout":"","ast-disable-related-posts":"","theme-transparent-header-meta":"default","adv-header-id-meta":"","stick-header-meta":"default","header-above-stick-meta":"","header-main-stick-meta":"","header-below-stick-meta":"","astra-migrate-meta-layouts":"set","ast-page-background-enabled":"default","ast-page-background-meta":{"desktop":{"background-color":"var(--ast-global-color-5)","background-image":"","background-repeat":"repeat","background-position":"center center","background-size":"auto","background-attachment":"scroll","background-type":"","background-media":"","overlay-type":"","overlay-color":"","overlay-opacity":"","overlay-gradient":""},"tablet":{"background-color":"","background-image":"","background-repeat":"repeat","background-position":"center center","background-size":"auto","background-attachment":"scroll","background-type":"","background-media":"","overlay-type":"","overlay-color":"","overlay-opacity":"","overlay-gradient":""},"mobile":{"background-color":"","background-image":"","background-repeat":"repeat","background-position":"center center","background-size":"auto","background-attachment":"scroll","background-type":"","background-media":"","overlay-type":"","overlay-color":"","overlay-opacity":"","overlay-gradient":""}},"ast-content-background-meta":{"desktop":{"background-color":"var(--ast-global-color-4)","background-image":"","background-repeat":"repeat","background-position":"center center","background-size":"auto","background-attachment":"scroll","background-type":"","background-media":"","overlay-type":"","overlay-color":"","overlay-opacity":"","overlay-gradient":""},"tablet":{"background-color":"var(--ast-global-color-4)","background-image":"","background-repeat":"repeat","background-position":"center center","background-size":"auto","background-attachment":"scroll","background-type":"","background-media":"","overlay-type":"","overlay-color":"","overlay-opacity":"","overlay-gradient":""},"mobile":{"background-color":"var(--ast-global-color-4)","background-image":"","background-repeat":"repeat","background-position":"center center","background-size":"auto","background-attachment":"scroll","background-type":"","background-media":"","overlay-type":"","overlay-color":"","overlay-opacity":"","overlay-gradient":""}},"iawp_total_views":1},"product_brand":[1984],"product_cat":[1114],"product_tag":[],"class_list":{"0":"post-9552","1":"product","2":"type-product","3":"status-publish","4":"has-post-thumbnail","6":"product_brand-dener","7":"product_cat-presse-plieuse-electrique","8":"desktop-align-left","9":"tablet-align-left","10":"mobile-align-left","12":"first","13":"instock","14":"shipping-taxable","15":"product-type-simple"},"acf":[],"yoast_head":"<!-- This site is optimized with the Yoast SEO plugin v27.4 - https:\/\/yoast.com\/product\/yoast-seo-wordpress\/ -->\n<title>Presse plieuse \u00e9lectrique Servo DD-M 2000 \u00d7 50 tonnes | TPC SRL<\/title>\n<meta name=\"description\" content=\"Scopri Presse plieuse \u00e9lectrique Servo DD-M 2000 \u00d7 50 tonnes su TPC SRL - qualit\u00e0, prestazioni e assistenza garantita.\" \/>\n<meta name=\"robots\" content=\"index, follow, max-snippet:-1, max-image-preview:large, max-video-preview:-1\" \/>\n<link rel=\"canonical\" href=\"https:\/\/www.tpcsrl.com\/fr\/presse-plieuse-electrique-servo-dd-m-2000-x-50-tonnes\/\" \/>\n<meta property=\"og:locale\" content=\"fr_FR\" \/>\n<meta property=\"og:type\" content=\"article\" \/>\n<meta property=\"og:title\" content=\"Presse plieuse \u00e9lectrique Servo DD-M 2000 \u00d7 50 tonnes - TPC SRL\" \/>\n<meta property=\"og:description\" content=\"Scopri Presse plieuse \u00e9lectrique Servo DD-M 2000 \u00d7 50 tonnes su TPC SRL - qualit\u00e0, prestazioni e assistenza garantita.\" \/>\n<meta property=\"og:url\" content=\"https:\/\/www.tpcsrl.com\/fr\/presse-plieuse-electrique-servo-dd-m-2000-x-50-tonnes\/\" \/>\n<meta property=\"og:site_name\" content=\"TPC SRL\" \/>\n<meta property=\"article:publisher\" content=\"https:\/\/www.facebook.com\/tpcsrl2022\" \/>\n<meta property=\"article:modified_time\" content=\"2026-01-16T07:43:56+00:00\" \/>\n<meta property=\"og:image\" content=\"https:\/\/www.tpcsrl.com\/wp-content\/uploads\/2025\/03\/original-piegatrice-elettrica-servo-dd-m-2000-50-ton-scaled.jpg\" \/>\n\t<meta property=\"og:image:width\" content=\"1920\" \/>\n\t<meta property=\"og:image:height\" content=\"2560\" \/>\n\t<meta property=\"og:image:type\" content=\"image\/jpeg\" \/>\n<meta name=\"twitter:card\" content=\"summary_large_image\" \/>\n<meta name=\"twitter:label1\" content=\"Dur\u00e9e de lecture estim\u00e9e\" \/>\n\t<meta name=\"twitter:data1\" content=\"1 minute\" \/>\n<script type=\"application\/ld+json\" class=\"yoast-schema-graph\">{\"@context\":\"https:\\\/\\\/schema.org\",\"@graph\":[{\"@type\":\"WebPage\",\"@id\":\"https:\\\/\\\/www.tpcsrl.com\\\/fr\\\/presse-plieuse-electrique-servo-dd-m-2000-x-50-tonnes\\\/\",\"url\":\"https:\\\/\\\/www.tpcsrl.com\\\/fr\\\/presse-plieuse-electrique-servo-dd-m-2000-x-50-tonnes\\\/\",\"name\":\"Presse plieuse \u00e9lectrique Servo DD-M 2000 \u00d7 50 tonnes - TPC SRL\",\"isPartOf\":{\"@id\":\"https:\\\/\\\/www.tpcsrl.com\\\/fr\\\/#website\"},\"primaryImageOfPage\":{\"@id\":\"https:\\\/\\\/www.tpcsrl.com\\\/fr\\\/presse-plieuse-electrique-servo-dd-m-2000-x-50-tonnes\\\/#primaryimage\"},\"image\":{\"@id\":\"https:\\\/\\\/www.tpcsrl.com\\\/fr\\\/presse-plieuse-electrique-servo-dd-m-2000-x-50-tonnes\\\/#primaryimage\"},\"thumbnailUrl\":\"https:\\\/\\\/www.tpcsrl.com\\\/wp-content\\\/uploads\\\/2025\\\/03\\\/original-piegatrice-elettrica-servo-dd-m-2000-50-ton-scaled.jpg\",\"datePublished\":\"2025-03-19T15:06:41+00:00\",\"dateModified\":\"2026-01-16T07:43:56+00:00\",\"description\":\"Scopri Presse plieuse \u00e9lectrique Servo DD-M 2000 \u00d7 50 tonnes su TPC SRL - qualit\u00e0, prestazioni e assistenza garantita.\",\"breadcrumb\":{\"@id\":\"https:\\\/\\\/www.tpcsrl.com\\\/fr\\\/presse-plieuse-electrique-servo-dd-m-2000-x-50-tonnes\\\/#breadcrumb\"},\"inLanguage\":\"fr-FR\",\"potentialAction\":[{\"@type\":\"ReadAction\",\"target\":[\"https:\\\/\\\/www.tpcsrl.com\\\/fr\\\/presse-plieuse-electrique-servo-dd-m-2000-x-50-tonnes\\\/\"]}]},{\"@type\":\"ImageObject\",\"inLanguage\":\"fr-FR\",\"@id\":\"https:\\\/\\\/www.tpcsrl.com\\\/fr\\\/presse-plieuse-electrique-servo-dd-m-2000-x-50-tonnes\\\/#primaryimage\",\"url\":\"https:\\\/\\\/www.tpcsrl.com\\\/wp-content\\\/uploads\\\/2025\\\/03\\\/original-piegatrice-elettrica-servo-dd-m-2000-50-ton-scaled.jpg\",\"contentUrl\":\"https:\\\/\\\/www.tpcsrl.com\\\/wp-content\\\/uploads\\\/2025\\\/03\\\/original-piegatrice-elettrica-servo-dd-m-2000-50-ton-scaled.jpg\",\"width\":1920,\"height\":2560,\"caption\":\"Piegatrice \u00e9lectrique Servo DD-M 2000\u00d750 Ton\"},{\"@type\":\"BreadcrumbList\",\"@id\":\"https:\\\/\\\/www.tpcsrl.com\\\/fr\\\/presse-plieuse-electrique-servo-dd-m-2000-x-50-tonnes\\\/#breadcrumb\",\"itemListElement\":[{\"@type\":\"ListItem\",\"position\":1,\"name\":\"Home\",\"item\":\"https:\\\/\\\/www.tpcsrl.com\\\/fr\\\/\"},{\"@type\":\"ListItem\",\"position\":2,\"name\":\"Boutique\",\"item\":\"https:\\\/\\\/www.tpcsrl.com\\\/fr\\\/boutique\\\/\"},{\"@type\":\"ListItem\",\"position\":3,\"name\":\"Presse plieuse \u00e9lectrique Servo DD-M 2000 \u00d7 50 tonnes\"}]},{\"@type\":\"WebSite\",\"@id\":\"https:\\\/\\\/www.tpcsrl.com\\\/fr\\\/#website\",\"url\":\"https:\\\/\\\/www.tpcsrl.com\\\/fr\\\/\",\"name\":\"TPC SRL\",\"description\":\"Leader nell\u2019acquisto e vendita di macchine utensili\",\"publisher\":{\"@id\":\"https:\\\/\\\/www.tpcsrl.com\\\/fr\\\/#organization\"},\"potentialAction\":[{\"@type\":\"SearchAction\",\"target\":{\"@type\":\"EntryPoint\",\"urlTemplate\":\"https:\\\/\\\/www.tpcsrl.com\\\/fr\\\/?s={search_term_string}\"},\"query-input\":{\"@type\":\"PropertyValueSpecification\",\"valueRequired\":true,\"valueName\":\"search_term_string\"}}],\"inLanguage\":\"fr-FR\"},{\"@type\":\"Organization\",\"@id\":\"https:\\\/\\\/www.tpcsrl.com\\\/fr\\\/#organization\",\"name\":\"TPC SRL\",\"url\":\"https:\\\/\\\/www.tpcsrl.com\\\/fr\\\/\",\"logo\":{\"@type\":\"ImageObject\",\"inLanguage\":\"fr-FR\",\"@id\":\"https:\\\/\\\/www.tpcsrl.com\\\/fr\\\/#\\\/schema\\\/logo\\\/image\\\/\",\"url\":\"https:\\\/\\\/www.tpcsrl.com\\\/wp-content\\\/uploads\\\/2026\\\/01\\\/logo-tpc-fr.jpg\",\"contentUrl\":\"https:\\\/\\\/www.tpcsrl.com\\\/wp-content\\\/uploads\\\/2026\\\/01\\\/logo-tpc-fr.jpg\",\"width\":640,\"height\":316,\"caption\":\"TPC SRL\"},\"image\":{\"@id\":\"https:\\\/\\\/www.tpcsrl.com\\\/fr\\\/#\\\/schema\\\/logo\\\/image\\\/\"},\"sameAs\":[\"https:\\\/\\\/www.facebook.com\\\/tpcsrl2022\",\"https:\\\/\\\/www.youtube.com\\\/@TPCSRL\"]}]}<\/script>\n<!-- \/ Yoast SEO plugin. -->","yoast_head_json":{"title":"Presse plieuse \u00e9lectrique Servo DD-M 2000 \u00d7 50 tonnes | TPC SRL","description":"Scopri Presse plieuse \u00e9lectrique Servo DD-M 2000 \u00d7 50 tonnes su TPC SRL - qualit\u00e0, prestazioni e assistenza garantita.","robots":{"index":"index","follow":"follow","max-snippet":"max-snippet:-1","max-image-preview":"max-image-preview:large","max-video-preview":"max-video-preview:-1"},"canonical":"https:\/\/www.tpcsrl.com\/fr\/presse-plieuse-electrique-servo-dd-m-2000-x-50-tonnes\/","og_locale":"fr_FR","og_type":"article","og_title":"Presse plieuse \u00e9lectrique Servo DD-M 2000 \u00d7 50 tonnes - TPC SRL","og_description":"Scopri Presse plieuse \u00e9lectrique Servo DD-M 2000 \u00d7 50 tonnes su TPC SRL - qualit\u00e0, prestazioni e assistenza garantita.","og_url":"https:\/\/www.tpcsrl.com\/fr\/presse-plieuse-electrique-servo-dd-m-2000-x-50-tonnes\/","og_site_name":"TPC SRL","article_publisher":"https:\/\/www.facebook.com\/tpcsrl2022","article_modified_time":"2026-01-16T07:43:56+00:00","og_image":[{"width":1920,"height":2560,"url":"https:\/\/www.tpcsrl.com\/wp-content\/uploads\/2025\/03\/original-piegatrice-elettrica-servo-dd-m-2000-50-ton-scaled.jpg","type":"image\/jpeg"}],"twitter_card":"summary_large_image","twitter_misc":{"Dur\u00e9e de lecture estim\u00e9e":"1 minute"},"schema":{"@context":"https:\/\/schema.org","@graph":[{"@type":"WebPage","@id":"https:\/\/www.tpcsrl.com\/fr\/presse-plieuse-electrique-servo-dd-m-2000-x-50-tonnes\/","url":"https:\/\/www.tpcsrl.com\/fr\/presse-plieuse-electrique-servo-dd-m-2000-x-50-tonnes\/","name":"Presse plieuse \u00e9lectrique Servo DD-M 2000 \u00d7 50 tonnes - TPC SRL","isPartOf":{"@id":"https:\/\/www.tpcsrl.com\/fr\/#website"},"primaryImageOfPage":{"@id":"https:\/\/www.tpcsrl.com\/fr\/presse-plieuse-electrique-servo-dd-m-2000-x-50-tonnes\/#primaryimage"},"image":{"@id":"https:\/\/www.tpcsrl.com\/fr\/presse-plieuse-electrique-servo-dd-m-2000-x-50-tonnes\/#primaryimage"},"thumbnailUrl":"https:\/\/www.tpcsrl.com\/wp-content\/uploads\/2025\/03\/original-piegatrice-elettrica-servo-dd-m-2000-50-ton-scaled.jpg","datePublished":"2025-03-19T15:06:41+00:00","dateModified":"2026-01-16T07:43:56+00:00","description":"Scopri Presse plieuse \u00e9lectrique Servo DD-M 2000 \u00d7 50 tonnes su TPC SRL - qualit\u00e0, prestazioni e assistenza garantita.","breadcrumb":{"@id":"https:\/\/www.tpcsrl.com\/fr\/presse-plieuse-electrique-servo-dd-m-2000-x-50-tonnes\/#breadcrumb"},"inLanguage":"fr-FR","potentialAction":[{"@type":"ReadAction","target":["https:\/\/www.tpcsrl.com\/fr\/presse-plieuse-electrique-servo-dd-m-2000-x-50-tonnes\/"]}]},{"@type":"ImageObject","inLanguage":"fr-FR","@id":"https:\/\/www.tpcsrl.com\/fr\/presse-plieuse-electrique-servo-dd-m-2000-x-50-tonnes\/#primaryimage","url":"https:\/\/www.tpcsrl.com\/wp-content\/uploads\/2025\/03\/original-piegatrice-elettrica-servo-dd-m-2000-50-ton-scaled.jpg","contentUrl":"https:\/\/www.tpcsrl.com\/wp-content\/uploads\/2025\/03\/original-piegatrice-elettrica-servo-dd-m-2000-50-ton-scaled.jpg","width":1920,"height":2560,"caption":"Piegatrice \u00e9lectrique Servo DD-M 2000\u00d750 Ton"},{"@type":"BreadcrumbList","@id":"https:\/\/www.tpcsrl.com\/fr\/presse-plieuse-electrique-servo-dd-m-2000-x-50-tonnes\/#breadcrumb","itemListElement":[{"@type":"ListItem","position":1,"name":"Home","item":"https:\/\/www.tpcsrl.com\/fr\/"},{"@type":"ListItem","position":2,"name":"Boutique","item":"https:\/\/www.tpcsrl.com\/fr\/boutique\/"},{"@type":"ListItem","position":3,"name":"Presse plieuse \u00e9lectrique Servo DD-M 2000 \u00d7 50 tonnes"}]},{"@type":"WebSite","@id":"https:\/\/www.tpcsrl.com\/fr\/#website","url":"https:\/\/www.tpcsrl.com\/fr\/","name":"TPC SRL","description":"Leader nell\u2019acquisto e vendita di macchine utensili","publisher":{"@id":"https:\/\/www.tpcsrl.com\/fr\/#organization"},"potentialAction":[{"@type":"SearchAction","target":{"@type":"EntryPoint","urlTemplate":"https:\/\/www.tpcsrl.com\/fr\/?s={search_term_string}"},"query-input":{"@type":"PropertyValueSpecification","valueRequired":true,"valueName":"search_term_string"}}],"inLanguage":"fr-FR"},{"@type":"Organization","@id":"https:\/\/www.tpcsrl.com\/fr\/#organization","name":"TPC SRL","url":"https:\/\/www.tpcsrl.com\/fr\/","logo":{"@type":"ImageObject","inLanguage":"fr-FR","@id":"https:\/\/www.tpcsrl.com\/fr\/#\/schema\/logo\/image\/","url":"https:\/\/www.tpcsrl.com\/wp-content\/uploads\/2026\/01\/logo-tpc-fr.jpg","contentUrl":"https:\/\/www.tpcsrl.com\/wp-content\/uploads\/2026\/01\/logo-tpc-fr.jpg","width":640,"height":316,"caption":"TPC SRL"},"image":{"@id":"https:\/\/www.tpcsrl.com\/fr\/#\/schema\/logo\/image\/"},"sameAs":["https:\/\/www.facebook.com\/tpcsrl2022","https:\/\/www.youtube.com\/@TPCSRL"]}]}},"uagb_featured_image_src":{"full":["https:\/\/www.tpcsrl.com\/wp-content\/uploads\/2025\/03\/original-piegatrice-elettrica-servo-dd-m-2000-50-ton-scaled.jpg",1920,2560,false],"thumbnail":["https:\/\/www.tpcsrl.com\/wp-content\/uploads\/2025\/03\/original-piegatrice-elettrica-servo-dd-m-2000-50-ton-150x150.jpg",150,150,true],"medium":["https:\/\/www.tpcsrl.com\/wp-content\/uploads\/2025\/03\/original-piegatrice-elettrica-servo-dd-m-2000-50-ton-225x300.jpg",225,300,true],"medium_large":["https:\/\/www.tpcsrl.com\/wp-content\/uploads\/2025\/03\/original-piegatrice-elettrica-servo-dd-m-2000-50-ton-768x1024.jpg",768,1024,true],"large":["https:\/\/www.tpcsrl.com\/wp-content\/uploads\/2025\/03\/original-piegatrice-elettrica-servo-dd-m-2000-50-ton-768x1024.jpg",768,1024,true],"1536x1536":["https:\/\/www.tpcsrl.com\/wp-content\/uploads\/2025\/03\/original-piegatrice-elettrica-servo-dd-m-2000-50-ton-1152x1536.jpg",1152,1536,true],"2048x2048":["https:\/\/www.tpcsrl.com\/wp-content\/uploads\/2025\/03\/original-piegatrice-elettrica-servo-dd-m-2000-50-ton-1536x2048.jpg",1536,2048,true],"woocommerce_thumbnail":["https:\/\/www.tpcsrl.com\/wp-content\/uploads\/2025\/03\/original-piegatrice-elettrica-servo-dd-m-2000-50-ton-scaled-300x225.jpg",300,225,true],"woocommerce_single":["https:\/\/www.tpcsrl.com\/wp-content\/uploads\/2025\/03\/original-piegatrice-elettrica-servo-dd-m-2000-50-ton-scaled-600x800.jpg",600,800,true],"woocommerce_gallery_thumbnail":["https:\/\/www.tpcsrl.com\/wp-content\/uploads\/2025\/03\/original-piegatrice-elettrica-servo-dd-m-2000-50-ton-scaled-100x100.jpg",100,100,true]},"uagb_author_info":{"display_name":"tpc srl","author_link":"https:\/\/www.tpcsrl.com\/fr\/author\/"},"uagb_comment_info":0,"uagb_excerpt":"MACHINE EN PR\u00caT \u00c0 LIVRER Presse plieuse \u00e9lectrique dener 2050&#215;50 ton, longueur utile de pliage 2050 mm, puissance de pliage [&hellip;]","_links":{"self":[{"href":"https:\/\/www.tpcsrl.com\/fr\/wp-json\/wp\/v2\/product\/9552","targetHints":{"allow":["GET"]}}],"collection":[{"href":"https:\/\/www.tpcsrl.com\/fr\/wp-json\/wp\/v2\/product"}],"about":[{"href":"https:\/\/www.tpcsrl.com\/fr\/wp-json\/wp\/v2\/types\/product"}],"replies":[{"embeddable":true,"href":"https:\/\/www.tpcsrl.com\/fr\/wp-json\/wp\/v2\/comments?post=9552"}],"wp:featuredmedia":[{"embeddable":true,"href":"https:\/\/www.tpcsrl.com\/fr\/wp-json\/wp\/v2\/media\/9009"}],"wp:attachment":[{"href":"https:\/\/www.tpcsrl.com\/fr\/wp-json\/wp\/v2\/media?parent=9552"}],"wp:term":[{"taxonomy":"product_brand","embeddable":true,"href":"https:\/\/www.tpcsrl.com\/fr\/wp-json\/wp\/v2\/product_brand?post=9552"},{"taxonomy":"product_cat","embeddable":true,"href":"https:\/\/www.tpcsrl.com\/fr\/wp-json\/wp\/v2\/product_cat?post=9552"},{"taxonomy":"product_tag","embeddable":true,"href":"https:\/\/www.tpcsrl.com\/fr\/wp-json\/wp\/v2\/product_tag?post=9552"}],"curies":[{"name":"wp","href":"https:\/\/api.w.org\/{rel}","templated":true}]}}