{"id":9351,"date":"2025-03-19T16:07:00","date_gmt":"2025-03-19T15:07:00","guid":{"rendered":"https:\/\/www.tpcsrl.com\/machine-a-decoupe-laser-hsg-6025x-pro\/"},"modified":"2026-01-16T08:48:26","modified_gmt":"2026-01-16T07:48:26","slug":"machine-de-decoupe-laser-hsg-6025x-pro","status":"publish","type":"product","link":"https:\/\/www.tpcsrl.com\/fr\/machine-de-decoupe-laser-hsg-6025x-pro\/","title":{"rendered":"Machine de d\u00e9coupe laser HSG 6025X PRO"},"content":{"rendered":"<p>Machine \u00e0 D\u00e9coupe Laser 3000-30000W<\/p>\n<p>Plateformes d&rsquo;\u00e9change doubles, positionnement des goupilles coniques<\/p>\n<p>T\u00eate de d\u00e9coupe HSG Klinge<\/p>\n","protected":false},"excerpt":{"rendered":"<p>Machine \u00e0 D\u00e9coupe Laser 3000-30000W Plateformes d&rsquo;\u00e9change doubles, positionnement des goupilles coniques T\u00eate de d\u00e9coupe HSG Klinge<\/p>\n","protected":false},"featured_media":9352,"comment_status":"open","ping_status":"closed","template":"","meta":{"_acf_changed":false,"rs_blank_template":"","rs_page_bg_color":"","slide_template_v7":"","_uag_custom_page_level_css":"","site-sidebar-layout":"default","site-content-layout":"","ast-site-content-layout":"default","site-content-style":"default","site-sidebar-style":"default","ast-global-header-display":"","ast-banner-title-visibility":"","ast-main-header-display":"","ast-hfb-above-header-display":"","ast-hfb-below-header-display":"","ast-hfb-mobile-header-display":"","site-post-title":"","ast-breadcrumbs-content":"","ast-featured-img":"","footer-sml-layout":"","ast-disable-related-posts":"","theme-transparent-header-meta":"default","adv-header-id-meta":"","stick-header-meta":"","header-above-stick-meta":"","header-main-stick-meta":"","header-below-stick-meta":"","astra-migrate-meta-layouts":"set","ast-page-background-enabled":"default","ast-page-background-meta":{"desktop":{"background-color":"var(--ast-global-color-5)","background-image":"","background-repeat":"repeat","background-position":"center center","background-size":"auto","background-attachment":"scroll","background-type":"","background-media":"","overlay-type":"","overlay-color":"","overlay-opacity":"","overlay-gradient":""},"tablet":{"background-color":"","background-image":"","background-repeat":"repeat","background-position":"center center","background-size":"auto","background-attachment":"scroll","background-type":"","background-media":"","overlay-type":"","overlay-color":"","overlay-opacity":"","overlay-gradient":""},"mobile":{"background-color":"","background-image":"","background-repeat":"repeat","background-position":"center center","background-size":"auto","background-attachment":"scroll","background-type":"","background-media":"","overlay-type":"","overlay-color":"","overlay-opacity":"","overlay-gradient":""}},"ast-content-background-meta":{"desktop":{"background-color":"var(--ast-global-color-4)","background-image":"","background-repeat":"repeat","background-position":"center center","background-size":"auto","background-attachment":"scroll","background-type":"","background-media":"","overlay-type":"","overlay-color":"","overlay-opacity":"","overlay-gradient":""},"tablet":{"background-color":"var(--ast-global-color-4)","background-image":"","background-repeat":"repeat","background-position":"center center","background-size":"auto","background-attachment":"scroll","background-type":"","background-media":"","overlay-type":"","overlay-color":"","overlay-opacity":"","overlay-gradient":""},"mobile":{"background-color":"var(--ast-global-color-4)","background-image":"","background-repeat":"repeat","background-position":"center center","background-size":"auto","background-attachment":"scroll","background-type":"","background-media":"","overlay-type":"","overlay-color":"","overlay-opacity":"","overlay-gradient":""}},"iawp_total_views":0},"product_brand":[1992],"product_cat":[1088],"product_tag":[],"class_list":{"0":"post-9351","1":"product","2":"type-product","3":"status-publish","4":"has-post-thumbnail","6":"product_brand-hsg","7":"product_cat-decoupe-laser-plane","8":"desktop-align-left","9":"tablet-align-left","10":"mobile-align-left","12":"first","13":"instock","14":"shipping-taxable","15":"product-type-simple"},"acf":[],"yoast_head":"<!-- This site is optimized with the Yoast SEO plugin v27.4 - https:\/\/yoast.com\/product\/yoast-seo-wordpress\/ -->\n<title>Machine de d\u00e9coupe laser HSG 6025X PRO | TPC SRL<\/title>\n<meta name=\"description\" content=\"Scopri Machine de d\u00e9coupe laser HSG 6025X PRO su TPC SRL - qualit\u00e0, prestazioni e assistenza garantita.\" \/>\n<meta name=\"robots\" content=\"index, follow, max-snippet:-1, max-image-preview:large, max-video-preview:-1\" \/>\n<link rel=\"canonical\" href=\"https:\/\/www.tpcsrl.com\/fr\/machine-de-decoupe-laser-hsg-6025x-pro\/\" \/>\n<meta property=\"og:locale\" content=\"fr_FR\" \/>\n<meta property=\"og:type\" content=\"article\" \/>\n<meta property=\"og:title\" content=\"Machine de d\u00e9coupe laser HSG 6025X PRO - TPC SRL\" \/>\n<meta property=\"og:description\" content=\"Scopri Machine de d\u00e9coupe laser HSG 6025X PRO su TPC SRL - qualit\u00e0, prestazioni e assistenza garantita.\" \/>\n<meta property=\"og:url\" content=\"https:\/\/www.tpcsrl.com\/fr\/machine-de-decoupe-laser-hsg-6025x-pro\/\" \/>\n<meta property=\"og:site_name\" content=\"TPC SRL\" \/>\n<meta property=\"article:publisher\" content=\"https:\/\/www.facebook.com\/tpcsrl2022\" \/>\n<meta property=\"article:modified_time\" content=\"2026-01-16T07:48:26+00:00\" \/>\n<meta property=\"og:image\" content=\"https:\/\/www.tpcsrl.com\/wp-content\/uploads\/2025\/03\/original-macchina-a-taglio-laser-hsg-6025-x-pro.png\" \/>\n\t<meta property=\"og:image:width\" content=\"2560\" \/>\n\t<meta property=\"og:image:height\" content=\"1508\" \/>\n\t<meta property=\"og:image:type\" content=\"image\/png\" \/>\n<meta name=\"twitter:card\" content=\"summary_large_image\" \/>\n<meta name=\"twitter:label1\" content=\"Dur\u00e9e de lecture estim\u00e9e\" \/>\n\t<meta name=\"twitter:data1\" content=\"1 minute\" \/>\n<script type=\"application\/ld+json\" class=\"yoast-schema-graph\">{\"@context\":\"https:\\\/\\\/schema.org\",\"@graph\":[{\"@type\":\"WebPage\",\"@id\":\"https:\\\/\\\/www.tpcsrl.com\\\/fr\\\/machine-de-decoupe-laser-hsg-6025x-pro\\\/\",\"url\":\"https:\\\/\\\/www.tpcsrl.com\\\/fr\\\/machine-de-decoupe-laser-hsg-6025x-pro\\\/\",\"name\":\"Machine de d\u00e9coupe laser HSG 6025X PRO - TPC SRL\",\"isPartOf\":{\"@id\":\"https:\\\/\\\/www.tpcsrl.com\\\/fr\\\/#website\"},\"primaryImageOfPage\":{\"@id\":\"https:\\\/\\\/www.tpcsrl.com\\\/fr\\\/machine-de-decoupe-laser-hsg-6025x-pro\\\/#primaryimage\"},\"image\":{\"@id\":\"https:\\\/\\\/www.tpcsrl.com\\\/fr\\\/machine-de-decoupe-laser-hsg-6025x-pro\\\/#primaryimage\"},\"thumbnailUrl\":\"https:\\\/\\\/www.tpcsrl.com\\\/wp-content\\\/uploads\\\/2025\\\/03\\\/original-macchina-a-taglio-laser-hsg-6025-x-pro.png\",\"datePublished\":\"2025-03-19T15:07:00+00:00\",\"dateModified\":\"2026-01-16T07:48:26+00:00\",\"description\":\"Scopri Machine de d\u00e9coupe laser HSG 6025X PRO su TPC SRL - qualit\u00e0, prestazioni e assistenza garantita.\",\"breadcrumb\":{\"@id\":\"https:\\\/\\\/www.tpcsrl.com\\\/fr\\\/machine-de-decoupe-laser-hsg-6025x-pro\\\/#breadcrumb\"},\"inLanguage\":\"fr-FR\",\"potentialAction\":[{\"@type\":\"ReadAction\",\"target\":[\"https:\\\/\\\/www.tpcsrl.com\\\/fr\\\/machine-de-decoupe-laser-hsg-6025x-pro\\\/\"]}]},{\"@type\":\"ImageObject\",\"inLanguage\":\"fr-FR\",\"@id\":\"https:\\\/\\\/www.tpcsrl.com\\\/fr\\\/machine-de-decoupe-laser-hsg-6025x-pro\\\/#primaryimage\",\"url\":\"https:\\\/\\\/www.tpcsrl.com\\\/wp-content\\\/uploads\\\/2025\\\/03\\\/original-macchina-a-taglio-laser-hsg-6025-x-pro.png\",\"contentUrl\":\"https:\\\/\\\/www.tpcsrl.com\\\/wp-content\\\/uploads\\\/2025\\\/03\\\/original-macchina-a-taglio-laser-hsg-6025-x-pro.png\",\"width\":2560,\"height\":1508,\"caption\":\"Machine \u00e0 Taglio Laser HSG 6025X PRO\"},{\"@type\":\"BreadcrumbList\",\"@id\":\"https:\\\/\\\/www.tpcsrl.com\\\/fr\\\/machine-de-decoupe-laser-hsg-6025x-pro\\\/#breadcrumb\",\"itemListElement\":[{\"@type\":\"ListItem\",\"position\":1,\"name\":\"Home\",\"item\":\"https:\\\/\\\/www.tpcsrl.com\\\/fr\\\/\"},{\"@type\":\"ListItem\",\"position\":2,\"name\":\"Boutique\",\"item\":\"https:\\\/\\\/www.tpcsrl.com\\\/fr\\\/boutique\\\/\"},{\"@type\":\"ListItem\",\"position\":3,\"name\":\"Machine de d\u00e9coupe laser HSG 6025X PRO\"}]},{\"@type\":\"WebSite\",\"@id\":\"https:\\\/\\\/www.tpcsrl.com\\\/fr\\\/#website\",\"url\":\"https:\\\/\\\/www.tpcsrl.com\\\/fr\\\/\",\"name\":\"TPC SRL\",\"description\":\"Leader nell\u2019acquisto e vendita di macchine utensili\",\"publisher\":{\"@id\":\"https:\\\/\\\/www.tpcsrl.com\\\/fr\\\/#organization\"},\"potentialAction\":[{\"@type\":\"SearchAction\",\"target\":{\"@type\":\"EntryPoint\",\"urlTemplate\":\"https:\\\/\\\/www.tpcsrl.com\\\/fr\\\/?s={search_term_string}\"},\"query-input\":{\"@type\":\"PropertyValueSpecification\",\"valueRequired\":true,\"valueName\":\"search_term_string\"}}],\"inLanguage\":\"fr-FR\"},{\"@type\":\"Organization\",\"@id\":\"https:\\\/\\\/www.tpcsrl.com\\\/fr\\\/#organization\",\"name\":\"TPC SRL\",\"url\":\"https:\\\/\\\/www.tpcsrl.com\\\/fr\\\/\",\"logo\":{\"@type\":\"ImageObject\",\"inLanguage\":\"fr-FR\",\"@id\":\"https:\\\/\\\/www.tpcsrl.com\\\/fr\\\/#\\\/schema\\\/logo\\\/image\\\/\",\"url\":\"https:\\\/\\\/www.tpcsrl.com\\\/wp-content\\\/uploads\\\/2026\\\/01\\\/logo-tpc-fr.jpg\",\"contentUrl\":\"https:\\\/\\\/www.tpcsrl.com\\\/wp-content\\\/uploads\\\/2026\\\/01\\\/logo-tpc-fr.jpg\",\"width\":640,\"height\":316,\"caption\":\"TPC SRL\"},\"image\":{\"@id\":\"https:\\\/\\\/www.tpcsrl.com\\\/fr\\\/#\\\/schema\\\/logo\\\/image\\\/\"},\"sameAs\":[\"https:\\\/\\\/www.facebook.com\\\/tpcsrl2022\",\"https:\\\/\\\/www.youtube.com\\\/@TPCSRL\"]}]}<\/script>\n<!-- \/ Yoast SEO plugin. -->","yoast_head_json":{"title":"Machine de d\u00e9coupe laser HSG 6025X PRO | TPC SRL","description":"Scopri Machine de d\u00e9coupe laser HSG 6025X PRO su TPC SRL - qualit\u00e0, prestazioni e assistenza garantita.","robots":{"index":"index","follow":"follow","max-snippet":"max-snippet:-1","max-image-preview":"max-image-preview:large","max-video-preview":"max-video-preview:-1"},"canonical":"https:\/\/www.tpcsrl.com\/fr\/machine-de-decoupe-laser-hsg-6025x-pro\/","og_locale":"fr_FR","og_type":"article","og_title":"Machine de d\u00e9coupe laser HSG 6025X PRO - TPC SRL","og_description":"Scopri Machine de d\u00e9coupe laser HSG 6025X PRO su TPC SRL - qualit\u00e0, prestazioni e assistenza garantita.","og_url":"https:\/\/www.tpcsrl.com\/fr\/machine-de-decoupe-laser-hsg-6025x-pro\/","og_site_name":"TPC SRL","article_publisher":"https:\/\/www.facebook.com\/tpcsrl2022","article_modified_time":"2026-01-16T07:48:26+00:00","og_image":[{"width":2560,"height":1508,"url":"https:\/\/www.tpcsrl.com\/wp-content\/uploads\/2025\/03\/original-macchina-a-taglio-laser-hsg-6025-x-pro.png","type":"image\/png"}],"twitter_card":"summary_large_image","twitter_misc":{"Dur\u00e9e de lecture estim\u00e9e":"1 minute"},"schema":{"@context":"https:\/\/schema.org","@graph":[{"@type":"WebPage","@id":"https:\/\/www.tpcsrl.com\/fr\/machine-de-decoupe-laser-hsg-6025x-pro\/","url":"https:\/\/www.tpcsrl.com\/fr\/machine-de-decoupe-laser-hsg-6025x-pro\/","name":"Machine de d\u00e9coupe laser HSG 6025X PRO - TPC SRL","isPartOf":{"@id":"https:\/\/www.tpcsrl.com\/fr\/#website"},"primaryImageOfPage":{"@id":"https:\/\/www.tpcsrl.com\/fr\/machine-de-decoupe-laser-hsg-6025x-pro\/#primaryimage"},"image":{"@id":"https:\/\/www.tpcsrl.com\/fr\/machine-de-decoupe-laser-hsg-6025x-pro\/#primaryimage"},"thumbnailUrl":"https:\/\/www.tpcsrl.com\/wp-content\/uploads\/2025\/03\/original-macchina-a-taglio-laser-hsg-6025-x-pro.png","datePublished":"2025-03-19T15:07:00+00:00","dateModified":"2026-01-16T07:48:26+00:00","description":"Scopri Machine de d\u00e9coupe laser HSG 6025X PRO su TPC SRL - qualit\u00e0, prestazioni e assistenza garantita.","breadcrumb":{"@id":"https:\/\/www.tpcsrl.com\/fr\/machine-de-decoupe-laser-hsg-6025x-pro\/#breadcrumb"},"inLanguage":"fr-FR","potentialAction":[{"@type":"ReadAction","target":["https:\/\/www.tpcsrl.com\/fr\/machine-de-decoupe-laser-hsg-6025x-pro\/"]}]},{"@type":"ImageObject","inLanguage":"fr-FR","@id":"https:\/\/www.tpcsrl.com\/fr\/machine-de-decoupe-laser-hsg-6025x-pro\/#primaryimage","url":"https:\/\/www.tpcsrl.com\/wp-content\/uploads\/2025\/03\/original-macchina-a-taglio-laser-hsg-6025-x-pro.png","contentUrl":"https:\/\/www.tpcsrl.com\/wp-content\/uploads\/2025\/03\/original-macchina-a-taglio-laser-hsg-6025-x-pro.png","width":2560,"height":1508,"caption":"Machine \u00e0 Taglio Laser HSG 6025X PRO"},{"@type":"BreadcrumbList","@id":"https:\/\/www.tpcsrl.com\/fr\/machine-de-decoupe-laser-hsg-6025x-pro\/#breadcrumb","itemListElement":[{"@type":"ListItem","position":1,"name":"Home","item":"https:\/\/www.tpcsrl.com\/fr\/"},{"@type":"ListItem","position":2,"name":"Boutique","item":"https:\/\/www.tpcsrl.com\/fr\/boutique\/"},{"@type":"ListItem","position":3,"name":"Machine de d\u00e9coupe laser HSG 6025X PRO"}]},{"@type":"WebSite","@id":"https:\/\/www.tpcsrl.com\/fr\/#website","url":"https:\/\/www.tpcsrl.com\/fr\/","name":"TPC SRL","description":"Leader nell\u2019acquisto e vendita di macchine utensili","publisher":{"@id":"https:\/\/www.tpcsrl.com\/fr\/#organization"},"potentialAction":[{"@type":"SearchAction","target":{"@type":"EntryPoint","urlTemplate":"https:\/\/www.tpcsrl.com\/fr\/?s={search_term_string}"},"query-input":{"@type":"PropertyValueSpecification","valueRequired":true,"valueName":"search_term_string"}}],"inLanguage":"fr-FR"},{"@type":"Organization","@id":"https:\/\/www.tpcsrl.com\/fr\/#organization","name":"TPC SRL","url":"https:\/\/www.tpcsrl.com\/fr\/","logo":{"@type":"ImageObject","inLanguage":"fr-FR","@id":"https:\/\/www.tpcsrl.com\/fr\/#\/schema\/logo\/image\/","url":"https:\/\/www.tpcsrl.com\/wp-content\/uploads\/2026\/01\/logo-tpc-fr.jpg","contentUrl":"https:\/\/www.tpcsrl.com\/wp-content\/uploads\/2026\/01\/logo-tpc-fr.jpg","width":640,"height":316,"caption":"TPC SRL"},"image":{"@id":"https:\/\/www.tpcsrl.com\/fr\/#\/schema\/logo\/image\/"},"sameAs":["https:\/\/www.facebook.com\/tpcsrl2022","https:\/\/www.youtube.com\/@TPCSRL"]}]}},"uagb_featured_image_src":{"full":["https:\/\/www.tpcsrl.com\/wp-content\/uploads\/2025\/03\/original-macchina-a-taglio-laser-hsg-6025-x-pro.png",2560,1508,false],"thumbnail":["https:\/\/www.tpcsrl.com\/wp-content\/uploads\/2025\/03\/original-macchina-a-taglio-laser-hsg-6025-x-pro-150x150.png",150,150,true],"medium":["https:\/\/www.tpcsrl.com\/wp-content\/uploads\/2025\/03\/original-macchina-a-taglio-laser-hsg-6025-x-pro-300x177.png",300,177,true],"medium_large":["https:\/\/www.tpcsrl.com\/wp-content\/uploads\/2025\/03\/original-macchina-a-taglio-laser-hsg-6025-x-pro-768x452.png",768,452,true],"large":["https:\/\/www.tpcsrl.com\/wp-content\/uploads\/2025\/03\/original-macchina-a-taglio-laser-hsg-6025-x-pro-1024x603.png",1024,603,true],"1536x1536":["https:\/\/www.tpcsrl.com\/wp-content\/uploads\/2025\/03\/original-macchina-a-taglio-laser-hsg-6025-x-pro-1536x905.png",1536,905,true],"2048x2048":["https:\/\/www.tpcsrl.com\/wp-content\/uploads\/2025\/03\/original-macchina-a-taglio-laser-hsg-6025-x-pro-2048x1207.png",2048,1207,true],"woocommerce_thumbnail":["https:\/\/www.tpcsrl.com\/wp-content\/uploads\/2025\/03\/original-macchina-a-taglio-laser-hsg-6025-x-pro-300x225.png",300,225,true],"woocommerce_single":["https:\/\/www.tpcsrl.com\/wp-content\/uploads\/2025\/03\/original-macchina-a-taglio-laser-hsg-6025-x-pro-600x353.png",600,353,true],"woocommerce_gallery_thumbnail":["https:\/\/www.tpcsrl.com\/wp-content\/uploads\/2025\/03\/original-macchina-a-taglio-laser-hsg-6025-x-pro-100x100.png",100,100,true]},"uagb_author_info":{"display_name":"tpc srl","author_link":"https:\/\/www.tpcsrl.com\/fr\/author\/"},"uagb_comment_info":0,"uagb_excerpt":"Machine \u00e0 D\u00e9coupe Laser 3000-30000W Plateformes d&rsquo;\u00e9change doubles, positionnement des goupilles coniques T\u00eate de d\u00e9coupe HSG Klinge","_links":{"self":[{"href":"https:\/\/www.tpcsrl.com\/fr\/wp-json\/wp\/v2\/product\/9351","targetHints":{"allow":["GET"]}}],"collection":[{"href":"https:\/\/www.tpcsrl.com\/fr\/wp-json\/wp\/v2\/product"}],"about":[{"href":"https:\/\/www.tpcsrl.com\/fr\/wp-json\/wp\/v2\/types\/product"}],"replies":[{"embeddable":true,"href":"https:\/\/www.tpcsrl.com\/fr\/wp-json\/wp\/v2\/comments?post=9351"}],"wp:featuredmedia":[{"embeddable":true,"href":"https:\/\/www.tpcsrl.com\/fr\/wp-json\/wp\/v2\/media\/9352"}],"wp:attachment":[{"href":"https:\/\/www.tpcsrl.com\/fr\/wp-json\/wp\/v2\/media?parent=9351"}],"wp:term":[{"taxonomy":"product_brand","embeddable":true,"href":"https:\/\/www.tpcsrl.com\/fr\/wp-json\/wp\/v2\/product_brand?post=9351"},{"taxonomy":"product_cat","embeddable":true,"href":"https:\/\/www.tpcsrl.com\/fr\/wp-json\/wp\/v2\/product_cat?post=9351"},{"taxonomy":"product_tag","embeddable":true,"href":"https:\/\/www.tpcsrl.com\/fr\/wp-json\/wp\/v2\/product_tag?post=9351"}],"curies":[{"name":"wp","href":"https:\/\/api.w.org\/{rel}","templated":true}]}}