{"id":8536,"date":"2025-03-20T14:05:54","date_gmt":"2025-03-20T13:05:54","guid":{"rendered":"https:\/\/www.tpcsrl.com\/decoupe-laser-dener-modele-gfl-puissance-6-kw\/"},"modified":"2025-12-09T11:23:50","modified_gmt":"2025-12-09T10:23:50","slug":"decoupe-laser-dener-modele-gfl-puissance-6-kw","status":"publish","type":"product","link":"https:\/\/www.tpcsrl.com\/fr\/decoupe-laser-dener-modele-gfl-puissance-6-kw\/","title":{"rendered":"D\u00e9coupe Laser Dener mod\u00e8le GFL Puissance 6 kW"},"content":{"rendered":"<p>Surface de travail 1500&#215;3000 mm<\/p>\n<p>&#8211; puissance \u00e9lectrique install\u00e9e 49 kW<br \/>\n&#8211; source Laser Raycus<br \/>\n&#8211; puissance laser 6000 watts<br \/>\n&#8211; t\u00eate de d\u00e9coupe Booji<br \/>\n&#8211; \u00e9paisseur max de d\u00e9coupe sur acier doux 24 mm<br \/>\n&#8211; \u00e9paisseur max de d\u00e9coupe sur inox 16 mm<br \/>\n&#8211; \u00e9paisseur max de d\u00e9coupe sur aluminium 14 mm<br \/>\n&#8211; \u00e9paisseur max de d\u00e9coupe sur cuivre 10 mm<br \/>\n&#8211; \u00e9paisseur max de d\u00e9coupe sur laiton 8 mm<br \/>\n&#8211; unit\u00e9 de contr\u00f4le FSCUT<\/p>\n","protected":false},"excerpt":{"rendered":"<p>Surface de travail 1500&#215;3000 mm &#8211; puissance \u00e9lectrique install\u00e9e 49 kW &#8211; source Laser Raycus &#8211; puissance laser 6000 watts [&hellip;]<\/p>\n","protected":false},"featured_media":6078,"comment_status":"open","ping_status":"closed","template":"","meta":{"_acf_changed":false,"_uag_custom_page_level_css":"","site-sidebar-layout":"default","site-content-layout":"","ast-site-content-layout":"default","site-content-style":"default","site-sidebar-style":"default","ast-global-header-display":"","ast-banner-title-visibility":"","ast-main-header-display":"","ast-hfb-above-header-display":"","ast-hfb-below-header-display":"","ast-hfb-mobile-header-display":"","site-post-title":"","ast-breadcrumbs-content":"","ast-featured-img":"","footer-sml-layout":"","ast-disable-related-posts":"","theme-transparent-header-meta":"default","adv-header-id-meta":"","stick-header-meta":"default","header-above-stick-meta":"","header-main-stick-meta":"","header-below-stick-meta":"","astra-migrate-meta-layouts":"default","ast-page-background-enabled":"default","ast-page-background-meta":{"desktop":{"background-color":"var(--ast-global-color-5)","background-image":"","background-repeat":"repeat","background-position":"center center","background-size":"auto","background-attachment":"scroll","background-type":"","background-media":"","overlay-type":"","overlay-color":"","overlay-opacity":"","overlay-gradient":""},"tablet":{"background-color":"","background-image":"","background-repeat":"repeat","background-position":"center center","background-size":"auto","background-attachment":"scroll","background-type":"","background-media":"","overlay-type":"","overlay-color":"","overlay-opacity":"","overlay-gradient":""},"mobile":{"background-color":"","background-image":"","background-repeat":"repeat","background-position":"center center","background-size":"auto","background-attachment":"scroll","background-type":"","background-media":"","overlay-type":"","overlay-color":"","overlay-opacity":"","overlay-gradient":""}},"ast-content-background-meta":{"desktop":{"background-color":"var(--ast-global-color-4)","background-image":"","background-repeat":"repeat","background-position":"center center","background-size":"auto","background-attachment":"scroll","background-type":"","background-media":"","overlay-type":"","overlay-color":"","overlay-opacity":"","overlay-gradient":""},"tablet":{"background-color":"var(--ast-global-color-4)","background-image":"","background-repeat":"repeat","background-position":"center center","background-size":"auto","background-attachment":"scroll","background-type":"","background-media":"","overlay-type":"","overlay-color":"","overlay-opacity":"","overlay-gradient":""},"mobile":{"background-color":"var(--ast-global-color-4)","background-image":"","background-repeat":"repeat","background-position":"center center","background-size":"auto","background-attachment":"scroll","background-type":"","background-media":"","overlay-type":"","overlay-color":"","overlay-opacity":"","overlay-gradient":""}},"iawp_total_views":3},"product_brand":[1984],"product_cat":[1414],"product_tag":[],"class_list":{"0":"post-8536","1":"product","2":"type-product","3":"status-publish","4":"has-post-thumbnail","6":"product_brand-dener","7":"product_cat-decoupe-laser-automatisee","8":"desktop-align-left","9":"tablet-align-left","10":"mobile-align-left","12":"first","13":"instock","14":"shipping-taxable","15":"product-type-simple"},"acf":[],"yoast_head":"<!-- This site is optimized with the Yoast SEO plugin v27.4 - https:\/\/yoast.com\/product\/yoast-seo-wordpress\/ -->\n<title>D\u00e9coupe Laser Dener mod\u00e8le GFL Puissance 6 kW | TPC SRL<\/title>\n<meta name=\"description\" content=\"Scopri D\u00e9coupe Laser Dener mod\u00e8le GFL Puissance 6 kW su TPC SRL - qualit\u00e0, prestazioni e assistenza garantita.\" \/>\n<meta name=\"robots\" content=\"index, follow, max-snippet:-1, max-image-preview:large, max-video-preview:-1\" \/>\n<link rel=\"canonical\" href=\"https:\/\/www.tpcsrl.com\/fr\/decoupe-laser-dener-modele-gfl-puissance-6-kw\/\" \/>\n<meta property=\"og:locale\" content=\"fr_FR\" \/>\n<meta property=\"og:type\" content=\"article\" \/>\n<meta property=\"og:title\" content=\"D\u00e9coupe Laser Dener mod\u00e8le GFL Puissance 6 kW - TPC SRL\" \/>\n<meta property=\"og:description\" content=\"Scopri D\u00e9coupe Laser Dener mod\u00e8le GFL Puissance 6 kW su TPC SRL - qualit\u00e0, prestazioni e assistenza garantita.\" \/>\n<meta property=\"og:url\" content=\"https:\/\/www.tpcsrl.com\/fr\/decoupe-laser-dener-modele-gfl-puissance-6-kw\/\" \/>\n<meta property=\"og:site_name\" content=\"TPC SRL\" \/>\n<meta property=\"article:publisher\" content=\"https:\/\/www.facebook.com\/tpcsrl2022\" \/>\n<meta property=\"article:modified_time\" content=\"2025-12-09T10:23:50+00:00\" \/>\n<meta property=\"og:image\" content=\"https:\/\/www.tpcsrl.com\/wp-content\/uploads\/2025\/09\/laer-denerGFL-3-1-tin2.webp\" \/>\n\t<meta property=\"og:image:width\" content=\"1600\" \/>\n\t<meta property=\"og:image:height\" content=\"900\" \/>\n\t<meta property=\"og:image:type\" content=\"image\/webp\" \/>\n<meta name=\"twitter:card\" content=\"summary_large_image\" \/>\n<script type=\"application\/ld+json\" class=\"yoast-schema-graph\">{\"@context\":\"https:\\\/\\\/schema.org\",\"@graph\":[{\"@type\":\"WebPage\",\"@id\":\"https:\\\/\\\/www.tpcsrl.com\\\/fr\\\/decoupe-laser-dener-modele-gfl-puissance-6-kw\\\/\",\"url\":\"https:\\\/\\\/www.tpcsrl.com\\\/fr\\\/decoupe-laser-dener-modele-gfl-puissance-6-kw\\\/\",\"name\":\"D\u00e9coupe Laser Dener mod\u00e8le GFL Puissance 6 kW - TPC SRL\",\"isPartOf\":{\"@id\":\"https:\\\/\\\/www.tpcsrl.com\\\/fr\\\/#website\"},\"primaryImageOfPage\":{\"@id\":\"https:\\\/\\\/www.tpcsrl.com\\\/fr\\\/decoupe-laser-dener-modele-gfl-puissance-6-kw\\\/#primaryimage\"},\"image\":{\"@id\":\"https:\\\/\\\/www.tpcsrl.com\\\/fr\\\/decoupe-laser-dener-modele-gfl-puissance-6-kw\\\/#primaryimage\"},\"thumbnailUrl\":\"https:\\\/\\\/www.tpcsrl.com\\\/wp-content\\\/uploads\\\/2025\\\/09\\\/laer-denerGFL-3-1-tin2.webp\",\"datePublished\":\"2025-03-20T13:05:54+00:00\",\"dateModified\":\"2025-12-09T10:23:50+00:00\",\"description\":\"Scopri D\u00e9coupe Laser Dener mod\u00e8le GFL Puissance 6 kW su TPC SRL - qualit\u00e0, prestazioni e assistenza garantita.\",\"breadcrumb\":{\"@id\":\"https:\\\/\\\/www.tpcsrl.com\\\/fr\\\/decoupe-laser-dener-modele-gfl-puissance-6-kw\\\/#breadcrumb\"},\"inLanguage\":\"fr-FR\",\"potentialAction\":[{\"@type\":\"ReadAction\",\"target\":[\"https:\\\/\\\/www.tpcsrl.com\\\/fr\\\/decoupe-laser-dener-modele-gfl-puissance-6-kw\\\/\"]}]},{\"@type\":\"ImageObject\",\"inLanguage\":\"fr-FR\",\"@id\":\"https:\\\/\\\/www.tpcsrl.com\\\/fr\\\/decoupe-laser-dener-modele-gfl-puissance-6-kw\\\/#primaryimage\",\"url\":\"https:\\\/\\\/www.tpcsrl.com\\\/wp-content\\\/uploads\\\/2025\\\/09\\\/laer-denerGFL-3-1-tin2.webp\",\"contentUrl\":\"https:\\\/\\\/www.tpcsrl.com\\\/wp-content\\\/uploads\\\/2025\\\/09\\\/laer-denerGFL-3-1-tin2.webp\",\"width\":1600,\"height\":900,\"caption\":\"Taglio Laser Dener modello GFL Potenza 6 Kw\"},{\"@type\":\"BreadcrumbList\",\"@id\":\"https:\\\/\\\/www.tpcsrl.com\\\/fr\\\/decoupe-laser-dener-modele-gfl-puissance-6-kw\\\/#breadcrumb\",\"itemListElement\":[{\"@type\":\"ListItem\",\"position\":1,\"name\":\"Home\",\"item\":\"https:\\\/\\\/www.tpcsrl.com\\\/fr\\\/\"},{\"@type\":\"ListItem\",\"position\":2,\"name\":\"Boutique\",\"item\":\"https:\\\/\\\/www.tpcsrl.com\\\/fr\\\/boutique\\\/\"},{\"@type\":\"ListItem\",\"position\":3,\"name\":\"D\u00e9coupe Laser Dener mod\u00e8le GFL Puissance 6 kW\"}]},{\"@type\":\"WebSite\",\"@id\":\"https:\\\/\\\/www.tpcsrl.com\\\/fr\\\/#website\",\"url\":\"https:\\\/\\\/www.tpcsrl.com\\\/fr\\\/\",\"name\":\"TPC SRL\",\"description\":\"Leader nell\u2019acquisto e vendita di macchine utensili\",\"publisher\":{\"@id\":\"https:\\\/\\\/www.tpcsrl.com\\\/fr\\\/#organization\"},\"potentialAction\":[{\"@type\":\"SearchAction\",\"target\":{\"@type\":\"EntryPoint\",\"urlTemplate\":\"https:\\\/\\\/www.tpcsrl.com\\\/fr\\\/?s={search_term_string}\"},\"query-input\":{\"@type\":\"PropertyValueSpecification\",\"valueRequired\":true,\"valueName\":\"search_term_string\"}}],\"inLanguage\":\"fr-FR\"},{\"@type\":\"Organization\",\"@id\":\"https:\\\/\\\/www.tpcsrl.com\\\/fr\\\/#organization\",\"name\":\"TPC SRL\",\"url\":\"https:\\\/\\\/www.tpcsrl.com\\\/fr\\\/\",\"logo\":{\"@type\":\"ImageObject\",\"inLanguage\":\"fr-FR\",\"@id\":\"https:\\\/\\\/www.tpcsrl.com\\\/fr\\\/#\\\/schema\\\/logo\\\/image\\\/\",\"url\":\"https:\\\/\\\/www.tpcsrl.com\\\/wp-content\\\/uploads\\\/2026\\\/01\\\/logo-tpc-fr.jpg\",\"contentUrl\":\"https:\\\/\\\/www.tpcsrl.com\\\/wp-content\\\/uploads\\\/2026\\\/01\\\/logo-tpc-fr.jpg\",\"width\":640,\"height\":316,\"caption\":\"TPC SRL\"},\"image\":{\"@id\":\"https:\\\/\\\/www.tpcsrl.com\\\/fr\\\/#\\\/schema\\\/logo\\\/image\\\/\"},\"sameAs\":[\"https:\\\/\\\/www.facebook.com\\\/tpcsrl2022\",\"https:\\\/\\\/www.youtube.com\\\/@TPCSRL\"]}]}<\/script>\n<!-- \/ Yoast SEO plugin. -->","yoast_head_json":{"title":"D\u00e9coupe Laser Dener mod\u00e8le GFL Puissance 6 kW | TPC SRL","description":"Scopri D\u00e9coupe Laser Dener mod\u00e8le GFL Puissance 6 kW su TPC SRL - qualit\u00e0, prestazioni e assistenza garantita.","robots":{"index":"index","follow":"follow","max-snippet":"max-snippet:-1","max-image-preview":"max-image-preview:large","max-video-preview":"max-video-preview:-1"},"canonical":"https:\/\/www.tpcsrl.com\/fr\/decoupe-laser-dener-modele-gfl-puissance-6-kw\/","og_locale":"fr_FR","og_type":"article","og_title":"D\u00e9coupe Laser Dener mod\u00e8le GFL Puissance 6 kW - TPC SRL","og_description":"Scopri D\u00e9coupe Laser Dener mod\u00e8le GFL Puissance 6 kW su TPC SRL - qualit\u00e0, prestazioni e assistenza garantita.","og_url":"https:\/\/www.tpcsrl.com\/fr\/decoupe-laser-dener-modele-gfl-puissance-6-kw\/","og_site_name":"TPC SRL","article_publisher":"https:\/\/www.facebook.com\/tpcsrl2022","article_modified_time":"2025-12-09T10:23:50+00:00","og_image":[{"width":1600,"height":900,"url":"https:\/\/www.tpcsrl.com\/wp-content\/uploads\/2025\/09\/laer-denerGFL-3-1-tin2.webp","type":"image\/webp"}],"twitter_card":"summary_large_image","schema":{"@context":"https:\/\/schema.org","@graph":[{"@type":"WebPage","@id":"https:\/\/www.tpcsrl.com\/fr\/decoupe-laser-dener-modele-gfl-puissance-6-kw\/","url":"https:\/\/www.tpcsrl.com\/fr\/decoupe-laser-dener-modele-gfl-puissance-6-kw\/","name":"D\u00e9coupe Laser Dener mod\u00e8le GFL Puissance 6 kW - TPC SRL","isPartOf":{"@id":"https:\/\/www.tpcsrl.com\/fr\/#website"},"primaryImageOfPage":{"@id":"https:\/\/www.tpcsrl.com\/fr\/decoupe-laser-dener-modele-gfl-puissance-6-kw\/#primaryimage"},"image":{"@id":"https:\/\/www.tpcsrl.com\/fr\/decoupe-laser-dener-modele-gfl-puissance-6-kw\/#primaryimage"},"thumbnailUrl":"https:\/\/www.tpcsrl.com\/wp-content\/uploads\/2025\/09\/laer-denerGFL-3-1-tin2.webp","datePublished":"2025-03-20T13:05:54+00:00","dateModified":"2025-12-09T10:23:50+00:00","description":"Scopri D\u00e9coupe Laser Dener mod\u00e8le GFL Puissance 6 kW su TPC SRL - qualit\u00e0, prestazioni e assistenza garantita.","breadcrumb":{"@id":"https:\/\/www.tpcsrl.com\/fr\/decoupe-laser-dener-modele-gfl-puissance-6-kw\/#breadcrumb"},"inLanguage":"fr-FR","potentialAction":[{"@type":"ReadAction","target":["https:\/\/www.tpcsrl.com\/fr\/decoupe-laser-dener-modele-gfl-puissance-6-kw\/"]}]},{"@type":"ImageObject","inLanguage":"fr-FR","@id":"https:\/\/www.tpcsrl.com\/fr\/decoupe-laser-dener-modele-gfl-puissance-6-kw\/#primaryimage","url":"https:\/\/www.tpcsrl.com\/wp-content\/uploads\/2025\/09\/laer-denerGFL-3-1-tin2.webp","contentUrl":"https:\/\/www.tpcsrl.com\/wp-content\/uploads\/2025\/09\/laer-denerGFL-3-1-tin2.webp","width":1600,"height":900,"caption":"Taglio Laser Dener modello GFL Potenza 6 Kw"},{"@type":"BreadcrumbList","@id":"https:\/\/www.tpcsrl.com\/fr\/decoupe-laser-dener-modele-gfl-puissance-6-kw\/#breadcrumb","itemListElement":[{"@type":"ListItem","position":1,"name":"Home","item":"https:\/\/www.tpcsrl.com\/fr\/"},{"@type":"ListItem","position":2,"name":"Boutique","item":"https:\/\/www.tpcsrl.com\/fr\/boutique\/"},{"@type":"ListItem","position":3,"name":"D\u00e9coupe Laser Dener mod\u00e8le GFL Puissance 6 kW"}]},{"@type":"WebSite","@id":"https:\/\/www.tpcsrl.com\/fr\/#website","url":"https:\/\/www.tpcsrl.com\/fr\/","name":"TPC SRL","description":"Leader nell\u2019acquisto e vendita di macchine utensili","publisher":{"@id":"https:\/\/www.tpcsrl.com\/fr\/#organization"},"potentialAction":[{"@type":"SearchAction","target":{"@type":"EntryPoint","urlTemplate":"https:\/\/www.tpcsrl.com\/fr\/?s={search_term_string}"},"query-input":{"@type":"PropertyValueSpecification","valueRequired":true,"valueName":"search_term_string"}}],"inLanguage":"fr-FR"},{"@type":"Organization","@id":"https:\/\/www.tpcsrl.com\/fr\/#organization","name":"TPC SRL","url":"https:\/\/www.tpcsrl.com\/fr\/","logo":{"@type":"ImageObject","inLanguage":"fr-FR","@id":"https:\/\/www.tpcsrl.com\/fr\/#\/schema\/logo\/image\/","url":"https:\/\/www.tpcsrl.com\/wp-content\/uploads\/2026\/01\/logo-tpc-fr.jpg","contentUrl":"https:\/\/www.tpcsrl.com\/wp-content\/uploads\/2026\/01\/logo-tpc-fr.jpg","width":640,"height":316,"caption":"TPC SRL"},"image":{"@id":"https:\/\/www.tpcsrl.com\/fr\/#\/schema\/logo\/image\/"},"sameAs":["https:\/\/www.facebook.com\/tpcsrl2022","https:\/\/www.youtube.com\/@TPCSRL"]}]}},"uagb_featured_image_src":{"full":["https:\/\/www.tpcsrl.com\/wp-content\/uploads\/2025\/09\/laer-denerGFL-3-1-tin2.webp",1600,900,false],"thumbnail":["https:\/\/www.tpcsrl.com\/wp-content\/uploads\/2025\/09\/laer-denerGFL-3-1-tin2-150x150.webp",150,150,true],"medium":["https:\/\/www.tpcsrl.com\/wp-content\/uploads\/2025\/09\/laer-denerGFL-3-1-tin2-300x169.webp",300,169,true],"medium_large":["https:\/\/www.tpcsrl.com\/wp-content\/uploads\/2025\/09\/laer-denerGFL-3-1-tin2-768x432.webp",768,432,true],"large":["https:\/\/www.tpcsrl.com\/wp-content\/uploads\/2025\/09\/laer-denerGFL-3-1-tin2-1024x576.webp",1024,576,true],"1536x1536":["https:\/\/www.tpcsrl.com\/wp-content\/uploads\/2025\/09\/laer-denerGFL-3-1-tin2-1536x864.webp",1536,864,true],"2048x2048":["https:\/\/www.tpcsrl.com\/wp-content\/uploads\/2025\/09\/laer-denerGFL-3-1-tin2.webp",1600,900,false],"woocommerce_thumbnail":["https:\/\/www.tpcsrl.com\/wp-content\/uploads\/2025\/09\/laer-denerGFL-3-1-tin2-300x225.webp",300,225,true],"woocommerce_single":["https:\/\/www.tpcsrl.com\/wp-content\/uploads\/2025\/09\/laer-denerGFL-3-1-tin2-600x338.webp",600,338,true],"woocommerce_gallery_thumbnail":["https:\/\/www.tpcsrl.com\/wp-content\/uploads\/2025\/09\/laer-denerGFL-3-1-tin2-100x100.webp",100,100,true]},"uagb_author_info":{"display_name":"tpc srl","author_link":"https:\/\/www.tpcsrl.com\/fr\/author\/"},"uagb_comment_info":0,"uagb_excerpt":"Surface de travail 1500&#215;3000 mm &#8211; puissance \u00e9lectrique install\u00e9e 49 kW &#8211; source Laser Raycus &#8211; puissance laser 6000 watts [&hellip;]","_links":{"self":[{"href":"https:\/\/www.tpcsrl.com\/fr\/wp-json\/wp\/v2\/product\/8536","targetHints":{"allow":["GET"]}}],"collection":[{"href":"https:\/\/www.tpcsrl.com\/fr\/wp-json\/wp\/v2\/product"}],"about":[{"href":"https:\/\/www.tpcsrl.com\/fr\/wp-json\/wp\/v2\/types\/product"}],"replies":[{"embeddable":true,"href":"https:\/\/www.tpcsrl.com\/fr\/wp-json\/wp\/v2\/comments?post=8536"}],"wp:featuredmedia":[{"embeddable":true,"href":"https:\/\/www.tpcsrl.com\/fr\/wp-json\/wp\/v2\/media\/6078"}],"wp:attachment":[{"href":"https:\/\/www.tpcsrl.com\/fr\/wp-json\/wp\/v2\/media?parent=8536"}],"wp:term":[{"taxonomy":"product_brand","embeddable":true,"href":"https:\/\/www.tpcsrl.com\/fr\/wp-json\/wp\/v2\/product_brand?post=8536"},{"taxonomy":"product_cat","embeddable":true,"href":"https:\/\/www.tpcsrl.com\/fr\/wp-json\/wp\/v2\/product_cat?post=8536"},{"taxonomy":"product_tag","embeddable":true,"href":"https:\/\/www.tpcsrl.com\/fr\/wp-json\/wp\/v2\/product_tag?post=8536"}],"curies":[{"name":"wp","href":"https:\/\/api.w.org\/{rel}","templated":true}]}}