{"id":10904,"date":"2025-12-15T15:43:23","date_gmt":"2025-12-15T14:43:23","guid":{"rendered":"https:\/\/www.tpcsrl.com\/compressore-ceccato-csa-15-13bar\/"},"modified":"2026-01-16T15:52:30","modified_gmt":"2026-01-16T14:52:30","slug":"compresseur-ceccato-csa-15-13-bar","status":"publish","type":"product","link":"https:\/\/www.tpcsrl.com\/fr\/compresseur-ceccato-csa-15-13-bar\/","title":{"rendered":"Compresseur CECCATO CSA 15 13 BAR"},"content":{"rendered":"<p data-start=\"56\" data-end=\"79\"><strong data-start=\"56\" data-end=\"79\">Nouvel arrivage !!!<\/strong><\/p>\n<p data-start=\"81\" data-end=\"97\"><strong data-start=\"81\" data-end=\"97\">R\u00e9f : RCP374<\/strong><\/p>\n<p data-start=\"99\" data-end=\"135\">Compresseur rotatif \u00e0 vis insonoris\u00e9<\/p>\n<p data-start=\"137\" data-end=\"158\">Puissance 11 kW 15 ch<\/p>\n<p data-start=\"160\" data-end=\"175\">Machine 13 bars<\/p>\n<p data-start=\"177\" data-end=\"233\">Ann\u00e9e 2021 avec seulement 2 000 heures de fonctionnement<\/p>\n<p data-start=\"235\" data-end=\"254\">Occasion comme neuf<\/p>\n","protected":false},"excerpt":{"rendered":"<p>Nouvel arrivage !!! R\u00e9f : RCP374 Compresseur rotatif \u00e0 vis insonoris\u00e9 Puissance 11 kW 15 ch Machine 13 bars Ann\u00e9e [&hellip;]<\/p>\n","protected":false},"featured_media":10905,"comment_status":"open","ping_status":"closed","template":"","meta":{"_acf_changed":false,"rs_blank_template":"","rs_page_bg_color":"","slide_template_v7":"","_uag_custom_page_level_css":"","site-sidebar-layout":"default","site-content-layout":"","ast-site-content-layout":"default","site-content-style":"default","site-sidebar-style":"default","ast-global-header-display":"","ast-banner-title-visibility":"","ast-main-header-display":"","ast-hfb-above-header-display":"","ast-hfb-below-header-display":"","ast-hfb-mobile-header-display":"","site-post-title":"","ast-breadcrumbs-content":"","ast-featured-img":"","footer-sml-layout":"","ast-disable-related-posts":"","theme-transparent-header-meta":"default","adv-header-id-meta":"","stick-header-meta":"default","header-above-stick-meta":"","header-main-stick-meta":"","header-below-stick-meta":"","astra-migrate-meta-layouts":"set","ast-page-background-enabled":"default","ast-page-background-meta":{"desktop":{"background-color":"var(--ast-global-color-5)","background-image":"","background-repeat":"repeat","background-position":"center center","background-size":"auto","background-attachment":"scroll","background-type":"","background-media":"","overlay-type":"","overlay-color":"","overlay-opacity":"","overlay-gradient":""},"tablet":{"background-color":"","background-image":"","background-repeat":"repeat","background-position":"center center","background-size":"auto","background-attachment":"scroll","background-type":"","background-media":"","overlay-type":"","overlay-color":"","overlay-opacity":"","overlay-gradient":""},"mobile":{"background-color":"","background-image":"","background-repeat":"repeat","background-position":"center center","background-size":"auto","background-attachment":"scroll","background-type":"","background-media":"","overlay-type":"","overlay-color":"","overlay-opacity":"","overlay-gradient":""}},"ast-content-background-meta":{"desktop":{"background-color":"var(--ast-global-color-4)","background-image":"","background-repeat":"repeat","background-position":"center center","background-size":"auto","background-attachment":"scroll","background-type":"","background-media":"","overlay-type":"","overlay-color":"","overlay-opacity":"","overlay-gradient":""},"tablet":{"background-color":"var(--ast-global-color-4)","background-image":"","background-repeat":"repeat","background-position":"center center","background-size":"auto","background-attachment":"scroll","background-type":"","background-media":"","overlay-type":"","overlay-color":"","overlay-opacity":"","overlay-gradient":""},"mobile":{"background-color":"var(--ast-global-color-4)","background-image":"","background-repeat":"repeat","background-position":"center center","background-size":"auto","background-attachment":"scroll","background-type":"","background-media":"","overlay-type":"","overlay-color":"","overlay-opacity":"","overlay-gradient":""}},"iawp_total_views":5},"product_brand":[2047],"product_cat":[592],"product_tag":[],"class_list":{"0":"post-10904","1":"product","2":"type-product","3":"status-publish","4":"has-post-thumbnail","6":"product_brand-ceccato","7":"product_cat-compresseur","8":"desktop-align-left","9":"tablet-align-left","10":"mobile-align-left","12":"first","13":"instock","14":"shipping-taxable","15":"product-type-simple"},"acf":[],"yoast_head":"<!-- This site is optimized with the Yoast SEO plugin v27.4 - https:\/\/yoast.com\/product\/yoast-seo-wordpress\/ -->\n<title>Compresseur CECCATO CSA 15 13 BAR | TPC SRL<\/title>\n<meta name=\"description\" content=\"Scopri Compresseur CECCATO CSA 15 13 BAR su TPC SRL - qualit\u00e0, prestazioni e assistenza garantita.\" \/>\n<meta name=\"robots\" content=\"index, follow, max-snippet:-1, max-image-preview:large, max-video-preview:-1\" \/>\n<link rel=\"canonical\" href=\"https:\/\/www.tpcsrl.com\/fr\/compresseur-ceccato-csa-15-13-bar\/\" \/>\n<meta property=\"og:locale\" content=\"fr_FR\" \/>\n<meta property=\"og:type\" content=\"article\" \/>\n<meta property=\"og:title\" content=\"Compresseur CECCATO CSA 15 13 BAR - TPC SRL\" \/>\n<meta property=\"og:description\" content=\"Scopri Compresseur CECCATO CSA 15 13 BAR su TPC SRL - qualit\u00e0, prestazioni e assistenza garantita.\" \/>\n<meta property=\"og:url\" content=\"https:\/\/www.tpcsrl.com\/fr\/compresseur-ceccato-csa-15-13-bar\/\" \/>\n<meta property=\"og:site_name\" content=\"TPC SRL\" \/>\n<meta property=\"article:publisher\" content=\"https:\/\/www.facebook.com\/tpcsrl2022\" \/>\n<meta property=\"article:modified_time\" content=\"2026-01-16T14:52:30+00:00\" \/>\n<meta property=\"og:image\" content=\"https:\/\/www.tpcsrl.com\/wp-content\/uploads\/2025\/12\/IMG_0355-scaled.jpeg\" \/>\n\t<meta property=\"og:image:width\" content=\"2560\" \/>\n\t<meta property=\"og:image:height\" content=\"1920\" \/>\n\t<meta property=\"og:image:type\" content=\"image\/jpeg\" \/>\n<meta name=\"twitter:card\" content=\"summary_large_image\" \/>\n<meta name=\"twitter:label1\" content=\"Dur\u00e9e de lecture estim\u00e9e\" \/>\n\t<meta name=\"twitter:data1\" content=\"1 minute\" \/>\n<script type=\"application\/ld+json\" class=\"yoast-schema-graph\">{\"@context\":\"https:\\\/\\\/schema.org\",\"@graph\":[{\"@type\":\"WebPage\",\"@id\":\"https:\\\/\\\/www.tpcsrl.com\\\/fr\\\/compresseur-ceccato-csa-15-13-bar\\\/\",\"url\":\"https:\\\/\\\/www.tpcsrl.com\\\/fr\\\/compresseur-ceccato-csa-15-13-bar\\\/\",\"name\":\"Compresseur CECCATO CSA 15 13 BAR - TPC SRL\",\"isPartOf\":{\"@id\":\"https:\\\/\\\/www.tpcsrl.com\\\/fr\\\/#website\"},\"primaryImageOfPage\":{\"@id\":\"https:\\\/\\\/www.tpcsrl.com\\\/fr\\\/compresseur-ceccato-csa-15-13-bar\\\/#primaryimage\"},\"image\":{\"@id\":\"https:\\\/\\\/www.tpcsrl.com\\\/fr\\\/compresseur-ceccato-csa-15-13-bar\\\/#primaryimage\"},\"thumbnailUrl\":\"https:\\\/\\\/www.tpcsrl.com\\\/wp-content\\\/uploads\\\/2025\\\/12\\\/IMG_0355-scaled.jpeg\",\"datePublished\":\"2025-12-15T14:43:23+00:00\",\"dateModified\":\"2026-01-16T14:52:30+00:00\",\"description\":\"Scopri Compresseur CECCATO CSA 15 13 BAR su TPC SRL - qualit\u00e0, prestazioni e assistenza garantita.\",\"breadcrumb\":{\"@id\":\"https:\\\/\\\/www.tpcsrl.com\\\/fr\\\/compresseur-ceccato-csa-15-13-bar\\\/#breadcrumb\"},\"inLanguage\":\"fr-FR\",\"potentialAction\":[{\"@type\":\"ReadAction\",\"target\":[\"https:\\\/\\\/www.tpcsrl.com\\\/fr\\\/compresseur-ceccato-csa-15-13-bar\\\/\"]}]},{\"@type\":\"ImageObject\",\"inLanguage\":\"fr-FR\",\"@id\":\"https:\\\/\\\/www.tpcsrl.com\\\/fr\\\/compresseur-ceccato-csa-15-13-bar\\\/#primaryimage\",\"url\":\"https:\\\/\\\/www.tpcsrl.com\\\/wp-content\\\/uploads\\\/2025\\\/12\\\/IMG_0355-scaled.jpeg\",\"contentUrl\":\"https:\\\/\\\/www.tpcsrl.com\\\/wp-content\\\/uploads\\\/2025\\\/12\\\/IMG_0355-scaled.jpeg\",\"width\":2560,\"height\":1920,\"caption\":\"Compresseur CECCATO CSA 15 13 BAR\"},{\"@type\":\"BreadcrumbList\",\"@id\":\"https:\\\/\\\/www.tpcsrl.com\\\/fr\\\/compresseur-ceccato-csa-15-13-bar\\\/#breadcrumb\",\"itemListElement\":[{\"@type\":\"ListItem\",\"position\":1,\"name\":\"Home\",\"item\":\"https:\\\/\\\/www.tpcsrl.com\\\/fr\\\/\"},{\"@type\":\"ListItem\",\"position\":2,\"name\":\"Boutique\",\"item\":\"https:\\\/\\\/www.tpcsrl.com\\\/fr\\\/boutique\\\/\"},{\"@type\":\"ListItem\",\"position\":3,\"name\":\"Compresseur CECCATO CSA 15 13 BAR\"}]},{\"@type\":\"WebSite\",\"@id\":\"https:\\\/\\\/www.tpcsrl.com\\\/fr\\\/#website\",\"url\":\"https:\\\/\\\/www.tpcsrl.com\\\/fr\\\/\",\"name\":\"TPC SRL\",\"description\":\"Leader nell\u2019acquisto e vendita di macchine utensili\",\"publisher\":{\"@id\":\"https:\\\/\\\/www.tpcsrl.com\\\/fr\\\/#organization\"},\"potentialAction\":[{\"@type\":\"SearchAction\",\"target\":{\"@type\":\"EntryPoint\",\"urlTemplate\":\"https:\\\/\\\/www.tpcsrl.com\\\/fr\\\/?s={search_term_string}\"},\"query-input\":{\"@type\":\"PropertyValueSpecification\",\"valueRequired\":true,\"valueName\":\"search_term_string\"}}],\"inLanguage\":\"fr-FR\"},{\"@type\":\"Organization\",\"@id\":\"https:\\\/\\\/www.tpcsrl.com\\\/fr\\\/#organization\",\"name\":\"TPC SRL\",\"url\":\"https:\\\/\\\/www.tpcsrl.com\\\/fr\\\/\",\"logo\":{\"@type\":\"ImageObject\",\"inLanguage\":\"fr-FR\",\"@id\":\"https:\\\/\\\/www.tpcsrl.com\\\/fr\\\/#\\\/schema\\\/logo\\\/image\\\/\",\"url\":\"https:\\\/\\\/www.tpcsrl.com\\\/wp-content\\\/uploads\\\/2026\\\/01\\\/logo-tpc-fr.jpg\",\"contentUrl\":\"https:\\\/\\\/www.tpcsrl.com\\\/wp-content\\\/uploads\\\/2026\\\/01\\\/logo-tpc-fr.jpg\",\"width\":640,\"height\":316,\"caption\":\"TPC SRL\"},\"image\":{\"@id\":\"https:\\\/\\\/www.tpcsrl.com\\\/fr\\\/#\\\/schema\\\/logo\\\/image\\\/\"},\"sameAs\":[\"https:\\\/\\\/www.facebook.com\\\/tpcsrl2022\",\"https:\\\/\\\/www.youtube.com\\\/@TPCSRL\"]}]}<\/script>\n<!-- \/ Yoast SEO plugin. -->","yoast_head_json":{"title":"Compresseur CECCATO CSA 15 13 BAR | TPC SRL","description":"Scopri Compresseur CECCATO CSA 15 13 BAR su TPC SRL - qualit\u00e0, prestazioni e assistenza garantita.","robots":{"index":"index","follow":"follow","max-snippet":"max-snippet:-1","max-image-preview":"max-image-preview:large","max-video-preview":"max-video-preview:-1"},"canonical":"https:\/\/www.tpcsrl.com\/fr\/compresseur-ceccato-csa-15-13-bar\/","og_locale":"fr_FR","og_type":"article","og_title":"Compresseur CECCATO CSA 15 13 BAR - TPC SRL","og_description":"Scopri Compresseur CECCATO CSA 15 13 BAR su TPC SRL - qualit\u00e0, prestazioni e assistenza garantita.","og_url":"https:\/\/www.tpcsrl.com\/fr\/compresseur-ceccato-csa-15-13-bar\/","og_site_name":"TPC SRL","article_publisher":"https:\/\/www.facebook.com\/tpcsrl2022","article_modified_time":"2026-01-16T14:52:30+00:00","og_image":[{"width":2560,"height":1920,"url":"https:\/\/www.tpcsrl.com\/wp-content\/uploads\/2025\/12\/IMG_0355-scaled.jpeg","type":"image\/jpeg"}],"twitter_card":"summary_large_image","twitter_misc":{"Dur\u00e9e de lecture estim\u00e9e":"1 minute"},"schema":{"@context":"https:\/\/schema.org","@graph":[{"@type":"WebPage","@id":"https:\/\/www.tpcsrl.com\/fr\/compresseur-ceccato-csa-15-13-bar\/","url":"https:\/\/www.tpcsrl.com\/fr\/compresseur-ceccato-csa-15-13-bar\/","name":"Compresseur CECCATO CSA 15 13 BAR - TPC SRL","isPartOf":{"@id":"https:\/\/www.tpcsrl.com\/fr\/#website"},"primaryImageOfPage":{"@id":"https:\/\/www.tpcsrl.com\/fr\/compresseur-ceccato-csa-15-13-bar\/#primaryimage"},"image":{"@id":"https:\/\/www.tpcsrl.com\/fr\/compresseur-ceccato-csa-15-13-bar\/#primaryimage"},"thumbnailUrl":"https:\/\/www.tpcsrl.com\/wp-content\/uploads\/2025\/12\/IMG_0355-scaled.jpeg","datePublished":"2025-12-15T14:43:23+00:00","dateModified":"2026-01-16T14:52:30+00:00","description":"Scopri Compresseur CECCATO CSA 15 13 BAR su TPC SRL - qualit\u00e0, prestazioni e assistenza garantita.","breadcrumb":{"@id":"https:\/\/www.tpcsrl.com\/fr\/compresseur-ceccato-csa-15-13-bar\/#breadcrumb"},"inLanguage":"fr-FR","potentialAction":[{"@type":"ReadAction","target":["https:\/\/www.tpcsrl.com\/fr\/compresseur-ceccato-csa-15-13-bar\/"]}]},{"@type":"ImageObject","inLanguage":"fr-FR","@id":"https:\/\/www.tpcsrl.com\/fr\/compresseur-ceccato-csa-15-13-bar\/#primaryimage","url":"https:\/\/www.tpcsrl.com\/wp-content\/uploads\/2025\/12\/IMG_0355-scaled.jpeg","contentUrl":"https:\/\/www.tpcsrl.com\/wp-content\/uploads\/2025\/12\/IMG_0355-scaled.jpeg","width":2560,"height":1920,"caption":"Compresseur CECCATO CSA 15 13 BAR"},{"@type":"BreadcrumbList","@id":"https:\/\/www.tpcsrl.com\/fr\/compresseur-ceccato-csa-15-13-bar\/#breadcrumb","itemListElement":[{"@type":"ListItem","position":1,"name":"Home","item":"https:\/\/www.tpcsrl.com\/fr\/"},{"@type":"ListItem","position":2,"name":"Boutique","item":"https:\/\/www.tpcsrl.com\/fr\/boutique\/"},{"@type":"ListItem","position":3,"name":"Compresseur CECCATO CSA 15 13 BAR"}]},{"@type":"WebSite","@id":"https:\/\/www.tpcsrl.com\/fr\/#website","url":"https:\/\/www.tpcsrl.com\/fr\/","name":"TPC SRL","description":"Leader nell\u2019acquisto e vendita di macchine utensili","publisher":{"@id":"https:\/\/www.tpcsrl.com\/fr\/#organization"},"potentialAction":[{"@type":"SearchAction","target":{"@type":"EntryPoint","urlTemplate":"https:\/\/www.tpcsrl.com\/fr\/?s={search_term_string}"},"query-input":{"@type":"PropertyValueSpecification","valueRequired":true,"valueName":"search_term_string"}}],"inLanguage":"fr-FR"},{"@type":"Organization","@id":"https:\/\/www.tpcsrl.com\/fr\/#organization","name":"TPC SRL","url":"https:\/\/www.tpcsrl.com\/fr\/","logo":{"@type":"ImageObject","inLanguage":"fr-FR","@id":"https:\/\/www.tpcsrl.com\/fr\/#\/schema\/logo\/image\/","url":"https:\/\/www.tpcsrl.com\/wp-content\/uploads\/2026\/01\/logo-tpc-fr.jpg","contentUrl":"https:\/\/www.tpcsrl.com\/wp-content\/uploads\/2026\/01\/logo-tpc-fr.jpg","width":640,"height":316,"caption":"TPC SRL"},"image":{"@id":"https:\/\/www.tpcsrl.com\/fr\/#\/schema\/logo\/image\/"},"sameAs":["https:\/\/www.facebook.com\/tpcsrl2022","https:\/\/www.youtube.com\/@TPCSRL"]}]}},"uagb_featured_image_src":{"full":["https:\/\/www.tpcsrl.com\/wp-content\/uploads\/2025\/12\/IMG_0355-scaled.jpeg",2560,1920,false],"thumbnail":["https:\/\/www.tpcsrl.com\/wp-content\/uploads\/2025\/12\/IMG_0355-150x150.jpeg",150,150,true],"medium":["https:\/\/www.tpcsrl.com\/wp-content\/uploads\/2025\/12\/IMG_0355-300x225.jpeg",300,225,true],"medium_large":["https:\/\/www.tpcsrl.com\/wp-content\/uploads\/2025\/12\/IMG_0355-768x576.jpeg",768,576,true],"large":["https:\/\/www.tpcsrl.com\/wp-content\/uploads\/2025\/12\/IMG_0355-1024x768.jpeg",1024,768,true],"1536x1536":["https:\/\/www.tpcsrl.com\/wp-content\/uploads\/2025\/12\/IMG_0355-1536x1152.jpeg",1536,1152,true],"2048x2048":["https:\/\/www.tpcsrl.com\/wp-content\/uploads\/2025\/12\/IMG_0355-2048x1536.jpeg",2048,1536,true],"woocommerce_thumbnail":["https:\/\/www.tpcsrl.com\/wp-content\/uploads\/2025\/12\/IMG_0355-scaled-300x225.jpeg",300,225,true],"woocommerce_single":["https:\/\/www.tpcsrl.com\/wp-content\/uploads\/2025\/12\/IMG_0355-scaled-600x450.jpeg",600,450,true],"woocommerce_gallery_thumbnail":["https:\/\/www.tpcsrl.com\/wp-content\/uploads\/2025\/12\/IMG_0355-scaled-100x100.jpeg",100,100,true]},"uagb_author_info":{"display_name":"daniele.brezzi@tpcgroup.it","author_link":"https:\/\/www.tpcsrl.com\/fr\/author\/"},"uagb_comment_info":0,"uagb_excerpt":"Nouvel arrivage !!! R\u00e9f : RCP374 Compresseur rotatif \u00e0 vis insonoris\u00e9 Puissance 11 kW 15 ch Machine 13 bars Ann\u00e9e [&hellip;]","_links":{"self":[{"href":"https:\/\/www.tpcsrl.com\/fr\/wp-json\/wp\/v2\/product\/10904","targetHints":{"allow":["GET"]}}],"collection":[{"href":"https:\/\/www.tpcsrl.com\/fr\/wp-json\/wp\/v2\/product"}],"about":[{"href":"https:\/\/www.tpcsrl.com\/fr\/wp-json\/wp\/v2\/types\/product"}],"replies":[{"embeddable":true,"href":"https:\/\/www.tpcsrl.com\/fr\/wp-json\/wp\/v2\/comments?post=10904"}],"wp:featuredmedia":[{"embeddable":true,"href":"https:\/\/www.tpcsrl.com\/fr\/wp-json\/wp\/v2\/media\/10905"}],"wp:attachment":[{"href":"https:\/\/www.tpcsrl.com\/fr\/wp-json\/wp\/v2\/media?parent=10904"}],"wp:term":[{"taxonomy":"product_brand","embeddable":true,"href":"https:\/\/www.tpcsrl.com\/fr\/wp-json\/wp\/v2\/product_brand?post=10904"},{"taxonomy":"product_cat","embeddable":true,"href":"https:\/\/www.tpcsrl.com\/fr\/wp-json\/wp\/v2\/product_cat?post=10904"},{"taxonomy":"product_tag","embeddable":true,"href":"https:\/\/www.tpcsrl.com\/fr\/wp-json\/wp\/v2\/product_tag?post=10904"}],"curies":[{"name":"wp","href":"https:\/\/api.w.org\/{rel}","templated":true}]}}