{"id":9896,"date":"2025-03-10T10:19:49","date_gmt":"2025-03-10T09:19:49","guid":{"rendered":"https:\/\/www.tpcsrl.com\/nous-achetons-votre-materiel-d-occasion\/"},"modified":"2025-12-11T14:24:46","modified_gmt":"2025-12-11T13:24:46","slug":"nous-achetons-votre-materiel-d-occasion","status":"publish","type":"page","link":"https:\/\/www.tpcsrl.com\/fr\/nous-achetons-votre-materiel-d-occasion\/","title":{"rendered":"Nous achetons votre mat\u00e9riel d&rsquo;occasion"},"content":{"rendered":"\n<div class=\"wp-block-uagb-separator uagb-block-5c2d9c32\"><div class=\"uagb-separator-spacing-wrapper\"><div class=\"wp-block-uagb-separator__inner\" style=\"--my-background-image:\"><\/div><\/div><\/div>\n\n<h1 class=\"wp-block-heading\" id=\"h-acquistiamo-il-tuo-usato\">Nous Achetons Votre Mat\u00e9riel d&rsquo;Occasion<\/h1>\n\n<p>Si vous avez des machines d&rsquo;occasion \u00e0 vendre, T.P.C. S.r.l. est la solution que vous cherchez. Nous offrons un service d&rsquo;achat direct de <strong>machines industrielles d&rsquo;occasion<\/strong> telles que <strong>cisailles<\/strong>, <strong>plieuses<\/strong>, <strong>presses plieuses<\/strong>, <strong>d\u00e9coupe laser<\/strong> et autres \u00e9quipements pour le travail de la t\u00f4le. Notre exp\u00e9rience dans le secteur nous permet de vous fournir une \u00e9valuation imm\u00e9diate et comp\u00e9titive, garantissant un processus de vente rapide et s\u00e9curis\u00e9.<\/p>\n\n<h2 class=\"wp-block-heading\" id=\"h-perche-scegliere-t-p-c-s-r-l-per-vendere-il-tuo-usato\"><strong>Pourquoi choisir T.P.C. S.r.l. pour vendre votre mat\u00e9riel d&rsquo;occasion ?<\/strong><\/h2>\n\n<ul class=\"wp-block-list\">\n<li><strong>\u00c9valuation comp\u00e9titive :<\/strong> Obtenez une \u00e9valuation juste en fonction de l&rsquo;\u00e9tat de votre machine, avec une offre avantageuse.<\/li>\n\n\n\n<li><strong>Service rapide et transparent :<\/strong> Nous g\u00e9rons rapidement l&rsquo;ensemble du processus d&rsquo;achat, de l&rsquo;\u00e9valuation \u00e0 la documentation.<\/li>\n\n\n\n<li><strong>Achat direct :<\/strong> Nous simplifions la vente en \u00e9vitant les \u00e9tapes compliqu\u00e9es, en offrant un paiement s\u00e9curis\u00e9.<\/li>\n\n\n\n<li><strong>Exp\u00e9rience consolid\u00e9e :<\/strong> T.P.C. S.r.l. est un nom de confiance dans le secteur du travail de la t\u00f4le, avec des d\u00e9cennies d&rsquo;exp\u00e9rience.<\/li>\n<\/ul>\n\n<h3 class=\"wp-block-heading\" id=\"h-come-vendere-il-tuo-usato-a-t-p-c-s-r-l\"><strong>Comment vendre votre mat\u00e9riel d&rsquo;occasion \u00e0 T.P.C. S.r.l. ?<\/strong><br\/><\/h3>\n\n<p>Vendre votre machine d&rsquo;occasion est simple ! Pour commencer, vous pouvez utiliser notre <strong>formulaire d&rsquo;\u00e9valuation en ligne<\/strong>, o\u00f9 vous pouvez t\u00e9l\u00e9charger des photos et des informations sur la machine. De cette fa\u00e7on, notre \u00e9quipe aura tous les d\u00e9tails n\u00e9cessaires pour vous fournir une \u00e9valuation imm\u00e9diate. Le processus est enti\u00e8rement gratuit et sans engagement.<\/p>\n\n<h4 class=\"wp-block-heading\" id=\"h-cosa-ti-chiediamo\"><strong>Que vous demandons-nous ?<\/strong><\/h4>\n\n<ol class=\"wp-block-list\">\n<li>T\u00e9l\u00e9chargez les <strong>photos de la machine<\/strong> via notre formulaire en ligne.<\/li>\n\n\n\n<li>Fournissez les d\u00e9tails principaux tels que <strong>marque, mod\u00e8le, ann\u00e9e de fabrication<\/strong> et <strong>\u00e9tat g\u00e9n\u00e9ral<\/strong>.<\/li>\n\n\n\n<li>En peu de temps, vous recevrez une <strong>\u00e9valuation<\/strong> de la part de notre \u00e9quipe d&rsquo;experts.<\/li>\n<\/ol>\n\n<p><strong>N&rsquo;attendez plus !<\/strong> Si vous avez une machine \u00e0 vendre, <strong>contactez-nous d\u00e8s maintenant<\/strong> via le formulaire d&rsquo;\u00e9valuation et recevez une proposition avantageuse rapidement.<\/p>\n<div class='fluentform ff-default fluentform_wrapper_7  ff_guten_block ff_guten_block-7 ffs_default_wrap'><form data-form_id=\"7\" id=\"fluentform_7\" class=\"frm-fluent-form fluent_form_7 ff-el-form-top ff_form_instance_7_1 ff-form-loading ffs_default\" data-form_instance=\"ff_form_instance_7_1\" method=\"POST\" ><fieldset  style=\"border: none!important;margin: 0!important;padding: 0!important;background-color: transparent!important;box-shadow: none!important;outline: none!important; min-inline-size: 100%;\">\n                    <legend class=\"ff_screen_reader_title\" style=\"display: block; margin: 0!important;padding: 0!important;height: 0!important;text-indent: -999999px;width: 0!important;overflow:hidden;\">Acquistiamo il tuo usato<\/legend><input type='hidden' name='__fluent_form_embded_post_id' value='9896' \/><input type=\"hidden\" id=\"_fluentform_7_fluentformnonce\" name=\"_fluentform_7_fluentformnonce\" value=\"50bdb9d345\" \/><input type=\"hidden\" name=\"_wp_http_referer\" value=\"\/fr\/wp-json\/wp\/v2\/pages\/9896\" \/><div data-name=\"ff_cn_id_1\"  class='ff-t-container ff-column-container ff_columns_total_2 '><div class='ff-t-cell ff-t-column-1' style='flex-basis: 50%;'><div class='ff-el-group'><div class=\"ff-el-input--label asterisk-right\"><label for='ff_7_input_mask_2' id='label_ff_7_input_mask_2' aria-label=\"Pr\u00e9nom\">Pr\u00e9nom<\/label><\/div><div class='ff-el-input--content'><input type=\"text\" name=\"input_mask_2\" class=\"ff-el-form-control\" data-name=\"input_mask_2\" id=\"ff_7_input_mask_2\"  aria-invalid=\"false\" aria-required=false><\/div><\/div><\/div><div class='ff-t-cell ff-t-column-2' style='flex-basis: 50%;'><div class='ff-el-group'><div class=\"ff-el-input--label asterisk-right\"><label for='ff_7_input_mask' id='label_ff_7_input_mask' aria-label=\"Nom\">Nom<\/label><\/div><div class='ff-el-input--content'><input type=\"text\" name=\"input_mask\" class=\"ff-el-form-control\" data-name=\"input_mask\" id=\"ff_7_input_mask\"  aria-invalid=\"false\" aria-required=false><\/div><\/div><\/div><\/div><div class='ff-el-group'><div class=\"ff-el-input--label asterisk-right\"><label for='ff_7_email' id='label_ff_7_email' aria-label=\"E-mail\">E-mail<\/label><\/div><div class='ff-el-input--content'><input type=\"email\" name=\"email\" id=\"ff_7_email\" class=\"ff-el-form-control\" placeholder=\"E-mail\" data-name=\"email\"  aria-invalid=\"false\" aria-required=false><\/div><\/div><div data-name=\"ff_cn_id_2\"  class='ff-t-container ff-column-container ff_columns_total_2 '><div class='ff-t-cell ff-t-column-1' style='flex-basis: 50%;'><div class='ff-el-group'><div class=\"ff-el-input--label asterisk-right\"><label for='ff_7_phone' id='label_ff_7_phone' aria-label=\"T\u00e9l\u00e9phone\">T\u00e9l\u00e9phone<\/label><\/div><div class='ff-el-input--content'><input name=\"phone\" class=\"ff-el-form-control ff-el-phone\" type=\"tel\" data-name=\"phone\" id=\"ff_7_phone\" inputmode=\"tel\"  aria-invalid='false' aria-required=false><\/div><\/div><\/div><div class='ff-t-cell ff-t-column-2' style='flex-basis: 50%;'><div class='ff-el-group'><div class=\"ff-el-input--label asterisk-right\"><label for='ff_7_input_mask_1' id='label_ff_7_input_mask_1' aria-label=\"Personne de contact\">Personne de contact<\/label><\/div><div class='ff-el-input--content'><input type=\"text\" name=\"input_mask_1\" class=\"ff-el-form-control\" data-name=\"input_mask_1\" id=\"ff_7_input_mask_1\"  aria-invalid=\"false\" aria-required=false><\/div><\/div><\/div><\/div><div class='ff-el-group'><div class=\"ff-el-input--label asterisk-right\"><label for='ff_7_description' id='label_ff_7_description' aria-label=\"Message\">Message<\/label><\/div><div class='ff-el-input--content'><textarea aria-required=\"false\" aria-labelledby=\"label_ff_7_description\" name=\"description\" id=\"ff_7_description\" class=\"ff-el-form-control\" rows=\"3\" cols=\"2\" data-name=\"description\" ><\/textarea><\/div><\/div><input type=\"hidden\" name=\"hidden\" value=\"https:\/\/www.tpcsrl.com\" data-name=\"hidden\" ><div class='ff-el-group'><div class=\"ff-el-input--label asterisk-right\"><label for='ff_7_image-upload_1_1' id='label_ff_7_image-upload_1_1' aria-label=\"T\u00e9l\u00e9charger des images\">T\u00e9l\u00e9charger des images<\/label><\/div><div class='ff-el-input--content'><label for='ff_7_image-upload_1_1' class='ff_file_upload_holder'><span class='ff_upload_btn ff-btn' tabindex='0'>Parcourir<\/span> <input type=\"file\" name=\"image-upload_1\" id=\"ff_7_image-upload_1_1\" class=\"ff-el-form-control  ff-screen-reader-element\" accept=\"image\/*\" data-name=\"image-upload_1\" multiple=\"1\"  aria-invalid='false' aria-required=false><\/label><\/div><\/div><div class='ff-el-group    ff-el-input--content'><div class='ff-el-form-check ff-el-tc'><label aria-label='Terms and Conditions: J&#039;accepte la Politique de Confidentialit\u00e9 Contains 1 link. Use tab navigation to review.' class='ff-el-form-check-label ff_tc_label' for=terms-n-condition_0e63128ac68845fcdf7a4b45f37ca38c><span class='ff_tc_checkbox'><input type=\"checkbox\" name=\"terms-n-condition\" class=\"ff-el-form-check-input\" data-name=\"terms-n-condition\" id=\"terms-n-condition_0e63128ac68845fcdf7a4b45f37ca38c\"  value='on' aria-invalid='false' aria-required=false><\/span> <div class='ff_t_c'><p>J&rsquo;accepte la <a class=\"ml-1\" href=\"https:\/\/www.tpcsrl.com\/fr\/politique-de-confidentialite\/\" target=\"_blank\" rel=\"noopener\">Politique de Confidentialit\u00e9<\/a><\/p><\/div><\/label><\/div><\/div><div class='ff-el-group ' ><div class='ff-el-input--content'><div data-fluent_id='7' name='g-recaptcha-response'><div\n\t\tdata-sitekey='6Lf39nwrAAAAAOdJM_ARuprV2yddelPcD7h6PZJ-'\n\t\tid='fluentform-recaptcha-7-1'\n\t\tclass='ff-el-recaptcha g-recaptcha'\n\t\tdata-callback='fluentFormrecaptchaSuccessCallback'><\/div><\/div><\/div><\/div><div class='ff-el-group ff-text-left ff_submit_btn_wrapper'><button type=\"submit\" class=\"ff-btn ff-btn-submit ff-btn-md submit_acquistiamo_usato ff_btn_no_style\"  aria-label=\"Envoyer\">Envoyer<\/button><\/div><\/fieldset><\/form><div id='fluentform_7_errors' class='ff-errors-in-stack ff_form_instance_7_1 ff-form-loading_errors ff_form_instance_7_1_errors'><\/div><\/div>            <script type=\"text\/javascript\">\n                window.fluent_form_ff_form_instance_7_1 = {\"id\":\"7\",\"ajaxUrl\":\"https:\\\/\\\/www.tpcsrl.com\\\/wp-admin\\\/admin-ajax.php\",\"settings\":{\"layout\":{\"labelPlacement\":\"top\",\"asteriskPlacement\":\"asterisk-right\",\"helpMessagePlacement\":\"with_label\",\"errorMessagePlacement\":\"inline\",\"cssClassName\":\"\"},\"restrictions\":{\"denyEmptySubmission\":{\"enabled\":false}}},\"form_instance\":\"ff_form_instance_7_1\",\"form_id_selector\":\"fluentform_7\",\"rules\":{\"input_mask_2\":{\"required\":{\"value\":false,\"message\":\"Questo campo \\u00e8 obbligatorio\",\"global_message\":\"Questo campo \\u00e8 obbligatorio\",\"global\":true}},\"input_mask\":{\"required\":{\"value\":false,\"message\":\"Questo campo \\u00e8 obbligatorio\",\"global_message\":\"Questo campo \\u00e8 obbligatorio\",\"global\":true}},\"email\":{\"required\":{\"value\":false,\"message\":\"Questo campo \\u00e8 obbligatorio\",\"global_message\":\"Questo campo \\u00e8 obbligatorio\",\"global\":true},\"email\":{\"value\":true,\"message\":\"Questo campo deve contenere un'e-mail valida\",\"global_message\":\"Questo campo deve contenere un'e-mail valida\",\"global\":true}},\"phone\":{\"required\":{\"value\":false,\"global\":true,\"message\":\"Questo campo \\u00e8 obbligatorio\",\"global_message\":\"Questo campo \\u00e8 obbligatorio\"},\"valid_phone_number\":{\"value\":false,\"global\":true,\"message\":\"Il numero di telefono non \\u00e8 valido\",\"global_message\":\"Il numero di telefono non \\u00e8 valido\"}},\"input_mask_1\":{\"required\":{\"value\":false,\"message\":\"Questo campo \\u00e8 obbligatorio\",\"global_message\":\"Questo campo \\u00e8 obbligatorio\",\"global\":true}},\"description\":{\"required\":{\"value\":false,\"message\":\"Questo campo \\u00e8 obbligatorio\",\"global_message\":\"Questo campo \\u00e8 obbligatorio\",\"global\":true}},\"image-upload_1\":{\"required\":{\"value\":false,\"message\":\"Questo campo \\u00e8 obbligatorio\",\"global_message\":\"Questo campo \\u00e8 obbligatorio\",\"global\":true},\"max_file_size\":{\"value\":2097152,\"message\":\"Validation fails for maximum file size\",\"global_message\":\"Validation fails for maximum file size\",\"global\":true,\"_valueFrom\":\"MB\"},\"max_file_count\":{\"value\":\"8\",\"message\":\"Validation fails for maximum file count\",\"global_message\":\"Validation fails for maximum file count\",\"global\":true},\"allowed_image_types\":{\"value\":[\"jpg|jpeg\",\"png\"],\"message\":\"I tipi di immagine consentiti non corrispondono\",\"global_message\":\"I tipi di immagine consentiti non corrispondono\",\"global\":true}},\"terms-n-condition\":{\"required\":{\"value\":false,\"message\":\"Questo campo \\u00e8 obbligatorio\",\"global_message\":\"Questo campo \\u00e8 obbligatorio\",\"global\":true}},\"g-recaptcha-response\":[]},\"debounce_time\":300};\n                            <\/script>\n            ","protected":false},"excerpt":{"rendered":"<p>Nous Achetons Votre Mat\u00e9riel d&rsquo;Occasion Si vous avez des machines d&rsquo;occasion \u00e0 vendre, T.P.C. S.r.l. est la solution que vous [&hellip;]<\/p>\n","protected":false},"author":17,"featured_media":0,"parent":0,"menu_order":0,"comment_status":"closed","ping_status":"closed","template":"","meta":{"_acf_changed":false,"_uag_custom_page_level_css":"","site-sidebar-layout":"default","site-content-layout":"","ast-site-content-layout":"","site-content-style":"default","site-sidebar-style":"default","ast-global-header-display":"","ast-banner-title-visibility":"","ast-main-header-display":"","ast-hfb-above-header-display":"","ast-hfb-below-header-display":"","ast-hfb-mobile-header-display":"","site-post-title":"disabled","ast-breadcrumbs-content":"","ast-featured-img":"","footer-sml-layout":"","ast-disable-related-posts":"","theme-transparent-header-meta":"","adv-header-id-meta":"","stick-header-meta":"","header-above-stick-meta":"","header-main-stick-meta":"","header-below-stick-meta":"","astra-migrate-meta-layouts":"default","ast-page-background-enabled":"default","ast-page-background-meta":{"desktop":{"background-color":"var(--ast-global-color-5)","background-image":"","background-repeat":"repeat","background-position":"center center","background-size":"auto","background-attachment":"scroll","background-type":"","background-media":"","overlay-type":"","overlay-color":"","overlay-opacity":"","overlay-gradient":""},"tablet":{"background-color":"","background-image":"","background-repeat":"repeat","background-position":"center center","background-size":"auto","background-attachment":"scroll","background-type":"","background-media":"","overlay-type":"","overlay-color":"","overlay-opacity":"","overlay-gradient":""},"mobile":{"background-color":"","background-image":"","background-repeat":"repeat","background-position":"center center","background-size":"auto","background-attachment":"scroll","background-type":"","background-media":"","overlay-type":"","overlay-color":"","overlay-opacity":"","overlay-gradient":""}},"ast-content-background-meta":{"desktop":{"background-color":"var(--ast-global-color-4)","background-image":"","background-repeat":"repeat","background-position":"center center","background-size":"auto","background-attachment":"scroll","background-type":"","background-media":"","overlay-type":"","overlay-color":"","overlay-opacity":"","overlay-gradient":""},"tablet":{"background-color":"var(--ast-global-color-4)","background-image":"","background-repeat":"repeat","background-position":"center center","background-size":"auto","background-attachment":"scroll","background-type":"","background-media":"","overlay-type":"","overlay-color":"","overlay-opacity":"","overlay-gradient":""},"mobile":{"background-color":"var(--ast-global-color-4)","background-image":"","background-repeat":"repeat","background-position":"center center","background-size":"auto","background-attachment":"scroll","background-type":"","background-media":"","overlay-type":"","overlay-color":"","overlay-opacity":"","overlay-gradient":""}},"iawp_total_views":2,"footnotes":""},"class_list":["post-9896","page","type-page","status-publish","hentry"],"acf":[],"yoast_head":"<!-- This site is optimized with the Yoast SEO plugin v27.4 - https:\/\/yoast.com\/product\/yoast-seo-wordpress\/ -->\n<title>Nous achetons votre mat\u00e9riel d\u2019occasion | TPC SRL<\/title>\n<meta name=\"description\" content=\"Vendez vos machines d&#039;occasion \u00e0 T.P.C. S.r.l., \u00e9valuation imm\u00e9diate. Machines d&#039;occasion pour le travail de la t\u00f4le.\" \/>\n<meta name=\"robots\" content=\"index, follow, max-snippet:-1, max-image-preview:large, max-video-preview:-1\" \/>\n<link rel=\"canonical\" href=\"https:\/\/www.tpcsrl.com\/fr\/nous-achetons-votre-materiel-d-occasion\/\" \/>\n<meta property=\"og:locale\" content=\"fr_FR\" \/>\n<meta property=\"og:type\" content=\"article\" \/>\n<meta property=\"og:title\" content=\"Nous achetons votre mat\u00e9riel d&#039;occasion\" \/>\n<meta property=\"og:description\" content=\"Vendez vos machines d&#039;occasion \u00e0 T.P.C. S.r.l., \u00e9valuation imm\u00e9diate. Machines d&#039;occasion pour le travail de la t\u00f4le.\" \/>\n<meta property=\"og:url\" content=\"https:\/\/www.tpcsrl.com\/fr\/nous-achetons-votre-materiel-d-occasion\/\" \/>\n<meta property=\"og:site_name\" content=\"TPC SRL\" \/>\n<meta property=\"article:publisher\" content=\"https:\/\/www.facebook.com\/tpcsrl2022\" \/>\n<meta property=\"article:modified_time\" content=\"2025-12-11T13:24:46+00:00\" \/>\n<meta name=\"twitter:card\" content=\"summary_large_image\" \/>\n<meta name=\"twitter:label1\" content=\"Dur\u00e9e de lecture estim\u00e9e\" \/>\n\t<meta name=\"twitter:data1\" content=\"2 minutes\" \/>\n<script type=\"application\/ld+json\" class=\"yoast-schema-graph\">{\"@context\":\"https:\\\/\\\/schema.org\",\"@graph\":[{\"@type\":\"WebPage\",\"@id\":\"https:\\\/\\\/www.tpcsrl.com\\\/fr\\\/nous-achetons-votre-materiel-d-occasion\\\/\",\"url\":\"https:\\\/\\\/www.tpcsrl.com\\\/fr\\\/nous-achetons-votre-materiel-d-occasion\\\/\",\"name\":\"Nous achetons votre mat\u00e9riel d'occasion\",\"isPartOf\":{\"@id\":\"https:\\\/\\\/www.tpcsrl.com\\\/fr\\\/#website\"},\"datePublished\":\"2025-03-10T09:19:49+00:00\",\"dateModified\":\"2025-12-11T13:24:46+00:00\",\"description\":\"Vendez vos machines d'occasion \u00e0 T.P.C. S.r.l., \u00e9valuation imm\u00e9diate. Machines d'occasion pour le travail de la t\u00f4le.\",\"breadcrumb\":{\"@id\":\"https:\\\/\\\/www.tpcsrl.com\\\/fr\\\/nous-achetons-votre-materiel-d-occasion\\\/#breadcrumb\"},\"inLanguage\":\"fr-FR\",\"potentialAction\":[{\"@type\":\"ReadAction\",\"target\":[\"https:\\\/\\\/www.tpcsrl.com\\\/fr\\\/nous-achetons-votre-materiel-d-occasion\\\/\"]}]},{\"@type\":\"BreadcrumbList\",\"@id\":\"https:\\\/\\\/www.tpcsrl.com\\\/fr\\\/nous-achetons-votre-materiel-d-occasion\\\/#breadcrumb\",\"itemListElement\":[{\"@type\":\"ListItem\",\"position\":1,\"name\":\"Home\",\"item\":\"https:\\\/\\\/www.tpcsrl.com\\\/fr\\\/\"},{\"@type\":\"ListItem\",\"position\":2,\"name\":\"Nous achetons votre mat\u00e9riel d&#8217;occasion\"}]},{\"@type\":\"WebSite\",\"@id\":\"https:\\\/\\\/www.tpcsrl.com\\\/fr\\\/#website\",\"url\":\"https:\\\/\\\/www.tpcsrl.com\\\/fr\\\/\",\"name\":\"TPC SRL\",\"description\":\"Leader nell\u2019acquisto e vendita di macchine utensili\",\"publisher\":{\"@id\":\"https:\\\/\\\/www.tpcsrl.com\\\/fr\\\/#organization\"},\"potentialAction\":[{\"@type\":\"SearchAction\",\"target\":{\"@type\":\"EntryPoint\",\"urlTemplate\":\"https:\\\/\\\/www.tpcsrl.com\\\/fr\\\/?s={search_term_string}\"},\"query-input\":{\"@type\":\"PropertyValueSpecification\",\"valueRequired\":true,\"valueName\":\"search_term_string\"}}],\"inLanguage\":\"fr-FR\"},{\"@type\":\"Organization\",\"@id\":\"https:\\\/\\\/www.tpcsrl.com\\\/fr\\\/#organization\",\"name\":\"TPC SRL\",\"url\":\"https:\\\/\\\/www.tpcsrl.com\\\/fr\\\/\",\"logo\":{\"@type\":\"ImageObject\",\"inLanguage\":\"fr-FR\",\"@id\":\"https:\\\/\\\/www.tpcsrl.com\\\/fr\\\/#\\\/schema\\\/logo\\\/image\\\/\",\"url\":\"https:\\\/\\\/www.tpcsrl.com\\\/wp-content\\\/uploads\\\/2026\\\/01\\\/logo-tpc-fr.jpg\",\"contentUrl\":\"https:\\\/\\\/www.tpcsrl.com\\\/wp-content\\\/uploads\\\/2026\\\/01\\\/logo-tpc-fr.jpg\",\"width\":640,\"height\":316,\"caption\":\"TPC SRL\"},\"image\":{\"@id\":\"https:\\\/\\\/www.tpcsrl.com\\\/fr\\\/#\\\/schema\\\/logo\\\/image\\\/\"},\"sameAs\":[\"https:\\\/\\\/www.facebook.com\\\/tpcsrl2022\",\"https:\\\/\\\/www.youtube.com\\\/@TPCSRL\"]}]}<\/script>\n<!-- \/ Yoast SEO plugin. -->","yoast_head_json":{"title":"Nous achetons votre mat\u00e9riel d\u2019occasion | TPC SRL","description":"Vendez vos machines d'occasion \u00e0 T.P.C. S.r.l., \u00e9valuation imm\u00e9diate. Machines d'occasion pour le travail de la t\u00f4le.","robots":{"index":"index","follow":"follow","max-snippet":"max-snippet:-1","max-image-preview":"max-image-preview:large","max-video-preview":"max-video-preview:-1"},"canonical":"https:\/\/www.tpcsrl.com\/fr\/nous-achetons-votre-materiel-d-occasion\/","og_locale":"fr_FR","og_type":"article","og_title":"Nous achetons votre mat\u00e9riel d'occasion","og_description":"Vendez vos machines d'occasion \u00e0 T.P.C. S.r.l., \u00e9valuation imm\u00e9diate. Machines d'occasion pour le travail de la t\u00f4le.","og_url":"https:\/\/www.tpcsrl.com\/fr\/nous-achetons-votre-materiel-d-occasion\/","og_site_name":"TPC SRL","article_publisher":"https:\/\/www.facebook.com\/tpcsrl2022","article_modified_time":"2025-12-11T13:24:46+00:00","twitter_card":"summary_large_image","twitter_misc":{"Dur\u00e9e de lecture estim\u00e9e":"2 minutes"},"schema":{"@context":"https:\/\/schema.org","@graph":[{"@type":"WebPage","@id":"https:\/\/www.tpcsrl.com\/fr\/nous-achetons-votre-materiel-d-occasion\/","url":"https:\/\/www.tpcsrl.com\/fr\/nous-achetons-votre-materiel-d-occasion\/","name":"Nous achetons votre mat\u00e9riel d'occasion","isPartOf":{"@id":"https:\/\/www.tpcsrl.com\/fr\/#website"},"datePublished":"2025-03-10T09:19:49+00:00","dateModified":"2025-12-11T13:24:46+00:00","description":"Vendez vos machines d'occasion \u00e0 T.P.C. S.r.l., \u00e9valuation imm\u00e9diate. Machines d'occasion pour le travail de la t\u00f4le.","breadcrumb":{"@id":"https:\/\/www.tpcsrl.com\/fr\/nous-achetons-votre-materiel-d-occasion\/#breadcrumb"},"inLanguage":"fr-FR","potentialAction":[{"@type":"ReadAction","target":["https:\/\/www.tpcsrl.com\/fr\/nous-achetons-votre-materiel-d-occasion\/"]}]},{"@type":"BreadcrumbList","@id":"https:\/\/www.tpcsrl.com\/fr\/nous-achetons-votre-materiel-d-occasion\/#breadcrumb","itemListElement":[{"@type":"ListItem","position":1,"name":"Home","item":"https:\/\/www.tpcsrl.com\/fr\/"},{"@type":"ListItem","position":2,"name":"Nous achetons votre mat\u00e9riel d&#8217;occasion"}]},{"@type":"WebSite","@id":"https:\/\/www.tpcsrl.com\/fr\/#website","url":"https:\/\/www.tpcsrl.com\/fr\/","name":"TPC SRL","description":"Leader nell\u2019acquisto e vendita di macchine utensili","publisher":{"@id":"https:\/\/www.tpcsrl.com\/fr\/#organization"},"potentialAction":[{"@type":"SearchAction","target":{"@type":"EntryPoint","urlTemplate":"https:\/\/www.tpcsrl.com\/fr\/?s={search_term_string}"},"query-input":{"@type":"PropertyValueSpecification","valueRequired":true,"valueName":"search_term_string"}}],"inLanguage":"fr-FR"},{"@type":"Organization","@id":"https:\/\/www.tpcsrl.com\/fr\/#organization","name":"TPC SRL","url":"https:\/\/www.tpcsrl.com\/fr\/","logo":{"@type":"ImageObject","inLanguage":"fr-FR","@id":"https:\/\/www.tpcsrl.com\/fr\/#\/schema\/logo\/image\/","url":"https:\/\/www.tpcsrl.com\/wp-content\/uploads\/2026\/01\/logo-tpc-fr.jpg","contentUrl":"https:\/\/www.tpcsrl.com\/wp-content\/uploads\/2026\/01\/logo-tpc-fr.jpg","width":640,"height":316,"caption":"TPC SRL"},"image":{"@id":"https:\/\/www.tpcsrl.com\/fr\/#\/schema\/logo\/image\/"},"sameAs":["https:\/\/www.facebook.com\/tpcsrl2022","https:\/\/www.youtube.com\/@TPCSRL"]}]}},"uagb_featured_image_src":{"full":false,"thumbnail":false,"medium":false,"medium_large":false,"large":false,"1536x1536":false,"2048x2048":false,"woocommerce_thumbnail":false,"woocommerce_single":false,"woocommerce_gallery_thumbnail":false},"uagb_author_info":{"display_name":"tpc srl","author_link":"https:\/\/www.tpcsrl.com\/fr\/author\/tpcunipersonale\/"},"uagb_comment_info":0,"uagb_excerpt":"Nous Achetons Votre Mat\u00e9riel d&rsquo;Occasion Si vous avez des machines d&rsquo;occasion \u00e0 vendre, T.P.C. S.r.l. est la solution que vous [&hellip;]","_links":{"self":[{"href":"https:\/\/www.tpcsrl.com\/fr\/wp-json\/wp\/v2\/pages\/9896","targetHints":{"allow":["GET"]}}],"collection":[{"href":"https:\/\/www.tpcsrl.com\/fr\/wp-json\/wp\/v2\/pages"}],"about":[{"href":"https:\/\/www.tpcsrl.com\/fr\/wp-json\/wp\/v2\/types\/page"}],"author":[{"embeddable":true,"href":"https:\/\/www.tpcsrl.com\/fr\/wp-json\/wp\/v2\/users\/17"}],"replies":[{"embeddable":true,"href":"https:\/\/www.tpcsrl.com\/fr\/wp-json\/wp\/v2\/comments?post=9896"}],"version-history":[{"count":1,"href":"https:\/\/www.tpcsrl.com\/fr\/wp-json\/wp\/v2\/pages\/9896\/revisions"}],"predecessor-version":[{"id":9897,"href":"https:\/\/www.tpcsrl.com\/fr\/wp-json\/wp\/v2\/pages\/9896\/revisions\/9897"}],"wp:attachment":[{"href":"https:\/\/www.tpcsrl.com\/fr\/wp-json\/wp\/v2\/media?parent=9896"}],"curies":[{"name":"wp","href":"https:\/\/api.w.org\/{rel}","templated":true}]}}