{"id":10295,"date":"2025-04-18T10:12:27","date_gmt":"2025-04-18T08:12:27","guid":{"rendered":"https:\/\/www.tpcsrl.com\/termes-et-conditions\/"},"modified":"2026-01-13T09:55:47","modified_gmt":"2026-01-13T08:55:47","slug":"termes-et-conditions","status":"publish","type":"page","link":"https:\/\/www.tpcsrl.com\/fr\/termes-et-conditions\/","title":{"rendered":"Termes et Conditions"},"content":{"rendered":"\n<p><strong>Conditions G\u00e9n\u00e9rales d&rsquo;Utilisation<\/strong><br>Bienvenue sur le site&nbsp;<strong>tpcsrl.com<\/strong>. L&rsquo;acc\u00e8s et l&rsquo;utilisation de ce site Web sont des activit\u00e9s r\u00e9gies par les pr\u00e9sentes Conditions G\u00e9n\u00e9rales d&rsquo;Utilisation. L&rsquo;acc\u00e8s et l&rsquo;utilisation de ce site pr\u00e9supposent la lecture, la connaissance et l&rsquo;acceptation de ces Conditions G\u00e9n\u00e9rales.<\/p>\n\n\n\n<p>Le site est g\u00e9r\u00e9 par&nbsp;<strong>TPC S.r.l.<\/strong>, dont le si\u00e8ge social est situ\u00e9 Via Arno, 7, 52014 Poppi (AR), Italie, TVA n\u00b0 01514200516.<\/p>\n\n\n\n<p><strong>1. Propri\u00e9t\u00e9 Intellectuelle<\/strong><br>Tous les contenus publi\u00e9s sur le site tpcsrl.com (textes, images, photographies, fiches techniques, logos, graphismes, vid\u00e9os et logiciels) sont la propri\u00e9t\u00e9 exclusive de TPC S.r.l. ou de ses fournisseurs et sont prot\u00e9g\u00e9s par les lois nationales et internationales sur le droit d&rsquo;auteur et la propri\u00e9t\u00e9 intellectuelle. Toute reproduction, publication, distribution, affichage, modification ou exploitation des contenus sous quelque forme que ce soit sans le consentement \u00e9crit expr\u00e8s de TPC S.r.l. est interdite.<\/p>\n\n\n\n<p><strong>2. Informations sur les Produits et Limitation de Responsabilit\u00e9<\/strong><br>Les informations relatives aux machines (lasers, poin\u00e7onneuses, presses plieuses, cisailles, etc.) pr\u00e9sentes sur le site ont un but purement illustratif et informatif.<\/p>\n\n\n\n<ul class=\"wp-block-list\">\n<li><strong>Machines Neuves :<\/strong>\u00a0TPC S.r.l. s&rsquo;engage \u00e0 fournir des descriptions pr\u00e9cises ; toutefois, elle ne garantit pas que les descriptions ou autres contenus du site soient complets, \u00e0 jour ou exempts d&rsquo;erreurs.<\/li>\n\n\n\n<li><strong>Machines d&rsquo;Occasion :<\/strong>\u00a0La disponibilit\u00e9 des machines d&rsquo;occasion est sujette \u00e0 des changements rapides. Les photos et descriptions de l&rsquo;occasion repr\u00e9sentent l&rsquo;\u00e9tat du bien au moment de la mise en ligne ; pour confirmation de l&rsquo;\u00e9tat actuel, il est conseill\u00e9 de contacter directement le bureau commercial.<\/li>\n\n\n\n<li><strong>Devis :<\/strong>\u00a0L&rsquo;envoi d&rsquo;une demande d&rsquo;informations ou de devis via le site ne constitue pas un contrat de vente contraignant. Le contrat ne sera consid\u00e9r\u00e9 comme conclu qu&rsquo;apr\u00e8s la signature de la documentation commerciale appropri\u00e9e entre les parties.<br>TPC S.r.l. ne sera pas responsable des dommages r\u00e9sultant de l&rsquo;utilisation du site ou d&rsquo;informations inexactes pr\u00e9sentes sur celui-ci.<\/li>\n<\/ul>\n\n\n\n<p><strong>3. Utilisation du Site et Inscription<\/strong><br>L&rsquo;utilisateur s&rsquo;engage \u00e0 utiliser le site de mani\u00e8re licite et \u00e0 ne pas accomplir d&rsquo;actions susceptibles d&rsquo;endommager, d&rsquo;interrompre ou de limiter les fonctionnalit\u00e9s du site lui-m\u00eame. Si l&rsquo;inscription \u00e0 la newsletter ou l&rsquo;envoi de formulaires de contact est pr\u00e9vu, l&rsquo;utilisateur est tenu de fournir des donn\u00e9es v\u00e9ridiques et correctes.<\/p>\n\n\n\n<p><strong>4. Liens vers des Sites Tiers<\/strong><br>Le site tpcsrl.com peut contenir des liens hypertextes (links) vers d&rsquo;autres sites Web qui n&rsquo;ont aucun lien avec TPC S.r.l. TPC S.r.l. ne contr\u00f4le ni ne surveille ces sites Web et leurs contenus et ne pourra \u00eatre tenue responsable des contenus de ces sites et des r\u00e8gles adopt\u00e9es par ceux-ci, y compris en ce qui concerne votre vie priv\u00e9e et le traitement de vos donn\u00e9es personnelles.<\/p>\n\n\n\n<p><strong>5. Modifications des Conditions G\u00e9n\u00e9rales<\/strong><br>TPC S.r.l. se r\u00e9serve le droit de modifier ou de mettre \u00e0 jour, en tout ou en partie, ces Conditions G\u00e9n\u00e9rales d&rsquo;Utilisation. Les modifications seront contraignantes d\u00e8s leur publication sur le site dans cette m\u00eame section. L&rsquo;utilisateur est donc invit\u00e9 \u00e0 consulter r\u00e9guli\u00e8rement cette page.<\/p>\n\n\n\n<p><strong>6. Loi Applicable et Juridiction Comp\u00e9tente<\/strong><br>Les pr\u00e9sentes Conditions G\u00e9n\u00e9rales d&rsquo;Utilisation sont r\u00e9gies par la loi italienne. Tout litige d\u00e9coulant de l&rsquo;interpr\u00e9tation, de la validit\u00e9 et\/ou de l&rsquo;ex\u00e9cution de celles-ci sera soumis \u00e0 la comp\u00e9tence exclusive du&nbsp;<strong>Tribunal d&rsquo;Arezzo<\/strong>.<\/p>\n\n\n\n<p><strong>7. Contacts<\/strong><br>Pour toute demande de pr\u00e9cision ou d&rsquo;assistance, vous pouvez contacter TPC S.r.l. aux coordonn\u00e9es suivantes :<\/p>\n\n\n\n<ul class=\"wp-block-list\">\n<li><strong>E-mail :<\/strong>\u00a0<a href=\"https:\/\/www.google.com\/url?sa=E&amp;q=mailto%3Ainfo%40tpcsrl.com\" target=\"_blank\" rel=\"noreferrer noopener\">info@tpcsrl.com<\/a><\/li>\n<\/ul>\n","protected":false},"excerpt":{"rendered":"<p>Conditions G\u00e9n\u00e9rales d&rsquo;UtilisationBienvenue sur le site&nbsp;tpcsrl.com. L&rsquo;acc\u00e8s et l&rsquo;utilisation de ce site Web sont des activit\u00e9s r\u00e9gies par les pr\u00e9sentes [&hellip;]<\/p>\n","protected":false},"author":17,"featured_media":0,"parent":0,"menu_order":0,"comment_status":"closed","ping_status":"closed","template":"","meta":{"_acf_changed":false,"rs_blank_template":"","rs_page_bg_color":"","slide_template_v7":"","_uag_custom_page_level_css":"","site-sidebar-layout":"default","site-content-layout":"","ast-site-content-layout":"default","site-content-style":"default","site-sidebar-style":"default","ast-global-header-display":"","ast-banner-title-visibility":"","ast-main-header-display":"","ast-hfb-above-header-display":"","ast-hfb-below-header-display":"","ast-hfb-mobile-header-display":"","site-post-title":"","ast-breadcrumbs-content":"","ast-featured-img":"","footer-sml-layout":"","ast-disable-related-posts":"","theme-transparent-header-meta":"","adv-header-id-meta":"","stick-header-meta":"","header-above-stick-meta":"","header-main-stick-meta":"","header-below-stick-meta":"","astra-migrate-meta-layouts":"default","ast-page-background-enabled":"default","ast-page-background-meta":{"desktop":{"background-color":"var(--ast-global-color-5)","background-image":"","background-repeat":"repeat","background-position":"center center","background-size":"auto","background-attachment":"scroll","background-type":"","background-media":"","overlay-type":"","overlay-color":"","overlay-opacity":"","overlay-gradient":""},"tablet":{"background-color":"","background-image":"","background-repeat":"repeat","background-position":"center center","background-size":"auto","background-attachment":"scroll","background-type":"","background-media":"","overlay-type":"","overlay-color":"","overlay-opacity":"","overlay-gradient":""},"mobile":{"background-color":"","background-image":"","background-repeat":"repeat","background-position":"center center","background-size":"auto","background-attachment":"scroll","background-type":"","background-media":"","overlay-type":"","overlay-color":"","overlay-opacity":"","overlay-gradient":""}},"ast-content-background-meta":{"desktop":{"background-color":"var(--ast-global-color-4)","background-image":"","background-repeat":"repeat","background-position":"center center","background-size":"auto","background-attachment":"scroll","background-type":"","background-media":"","overlay-type":"","overlay-color":"","overlay-opacity":"","overlay-gradient":""},"tablet":{"background-color":"var(--ast-global-color-4)","background-image":"","background-repeat":"repeat","background-position":"center center","background-size":"auto","background-attachment":"scroll","background-type":"","background-media":"","overlay-type":"","overlay-color":"","overlay-opacity":"","overlay-gradient":""},"mobile":{"background-color":"var(--ast-global-color-4)","background-image":"","background-repeat":"repeat","background-position":"center center","background-size":"auto","background-attachment":"scroll","background-type":"","background-media":"","overlay-type":"","overlay-color":"","overlay-opacity":"","overlay-gradient":""}},"iawp_total_views":0,"footnotes":""},"class_list":["post-10295","page","type-page","status-publish","hentry"],"acf":[],"yoast_head":"<!-- This site is optimized with the Yoast SEO plugin v27.4 - https:\/\/yoast.com\/product\/yoast-seo-wordpress\/ -->\n<title>Termes et Conditions | TPC SRL<\/title>\n<meta name=\"robots\" content=\"index, follow, max-snippet:-1, max-image-preview:large, max-video-preview:-1\" \/>\n<link rel=\"canonical\" href=\"https:\/\/www.tpcsrl.com\/fr\/termes-et-conditions\/\" \/>\n<meta property=\"og:locale\" content=\"fr_FR\" \/>\n<meta property=\"og:type\" content=\"article\" \/>\n<meta property=\"og:title\" content=\"Termes et Conditions - TPC SRL\" \/>\n<meta property=\"og:description\" content=\"Conditions G\u00e9n\u00e9rales d&rsquo;UtilisationBienvenue sur le site&nbsp;tpcsrl.com. L&rsquo;acc\u00e8s et l&rsquo;utilisation de ce site Web sont des activit\u00e9s r\u00e9gies par les pr\u00e9sentes [&hellip;]\" \/>\n<meta property=\"og:url\" content=\"https:\/\/www.tpcsrl.com\/fr\/termes-et-conditions\/\" \/>\n<meta property=\"og:site_name\" content=\"TPC SRL\" \/>\n<meta property=\"article:publisher\" content=\"https:\/\/www.facebook.com\/tpcsrl2022\" \/>\n<meta property=\"article:modified_time\" content=\"2026-01-13T08:55:47+00:00\" \/>\n<meta name=\"twitter:card\" content=\"summary_large_image\" \/>\n<meta name=\"twitter:label1\" content=\"Dur\u00e9e de lecture estim\u00e9e\" \/>\n\t<meta name=\"twitter:data1\" content=\"3 minutes\" \/>\n<script type=\"application\/ld+json\" class=\"yoast-schema-graph\">{\"@context\":\"https:\\\/\\\/schema.org\",\"@graph\":[{\"@type\":\"WebPage\",\"@id\":\"https:\\\/\\\/www.tpcsrl.com\\\/fr\\\/termes-et-conditions\\\/\",\"url\":\"https:\\\/\\\/www.tpcsrl.com\\\/fr\\\/termes-et-conditions\\\/\",\"name\":\"Termes et Conditions - TPC SRL\",\"isPartOf\":{\"@id\":\"https:\\\/\\\/www.tpcsrl.com\\\/fr\\\/#website\"},\"datePublished\":\"2025-04-18T08:12:27+00:00\",\"dateModified\":\"2026-01-13T08:55:47+00:00\",\"breadcrumb\":{\"@id\":\"https:\\\/\\\/www.tpcsrl.com\\\/fr\\\/termes-et-conditions\\\/#breadcrumb\"},\"inLanguage\":\"fr-FR\",\"potentialAction\":[{\"@type\":\"ReadAction\",\"target\":[\"https:\\\/\\\/www.tpcsrl.com\\\/fr\\\/termes-et-conditions\\\/\"]}]},{\"@type\":\"BreadcrumbList\",\"@id\":\"https:\\\/\\\/www.tpcsrl.com\\\/fr\\\/termes-et-conditions\\\/#breadcrumb\",\"itemListElement\":[{\"@type\":\"ListItem\",\"position\":1,\"name\":\"Home\",\"item\":\"https:\\\/\\\/www.tpcsrl.com\\\/fr\\\/\"},{\"@type\":\"ListItem\",\"position\":2,\"name\":\"Termes et Conditions\"}]},{\"@type\":\"WebSite\",\"@id\":\"https:\\\/\\\/www.tpcsrl.com\\\/fr\\\/#website\",\"url\":\"https:\\\/\\\/www.tpcsrl.com\\\/fr\\\/\",\"name\":\"TPC SRL\",\"description\":\"Leader nell\u2019acquisto e vendita di macchine utensili\",\"publisher\":{\"@id\":\"https:\\\/\\\/www.tpcsrl.com\\\/fr\\\/#organization\"},\"potentialAction\":[{\"@type\":\"SearchAction\",\"target\":{\"@type\":\"EntryPoint\",\"urlTemplate\":\"https:\\\/\\\/www.tpcsrl.com\\\/fr\\\/?s={search_term_string}\"},\"query-input\":{\"@type\":\"PropertyValueSpecification\",\"valueRequired\":true,\"valueName\":\"search_term_string\"}}],\"inLanguage\":\"fr-FR\"},{\"@type\":\"Organization\",\"@id\":\"https:\\\/\\\/www.tpcsrl.com\\\/fr\\\/#organization\",\"name\":\"TPC SRL\",\"url\":\"https:\\\/\\\/www.tpcsrl.com\\\/fr\\\/\",\"logo\":{\"@type\":\"ImageObject\",\"inLanguage\":\"fr-FR\",\"@id\":\"https:\\\/\\\/www.tpcsrl.com\\\/fr\\\/#\\\/schema\\\/logo\\\/image\\\/\",\"url\":\"https:\\\/\\\/www.tpcsrl.com\\\/wp-content\\\/uploads\\\/2026\\\/01\\\/logo-tpc-fr.jpg\",\"contentUrl\":\"https:\\\/\\\/www.tpcsrl.com\\\/wp-content\\\/uploads\\\/2026\\\/01\\\/logo-tpc-fr.jpg\",\"width\":640,\"height\":316,\"caption\":\"TPC SRL\"},\"image\":{\"@id\":\"https:\\\/\\\/www.tpcsrl.com\\\/fr\\\/#\\\/schema\\\/logo\\\/image\\\/\"},\"sameAs\":[\"https:\\\/\\\/www.facebook.com\\\/tpcsrl2022\",\"https:\\\/\\\/www.youtube.com\\\/@TPCSRL\"]}]}<\/script>\n<!-- \/ Yoast SEO plugin. -->","yoast_head_json":{"title":"Termes et Conditions | TPC SRL","robots":{"index":"index","follow":"follow","max-snippet":"max-snippet:-1","max-image-preview":"max-image-preview:large","max-video-preview":"max-video-preview:-1"},"canonical":"https:\/\/www.tpcsrl.com\/fr\/termes-et-conditions\/","og_locale":"fr_FR","og_type":"article","og_title":"Termes et Conditions - TPC SRL","og_description":"Conditions G\u00e9n\u00e9rales d&rsquo;UtilisationBienvenue sur le site&nbsp;tpcsrl.com. L&rsquo;acc\u00e8s et l&rsquo;utilisation de ce site Web sont des activit\u00e9s r\u00e9gies par les pr\u00e9sentes [&hellip;]","og_url":"https:\/\/www.tpcsrl.com\/fr\/termes-et-conditions\/","og_site_name":"TPC SRL","article_publisher":"https:\/\/www.facebook.com\/tpcsrl2022","article_modified_time":"2026-01-13T08:55:47+00:00","twitter_card":"summary_large_image","twitter_misc":{"Dur\u00e9e de lecture estim\u00e9e":"3 minutes"},"schema":{"@context":"https:\/\/schema.org","@graph":[{"@type":"WebPage","@id":"https:\/\/www.tpcsrl.com\/fr\/termes-et-conditions\/","url":"https:\/\/www.tpcsrl.com\/fr\/termes-et-conditions\/","name":"Termes et Conditions - TPC SRL","isPartOf":{"@id":"https:\/\/www.tpcsrl.com\/fr\/#website"},"datePublished":"2025-04-18T08:12:27+00:00","dateModified":"2026-01-13T08:55:47+00:00","breadcrumb":{"@id":"https:\/\/www.tpcsrl.com\/fr\/termes-et-conditions\/#breadcrumb"},"inLanguage":"fr-FR","potentialAction":[{"@type":"ReadAction","target":["https:\/\/www.tpcsrl.com\/fr\/termes-et-conditions\/"]}]},{"@type":"BreadcrumbList","@id":"https:\/\/www.tpcsrl.com\/fr\/termes-et-conditions\/#breadcrumb","itemListElement":[{"@type":"ListItem","position":1,"name":"Home","item":"https:\/\/www.tpcsrl.com\/fr\/"},{"@type":"ListItem","position":2,"name":"Termes et Conditions"}]},{"@type":"WebSite","@id":"https:\/\/www.tpcsrl.com\/fr\/#website","url":"https:\/\/www.tpcsrl.com\/fr\/","name":"TPC SRL","description":"Leader nell\u2019acquisto e vendita di macchine utensili","publisher":{"@id":"https:\/\/www.tpcsrl.com\/fr\/#organization"},"potentialAction":[{"@type":"SearchAction","target":{"@type":"EntryPoint","urlTemplate":"https:\/\/www.tpcsrl.com\/fr\/?s={search_term_string}"},"query-input":{"@type":"PropertyValueSpecification","valueRequired":true,"valueName":"search_term_string"}}],"inLanguage":"fr-FR"},{"@type":"Organization","@id":"https:\/\/www.tpcsrl.com\/fr\/#organization","name":"TPC SRL","url":"https:\/\/www.tpcsrl.com\/fr\/","logo":{"@type":"ImageObject","inLanguage":"fr-FR","@id":"https:\/\/www.tpcsrl.com\/fr\/#\/schema\/logo\/image\/","url":"https:\/\/www.tpcsrl.com\/wp-content\/uploads\/2026\/01\/logo-tpc-fr.jpg","contentUrl":"https:\/\/www.tpcsrl.com\/wp-content\/uploads\/2026\/01\/logo-tpc-fr.jpg","width":640,"height":316,"caption":"TPC SRL"},"image":{"@id":"https:\/\/www.tpcsrl.com\/fr\/#\/schema\/logo\/image\/"},"sameAs":["https:\/\/www.facebook.com\/tpcsrl2022","https:\/\/www.youtube.com\/@TPCSRL"]}]}},"uagb_featured_image_src":{"full":false,"thumbnail":false,"medium":false,"medium_large":false,"large":false,"1536x1536":false,"2048x2048":false,"woocommerce_thumbnail":false,"woocommerce_single":false,"woocommerce_gallery_thumbnail":false},"uagb_author_info":{"display_name":"tpc srl","author_link":"https:\/\/www.tpcsrl.com\/fr\/author\/tpcunipersonale\/"},"uagb_comment_info":0,"uagb_excerpt":"Conditions G\u00e9n\u00e9rales d&rsquo;UtilisationBienvenue sur le site&nbsp;tpcsrl.com. L&rsquo;acc\u00e8s et l&rsquo;utilisation de ce site Web sont des activit\u00e9s r\u00e9gies par les pr\u00e9sentes [&hellip;]","_links":{"self":[{"href":"https:\/\/www.tpcsrl.com\/fr\/wp-json\/wp\/v2\/pages\/10295","targetHints":{"allow":["GET"]}}],"collection":[{"href":"https:\/\/www.tpcsrl.com\/fr\/wp-json\/wp\/v2\/pages"}],"about":[{"href":"https:\/\/www.tpcsrl.com\/fr\/wp-json\/wp\/v2\/types\/page"}],"author":[{"embeddable":true,"href":"https:\/\/www.tpcsrl.com\/fr\/wp-json\/wp\/v2\/users\/17"}],"replies":[{"embeddable":true,"href":"https:\/\/www.tpcsrl.com\/fr\/wp-json\/wp\/v2\/comments?post=10295"}],"version-history":[{"count":1,"href":"https:\/\/www.tpcsrl.com\/fr\/wp-json\/wp\/v2\/pages\/10295\/revisions"}],"predecessor-version":[{"id":10991,"href":"https:\/\/www.tpcsrl.com\/fr\/wp-json\/wp\/v2\/pages\/10295\/revisions\/10991"}],"wp:attachment":[{"href":"https:\/\/www.tpcsrl.com\/fr\/wp-json\/wp\/v2\/media?parent=10295"}],"curies":[{"name":"wp","href":"https:\/\/api.w.org\/{rel}","templated":true}]}}