{"id":9667,"date":"2025-03-19T16:06:42","date_gmt":"2025-03-19T15:06:42","guid":{"rendered":"https:\/\/www.tpcsrl.com\/prensa-plegadora-hidraulica-xl-3020x100-ton-cnc-esa-875-nr-4-ejes-controlados-y1-y2-x-r\/"},"modified":"2025-03-19T16:06:42","modified_gmt":"2025-03-19T15:06:42","slug":"prensa-plegadora-hidraulica-xl-3020x100-ton-cnc-esa-875-nr-4-ejes-controlados-y1-y2-x-r","status":"publish","type":"product","link":"https:\/\/www.tpcsrl.com\/es\/prensa-plegadora-hidraulica-xl-3020x100-ton-cnc-esa-875-nr-4-ejes-controlados-y1-y2-x-r\/","title":{"rendered":"Prensa plegadora hidr\u00e1ulica XL 3020&#215;100 Ton CNC Esa 875 Nr.4 Ejes controlados: Y1-Y2-X-R"},"content":{"rendered":"<p>M\u00c1QUINA EN ENTREGA INMEDIATA<\/p>\n<p>Prensa plegadora para chapa Dener 30020&#215;100 ton,CNC Esa 875 W ( Ready 4.0), longitud de plegado 3020 mm, potencia 100 ton, nr. 4 ejes controlados: Y1Y2-X-R, mesa de compensaci\u00f3n motorizada gestionada por CNC \u00abtipo Wila\u00bb, altura de la mesa de trabajo 900 mm, carrera del punz\u00f3n 300 mm, peso aproximado 8550 kg, soportes frontales de tipo ligero, hueco de montantes 450 mm, apertura 530 mm, dimensiones de la m\u00e1quina LxLxH=3725x2250x2770 mm<\/p>\n","protected":false},"excerpt":{"rendered":"<p>M\u00c1QUINA EN ENTREGA INMEDIATA Prensa plegadora para chapa Dener 30020&#215;100 ton,CNC Esa 875 W ( Ready 4.0), longitud de plegado [&hellip;]<\/p>\n","protected":false},"featured_media":9668,"comment_status":"open","ping_status":"closed","template":"","meta":{"_acf_changed":false,"_uag_custom_page_level_css":"","site-sidebar-layout":"default","site-content-layout":"","ast-site-content-layout":"default","site-content-style":"default","site-sidebar-style":"default","ast-global-header-display":"","ast-banner-title-visibility":"","ast-main-header-display":"","ast-hfb-above-header-display":"","ast-hfb-below-header-display":"","ast-hfb-mobile-header-display":"","site-post-title":"","ast-breadcrumbs-content":"","ast-featured-img":"","footer-sml-layout":"","ast-disable-related-posts":"","theme-transparent-header-meta":"default","adv-header-id-meta":"","stick-header-meta":"default","header-above-stick-meta":"","header-main-stick-meta":"","header-below-stick-meta":"","astra-migrate-meta-layouts":"default","ast-page-background-enabled":"default","ast-page-background-meta":{"desktop":{"background-color":"var(--ast-global-color-5)","background-image":"","background-repeat":"repeat","background-position":"center center","background-size":"auto","background-attachment":"scroll","background-type":"","background-media":"","overlay-type":"","overlay-color":"","overlay-opacity":"","overlay-gradient":""},"tablet":{"background-color":"","background-image":"","background-repeat":"repeat","background-position":"center center","background-size":"auto","background-attachment":"scroll","background-type":"","background-media":"","overlay-type":"","overlay-color":"","overlay-opacity":"","overlay-gradient":""},"mobile":{"background-color":"","background-image":"","background-repeat":"repeat","background-position":"center center","background-size":"auto","background-attachment":"scroll","background-type":"","background-media":"","overlay-type":"","overlay-color":"","overlay-opacity":"","overlay-gradient":""}},"ast-content-background-meta":{"desktop":{"background-color":"var(--ast-global-color-4)","background-image":"","background-repeat":"repeat","background-position":"center center","background-size":"auto","background-attachment":"scroll","background-type":"","background-media":"","overlay-type":"","overlay-color":"","overlay-opacity":"","overlay-gradient":""},"tablet":{"background-color":"var(--ast-global-color-4)","background-image":"","background-repeat":"repeat","background-position":"center center","background-size":"auto","background-attachment":"scroll","background-type":"","background-media":"","overlay-type":"","overlay-color":"","overlay-opacity":"","overlay-gradient":""},"mobile":{"background-color":"var(--ast-global-color-4)","background-image":"","background-repeat":"repeat","background-position":"center center","background-size":"auto","background-attachment":"scroll","background-type":"","background-media":"","overlay-type":"","overlay-color":"","overlay-opacity":"","overlay-gradient":""}},"iawp_total_views":1},"product_brand":[1985],"product_cat":[1139],"product_tag":[],"class_list":{"0":"post-9667","1":"product","2":"type-product","3":"status-publish","4":"has-post-thumbnail","6":"product_brand-dener","7":"product_cat-plegadora-hidraulica","8":"desktop-align-left","9":"tablet-align-left","10":"mobile-align-left","12":"first","13":"instock","14":"shipping-taxable","15":"product-type-simple"},"acf":[],"yoast_head":"<!-- This site is optimized with the Yoast SEO plugin v27.6 - https:\/\/yoast.com\/product\/yoast-seo-wordpress\/ -->\n<title>Prensa plegadora hidr\u00e1ulica XL 3020\u00d7100 Ton CNC Esa 875 Nr.4 Ejes controlados: Y1-Y2-X-R | TPC SRL<\/title>\n<meta name=\"description\" content=\"Scopri Prensa plegadora hidr\u00e1ulica XL 3020x100 Ton CNC Esa 875 Nr.4 Ejes controlados: Y1-Y2-X-R su TPC SRL - qualit\u00e0, prestazioni e assistenza garantita.\" \/>\n<meta name=\"robots\" content=\"index, follow, max-snippet:-1, max-image-preview:large, max-video-preview:-1\" \/>\n<link rel=\"canonical\" href=\"https:\/\/www.tpcsrl.com\/es\/prensa-plegadora-hidraulica-xl-3020x100-ton-cnc-esa-875-nr-4-ejes-controlados-y1-y2-x-r\/\" \/>\n<meta property=\"og:locale\" content=\"es_ES\" \/>\n<meta property=\"og:type\" content=\"article\" \/>\n<meta property=\"og:title\" content=\"Prensa plegadora hidr\u00e1ulica XL 3020x100 Ton CNC Esa 875 Nr.4 Ejes controlados: Y1-Y2-X-R - TPC SRL\" \/>\n<meta property=\"og:description\" content=\"Scopri Prensa plegadora hidr\u00e1ulica XL 3020x100 Ton CNC Esa 875 Nr.4 Ejes controlados: Y1-Y2-X-R su TPC SRL - qualit\u00e0, prestazioni e assistenza garantita.\" \/>\n<meta property=\"og:url\" content=\"https:\/\/www.tpcsrl.com\/es\/prensa-plegadora-hidraulica-xl-3020x100-ton-cnc-esa-875-nr-4-ejes-controlados-y1-y2-x-r\/\" \/>\n<meta property=\"og:site_name\" content=\"TPC SRL\" \/>\n<meta property=\"article:publisher\" content=\"https:\/\/www.facebook.com\/tpcsrl2022\" \/>\n<meta property=\"og:image\" content=\"https:\/\/www.tpcsrl.com\/wp-content\/uploads\/2025\/03\/original-pressa-piegatrice-idraulica-xl-3020x100-ton-cnc-esa-875-nr-4-assi-controllati-y1-y2-x-r-scaled.jpg\" \/>\n\t<meta property=\"og:image:width\" content=\"1920\" \/>\n\t<meta property=\"og:image:height\" content=\"2560\" \/>\n\t<meta property=\"og:image:type\" content=\"image\/jpeg\" \/>\n<meta name=\"twitter:card\" content=\"summary_large_image\" \/>\n<script type=\"application\/ld+json\" class=\"yoast-schema-graph\">{\"@context\":\"https:\\\/\\\/schema.org\",\"@graph\":[{\"@type\":\"WebPage\",\"@id\":\"https:\\\/\\\/www.tpcsrl.com\\\/es\\\/prensa-plegadora-hidraulica-xl-3020x100-ton-cnc-esa-875-nr-4-ejes-controlados-y1-y2-x-r\\\/\",\"url\":\"https:\\\/\\\/www.tpcsrl.com\\\/es\\\/prensa-plegadora-hidraulica-xl-3020x100-ton-cnc-esa-875-nr-4-ejes-controlados-y1-y2-x-r\\\/\",\"name\":\"Prensa plegadora hidr\u00e1ulica XL 3020x100 Ton CNC Esa 875 Nr.4 Ejes controlados: Y1-Y2-X-R - TPC SRL\",\"isPartOf\":{\"@id\":\"https:\\\/\\\/www.tpcsrl.com\\\/es\\\/#website\"},\"primaryImageOfPage\":{\"@id\":\"https:\\\/\\\/www.tpcsrl.com\\\/es\\\/prensa-plegadora-hidraulica-xl-3020x100-ton-cnc-esa-875-nr-4-ejes-controlados-y1-y2-x-r\\\/#primaryimage\"},\"image\":{\"@id\":\"https:\\\/\\\/www.tpcsrl.com\\\/es\\\/prensa-plegadora-hidraulica-xl-3020x100-ton-cnc-esa-875-nr-4-ejes-controlados-y1-y2-x-r\\\/#primaryimage\"},\"thumbnailUrl\":\"https:\\\/\\\/www.tpcsrl.com\\\/wp-content\\\/uploads\\\/2025\\\/03\\\/original-pressa-piegatrice-idraulica-xl-3020x100-ton-cnc-esa-875-nr-4-assi-controllati-y1-y2-x-r-scaled.jpg\",\"datePublished\":\"2025-03-19T15:06:42+00:00\",\"description\":\"Scopri Prensa plegadora hidr\u00e1ulica XL 3020x100 Ton CNC Esa 875 Nr.4 Ejes controlados: Y1-Y2-X-R su TPC SRL - qualit\u00e0, prestazioni e assistenza garantita.\",\"breadcrumb\":{\"@id\":\"https:\\\/\\\/www.tpcsrl.com\\\/es\\\/prensa-plegadora-hidraulica-xl-3020x100-ton-cnc-esa-875-nr-4-ejes-controlados-y1-y2-x-r\\\/#breadcrumb\"},\"inLanguage\":\"es\",\"potentialAction\":[{\"@type\":\"ReadAction\",\"target\":[\"https:\\\/\\\/www.tpcsrl.com\\\/es\\\/prensa-plegadora-hidraulica-xl-3020x100-ton-cnc-esa-875-nr-4-ejes-controlados-y1-y2-x-r\\\/\"]}]},{\"@type\":\"ImageObject\",\"inLanguage\":\"es\",\"@id\":\"https:\\\/\\\/www.tpcsrl.com\\\/es\\\/prensa-plegadora-hidraulica-xl-3020x100-ton-cnc-esa-875-nr-4-ejes-controlados-y1-y2-x-r\\\/#primaryimage\",\"url\":\"https:\\\/\\\/www.tpcsrl.com\\\/wp-content\\\/uploads\\\/2025\\\/03\\\/original-pressa-piegatrice-idraulica-xl-3020x100-ton-cnc-esa-875-nr-4-assi-controllati-y1-y2-x-r-scaled.jpg\",\"contentUrl\":\"https:\\\/\\\/www.tpcsrl.com\\\/wp-content\\\/uploads\\\/2025\\\/03\\\/original-pressa-piegatrice-idraulica-xl-3020x100-ton-cnc-esa-875-nr-4-assi-controllati-y1-y2-x-r-scaled.jpg\",\"width\":1920,\"height\":2560,\"caption\":\"Prensa plegadora hidr\u00e1ulica XL 3020\u00d7100 Ton CNC Esa 875 Nr.4 Ejes controlados: Y1-Y2-X-R\"},{\"@type\":\"BreadcrumbList\",\"@id\":\"https:\\\/\\\/www.tpcsrl.com\\\/es\\\/prensa-plegadora-hidraulica-xl-3020x100-ton-cnc-esa-875-nr-4-ejes-controlados-y1-y2-x-r\\\/#breadcrumb\",\"itemListElement\":[{\"@type\":\"ListItem\",\"position\":1,\"name\":\"Home\",\"item\":\"https:\\\/\\\/www.tpcsrl.com\\\/es\\\/\"},{\"@type\":\"ListItem\",\"position\":2,\"name\":\"Tienda\",\"item\":\"https:\\\/\\\/www.tpcsrl.com\\\/es\\\/tienda\\\/\"},{\"@type\":\"ListItem\",\"position\":3,\"name\":\"Prensa plegadora hidr\u00e1ulica XL 3020&#215;100 Ton CNC Esa 875 Nr.4 Ejes controlados: Y1-Y2-X-R\"}]},{\"@type\":\"WebSite\",\"@id\":\"https:\\\/\\\/www.tpcsrl.com\\\/es\\\/#website\",\"url\":\"https:\\\/\\\/www.tpcsrl.com\\\/es\\\/\",\"name\":\"TPC SRL\",\"description\":\"Leader nell\u2019acquisto e vendita di macchine utensili\",\"publisher\":{\"@id\":\"https:\\\/\\\/www.tpcsrl.com\\\/es\\\/#organization\"},\"potentialAction\":[{\"@type\":\"SearchAction\",\"target\":{\"@type\":\"EntryPoint\",\"urlTemplate\":\"https:\\\/\\\/www.tpcsrl.com\\\/es\\\/?s={search_term_string}\"},\"query-input\":{\"@type\":\"PropertyValueSpecification\",\"valueRequired\":true,\"valueName\":\"search_term_string\"}}],\"inLanguage\":\"es\"},{\"@type\":\"Organization\",\"@id\":\"https:\\\/\\\/www.tpcsrl.com\\\/es\\\/#organization\",\"name\":\"TPC SRL\",\"url\":\"https:\\\/\\\/www.tpcsrl.com\\\/es\\\/\",\"logo\":{\"@type\":\"ImageObject\",\"inLanguage\":\"es\",\"@id\":\"https:\\\/\\\/www.tpcsrl.com\\\/es\\\/#\\\/schema\\\/logo\\\/image\\\/\",\"url\":\"https:\\\/\\\/www.tpcsrl.com\\\/wp-content\\\/uploads\\\/2026\\\/01\\\/logo-tpc-es.jpg\",\"contentUrl\":\"https:\\\/\\\/www.tpcsrl.com\\\/wp-content\\\/uploads\\\/2026\\\/01\\\/logo-tpc-es.jpg\",\"width\":640,\"height\":316,\"caption\":\"TPC SRL\"},\"image\":{\"@id\":\"https:\\\/\\\/www.tpcsrl.com\\\/es\\\/#\\\/schema\\\/logo\\\/image\\\/\"},\"sameAs\":[\"https:\\\/\\\/www.facebook.com\\\/tpcsrl2022\",\"https:\\\/\\\/www.youtube.com\\\/@TPCSRL\"]}]}<\/script>\n<!-- \/ Yoast SEO plugin. -->","yoast_head_json":{"title":"Prensa plegadora hidr\u00e1ulica XL 3020\u00d7100 Ton CNC Esa 875 Nr.4 Ejes controlados: Y1-Y2-X-R | TPC SRL","description":"Scopri Prensa plegadora hidr\u00e1ulica XL 3020x100 Ton CNC Esa 875 Nr.4 Ejes controlados: Y1-Y2-X-R su TPC SRL - qualit\u00e0, prestazioni e assistenza garantita.","robots":{"index":"index","follow":"follow","max-snippet":"max-snippet:-1","max-image-preview":"max-image-preview:large","max-video-preview":"max-video-preview:-1"},"canonical":"https:\/\/www.tpcsrl.com\/es\/prensa-plegadora-hidraulica-xl-3020x100-ton-cnc-esa-875-nr-4-ejes-controlados-y1-y2-x-r\/","og_locale":"es_ES","og_type":"article","og_title":"Prensa plegadora hidr\u00e1ulica XL 3020x100 Ton CNC Esa 875 Nr.4 Ejes controlados: Y1-Y2-X-R - TPC SRL","og_description":"Scopri Prensa plegadora hidr\u00e1ulica XL 3020x100 Ton CNC Esa 875 Nr.4 Ejes controlados: Y1-Y2-X-R su TPC SRL - qualit\u00e0, prestazioni e assistenza garantita.","og_url":"https:\/\/www.tpcsrl.com\/es\/prensa-plegadora-hidraulica-xl-3020x100-ton-cnc-esa-875-nr-4-ejes-controlados-y1-y2-x-r\/","og_site_name":"TPC SRL","article_publisher":"https:\/\/www.facebook.com\/tpcsrl2022","og_image":[{"width":1920,"height":2560,"url":"https:\/\/www.tpcsrl.com\/wp-content\/uploads\/2025\/03\/original-pressa-piegatrice-idraulica-xl-3020x100-ton-cnc-esa-875-nr-4-assi-controllati-y1-y2-x-r-scaled.jpg","type":"image\/jpeg"}],"twitter_card":"summary_large_image","schema":{"@context":"https:\/\/schema.org","@graph":[{"@type":"WebPage","@id":"https:\/\/www.tpcsrl.com\/es\/prensa-plegadora-hidraulica-xl-3020x100-ton-cnc-esa-875-nr-4-ejes-controlados-y1-y2-x-r\/","url":"https:\/\/www.tpcsrl.com\/es\/prensa-plegadora-hidraulica-xl-3020x100-ton-cnc-esa-875-nr-4-ejes-controlados-y1-y2-x-r\/","name":"Prensa plegadora hidr\u00e1ulica XL 3020x100 Ton CNC Esa 875 Nr.4 Ejes controlados: Y1-Y2-X-R - TPC SRL","isPartOf":{"@id":"https:\/\/www.tpcsrl.com\/es\/#website"},"primaryImageOfPage":{"@id":"https:\/\/www.tpcsrl.com\/es\/prensa-plegadora-hidraulica-xl-3020x100-ton-cnc-esa-875-nr-4-ejes-controlados-y1-y2-x-r\/#primaryimage"},"image":{"@id":"https:\/\/www.tpcsrl.com\/es\/prensa-plegadora-hidraulica-xl-3020x100-ton-cnc-esa-875-nr-4-ejes-controlados-y1-y2-x-r\/#primaryimage"},"thumbnailUrl":"https:\/\/www.tpcsrl.com\/wp-content\/uploads\/2025\/03\/original-pressa-piegatrice-idraulica-xl-3020x100-ton-cnc-esa-875-nr-4-assi-controllati-y1-y2-x-r-scaled.jpg","datePublished":"2025-03-19T15:06:42+00:00","description":"Scopri Prensa plegadora hidr\u00e1ulica XL 3020x100 Ton CNC Esa 875 Nr.4 Ejes controlados: Y1-Y2-X-R su TPC SRL - qualit\u00e0, prestazioni e assistenza garantita.","breadcrumb":{"@id":"https:\/\/www.tpcsrl.com\/es\/prensa-plegadora-hidraulica-xl-3020x100-ton-cnc-esa-875-nr-4-ejes-controlados-y1-y2-x-r\/#breadcrumb"},"inLanguage":"es","potentialAction":[{"@type":"ReadAction","target":["https:\/\/www.tpcsrl.com\/es\/prensa-plegadora-hidraulica-xl-3020x100-ton-cnc-esa-875-nr-4-ejes-controlados-y1-y2-x-r\/"]}]},{"@type":"ImageObject","inLanguage":"es","@id":"https:\/\/www.tpcsrl.com\/es\/prensa-plegadora-hidraulica-xl-3020x100-ton-cnc-esa-875-nr-4-ejes-controlados-y1-y2-x-r\/#primaryimage","url":"https:\/\/www.tpcsrl.com\/wp-content\/uploads\/2025\/03\/original-pressa-piegatrice-idraulica-xl-3020x100-ton-cnc-esa-875-nr-4-assi-controllati-y1-y2-x-r-scaled.jpg","contentUrl":"https:\/\/www.tpcsrl.com\/wp-content\/uploads\/2025\/03\/original-pressa-piegatrice-idraulica-xl-3020x100-ton-cnc-esa-875-nr-4-assi-controllati-y1-y2-x-r-scaled.jpg","width":1920,"height":2560,"caption":"Prensa plegadora hidr\u00e1ulica XL 3020\u00d7100 Ton CNC Esa 875 Nr.4 Ejes controlados: Y1-Y2-X-R"},{"@type":"BreadcrumbList","@id":"https:\/\/www.tpcsrl.com\/es\/prensa-plegadora-hidraulica-xl-3020x100-ton-cnc-esa-875-nr-4-ejes-controlados-y1-y2-x-r\/#breadcrumb","itemListElement":[{"@type":"ListItem","position":1,"name":"Home","item":"https:\/\/www.tpcsrl.com\/es\/"},{"@type":"ListItem","position":2,"name":"Tienda","item":"https:\/\/www.tpcsrl.com\/es\/tienda\/"},{"@type":"ListItem","position":3,"name":"Prensa plegadora hidr\u00e1ulica XL 3020&#215;100 Ton CNC Esa 875 Nr.4 Ejes controlados: Y1-Y2-X-R"}]},{"@type":"WebSite","@id":"https:\/\/www.tpcsrl.com\/es\/#website","url":"https:\/\/www.tpcsrl.com\/es\/","name":"TPC SRL","description":"Leader nell\u2019acquisto e vendita di macchine utensili","publisher":{"@id":"https:\/\/www.tpcsrl.com\/es\/#organization"},"potentialAction":[{"@type":"SearchAction","target":{"@type":"EntryPoint","urlTemplate":"https:\/\/www.tpcsrl.com\/es\/?s={search_term_string}"},"query-input":{"@type":"PropertyValueSpecification","valueRequired":true,"valueName":"search_term_string"}}],"inLanguage":"es"},{"@type":"Organization","@id":"https:\/\/www.tpcsrl.com\/es\/#organization","name":"TPC SRL","url":"https:\/\/www.tpcsrl.com\/es\/","logo":{"@type":"ImageObject","inLanguage":"es","@id":"https:\/\/www.tpcsrl.com\/es\/#\/schema\/logo\/image\/","url":"https:\/\/www.tpcsrl.com\/wp-content\/uploads\/2026\/01\/logo-tpc-es.jpg","contentUrl":"https:\/\/www.tpcsrl.com\/wp-content\/uploads\/2026\/01\/logo-tpc-es.jpg","width":640,"height":316,"caption":"TPC SRL"},"image":{"@id":"https:\/\/www.tpcsrl.com\/es\/#\/schema\/logo\/image\/"},"sameAs":["https:\/\/www.facebook.com\/tpcsrl2022","https:\/\/www.youtube.com\/@TPCSRL"]}]}},"uagb_featured_image_src":{"full":["https:\/\/www.tpcsrl.com\/wp-content\/uploads\/2025\/03\/original-pressa-piegatrice-idraulica-xl-3020x100-ton-cnc-esa-875-nr-4-assi-controllati-y1-y2-x-r-scaled.jpg",1920,2560,false],"thumbnail":["https:\/\/www.tpcsrl.com\/wp-content\/uploads\/2025\/03\/original-pressa-piegatrice-idraulica-xl-3020x100-ton-cnc-esa-875-nr-4-assi-controllati-y1-y2-x-r-150x150.jpg",150,150,true],"medium":["https:\/\/www.tpcsrl.com\/wp-content\/uploads\/2025\/03\/original-pressa-piegatrice-idraulica-xl-3020x100-ton-cnc-esa-875-nr-4-assi-controllati-y1-y2-x-r-225x300.jpg",225,300,true],"medium_large":["https:\/\/www.tpcsrl.com\/wp-content\/uploads\/2025\/03\/original-pressa-piegatrice-idraulica-xl-3020x100-ton-cnc-esa-875-nr-4-assi-controllati-y1-y2-x-r-768x1024.jpg",768,1024,true],"large":["https:\/\/www.tpcsrl.com\/wp-content\/uploads\/2025\/03\/original-pressa-piegatrice-idraulica-xl-3020x100-ton-cnc-esa-875-nr-4-assi-controllati-y1-y2-x-r-768x1024.jpg",768,1024,true],"1536x1536":["https:\/\/www.tpcsrl.com\/wp-content\/uploads\/2025\/03\/original-pressa-piegatrice-idraulica-xl-3020x100-ton-cnc-esa-875-nr-4-assi-controllati-y1-y2-x-r-1152x1536.jpg",1152,1536,true],"2048x2048":["https:\/\/www.tpcsrl.com\/wp-content\/uploads\/2025\/03\/original-pressa-piegatrice-idraulica-xl-3020x100-ton-cnc-esa-875-nr-4-assi-controllati-y1-y2-x-r-1536x2048.jpg",1536,2048,true],"woocommerce_thumbnail":["https:\/\/www.tpcsrl.com\/wp-content\/uploads\/2025\/03\/original-pressa-piegatrice-idraulica-xl-3020x100-ton-cnc-esa-875-nr-4-assi-controllati-y1-y2-x-r-scaled-300x225.jpg",300,225,true],"woocommerce_single":["https:\/\/www.tpcsrl.com\/wp-content\/uploads\/2025\/03\/original-pressa-piegatrice-idraulica-xl-3020x100-ton-cnc-esa-875-nr-4-assi-controllati-y1-y2-x-r-scaled-600x800.jpg",600,800,true],"woocommerce_gallery_thumbnail":["https:\/\/www.tpcsrl.com\/wp-content\/uploads\/2025\/03\/original-pressa-piegatrice-idraulica-xl-3020x100-ton-cnc-esa-875-nr-4-assi-controllati-y1-y2-x-r-scaled-100x100.jpg",100,100,true]},"uagb_author_info":{"display_name":"tpc srl","author_link":"https:\/\/www.tpcsrl.com\/es\/author\/"},"uagb_comment_info":0,"uagb_excerpt":"M\u00c1QUINA EN ENTREGA INMEDIATA Prensa plegadora para chapa Dener 30020&#215;100 ton,CNC Esa 875 W ( Ready 4.0), longitud de plegado [&hellip;]","_links":{"self":[{"href":"https:\/\/www.tpcsrl.com\/es\/wp-json\/wp\/v2\/product\/9667","targetHints":{"allow":["GET"]}}],"collection":[{"href":"https:\/\/www.tpcsrl.com\/es\/wp-json\/wp\/v2\/product"}],"about":[{"href":"https:\/\/www.tpcsrl.com\/es\/wp-json\/wp\/v2\/types\/product"}],"replies":[{"embeddable":true,"href":"https:\/\/www.tpcsrl.com\/es\/wp-json\/wp\/v2\/comments?post=9667"}],"wp:featuredmedia":[{"embeddable":true,"href":"https:\/\/www.tpcsrl.com\/es\/wp-json\/wp\/v2\/media\/9668"}],"wp:attachment":[{"href":"https:\/\/www.tpcsrl.com\/es\/wp-json\/wp\/v2\/media?parent=9667"}],"wp:term":[{"taxonomy":"product_brand","embeddable":true,"href":"https:\/\/www.tpcsrl.com\/es\/wp-json\/wp\/v2\/product_brand?post=9667"},{"taxonomy":"product_cat","embeddable":true,"href":"https:\/\/www.tpcsrl.com\/es\/wp-json\/wp\/v2\/product_cat?post=9667"},{"taxonomy":"product_tag","embeddable":true,"href":"https:\/\/www.tpcsrl.com\/es\/wp-json\/wp\/v2\/product_tag?post=9667"}],"curies":[{"name":"wp","href":"https:\/\/api.w.org\/{rel}","templated":true}]}}