{"id":9589,"date":"2025-03-19T16:06:42","date_gmt":"2025-03-19T15:06:42","guid":{"rendered":"https:\/\/www.tpcsrl.com\/prensa-plegadora-hidraulica-xl-4050x175-ton-esa-875-nr-6-ejes-y1-y2-x-r-z1-z2\/"},"modified":"2025-03-19T16:06:42","modified_gmt":"2025-03-19T15:06:42","slug":"prensa-plegadora-hidraulica-xl-4050x175-ton-esa-875-nr-6-ejes-y1-y2-x-r-z1-z2","status":"publish","type":"product","link":"https:\/\/www.tpcsrl.com\/es\/prensa-plegadora-hidraulica-xl-4050x175-ton-esa-875-nr-6-ejes-y1-y2-x-r-z1-z2\/","title":{"rendered":"Prensa Plegadora Hidr\u00e1ulica XL 4050\u00d7175 ton Esa 875 nr.6 Ejes: Y1-Y2-X-R-Z1-Z2"},"content":{"rendered":"<p>M\u00c1QUINA EN ENTREGA INMEDIATA<br \/><strong>Prensa plegadora<\/strong> Dener 4050&#215;175 ton, control Esa 875, nr.6 ejes controlados, posibilidad de topes locos posteriores adicionales, hueco de montantes 450 mm, apertura 600 mm, posibilidad de apertura aumentada, tanque 300 lt, peso aproximado 14150 kg, paso entre los montantes 3555, gu\u00edas lineales reforzadas para ejes X, dobles gu\u00edas de deslizamiento, a\u00f1adidos de topes locos posteriores, motor principal 22 kw, altura de la mesa de trabajo 900 mm<\/p>\n","protected":false},"excerpt":{"rendered":"<p>M\u00c1QUINA EN ENTREGA INMEDIATAPrensa plegadora Dener 4050&#215;175 ton, control Esa 875, nr.6 ejes controlados, posibilidad de topes locos posteriores adicionales, [&hellip;]<\/p>\n","protected":false},"featured_media":8790,"comment_status":"open","ping_status":"closed","template":"","meta":{"_acf_changed":false,"_uag_custom_page_level_css":"","site-sidebar-layout":"default","site-content-layout":"","ast-site-content-layout":"default","site-content-style":"default","site-sidebar-style":"default","ast-global-header-display":"","ast-banner-title-visibility":"","ast-main-header-display":"","ast-hfb-above-header-display":"","ast-hfb-below-header-display":"","ast-hfb-mobile-header-display":"","site-post-title":"","ast-breadcrumbs-content":"","ast-featured-img":"","footer-sml-layout":"","ast-disable-related-posts":"","theme-transparent-header-meta":"default","adv-header-id-meta":"","stick-header-meta":"default","header-above-stick-meta":"","header-main-stick-meta":"","header-below-stick-meta":"","astra-migrate-meta-layouts":"default","ast-page-background-enabled":"default","ast-page-background-meta":{"desktop":{"background-color":"var(--ast-global-color-5)","background-image":"","background-repeat":"repeat","background-position":"center center","background-size":"auto","background-attachment":"scroll","background-type":"","background-media":"","overlay-type":"","overlay-color":"","overlay-opacity":"","overlay-gradient":""},"tablet":{"background-color":"","background-image":"","background-repeat":"repeat","background-position":"center center","background-size":"auto","background-attachment":"scroll","background-type":"","background-media":"","overlay-type":"","overlay-color":"","overlay-opacity":"","overlay-gradient":""},"mobile":{"background-color":"","background-image":"","background-repeat":"repeat","background-position":"center center","background-size":"auto","background-attachment":"scroll","background-type":"","background-media":"","overlay-type":"","overlay-color":"","overlay-opacity":"","overlay-gradient":""}},"ast-content-background-meta":{"desktop":{"background-color":"var(--ast-global-color-4)","background-image":"","background-repeat":"repeat","background-position":"center center","background-size":"auto","background-attachment":"scroll","background-type":"","background-media":"","overlay-type":"","overlay-color":"","overlay-opacity":"","overlay-gradient":""},"tablet":{"background-color":"var(--ast-global-color-4)","background-image":"","background-repeat":"repeat","background-position":"center center","background-size":"auto","background-attachment":"scroll","background-type":"","background-media":"","overlay-type":"","overlay-color":"","overlay-opacity":"","overlay-gradient":""},"mobile":{"background-color":"var(--ast-global-color-4)","background-image":"","background-repeat":"repeat","background-position":"center center","background-size":"auto","background-attachment":"scroll","background-type":"","background-media":"","overlay-type":"","overlay-color":"","overlay-opacity":"","overlay-gradient":""}},"iawp_total_views":6},"product_brand":[1985],"product_cat":[1139],"product_tag":[],"class_list":{"0":"post-9589","1":"product","2":"type-product","3":"status-publish","4":"has-post-thumbnail","6":"product_brand-dener","7":"product_cat-plegadora-hidraulica","8":"desktop-align-left","9":"tablet-align-left","10":"mobile-align-left","12":"first","13":"instock","14":"shipping-taxable","15":"product-type-simple"},"acf":[],"yoast_head":"<!-- This site is optimized with the Yoast SEO plugin v27.6 - https:\/\/yoast.com\/product\/yoast-seo-wordpress\/ -->\n<title>Prensa Plegadora Hidr\u00e1ulica XL 4050\u00d7175 ton Esa 875 nr.6 Ejes: Y1-Y2-X-R-Z1-Z2 | TPC SRL<\/title>\n<meta name=\"description\" content=\"Scopri Prensa Plegadora Hidr\u00e1ulica XL 4050\u00d7175 ton Esa 875 nr.6 Ejes: Y1-Y2-X-R-Z1-Z2 su TPC SRL - qualit\u00e0, prestazioni e assistenza garantita.\" \/>\n<meta name=\"robots\" content=\"index, follow, max-snippet:-1, max-image-preview:large, max-video-preview:-1\" \/>\n<link rel=\"canonical\" href=\"https:\/\/www.tpcsrl.com\/es\/prensa-plegadora-hidraulica-xl-4050x175-ton-esa-875-nr-6-ejes-y1-y2-x-r-z1-z2\/\" \/>\n<meta property=\"og:locale\" content=\"es_ES\" \/>\n<meta property=\"og:type\" content=\"article\" \/>\n<meta property=\"og:title\" content=\"Prensa Plegadora Hidr\u00e1ulica XL 4050\u00d7175 ton Esa 875 nr.6 Ejes: Y1-Y2-X-R-Z1-Z2 - TPC SRL\" \/>\n<meta property=\"og:description\" content=\"Scopri Prensa Plegadora Hidr\u00e1ulica XL 4050\u00d7175 ton Esa 875 nr.6 Ejes: Y1-Y2-X-R-Z1-Z2 su TPC SRL - qualit\u00e0, prestazioni e assistenza garantita.\" \/>\n<meta property=\"og:url\" content=\"https:\/\/www.tpcsrl.com\/es\/prensa-plegadora-hidraulica-xl-4050x175-ton-esa-875-nr-6-ejes-y1-y2-x-r-z1-z2\/\" \/>\n<meta property=\"og:site_name\" content=\"TPC SRL\" \/>\n<meta property=\"article:publisher\" content=\"https:\/\/www.facebook.com\/tpcsrl2022\" \/>\n<meta property=\"og:image\" content=\"https:\/\/www.tpcsrl.com\/wp-content\/uploads\/2025\/03\/original-pressa-piegatrice-idraulica-xl-4050-175-ton-esa-875-nr-6-assi-y1-y2-x-r-z1-z2.jpg\" \/>\n\t<meta property=\"og:image:width\" content=\"914\" \/>\n\t<meta property=\"og:image:height\" content=\"820\" \/>\n\t<meta property=\"og:image:type\" content=\"image\/jpeg\" \/>\n<meta name=\"twitter:card\" content=\"summary_large_image\" \/>\n<script type=\"application\/ld+json\" class=\"yoast-schema-graph\">{\"@context\":\"https:\\\/\\\/schema.org\",\"@graph\":[{\"@type\":\"WebPage\",\"@id\":\"https:\\\/\\\/www.tpcsrl.com\\\/es\\\/prensa-plegadora-hidraulica-xl-4050x175-ton-esa-875-nr-6-ejes-y1-y2-x-r-z1-z2\\\/\",\"url\":\"https:\\\/\\\/www.tpcsrl.com\\\/es\\\/prensa-plegadora-hidraulica-xl-4050x175-ton-esa-875-nr-6-ejes-y1-y2-x-r-z1-z2\\\/\",\"name\":\"Prensa Plegadora Hidr\u00e1ulica XL 4050\u00d7175 ton Esa 875 nr.6 Ejes: Y1-Y2-X-R-Z1-Z2 - TPC SRL\",\"isPartOf\":{\"@id\":\"https:\\\/\\\/www.tpcsrl.com\\\/es\\\/#website\"},\"primaryImageOfPage\":{\"@id\":\"https:\\\/\\\/www.tpcsrl.com\\\/es\\\/prensa-plegadora-hidraulica-xl-4050x175-ton-esa-875-nr-6-ejes-y1-y2-x-r-z1-z2\\\/#primaryimage\"},\"image\":{\"@id\":\"https:\\\/\\\/www.tpcsrl.com\\\/es\\\/prensa-plegadora-hidraulica-xl-4050x175-ton-esa-875-nr-6-ejes-y1-y2-x-r-z1-z2\\\/#primaryimage\"},\"thumbnailUrl\":\"https:\\\/\\\/www.tpcsrl.com\\\/wp-content\\\/uploads\\\/2025\\\/03\\\/original-pressa-piegatrice-idraulica-xl-4050-175-ton-esa-875-nr-6-assi-y1-y2-x-r-z1-z2.jpg\",\"datePublished\":\"2025-03-19T15:06:42+00:00\",\"description\":\"Scopri Prensa Plegadora Hidr\u00e1ulica XL 4050\u00d7175 ton Esa 875 nr.6 Ejes: Y1-Y2-X-R-Z1-Z2 su TPC SRL - qualit\u00e0, prestazioni e assistenza garantita.\",\"breadcrumb\":{\"@id\":\"https:\\\/\\\/www.tpcsrl.com\\\/es\\\/prensa-plegadora-hidraulica-xl-4050x175-ton-esa-875-nr-6-ejes-y1-y2-x-r-z1-z2\\\/#breadcrumb\"},\"inLanguage\":\"es\",\"potentialAction\":[{\"@type\":\"ReadAction\",\"target\":[\"https:\\\/\\\/www.tpcsrl.com\\\/es\\\/prensa-plegadora-hidraulica-xl-4050x175-ton-esa-875-nr-6-ejes-y1-y2-x-r-z1-z2\\\/\"]}]},{\"@type\":\"ImageObject\",\"inLanguage\":\"es\",\"@id\":\"https:\\\/\\\/www.tpcsrl.com\\\/es\\\/prensa-plegadora-hidraulica-xl-4050x175-ton-esa-875-nr-6-ejes-y1-y2-x-r-z1-z2\\\/#primaryimage\",\"url\":\"https:\\\/\\\/www.tpcsrl.com\\\/wp-content\\\/uploads\\\/2025\\\/03\\\/original-pressa-piegatrice-idraulica-xl-4050-175-ton-esa-875-nr-6-assi-y1-y2-x-r-z1-z2.jpg\",\"contentUrl\":\"https:\\\/\\\/www.tpcsrl.com\\\/wp-content\\\/uploads\\\/2025\\\/03\\\/original-pressa-piegatrice-idraulica-xl-4050-175-ton-esa-875-nr-6-assi-y1-y2-x-r-z1-z2.jpg\",\"width\":914,\"height\":820,\"caption\":\"Prensa Plegadora Hidr\u00e1ulica XL 4050\u00d7175 ton Esa 875 nr.6 Ejes: Y1-Y2-X-R-Z1-Z2\"},{\"@type\":\"BreadcrumbList\",\"@id\":\"https:\\\/\\\/www.tpcsrl.com\\\/es\\\/prensa-plegadora-hidraulica-xl-4050x175-ton-esa-875-nr-6-ejes-y1-y2-x-r-z1-z2\\\/#breadcrumb\",\"itemListElement\":[{\"@type\":\"ListItem\",\"position\":1,\"name\":\"Home\",\"item\":\"https:\\\/\\\/www.tpcsrl.com\\\/es\\\/\"},{\"@type\":\"ListItem\",\"position\":2,\"name\":\"Tienda\",\"item\":\"https:\\\/\\\/www.tpcsrl.com\\\/es\\\/tienda\\\/\"},{\"@type\":\"ListItem\",\"position\":3,\"name\":\"Prensa Plegadora Hidr\u00e1ulica XL 4050\u00d7175 ton Esa 875 nr.6 Ejes: Y1-Y2-X-R-Z1-Z2\"}]},{\"@type\":\"WebSite\",\"@id\":\"https:\\\/\\\/www.tpcsrl.com\\\/es\\\/#website\",\"url\":\"https:\\\/\\\/www.tpcsrl.com\\\/es\\\/\",\"name\":\"TPC SRL\",\"description\":\"Leader nell\u2019acquisto e vendita di macchine utensili\",\"publisher\":{\"@id\":\"https:\\\/\\\/www.tpcsrl.com\\\/es\\\/#organization\"},\"potentialAction\":[{\"@type\":\"SearchAction\",\"target\":{\"@type\":\"EntryPoint\",\"urlTemplate\":\"https:\\\/\\\/www.tpcsrl.com\\\/es\\\/?s={search_term_string}\"},\"query-input\":{\"@type\":\"PropertyValueSpecification\",\"valueRequired\":true,\"valueName\":\"search_term_string\"}}],\"inLanguage\":\"es\"},{\"@type\":\"Organization\",\"@id\":\"https:\\\/\\\/www.tpcsrl.com\\\/es\\\/#organization\",\"name\":\"TPC SRL\",\"url\":\"https:\\\/\\\/www.tpcsrl.com\\\/es\\\/\",\"logo\":{\"@type\":\"ImageObject\",\"inLanguage\":\"es\",\"@id\":\"https:\\\/\\\/www.tpcsrl.com\\\/es\\\/#\\\/schema\\\/logo\\\/image\\\/\",\"url\":\"https:\\\/\\\/www.tpcsrl.com\\\/wp-content\\\/uploads\\\/2026\\\/01\\\/logo-tpc-es.jpg\",\"contentUrl\":\"https:\\\/\\\/www.tpcsrl.com\\\/wp-content\\\/uploads\\\/2026\\\/01\\\/logo-tpc-es.jpg\",\"width\":640,\"height\":316,\"caption\":\"TPC SRL\"},\"image\":{\"@id\":\"https:\\\/\\\/www.tpcsrl.com\\\/es\\\/#\\\/schema\\\/logo\\\/image\\\/\"},\"sameAs\":[\"https:\\\/\\\/www.facebook.com\\\/tpcsrl2022\",\"https:\\\/\\\/www.youtube.com\\\/@TPCSRL\"]}]}<\/script>\n<!-- \/ Yoast SEO plugin. -->","yoast_head_json":{"title":"Prensa Plegadora Hidr\u00e1ulica XL 4050\u00d7175 ton Esa 875 nr.6 Ejes: Y1-Y2-X-R-Z1-Z2 | TPC SRL","description":"Scopri Prensa Plegadora Hidr\u00e1ulica XL 4050\u00d7175 ton Esa 875 nr.6 Ejes: Y1-Y2-X-R-Z1-Z2 su TPC SRL - qualit\u00e0, prestazioni e assistenza garantita.","robots":{"index":"index","follow":"follow","max-snippet":"max-snippet:-1","max-image-preview":"max-image-preview:large","max-video-preview":"max-video-preview:-1"},"canonical":"https:\/\/www.tpcsrl.com\/es\/prensa-plegadora-hidraulica-xl-4050x175-ton-esa-875-nr-6-ejes-y1-y2-x-r-z1-z2\/","og_locale":"es_ES","og_type":"article","og_title":"Prensa Plegadora Hidr\u00e1ulica XL 4050\u00d7175 ton Esa 875 nr.6 Ejes: Y1-Y2-X-R-Z1-Z2 - TPC SRL","og_description":"Scopri Prensa Plegadora Hidr\u00e1ulica XL 4050\u00d7175 ton Esa 875 nr.6 Ejes: Y1-Y2-X-R-Z1-Z2 su TPC SRL - qualit\u00e0, prestazioni e assistenza garantita.","og_url":"https:\/\/www.tpcsrl.com\/es\/prensa-plegadora-hidraulica-xl-4050x175-ton-esa-875-nr-6-ejes-y1-y2-x-r-z1-z2\/","og_site_name":"TPC SRL","article_publisher":"https:\/\/www.facebook.com\/tpcsrl2022","og_image":[{"width":914,"height":820,"url":"https:\/\/www.tpcsrl.com\/wp-content\/uploads\/2025\/03\/original-pressa-piegatrice-idraulica-xl-4050-175-ton-esa-875-nr-6-assi-y1-y2-x-r-z1-z2.jpg","type":"image\/jpeg"}],"twitter_card":"summary_large_image","schema":{"@context":"https:\/\/schema.org","@graph":[{"@type":"WebPage","@id":"https:\/\/www.tpcsrl.com\/es\/prensa-plegadora-hidraulica-xl-4050x175-ton-esa-875-nr-6-ejes-y1-y2-x-r-z1-z2\/","url":"https:\/\/www.tpcsrl.com\/es\/prensa-plegadora-hidraulica-xl-4050x175-ton-esa-875-nr-6-ejes-y1-y2-x-r-z1-z2\/","name":"Prensa Plegadora Hidr\u00e1ulica XL 4050\u00d7175 ton Esa 875 nr.6 Ejes: Y1-Y2-X-R-Z1-Z2 - TPC SRL","isPartOf":{"@id":"https:\/\/www.tpcsrl.com\/es\/#website"},"primaryImageOfPage":{"@id":"https:\/\/www.tpcsrl.com\/es\/prensa-plegadora-hidraulica-xl-4050x175-ton-esa-875-nr-6-ejes-y1-y2-x-r-z1-z2\/#primaryimage"},"image":{"@id":"https:\/\/www.tpcsrl.com\/es\/prensa-plegadora-hidraulica-xl-4050x175-ton-esa-875-nr-6-ejes-y1-y2-x-r-z1-z2\/#primaryimage"},"thumbnailUrl":"https:\/\/www.tpcsrl.com\/wp-content\/uploads\/2025\/03\/original-pressa-piegatrice-idraulica-xl-4050-175-ton-esa-875-nr-6-assi-y1-y2-x-r-z1-z2.jpg","datePublished":"2025-03-19T15:06:42+00:00","description":"Scopri Prensa Plegadora Hidr\u00e1ulica XL 4050\u00d7175 ton Esa 875 nr.6 Ejes: Y1-Y2-X-R-Z1-Z2 su TPC SRL - qualit\u00e0, prestazioni e assistenza garantita.","breadcrumb":{"@id":"https:\/\/www.tpcsrl.com\/es\/prensa-plegadora-hidraulica-xl-4050x175-ton-esa-875-nr-6-ejes-y1-y2-x-r-z1-z2\/#breadcrumb"},"inLanguage":"es","potentialAction":[{"@type":"ReadAction","target":["https:\/\/www.tpcsrl.com\/es\/prensa-plegadora-hidraulica-xl-4050x175-ton-esa-875-nr-6-ejes-y1-y2-x-r-z1-z2\/"]}]},{"@type":"ImageObject","inLanguage":"es","@id":"https:\/\/www.tpcsrl.com\/es\/prensa-plegadora-hidraulica-xl-4050x175-ton-esa-875-nr-6-ejes-y1-y2-x-r-z1-z2\/#primaryimage","url":"https:\/\/www.tpcsrl.com\/wp-content\/uploads\/2025\/03\/original-pressa-piegatrice-idraulica-xl-4050-175-ton-esa-875-nr-6-assi-y1-y2-x-r-z1-z2.jpg","contentUrl":"https:\/\/www.tpcsrl.com\/wp-content\/uploads\/2025\/03\/original-pressa-piegatrice-idraulica-xl-4050-175-ton-esa-875-nr-6-assi-y1-y2-x-r-z1-z2.jpg","width":914,"height":820,"caption":"Prensa Plegadora Hidr\u00e1ulica XL 4050\u00d7175 ton Esa 875 nr.6 Ejes: Y1-Y2-X-R-Z1-Z2"},{"@type":"BreadcrumbList","@id":"https:\/\/www.tpcsrl.com\/es\/prensa-plegadora-hidraulica-xl-4050x175-ton-esa-875-nr-6-ejes-y1-y2-x-r-z1-z2\/#breadcrumb","itemListElement":[{"@type":"ListItem","position":1,"name":"Home","item":"https:\/\/www.tpcsrl.com\/es\/"},{"@type":"ListItem","position":2,"name":"Tienda","item":"https:\/\/www.tpcsrl.com\/es\/tienda\/"},{"@type":"ListItem","position":3,"name":"Prensa Plegadora Hidr\u00e1ulica XL 4050\u00d7175 ton Esa 875 nr.6 Ejes: Y1-Y2-X-R-Z1-Z2"}]},{"@type":"WebSite","@id":"https:\/\/www.tpcsrl.com\/es\/#website","url":"https:\/\/www.tpcsrl.com\/es\/","name":"TPC SRL","description":"Leader nell\u2019acquisto e vendita di macchine utensili","publisher":{"@id":"https:\/\/www.tpcsrl.com\/es\/#organization"},"potentialAction":[{"@type":"SearchAction","target":{"@type":"EntryPoint","urlTemplate":"https:\/\/www.tpcsrl.com\/es\/?s={search_term_string}"},"query-input":{"@type":"PropertyValueSpecification","valueRequired":true,"valueName":"search_term_string"}}],"inLanguage":"es"},{"@type":"Organization","@id":"https:\/\/www.tpcsrl.com\/es\/#organization","name":"TPC SRL","url":"https:\/\/www.tpcsrl.com\/es\/","logo":{"@type":"ImageObject","inLanguage":"es","@id":"https:\/\/www.tpcsrl.com\/es\/#\/schema\/logo\/image\/","url":"https:\/\/www.tpcsrl.com\/wp-content\/uploads\/2026\/01\/logo-tpc-es.jpg","contentUrl":"https:\/\/www.tpcsrl.com\/wp-content\/uploads\/2026\/01\/logo-tpc-es.jpg","width":640,"height":316,"caption":"TPC SRL"},"image":{"@id":"https:\/\/www.tpcsrl.com\/es\/#\/schema\/logo\/image\/"},"sameAs":["https:\/\/www.facebook.com\/tpcsrl2022","https:\/\/www.youtube.com\/@TPCSRL"]}]}},"uagb_featured_image_src":{"full":["https:\/\/www.tpcsrl.com\/wp-content\/uploads\/2025\/03\/original-pressa-piegatrice-idraulica-xl-4050-175-ton-esa-875-nr-6-assi-y1-y2-x-r-z1-z2.jpg",914,820,false],"thumbnail":["https:\/\/www.tpcsrl.com\/wp-content\/uploads\/2025\/03\/original-pressa-piegatrice-idraulica-xl-4050-175-ton-esa-875-nr-6-assi-y1-y2-x-r-z1-z2-150x150.jpg",150,150,true],"medium":["https:\/\/www.tpcsrl.com\/wp-content\/uploads\/2025\/03\/original-pressa-piegatrice-idraulica-xl-4050-175-ton-esa-875-nr-6-assi-y1-y2-x-r-z1-z2-300x269.jpg",300,269,true],"medium_large":["https:\/\/www.tpcsrl.com\/wp-content\/uploads\/2025\/03\/original-pressa-piegatrice-idraulica-xl-4050-175-ton-esa-875-nr-6-assi-y1-y2-x-r-z1-z2-768x689.jpg",768,689,true],"large":["https:\/\/www.tpcsrl.com\/wp-content\/uploads\/2025\/03\/original-pressa-piegatrice-idraulica-xl-4050-175-ton-esa-875-nr-6-assi-y1-y2-x-r-z1-z2.jpg",914,820,false],"1536x1536":["https:\/\/www.tpcsrl.com\/wp-content\/uploads\/2025\/03\/original-pressa-piegatrice-idraulica-xl-4050-175-ton-esa-875-nr-6-assi-y1-y2-x-r-z1-z2.jpg",914,820,false],"2048x2048":["https:\/\/www.tpcsrl.com\/wp-content\/uploads\/2025\/03\/original-pressa-piegatrice-idraulica-xl-4050-175-ton-esa-875-nr-6-assi-y1-y2-x-r-z1-z2.jpg",914,820,false],"woocommerce_thumbnail":["https:\/\/www.tpcsrl.com\/wp-content\/uploads\/2025\/03\/original-pressa-piegatrice-idraulica-xl-4050-175-ton-esa-875-nr-6-assi-y1-y2-x-r-z1-z2-300x225.jpg",300,225,true],"woocommerce_single":["https:\/\/www.tpcsrl.com\/wp-content\/uploads\/2025\/03\/original-pressa-piegatrice-idraulica-xl-4050-175-ton-esa-875-nr-6-assi-y1-y2-x-r-z1-z2-600x538.jpg",600,538,true],"woocommerce_gallery_thumbnail":["https:\/\/www.tpcsrl.com\/wp-content\/uploads\/2025\/03\/original-pressa-piegatrice-idraulica-xl-4050-175-ton-esa-875-nr-6-assi-y1-y2-x-r-z1-z2-100x100.jpg",100,100,true]},"uagb_author_info":{"display_name":"tpc srl","author_link":"https:\/\/www.tpcsrl.com\/es\/author\/"},"uagb_comment_info":0,"uagb_excerpt":"M\u00c1QUINA EN ENTREGA INMEDIATAPrensa plegadora Dener 4050&#215;175 ton, control Esa 875, nr.6 ejes controlados, posibilidad de topes locos posteriores adicionales, [&hellip;]","_links":{"self":[{"href":"https:\/\/www.tpcsrl.com\/es\/wp-json\/wp\/v2\/product\/9589","targetHints":{"allow":["GET"]}}],"collection":[{"href":"https:\/\/www.tpcsrl.com\/es\/wp-json\/wp\/v2\/product"}],"about":[{"href":"https:\/\/www.tpcsrl.com\/es\/wp-json\/wp\/v2\/types\/product"}],"replies":[{"embeddable":true,"href":"https:\/\/www.tpcsrl.com\/es\/wp-json\/wp\/v2\/comments?post=9589"}],"wp:featuredmedia":[{"embeddable":true,"href":"https:\/\/www.tpcsrl.com\/es\/wp-json\/wp\/v2\/media\/8790"}],"wp:attachment":[{"href":"https:\/\/www.tpcsrl.com\/es\/wp-json\/wp\/v2\/media?parent=9589"}],"wp:term":[{"taxonomy":"product_brand","embeddable":true,"href":"https:\/\/www.tpcsrl.com\/es\/wp-json\/wp\/v2\/product_brand?post=9589"},{"taxonomy":"product_cat","embeddable":true,"href":"https:\/\/www.tpcsrl.com\/es\/wp-json\/wp\/v2\/product_cat?post=9589"},{"taxonomy":"product_tag","embeddable":true,"href":"https:\/\/www.tpcsrl.com\/es\/wp-json\/wp\/v2\/product_tag?post=9589"}],"curies":[{"name":"wp","href":"https:\/\/api.w.org\/{rel}","templated":true}]}}