{"id":9564,"date":"2025-03-19T16:06:42","date_gmt":"2025-03-19T15:06:42","guid":{"rendered":"https:\/\/www.tpcsrl.com\/prensa-plegadora-hidraulica-xl-3000x135-ton-cnc-esa-875-nr-6-ejes-controlados-y1-y2-x-r-z1-z2\/"},"modified":"2025-03-19T16:06:42","modified_gmt":"2025-03-19T15:06:42","slug":"prensa-plegadora-hidraulica-xl-3000x135-ton-cnc-esa-875-nr-6-ejes-controlados-y1-y2-x-r-z1-z2","status":"publish","type":"product","link":"https:\/\/www.tpcsrl.com\/es\/prensa-plegadora-hidraulica-xl-3000x135-ton-cnc-esa-875-nr-6-ejes-controlados-y1-y2-x-r-z1-z2\/","title":{"rendered":"Prensa Plegadora hidr\u00e1ulica XL 3000\u00d7135 Ton CNC Esa 875 Nr.6 Ejes Controlados: Y1-Y2-X-R-Z1-Z2"},"content":{"rendered":"<p>M\u00c1QUINA EN ENTREGA INMEDIATA<\/p>\n<p>Prensa plegadora hidr\u00e1ulica Dener, longitud de plegado 3020 mm, potencia 135 ton, nr. 6 ejes controlados: Y1-Y2-X-R-Z1-Z2, mesa de compensaci\u00f3n motorizada, acoplamiento de herramientas Promecam, soportes frontales de tipo ligero, control num\u00e9rico ESA 875, altura de la mesa de trabajo 900 mm, carrera del v\u00e1stago 320 mm, peso aproximado 9500 kg, motor principal 15 kw, hueco de montantes 450 mm, apertura 550 mm, posibilidad de topes traseros adicionales, dobles gu\u00edas de deslizamiento para la estabilizaci\u00f3n.<\/p>\n","protected":false},"excerpt":{"rendered":"<p>M\u00c1QUINA EN ENTREGA INMEDIATA Prensa plegadora hidr\u00e1ulica Dener, longitud de plegado 3020 mm, potencia 135 ton, nr. 6 ejes controlados: [&hellip;]<\/p>\n","protected":false},"featured_media":9565,"comment_status":"open","ping_status":"closed","template":"","meta":{"_acf_changed":false,"_uag_custom_page_level_css":"","site-sidebar-layout":"default","site-content-layout":"","ast-site-content-layout":"default","site-content-style":"default","site-sidebar-style":"default","ast-global-header-display":"","ast-banner-title-visibility":"","ast-main-header-display":"","ast-hfb-above-header-display":"","ast-hfb-below-header-display":"","ast-hfb-mobile-header-display":"","site-post-title":"","ast-breadcrumbs-content":"","ast-featured-img":"","footer-sml-layout":"","ast-disable-related-posts":"","theme-transparent-header-meta":"default","adv-header-id-meta":"","stick-header-meta":"default","header-above-stick-meta":"","header-main-stick-meta":"","header-below-stick-meta":"","astra-migrate-meta-layouts":"default","ast-page-background-enabled":"default","ast-page-background-meta":{"desktop":{"background-color":"var(--ast-global-color-5)","background-image":"","background-repeat":"repeat","background-position":"center center","background-size":"auto","background-attachment":"scroll","background-type":"","background-media":"","overlay-type":"","overlay-color":"","overlay-opacity":"","overlay-gradient":""},"tablet":{"background-color":"","background-image":"","background-repeat":"repeat","background-position":"center center","background-size":"auto","background-attachment":"scroll","background-type":"","background-media":"","overlay-type":"","overlay-color":"","overlay-opacity":"","overlay-gradient":""},"mobile":{"background-color":"","background-image":"","background-repeat":"repeat","background-position":"center center","background-size":"auto","background-attachment":"scroll","background-type":"","background-media":"","overlay-type":"","overlay-color":"","overlay-opacity":"","overlay-gradient":""}},"ast-content-background-meta":{"desktop":{"background-color":"var(--ast-global-color-4)","background-image":"","background-repeat":"repeat","background-position":"center center","background-size":"auto","background-attachment":"scroll","background-type":"","background-media":"","overlay-type":"","overlay-color":"","overlay-opacity":"","overlay-gradient":""},"tablet":{"background-color":"var(--ast-global-color-4)","background-image":"","background-repeat":"repeat","background-position":"center center","background-size":"auto","background-attachment":"scroll","background-type":"","background-media":"","overlay-type":"","overlay-color":"","overlay-opacity":"","overlay-gradient":""},"mobile":{"background-color":"var(--ast-global-color-4)","background-image":"","background-repeat":"repeat","background-position":"center center","background-size":"auto","background-attachment":"scroll","background-type":"","background-media":"","overlay-type":"","overlay-color":"","overlay-opacity":"","overlay-gradient":""}},"iawp_total_views":10},"product_brand":[1985],"product_cat":[1139],"product_tag":[],"class_list":{"0":"post-9564","1":"product","2":"type-product","3":"status-publish","4":"has-post-thumbnail","6":"product_brand-dener","7":"product_cat-plegadora-hidraulica","8":"desktop-align-left","9":"tablet-align-left","10":"mobile-align-left","12":"first","13":"instock","14":"shipping-taxable","15":"product-type-simple"},"acf":[],"yoast_head":"<!-- This site is optimized with the Yoast SEO plugin v27.6 - https:\/\/yoast.com\/product\/yoast-seo-wordpress\/ -->\n<title>Prensa Plegadora hidr\u00e1ulica XL 3000\u00d7135 Ton CNC Esa 875 Nr.6 Ejes Controlados: Y1-Y2-X-R-Z1-Z2 | TPC SRL<\/title>\n<meta name=\"description\" content=\"Prensa plegadora hidr\u00e1ulica Dener, longitud de plegado 3020 mm, potencia 135 ton, nr. 6 ejes controlados: Y1-Y2-X-R-Z1-Z2..\" \/>\n<meta name=\"robots\" content=\"index, follow, max-snippet:-1, max-image-preview:large, max-video-preview:-1\" \/>\n<link rel=\"canonical\" href=\"https:\/\/www.tpcsrl.com\/es\/prensa-plegadora-hidraulica-xl-3000x135-ton-cnc-esa-875-nr-6-ejes-controlados-y1-y2-x-r-z1-z2\/\" \/>\n<meta property=\"og:locale\" content=\"es_ES\" \/>\n<meta property=\"og:type\" content=\"article\" \/>\n<meta property=\"og:title\" content=\"Prensa Plegadora hidr\u00e1ulica XL 3000\u00d7135 Ton CNC Esa 875 Nr.6 Ejes Controlados: Y1-Y2-X-R-Z1-Z2 - TPC SRL\" \/>\n<meta property=\"og:description\" content=\"Prensa plegadora hidr\u00e1ulica Dener, longitud de plegado 3020 mm, potencia 135 ton, nr. 6 ejes controlados: Y1-Y2-X-R-Z1-Z2..\" \/>\n<meta property=\"og:url\" content=\"https:\/\/www.tpcsrl.com\/es\/prensa-plegadora-hidraulica-xl-3000x135-ton-cnc-esa-875-nr-6-ejes-controlados-y1-y2-x-r-z1-z2\/\" \/>\n<meta property=\"og:site_name\" content=\"TPC SRL\" \/>\n<meta property=\"article:publisher\" content=\"https:\/\/www.facebook.com\/tpcsrl2022\" \/>\n<meta property=\"og:image\" content=\"https:\/\/www.tpcsrl.com\/wp-content\/uploads\/2025\/03\/original-pressa-piegatrice-idraulica-xl-3000-135-ton-cnc-esa-875-nr-6-assi-controllati-y1-y2-x-r-z1-z.jpg\" \/>\n\t<meta property=\"og:image:width\" content=\"990\" \/>\n\t<meta property=\"og:image:height\" content=\"771\" \/>\n\t<meta property=\"og:image:type\" content=\"image\/jpeg\" \/>\n<meta name=\"twitter:card\" content=\"summary_large_image\" \/>\n<script type=\"application\/ld+json\" class=\"yoast-schema-graph\">{\"@context\":\"https:\\\/\\\/schema.org\",\"@graph\":[{\"@type\":\"WebPage\",\"@id\":\"https:\\\/\\\/www.tpcsrl.com\\\/es\\\/prensa-plegadora-hidraulica-xl-3000x135-ton-cnc-esa-875-nr-6-ejes-controlados-y1-y2-x-r-z1-z2\\\/\",\"url\":\"https:\\\/\\\/www.tpcsrl.com\\\/es\\\/prensa-plegadora-hidraulica-xl-3000x135-ton-cnc-esa-875-nr-6-ejes-controlados-y1-y2-x-r-z1-z2\\\/\",\"name\":\"Prensa Plegadora hidr\u00e1ulica XL 3000\u00d7135 Ton CNC Esa 875 Nr.6 Ejes Controlados: Y1-Y2-X-R-Z1-Z2 - TPC SRL\",\"isPartOf\":{\"@id\":\"https:\\\/\\\/www.tpcsrl.com\\\/es\\\/#website\"},\"primaryImageOfPage\":{\"@id\":\"https:\\\/\\\/www.tpcsrl.com\\\/es\\\/prensa-plegadora-hidraulica-xl-3000x135-ton-cnc-esa-875-nr-6-ejes-controlados-y1-y2-x-r-z1-z2\\\/#primaryimage\"},\"image\":{\"@id\":\"https:\\\/\\\/www.tpcsrl.com\\\/es\\\/prensa-plegadora-hidraulica-xl-3000x135-ton-cnc-esa-875-nr-6-ejes-controlados-y1-y2-x-r-z1-z2\\\/#primaryimage\"},\"thumbnailUrl\":\"https:\\\/\\\/www.tpcsrl.com\\\/wp-content\\\/uploads\\\/2025\\\/03\\\/original-pressa-piegatrice-idraulica-xl-3000-135-ton-cnc-esa-875-nr-6-assi-controllati-y1-y2-x-r-z1-z.jpg\",\"datePublished\":\"2025-03-19T15:06:42+00:00\",\"description\":\"Prensa plegadora hidr\u00e1ulica Dener, longitud de plegado 3020 mm, potencia 135 ton, nr. 6 ejes controlados: Y1-Y2-X-R-Z1-Z2..\",\"breadcrumb\":{\"@id\":\"https:\\\/\\\/www.tpcsrl.com\\\/es\\\/prensa-plegadora-hidraulica-xl-3000x135-ton-cnc-esa-875-nr-6-ejes-controlados-y1-y2-x-r-z1-z2\\\/#breadcrumb\"},\"inLanguage\":\"es\",\"potentialAction\":[{\"@type\":\"ReadAction\",\"target\":[\"https:\\\/\\\/www.tpcsrl.com\\\/es\\\/prensa-plegadora-hidraulica-xl-3000x135-ton-cnc-esa-875-nr-6-ejes-controlados-y1-y2-x-r-z1-z2\\\/\"]}]},{\"@type\":\"ImageObject\",\"inLanguage\":\"es\",\"@id\":\"https:\\\/\\\/www.tpcsrl.com\\\/es\\\/prensa-plegadora-hidraulica-xl-3000x135-ton-cnc-esa-875-nr-6-ejes-controlados-y1-y2-x-r-z1-z2\\\/#primaryimage\",\"url\":\"https:\\\/\\\/www.tpcsrl.com\\\/wp-content\\\/uploads\\\/2025\\\/03\\\/original-pressa-piegatrice-idraulica-xl-3000-135-ton-cnc-esa-875-nr-6-assi-controllati-y1-y2-x-r-z1-z.jpg\",\"contentUrl\":\"https:\\\/\\\/www.tpcsrl.com\\\/wp-content\\\/uploads\\\/2025\\\/03\\\/original-pressa-piegatrice-idraulica-xl-3000-135-ton-cnc-esa-875-nr-6-assi-controllati-y1-y2-x-r-z1-z.jpg\",\"width\":990,\"height\":771,\"caption\":\"Prensa Plegadora hidr\u00e1ulica XL 3000\u00d7135 Ton CNC Esa 875 Nr.6 Ejes Controlados: Y1-Y2-X-R-Z1-Z2\"},{\"@type\":\"BreadcrumbList\",\"@id\":\"https:\\\/\\\/www.tpcsrl.com\\\/es\\\/prensa-plegadora-hidraulica-xl-3000x135-ton-cnc-esa-875-nr-6-ejes-controlados-y1-y2-x-r-z1-z2\\\/#breadcrumb\",\"itemListElement\":[{\"@type\":\"ListItem\",\"position\":1,\"name\":\"Home\",\"item\":\"https:\\\/\\\/www.tpcsrl.com\\\/es\\\/\"},{\"@type\":\"ListItem\",\"position\":2,\"name\":\"Tienda\",\"item\":\"https:\\\/\\\/www.tpcsrl.com\\\/es\\\/tienda\\\/\"},{\"@type\":\"ListItem\",\"position\":3,\"name\":\"Prensa Plegadora hidr\u00e1ulica XL 3000\u00d7135 Ton CNC Esa 875 Nr.6 Ejes Controlados: Y1-Y2-X-R-Z1-Z2\"}]},{\"@type\":\"WebSite\",\"@id\":\"https:\\\/\\\/www.tpcsrl.com\\\/es\\\/#website\",\"url\":\"https:\\\/\\\/www.tpcsrl.com\\\/es\\\/\",\"name\":\"TPC SRL\",\"description\":\"Leader nell\u2019acquisto e vendita di macchine utensili\",\"publisher\":{\"@id\":\"https:\\\/\\\/www.tpcsrl.com\\\/es\\\/#organization\"},\"potentialAction\":[{\"@type\":\"SearchAction\",\"target\":{\"@type\":\"EntryPoint\",\"urlTemplate\":\"https:\\\/\\\/www.tpcsrl.com\\\/es\\\/?s={search_term_string}\"},\"query-input\":{\"@type\":\"PropertyValueSpecification\",\"valueRequired\":true,\"valueName\":\"search_term_string\"}}],\"inLanguage\":\"es\"},{\"@type\":\"Organization\",\"@id\":\"https:\\\/\\\/www.tpcsrl.com\\\/es\\\/#organization\",\"name\":\"TPC SRL\",\"url\":\"https:\\\/\\\/www.tpcsrl.com\\\/es\\\/\",\"logo\":{\"@type\":\"ImageObject\",\"inLanguage\":\"es\",\"@id\":\"https:\\\/\\\/www.tpcsrl.com\\\/es\\\/#\\\/schema\\\/logo\\\/image\\\/\",\"url\":\"https:\\\/\\\/www.tpcsrl.com\\\/wp-content\\\/uploads\\\/2026\\\/01\\\/logo-tpc-es.jpg\",\"contentUrl\":\"https:\\\/\\\/www.tpcsrl.com\\\/wp-content\\\/uploads\\\/2026\\\/01\\\/logo-tpc-es.jpg\",\"width\":640,\"height\":316,\"caption\":\"TPC SRL\"},\"image\":{\"@id\":\"https:\\\/\\\/www.tpcsrl.com\\\/es\\\/#\\\/schema\\\/logo\\\/image\\\/\"},\"sameAs\":[\"https:\\\/\\\/www.facebook.com\\\/tpcsrl2022\",\"https:\\\/\\\/www.youtube.com\\\/@TPCSRL\"]}]}<\/script>\n<!-- \/ Yoast SEO plugin. -->","yoast_head_json":{"title":"Prensa Plegadora hidr\u00e1ulica XL 3000\u00d7135 Ton CNC Esa 875 Nr.6 Ejes Controlados: Y1-Y2-X-R-Z1-Z2 | TPC SRL","description":"Prensa plegadora hidr\u00e1ulica Dener, longitud de plegado 3020 mm, potencia 135 ton, nr. 6 ejes controlados: Y1-Y2-X-R-Z1-Z2..","robots":{"index":"index","follow":"follow","max-snippet":"max-snippet:-1","max-image-preview":"max-image-preview:large","max-video-preview":"max-video-preview:-1"},"canonical":"https:\/\/www.tpcsrl.com\/es\/prensa-plegadora-hidraulica-xl-3000x135-ton-cnc-esa-875-nr-6-ejes-controlados-y1-y2-x-r-z1-z2\/","og_locale":"es_ES","og_type":"article","og_title":"Prensa Plegadora hidr\u00e1ulica XL 3000\u00d7135 Ton CNC Esa 875 Nr.6 Ejes Controlados: Y1-Y2-X-R-Z1-Z2 - TPC SRL","og_description":"Prensa plegadora hidr\u00e1ulica Dener, longitud de plegado 3020 mm, potencia 135 ton, nr. 6 ejes controlados: Y1-Y2-X-R-Z1-Z2..","og_url":"https:\/\/www.tpcsrl.com\/es\/prensa-plegadora-hidraulica-xl-3000x135-ton-cnc-esa-875-nr-6-ejes-controlados-y1-y2-x-r-z1-z2\/","og_site_name":"TPC SRL","article_publisher":"https:\/\/www.facebook.com\/tpcsrl2022","og_image":[{"width":990,"height":771,"url":"https:\/\/www.tpcsrl.com\/wp-content\/uploads\/2025\/03\/original-pressa-piegatrice-idraulica-xl-3000-135-ton-cnc-esa-875-nr-6-assi-controllati-y1-y2-x-r-z1-z.jpg","type":"image\/jpeg"}],"twitter_card":"summary_large_image","schema":{"@context":"https:\/\/schema.org","@graph":[{"@type":"WebPage","@id":"https:\/\/www.tpcsrl.com\/es\/prensa-plegadora-hidraulica-xl-3000x135-ton-cnc-esa-875-nr-6-ejes-controlados-y1-y2-x-r-z1-z2\/","url":"https:\/\/www.tpcsrl.com\/es\/prensa-plegadora-hidraulica-xl-3000x135-ton-cnc-esa-875-nr-6-ejes-controlados-y1-y2-x-r-z1-z2\/","name":"Prensa Plegadora hidr\u00e1ulica XL 3000\u00d7135 Ton CNC Esa 875 Nr.6 Ejes Controlados: Y1-Y2-X-R-Z1-Z2 - TPC SRL","isPartOf":{"@id":"https:\/\/www.tpcsrl.com\/es\/#website"},"primaryImageOfPage":{"@id":"https:\/\/www.tpcsrl.com\/es\/prensa-plegadora-hidraulica-xl-3000x135-ton-cnc-esa-875-nr-6-ejes-controlados-y1-y2-x-r-z1-z2\/#primaryimage"},"image":{"@id":"https:\/\/www.tpcsrl.com\/es\/prensa-plegadora-hidraulica-xl-3000x135-ton-cnc-esa-875-nr-6-ejes-controlados-y1-y2-x-r-z1-z2\/#primaryimage"},"thumbnailUrl":"https:\/\/www.tpcsrl.com\/wp-content\/uploads\/2025\/03\/original-pressa-piegatrice-idraulica-xl-3000-135-ton-cnc-esa-875-nr-6-assi-controllati-y1-y2-x-r-z1-z.jpg","datePublished":"2025-03-19T15:06:42+00:00","description":"Prensa plegadora hidr\u00e1ulica Dener, longitud de plegado 3020 mm, potencia 135 ton, nr. 6 ejes controlados: Y1-Y2-X-R-Z1-Z2..","breadcrumb":{"@id":"https:\/\/www.tpcsrl.com\/es\/prensa-plegadora-hidraulica-xl-3000x135-ton-cnc-esa-875-nr-6-ejes-controlados-y1-y2-x-r-z1-z2\/#breadcrumb"},"inLanguage":"es","potentialAction":[{"@type":"ReadAction","target":["https:\/\/www.tpcsrl.com\/es\/prensa-plegadora-hidraulica-xl-3000x135-ton-cnc-esa-875-nr-6-ejes-controlados-y1-y2-x-r-z1-z2\/"]}]},{"@type":"ImageObject","inLanguage":"es","@id":"https:\/\/www.tpcsrl.com\/es\/prensa-plegadora-hidraulica-xl-3000x135-ton-cnc-esa-875-nr-6-ejes-controlados-y1-y2-x-r-z1-z2\/#primaryimage","url":"https:\/\/www.tpcsrl.com\/wp-content\/uploads\/2025\/03\/original-pressa-piegatrice-idraulica-xl-3000-135-ton-cnc-esa-875-nr-6-assi-controllati-y1-y2-x-r-z1-z.jpg","contentUrl":"https:\/\/www.tpcsrl.com\/wp-content\/uploads\/2025\/03\/original-pressa-piegatrice-idraulica-xl-3000-135-ton-cnc-esa-875-nr-6-assi-controllati-y1-y2-x-r-z1-z.jpg","width":990,"height":771,"caption":"Prensa Plegadora hidr\u00e1ulica XL 3000\u00d7135 Ton CNC Esa 875 Nr.6 Ejes Controlados: Y1-Y2-X-R-Z1-Z2"},{"@type":"BreadcrumbList","@id":"https:\/\/www.tpcsrl.com\/es\/prensa-plegadora-hidraulica-xl-3000x135-ton-cnc-esa-875-nr-6-ejes-controlados-y1-y2-x-r-z1-z2\/#breadcrumb","itemListElement":[{"@type":"ListItem","position":1,"name":"Home","item":"https:\/\/www.tpcsrl.com\/es\/"},{"@type":"ListItem","position":2,"name":"Tienda","item":"https:\/\/www.tpcsrl.com\/es\/tienda\/"},{"@type":"ListItem","position":3,"name":"Prensa Plegadora hidr\u00e1ulica XL 3000\u00d7135 Ton CNC Esa 875 Nr.6 Ejes Controlados: Y1-Y2-X-R-Z1-Z2"}]},{"@type":"WebSite","@id":"https:\/\/www.tpcsrl.com\/es\/#website","url":"https:\/\/www.tpcsrl.com\/es\/","name":"TPC SRL","description":"Leader nell\u2019acquisto e vendita di macchine utensili","publisher":{"@id":"https:\/\/www.tpcsrl.com\/es\/#organization"},"potentialAction":[{"@type":"SearchAction","target":{"@type":"EntryPoint","urlTemplate":"https:\/\/www.tpcsrl.com\/es\/?s={search_term_string}"},"query-input":{"@type":"PropertyValueSpecification","valueRequired":true,"valueName":"search_term_string"}}],"inLanguage":"es"},{"@type":"Organization","@id":"https:\/\/www.tpcsrl.com\/es\/#organization","name":"TPC SRL","url":"https:\/\/www.tpcsrl.com\/es\/","logo":{"@type":"ImageObject","inLanguage":"es","@id":"https:\/\/www.tpcsrl.com\/es\/#\/schema\/logo\/image\/","url":"https:\/\/www.tpcsrl.com\/wp-content\/uploads\/2026\/01\/logo-tpc-es.jpg","contentUrl":"https:\/\/www.tpcsrl.com\/wp-content\/uploads\/2026\/01\/logo-tpc-es.jpg","width":640,"height":316,"caption":"TPC SRL"},"image":{"@id":"https:\/\/www.tpcsrl.com\/es\/#\/schema\/logo\/image\/"},"sameAs":["https:\/\/www.facebook.com\/tpcsrl2022","https:\/\/www.youtube.com\/@TPCSRL"]}]}},"uagb_featured_image_src":{"full":["https:\/\/www.tpcsrl.com\/wp-content\/uploads\/2025\/03\/original-pressa-piegatrice-idraulica-xl-3000-135-ton-cnc-esa-875-nr-6-assi-controllati-y1-y2-x-r-z1-z.jpg",990,771,false],"thumbnail":["https:\/\/www.tpcsrl.com\/wp-content\/uploads\/2025\/03\/original-pressa-piegatrice-idraulica-xl-3000-135-ton-cnc-esa-875-nr-6-assi-controllati-y1-y2-x-r-z1-z-150x150.jpg",150,150,true],"medium":["https:\/\/www.tpcsrl.com\/wp-content\/uploads\/2025\/03\/original-pressa-piegatrice-idraulica-xl-3000-135-ton-cnc-esa-875-nr-6-assi-controllati-y1-y2-x-r-z1-z-300x234.jpg",300,234,true],"medium_large":["https:\/\/www.tpcsrl.com\/wp-content\/uploads\/2025\/03\/original-pressa-piegatrice-idraulica-xl-3000-135-ton-cnc-esa-875-nr-6-assi-controllati-y1-y2-x-r-z1-z-768x598.jpg",768,598,true],"large":["https:\/\/www.tpcsrl.com\/wp-content\/uploads\/2025\/03\/original-pressa-piegatrice-idraulica-xl-3000-135-ton-cnc-esa-875-nr-6-assi-controllati-y1-y2-x-r-z1-z.jpg",990,771,false],"1536x1536":["https:\/\/www.tpcsrl.com\/wp-content\/uploads\/2025\/03\/original-pressa-piegatrice-idraulica-xl-3000-135-ton-cnc-esa-875-nr-6-assi-controllati-y1-y2-x-r-z1-z.jpg",990,771,false],"2048x2048":["https:\/\/www.tpcsrl.com\/wp-content\/uploads\/2025\/03\/original-pressa-piegatrice-idraulica-xl-3000-135-ton-cnc-esa-875-nr-6-assi-controllati-y1-y2-x-r-z1-z.jpg",990,771,false],"woocommerce_thumbnail":["https:\/\/www.tpcsrl.com\/wp-content\/uploads\/2025\/03\/original-pressa-piegatrice-idraulica-xl-3000-135-ton-cnc-esa-875-nr-6-assi-controllati-y1-y2-x-r-z1-z-300x225.jpg",300,225,true],"woocommerce_single":["https:\/\/www.tpcsrl.com\/wp-content\/uploads\/2025\/03\/original-pressa-piegatrice-idraulica-xl-3000-135-ton-cnc-esa-875-nr-6-assi-controllati-y1-y2-x-r-z1-z-600x467.jpg",600,467,true],"woocommerce_gallery_thumbnail":["https:\/\/www.tpcsrl.com\/wp-content\/uploads\/2025\/03\/original-pressa-piegatrice-idraulica-xl-3000-135-ton-cnc-esa-875-nr-6-assi-controllati-y1-y2-x-r-z1-z-100x100.jpg",100,100,true]},"uagb_author_info":{"display_name":"tpc srl","author_link":"https:\/\/www.tpcsrl.com\/es\/author\/"},"uagb_comment_info":0,"uagb_excerpt":"M\u00c1QUINA EN ENTREGA INMEDIATA Prensa plegadora hidr\u00e1ulica Dener, longitud de plegado 3020 mm, potencia 135 ton, nr. 6 ejes controlados: [&hellip;]","_links":{"self":[{"href":"https:\/\/www.tpcsrl.com\/es\/wp-json\/wp\/v2\/product\/9564","targetHints":{"allow":["GET"]}}],"collection":[{"href":"https:\/\/www.tpcsrl.com\/es\/wp-json\/wp\/v2\/product"}],"about":[{"href":"https:\/\/www.tpcsrl.com\/es\/wp-json\/wp\/v2\/types\/product"}],"replies":[{"embeddable":true,"href":"https:\/\/www.tpcsrl.com\/es\/wp-json\/wp\/v2\/comments?post=9564"}],"wp:featuredmedia":[{"embeddable":true,"href":"https:\/\/www.tpcsrl.com\/es\/wp-json\/wp\/v2\/media\/9565"}],"wp:attachment":[{"href":"https:\/\/www.tpcsrl.com\/es\/wp-json\/wp\/v2\/media?parent=9564"}],"wp:term":[{"taxonomy":"product_brand","embeddable":true,"href":"https:\/\/www.tpcsrl.com\/es\/wp-json\/wp\/v2\/product_brand?post=9564"},{"taxonomy":"product_cat","embeddable":true,"href":"https:\/\/www.tpcsrl.com\/es\/wp-json\/wp\/v2\/product_cat?post=9564"},{"taxonomy":"product_tag","embeddable":true,"href":"https:\/\/www.tpcsrl.com\/es\/wp-json\/wp\/v2\/product_tag?post=9564"}],"curies":[{"name":"wp","href":"https:\/\/api.w.org\/{rel}","templated":true}]}}