{"id":8601,"date":"2025-03-19T16:16:12","date_gmt":"2025-03-19T15:16:12","guid":{"rendered":"https:\/\/www.tpcsrl.com\/maquinas-laser-de-fibra-para-el-corte-combinado\/"},"modified":"2025-12-09T16:28:43","modified_gmt":"2025-12-09T15:28:43","slug":"maquinas-laser-de-fibra-para-el-corte-combinado","status":"publish","type":"product","link":"https:\/\/www.tpcsrl.com\/es\/maquinas-laser-de-fibra-para-el-corte-combinado\/","title":{"rendered":"M\u00e1quinas l\u00e1ser de fibra para el corte combinado"},"content":{"rendered":"<p>El sistema PLUS TUBE representa la mejor opci\u00f3n en t\u00e9rminos de alto rendimiento, solidez estructural y elevada eficiencia, tanto para los trabajos planos como para los tubulares. El m\u00f3dulo de tubo completa el sistema, haci\u00e9ndolo vers\u00e1til y din\u00e1mico. <\/p>\n<p>Campo de trabajo disponibles:<\/p>\n<p>&#8211; 3000&#215;1500 mm<br \/>\n&#8211; 4000&#215;1500 mm<br \/>\n&#8211; 4000&#215;2000 mm<br \/>\n&#8211; 6000&#215;2000 mm<br \/>\n&#8211; 8000&#215;2000 mm<\/p>\n<p>Potencias disponibles:<\/p>\n<p>de 1000 W a 50.000 W<\/p>\n<p>La estructura de base est\u00e1 constituida por el sistema PLUS y el cabezal de corte EVO 3 puede gestionar hasta 50 kW de potencia l\u00e1ser. Garantiza eficiencia y fiabilidad en los trabajos m\u00e1s intensos, manteniendo elevado el est\u00e1ndar cualitativo. <\/p>\n<p>Cabezal EVO 3<\/p>\n<p>El cabezal de corte EVO3 tiene en dotaci\u00f3n un sensor capacitivo. El sistema PLUS TUBE utiliza el cabezal de corte autofocus EVO 3 que, enteramente proyectado por nuestro departamento de investigaci\u00f3n y desarrollo y realizado con mec\u00e1nicas de alt\u00edsima precisi\u00f3n por Cutlite Penta, est\u00e1 dotado adem\u00e1s de sensor\u00edstica de contacto y de temperatura. <\/p>\n<p>Cabezal Bevel<\/p>\n<p>El cabezal estudiado por Cutlite Penta permite realizar estos trabajos sin penalizar el cl\u00e1sico corte plano. El cabezal, innovador en su mec\u00e1nica, tiene dimensiones optimizadas, es ligero y permite girar de +\/- 45\u00b0 en ambas direcciones de corte. <\/p>\n<p>Fuentes l\u00e1ser<\/p>\n<p>Las fuentes l\u00e1ser de fibra permiten una gran versatilidad y consienten poder cortar m\u00faltiples tipolog\u00edas de metales. Desarrollada como un sistema \u00fanico, puede ser acoplada con una vasta selecci\u00f3n de di\u00e1metros de fibra \u00f3ptica. Alta eficiencia, \u00f3ptima calidad de haz y bajo consumo el\u00e9ctrico son las caracter\u00edsticas peculiares.  <\/p>\n<p>La fuente est\u00e1 contenida en un armario NEMA 12 acondicionado y sellado de modo que pueda operar tambi\u00e9n en ambientes hostiles.<\/p>\n<p>La alta fiabilidad de estas fuentes garantiza costes de mantenimiento muy reducidos.<\/p>\n<p>Cargador autom\u00e1tico<\/p>\n<p>El sistema PLUS TUBE puede ser equipado con el sistema de carga y descarga de los tubos.<\/p>\n<p>Carga m\u00e1xima 6 tubos con di\u00e1metro \u00f8 305 mm o lado m\u00e1ximo 220 mm<\/p>\n<p>Carga autom\u00e1tica tubos desde \u00f8 20mm &#8211; max. \u00f8 305 mm <\/p>\n<p>Carga autom\u00e1tica longitudes desde 1500 mm a 6500 mm aumentable a petici\u00f3n<\/p>\n<p>Superficies de deslizamiento enteramente revestidas en material pl\u00e1stico para evitar da\u00f1os y rayaduras en tubos delicados<\/p>\n<p>Posibilidad de montaje en zona lado operador o posterior, para optimizar el layout dentro del \u00e1rea de trabajo<\/p>\n<p>Carga, descarga y almac\u00e9n<\/p>\n<p>El sistema PLUS TUBE puede ser equipado con el sistema de carga y descarga de chapa en l\u00ednea o a 90\u00b0 y con la adici\u00f3n de almacenes de almacenamiento autom\u00e1ticos.<\/p>\n","protected":false},"excerpt":{"rendered":"<p>El sistema PLUS TUBE representa la mejor opci\u00f3n en t\u00e9rminos de alto rendimiento, solidez estructural y elevada eficiencia, tanto para [&hellip;]<\/p>\n","protected":false},"featured_media":2243,"comment_status":"open","ping_status":"closed","template":"","meta":{"_acf_changed":false,"_uag_custom_page_level_css":"","site-sidebar-layout":"default","site-content-layout":"","ast-site-content-layout":"default","site-content-style":"default","site-sidebar-style":"default","ast-global-header-display":"","ast-banner-title-visibility":"","ast-main-header-display":"","ast-hfb-above-header-display":"","ast-hfb-below-header-display":"","ast-hfb-mobile-header-display":"","site-post-title":"","ast-breadcrumbs-content":"","ast-featured-img":"","footer-sml-layout":"","ast-disable-related-posts":"","theme-transparent-header-meta":"default","adv-header-id-meta":"","stick-header-meta":"default","header-above-stick-meta":"","header-main-stick-meta":"","header-below-stick-meta":"","astra-migrate-meta-layouts":"default","ast-page-background-enabled":"default","ast-page-background-meta":{"desktop":{"background-color":"var(--ast-global-color-5)","background-image":"","background-repeat":"repeat","background-position":"center center","background-size":"auto","background-attachment":"scroll","background-type":"","background-media":"","overlay-type":"","overlay-color":"","overlay-opacity":"","overlay-gradient":""},"tablet":{"background-color":"","background-image":"","background-repeat":"repeat","background-position":"center center","background-size":"auto","background-attachment":"scroll","background-type":"","background-media":"","overlay-type":"","overlay-color":"","overlay-opacity":"","overlay-gradient":""},"mobile":{"background-color":"","background-image":"","background-repeat":"repeat","background-position":"center center","background-size":"auto","background-attachment":"scroll","background-type":"","background-media":"","overlay-type":"","overlay-color":"","overlay-opacity":"","overlay-gradient":""}},"ast-content-background-meta":{"desktop":{"background-color":"var(--ast-global-color-4)","background-image":"","background-repeat":"repeat","background-position":"center center","background-size":"auto","background-attachment":"scroll","background-type":"","background-media":"","overlay-type":"","overlay-color":"","overlay-opacity":"","overlay-gradient":""},"tablet":{"background-color":"var(--ast-global-color-4)","background-image":"","background-repeat":"repeat","background-position":"center center","background-size":"auto","background-attachment":"scroll","background-type":"","background-media":"","overlay-type":"","overlay-color":"","overlay-opacity":"","overlay-gradient":""},"mobile":{"background-color":"var(--ast-global-color-4)","background-image":"","background-repeat":"repeat","background-position":"center center","background-size":"auto","background-attachment":"scroll","background-type":"","background-media":"","overlay-type":"","overlay-color":"","overlay-opacity":"","overlay-gradient":""}},"iawp_total_views":1},"product_brand":[2026],"product_cat":[1354],"product_tag":[],"class_list":{"0":"post-8601","1":"product","2":"type-product","3":"status-publish","4":"has-post-thumbnail","6":"product_brand-cutlite-penta","7":"product_cat-corte-laser-de-tubos","8":"desktop-align-left","9":"tablet-align-left","10":"mobile-align-left","12":"first","13":"instock","14":"shipping-taxable","15":"product-type-simple"},"acf":[],"yoast_head":"<!-- This site is optimized with the Yoast SEO plugin v27.6 - https:\/\/yoast.com\/product\/yoast-seo-wordpress\/ -->\n<title>M\u00e1quinas l\u00e1ser de fibra para el corte combinado | TPC SRL<\/title>\n<meta name=\"description\" content=\"Scopri M\u00e1quinas l\u00e1ser de fibra para el corte combinado su TPC SRL - qualit\u00e0, prestazioni e assistenza garantita.\" \/>\n<meta name=\"robots\" content=\"index, follow, max-snippet:-1, max-image-preview:large, max-video-preview:-1\" \/>\n<link rel=\"canonical\" href=\"https:\/\/www.tpcsrl.com\/es\/maquinas-laser-de-fibra-para-el-corte-combinado\/\" \/>\n<meta property=\"og:locale\" content=\"es_ES\" \/>\n<meta property=\"og:type\" content=\"article\" \/>\n<meta property=\"og:title\" content=\"M\u00e1quinas l\u00e1ser de fibra para el corte combinado - TPC SRL\" \/>\n<meta property=\"og:description\" content=\"Scopri M\u00e1quinas l\u00e1ser de fibra para el corte combinado su TPC SRL - qualit\u00e0, prestazioni e assistenza garantita.\" \/>\n<meta property=\"og:url\" content=\"https:\/\/www.tpcsrl.com\/es\/maquinas-laser-de-fibra-para-el-corte-combinado\/\" \/>\n<meta property=\"og:site_name\" content=\"TPC SRL\" \/>\n<meta property=\"article:publisher\" content=\"https:\/\/www.facebook.com\/tpcsrl2022\" \/>\n<meta property=\"article:modified_time\" content=\"2025-12-09T15:28:43+00:00\" \/>\n<meta property=\"og:image\" content=\"https:\/\/www.tpcsrl.com\/wp-content\/uploads\/2025\/03\/original-macchine-laser-fibra-per-il-taglio-combo.jpg\" \/>\n\t<meta property=\"og:image:width\" content=\"1536\" \/>\n\t<meta property=\"og:image:height\" content=\"864\" \/>\n\t<meta property=\"og:image:type\" content=\"image\/jpeg\" \/>\n<meta name=\"twitter:card\" content=\"summary_large_image\" \/>\n<meta name=\"twitter:label1\" content=\"Tiempo de lectura\" \/>\n\t<meta name=\"twitter:data1\" content=\"2 minuto\" \/>\n<script type=\"application\/ld+json\" class=\"yoast-schema-graph\">{\"@context\":\"https:\\\/\\\/schema.org\",\"@graph\":[{\"@type\":\"WebPage\",\"@id\":\"https:\\\/\\\/www.tpcsrl.com\\\/es\\\/maquinas-laser-de-fibra-para-el-corte-combinado\\\/\",\"url\":\"https:\\\/\\\/www.tpcsrl.com\\\/es\\\/maquinas-laser-de-fibra-para-el-corte-combinado\\\/\",\"name\":\"M\u00e1quinas l\u00e1ser de fibra para el corte combinado - TPC SRL\",\"isPartOf\":{\"@id\":\"https:\\\/\\\/www.tpcsrl.com\\\/es\\\/#website\"},\"primaryImageOfPage\":{\"@id\":\"https:\\\/\\\/www.tpcsrl.com\\\/es\\\/maquinas-laser-de-fibra-para-el-corte-combinado\\\/#primaryimage\"},\"image\":{\"@id\":\"https:\\\/\\\/www.tpcsrl.com\\\/es\\\/maquinas-laser-de-fibra-para-el-corte-combinado\\\/#primaryimage\"},\"thumbnailUrl\":\"https:\\\/\\\/www.tpcsrl.com\\\/wp-content\\\/uploads\\\/2025\\\/03\\\/original-macchine-laser-fibra-per-il-taglio-combo.jpg\",\"datePublished\":\"2025-03-19T15:16:12+00:00\",\"dateModified\":\"2025-12-09T15:28:43+00:00\",\"description\":\"Scopri M\u00e1quinas l\u00e1ser de fibra para el corte combinado su TPC SRL - qualit\u00e0, prestazioni e assistenza garantita.\",\"breadcrumb\":{\"@id\":\"https:\\\/\\\/www.tpcsrl.com\\\/es\\\/maquinas-laser-de-fibra-para-el-corte-combinado\\\/#breadcrumb\"},\"inLanguage\":\"es\",\"potentialAction\":[{\"@type\":\"ReadAction\",\"target\":[\"https:\\\/\\\/www.tpcsrl.com\\\/es\\\/maquinas-laser-de-fibra-para-el-corte-combinado\\\/\"]}]},{\"@type\":\"ImageObject\",\"inLanguage\":\"es\",\"@id\":\"https:\\\/\\\/www.tpcsrl.com\\\/es\\\/maquinas-laser-de-fibra-para-el-corte-combinado\\\/#primaryimage\",\"url\":\"https:\\\/\\\/www.tpcsrl.com\\\/wp-content\\\/uploads\\\/2025\\\/03\\\/original-macchine-laser-fibra-per-il-taglio-combo.jpg\",\"contentUrl\":\"https:\\\/\\\/www.tpcsrl.com\\\/wp-content\\\/uploads\\\/2025\\\/03\\\/original-macchine-laser-fibra-per-il-taglio-combo.jpg\",\"width\":1536,\"height\":864,\"caption\":\"M\u00e1quinas l\u00e1ser de fibra para el corte combinado\"},{\"@type\":\"BreadcrumbList\",\"@id\":\"https:\\\/\\\/www.tpcsrl.com\\\/es\\\/maquinas-laser-de-fibra-para-el-corte-combinado\\\/#breadcrumb\",\"itemListElement\":[{\"@type\":\"ListItem\",\"position\":1,\"name\":\"Home\",\"item\":\"https:\\\/\\\/www.tpcsrl.com\\\/es\\\/\"},{\"@type\":\"ListItem\",\"position\":2,\"name\":\"Tienda\",\"item\":\"https:\\\/\\\/www.tpcsrl.com\\\/es\\\/tienda\\\/\"},{\"@type\":\"ListItem\",\"position\":3,\"name\":\"M\u00e1quinas l\u00e1ser de fibra para el corte combinado\"}]},{\"@type\":\"WebSite\",\"@id\":\"https:\\\/\\\/www.tpcsrl.com\\\/es\\\/#website\",\"url\":\"https:\\\/\\\/www.tpcsrl.com\\\/es\\\/\",\"name\":\"TPC SRL\",\"description\":\"Leader nell\u2019acquisto e vendita di macchine utensili\",\"publisher\":{\"@id\":\"https:\\\/\\\/www.tpcsrl.com\\\/es\\\/#organization\"},\"potentialAction\":[{\"@type\":\"SearchAction\",\"target\":{\"@type\":\"EntryPoint\",\"urlTemplate\":\"https:\\\/\\\/www.tpcsrl.com\\\/es\\\/?s={search_term_string}\"},\"query-input\":{\"@type\":\"PropertyValueSpecification\",\"valueRequired\":true,\"valueName\":\"search_term_string\"}}],\"inLanguage\":\"es\"},{\"@type\":\"Organization\",\"@id\":\"https:\\\/\\\/www.tpcsrl.com\\\/es\\\/#organization\",\"name\":\"TPC SRL\",\"url\":\"https:\\\/\\\/www.tpcsrl.com\\\/es\\\/\",\"logo\":{\"@type\":\"ImageObject\",\"inLanguage\":\"es\",\"@id\":\"https:\\\/\\\/www.tpcsrl.com\\\/es\\\/#\\\/schema\\\/logo\\\/image\\\/\",\"url\":\"https:\\\/\\\/www.tpcsrl.com\\\/wp-content\\\/uploads\\\/2026\\\/01\\\/logo-tpc-es.jpg\",\"contentUrl\":\"https:\\\/\\\/www.tpcsrl.com\\\/wp-content\\\/uploads\\\/2026\\\/01\\\/logo-tpc-es.jpg\",\"width\":640,\"height\":316,\"caption\":\"TPC SRL\"},\"image\":{\"@id\":\"https:\\\/\\\/www.tpcsrl.com\\\/es\\\/#\\\/schema\\\/logo\\\/image\\\/\"},\"sameAs\":[\"https:\\\/\\\/www.facebook.com\\\/tpcsrl2022\",\"https:\\\/\\\/www.youtube.com\\\/@TPCSRL\"]}]}<\/script>\n<!-- \/ Yoast SEO plugin. -->","yoast_head_json":{"title":"M\u00e1quinas l\u00e1ser de fibra para el corte combinado | TPC SRL","description":"Scopri M\u00e1quinas l\u00e1ser de fibra para el corte combinado su TPC SRL - qualit\u00e0, prestazioni e assistenza garantita.","robots":{"index":"index","follow":"follow","max-snippet":"max-snippet:-1","max-image-preview":"max-image-preview:large","max-video-preview":"max-video-preview:-1"},"canonical":"https:\/\/www.tpcsrl.com\/es\/maquinas-laser-de-fibra-para-el-corte-combinado\/","og_locale":"es_ES","og_type":"article","og_title":"M\u00e1quinas l\u00e1ser de fibra para el corte combinado - TPC SRL","og_description":"Scopri M\u00e1quinas l\u00e1ser de fibra para el corte combinado su TPC SRL - qualit\u00e0, prestazioni e assistenza garantita.","og_url":"https:\/\/www.tpcsrl.com\/es\/maquinas-laser-de-fibra-para-el-corte-combinado\/","og_site_name":"TPC SRL","article_publisher":"https:\/\/www.facebook.com\/tpcsrl2022","article_modified_time":"2025-12-09T15:28:43+00:00","og_image":[{"width":1536,"height":864,"url":"https:\/\/www.tpcsrl.com\/wp-content\/uploads\/2025\/03\/original-macchine-laser-fibra-per-il-taglio-combo.jpg","type":"image\/jpeg"}],"twitter_card":"summary_large_image","twitter_misc":{"Tiempo de lectura":"2 minuto"},"schema":{"@context":"https:\/\/schema.org","@graph":[{"@type":"WebPage","@id":"https:\/\/www.tpcsrl.com\/es\/maquinas-laser-de-fibra-para-el-corte-combinado\/","url":"https:\/\/www.tpcsrl.com\/es\/maquinas-laser-de-fibra-para-el-corte-combinado\/","name":"M\u00e1quinas l\u00e1ser de fibra para el corte combinado - TPC SRL","isPartOf":{"@id":"https:\/\/www.tpcsrl.com\/es\/#website"},"primaryImageOfPage":{"@id":"https:\/\/www.tpcsrl.com\/es\/maquinas-laser-de-fibra-para-el-corte-combinado\/#primaryimage"},"image":{"@id":"https:\/\/www.tpcsrl.com\/es\/maquinas-laser-de-fibra-para-el-corte-combinado\/#primaryimage"},"thumbnailUrl":"https:\/\/www.tpcsrl.com\/wp-content\/uploads\/2025\/03\/original-macchine-laser-fibra-per-il-taglio-combo.jpg","datePublished":"2025-03-19T15:16:12+00:00","dateModified":"2025-12-09T15:28:43+00:00","description":"Scopri M\u00e1quinas l\u00e1ser de fibra para el corte combinado su TPC SRL - qualit\u00e0, prestazioni e assistenza garantita.","breadcrumb":{"@id":"https:\/\/www.tpcsrl.com\/es\/maquinas-laser-de-fibra-para-el-corte-combinado\/#breadcrumb"},"inLanguage":"es","potentialAction":[{"@type":"ReadAction","target":["https:\/\/www.tpcsrl.com\/es\/maquinas-laser-de-fibra-para-el-corte-combinado\/"]}]},{"@type":"ImageObject","inLanguage":"es","@id":"https:\/\/www.tpcsrl.com\/es\/maquinas-laser-de-fibra-para-el-corte-combinado\/#primaryimage","url":"https:\/\/www.tpcsrl.com\/wp-content\/uploads\/2025\/03\/original-macchine-laser-fibra-per-il-taglio-combo.jpg","contentUrl":"https:\/\/www.tpcsrl.com\/wp-content\/uploads\/2025\/03\/original-macchine-laser-fibra-per-il-taglio-combo.jpg","width":1536,"height":864,"caption":"M\u00e1quinas l\u00e1ser de fibra para el corte combinado"},{"@type":"BreadcrumbList","@id":"https:\/\/www.tpcsrl.com\/es\/maquinas-laser-de-fibra-para-el-corte-combinado\/#breadcrumb","itemListElement":[{"@type":"ListItem","position":1,"name":"Home","item":"https:\/\/www.tpcsrl.com\/es\/"},{"@type":"ListItem","position":2,"name":"Tienda","item":"https:\/\/www.tpcsrl.com\/es\/tienda\/"},{"@type":"ListItem","position":3,"name":"M\u00e1quinas l\u00e1ser de fibra para el corte combinado"}]},{"@type":"WebSite","@id":"https:\/\/www.tpcsrl.com\/es\/#website","url":"https:\/\/www.tpcsrl.com\/es\/","name":"TPC SRL","description":"Leader nell\u2019acquisto e vendita di macchine utensili","publisher":{"@id":"https:\/\/www.tpcsrl.com\/es\/#organization"},"potentialAction":[{"@type":"SearchAction","target":{"@type":"EntryPoint","urlTemplate":"https:\/\/www.tpcsrl.com\/es\/?s={search_term_string}"},"query-input":{"@type":"PropertyValueSpecification","valueRequired":true,"valueName":"search_term_string"}}],"inLanguage":"es"},{"@type":"Organization","@id":"https:\/\/www.tpcsrl.com\/es\/#organization","name":"TPC SRL","url":"https:\/\/www.tpcsrl.com\/es\/","logo":{"@type":"ImageObject","inLanguage":"es","@id":"https:\/\/www.tpcsrl.com\/es\/#\/schema\/logo\/image\/","url":"https:\/\/www.tpcsrl.com\/wp-content\/uploads\/2026\/01\/logo-tpc-es.jpg","contentUrl":"https:\/\/www.tpcsrl.com\/wp-content\/uploads\/2026\/01\/logo-tpc-es.jpg","width":640,"height":316,"caption":"TPC SRL"},"image":{"@id":"https:\/\/www.tpcsrl.com\/es\/#\/schema\/logo\/image\/"},"sameAs":["https:\/\/www.facebook.com\/tpcsrl2022","https:\/\/www.youtube.com\/@TPCSRL"]}]}},"uagb_featured_image_src":{"full":["https:\/\/www.tpcsrl.com\/wp-content\/uploads\/2025\/03\/original-macchine-laser-fibra-per-il-taglio-combo.jpg",1536,864,false],"thumbnail":["https:\/\/www.tpcsrl.com\/wp-content\/uploads\/2025\/03\/original-macchine-laser-fibra-per-il-taglio-combo-150x150.jpg",150,150,true],"medium":["https:\/\/www.tpcsrl.com\/wp-content\/uploads\/2025\/03\/original-macchine-laser-fibra-per-il-taglio-combo-300x169.jpg",300,169,true],"medium_large":["https:\/\/www.tpcsrl.com\/wp-content\/uploads\/2025\/03\/original-macchine-laser-fibra-per-il-taglio-combo-768x432.jpg",768,432,true],"large":["https:\/\/www.tpcsrl.com\/wp-content\/uploads\/2025\/03\/original-macchine-laser-fibra-per-il-taglio-combo-1024x576.jpg",1024,576,true],"1536x1536":["https:\/\/www.tpcsrl.com\/wp-content\/uploads\/2025\/03\/original-macchine-laser-fibra-per-il-taglio-combo.jpg",1536,864,false],"2048x2048":["https:\/\/www.tpcsrl.com\/wp-content\/uploads\/2025\/03\/original-macchine-laser-fibra-per-il-taglio-combo.jpg",1536,864,false],"woocommerce_thumbnail":["https:\/\/www.tpcsrl.com\/wp-content\/uploads\/2025\/03\/original-macchine-laser-fibra-per-il-taglio-combo-300x225.jpg",300,225,true],"woocommerce_single":["https:\/\/www.tpcsrl.com\/wp-content\/uploads\/2025\/03\/original-macchine-laser-fibra-per-il-taglio-combo-600x338.jpg",600,338,true],"woocommerce_gallery_thumbnail":["https:\/\/www.tpcsrl.com\/wp-content\/uploads\/2025\/03\/original-macchine-laser-fibra-per-il-taglio-combo-100x100.jpg",100,100,true]},"uagb_author_info":{"display_name":"tpc srl","author_link":"https:\/\/www.tpcsrl.com\/es\/author\/"},"uagb_comment_info":0,"uagb_excerpt":"El sistema PLUS TUBE representa la mejor opci\u00f3n en t\u00e9rminos de alto rendimiento, solidez estructural y elevada eficiencia, tanto para [&hellip;]","_links":{"self":[{"href":"https:\/\/www.tpcsrl.com\/es\/wp-json\/wp\/v2\/product\/8601","targetHints":{"allow":["GET"]}}],"collection":[{"href":"https:\/\/www.tpcsrl.com\/es\/wp-json\/wp\/v2\/product"}],"about":[{"href":"https:\/\/www.tpcsrl.com\/es\/wp-json\/wp\/v2\/types\/product"}],"replies":[{"embeddable":true,"href":"https:\/\/www.tpcsrl.com\/es\/wp-json\/wp\/v2\/comments?post=8601"}],"wp:featuredmedia":[{"embeddable":true,"href":"https:\/\/www.tpcsrl.com\/es\/wp-json\/wp\/v2\/media\/2243"}],"wp:attachment":[{"href":"https:\/\/www.tpcsrl.com\/es\/wp-json\/wp\/v2\/media?parent=8601"}],"wp:term":[{"taxonomy":"product_brand","embeddable":true,"href":"https:\/\/www.tpcsrl.com\/es\/wp-json\/wp\/v2\/product_brand?post=8601"},{"taxonomy":"product_cat","embeddable":true,"href":"https:\/\/www.tpcsrl.com\/es\/wp-json\/wp\/v2\/product_cat?post=8601"},{"taxonomy":"product_tag","embeddable":true,"href":"https:\/\/www.tpcsrl.com\/es\/wp-json\/wp\/v2\/product_tag?post=8601"}],"curies":[{"name":"wp","href":"https:\/\/api.w.org\/{rel}","templated":true}]}}