{"id":8562,"date":"2025-03-19T16:16:12","date_gmt":"2025-03-19T15:16:12","guid":{"rendered":"https:\/\/www.tpcsrl.com\/cutlite-penta-lme-tube\/"},"modified":"2025-12-09T16:28:36","modified_gmt":"2025-12-09T15:28:36","slug":"cutlite-penta-lme-tube","status":"publish","type":"product","link":"https:\/\/www.tpcsrl.com\/es\/cutlite-penta-lme-tube\/","title":{"rendered":"Cutlite Penta LME Tube"},"content":{"rendered":"<p>Cutlite Penta LME Tube<\/p>\n<p>El sistema de corte por l\u00e1ser de fibra LME TUBE representa la opci\u00f3n m\u00e1s flexible y multifuncional: la soluci\u00f3n ideal para peque\u00f1a\/mediana carpinter\u00eda met\u00e1lica que combina un tama\u00f1o compacto con excelente calidad y precisi\u00f3n de corte.<\/p>\n<p>Elija el \u00e1rea de trabajo:<\/p>\n<p>&#8211; 3000&#215;1500 mm<br \/>\n&#8211; 4000&#215;1500 mm<br \/>\n&#8211; 4000&#215;2000 mm<br \/>\n&#8211; 6000&#215;2000 mm<\/p>\n<p>Elija la potencia de 2000W a 15000 W<\/p>\n<p>Alto rendimiento para el procesamiento de chapas planas y tubos<\/p>\n<p>LME Tube combina las ventajas de un sistema LME para el corte de chapa plana con la nueva tecnolog\u00eda l\u00e1ser aplicada al corte de tubos para el nuevo FIBER Tube, que lo convierte en una verdadera m\u00e1quina para el procesamiento de tubos.<\/p>\n<p>La transici\u00f3n del procesamiento plano al tubular se realiza autom\u00e1ticamente y el proceso de corte utiliza el mismo cabezal de corte EVO 3, dise\u00f1ado y desarrollado internamente por Cutlite Penta, e incluye tambi\u00e9n la posibilidad de corte en bisel en el tubo. LME Tube representa la mejor relaci\u00f3n calidad-precio del mercado y garantiza una gran flexibilidad de uso con alto rendimiento de corte, manteniendo un alto est\u00e1ndar de calidad. <\/p>\n<p>Cabezal EVO 3<\/p>\n<p>El cabezal de corte EVO3 est\u00e1 equipado con un sensor capacitivo. El sistema LME TUBE utiliza el cabezal de corte autoenfoque EVO 3 que, completamente dise\u00f1ado por nuestro departamento de investigaci\u00f3n y desarrollo y fabricado con mec\u00e1nica de alta precisi\u00f3n por Cutlite Penta, est\u00e1 adem\u00e1s equipado con sensores de contacto y temperatura. <\/p>\n<p>Cabezal Bevel<\/p>\n<p>El cabezal estudiado por Cutlite Penta permite realizar estos trabajos sin penalizar el cl\u00e1sico corte plano. El cabezal, innovador en su mec\u00e1nica, tiene dimensiones optimizadas, es ligero y permite girar de +\/- 45\u00b0 en ambas direcciones de corte. <\/p>\n<p>Fuentes l\u00e1ser<\/p>\n<p>Las fuentes l\u00e1ser de fibra permiten una gran versatilidad y consienten poder cortar m\u00faltiples tipolog\u00edas de metales. Desarrollada como un sistema \u00fanico, puede ser acoplada con una vasta selecci\u00f3n de di\u00e1metros de fibra \u00f3ptica. Alta eficiencia, \u00f3ptima calidad de haz y bajo consumo el\u00e9ctrico son las caracter\u00edsticas peculiares.  <\/p>\n<p>La fuente est\u00e1 contenida en un armario NEMA 12 acondicionado y sellado de modo que pueda operar tambi\u00e9n en ambientes hostiles.<\/p>\n<p>La alta fiabilidad de estas fuentes garantiza costes de mantenimiento muy reducidos.<\/p>\n<p>Cargador autom\u00e1tico<\/p>\n<p>El sistema LME TUBE puede equiparse con el sistema de carga y descarga de tubos.<\/p>\n<p>Carga m\u00e1xima 6 tubos con di\u00e1metro \u00f8 305 mm o lado m\u00e1ximo 220 mm<\/p>\n<p>Carga autom\u00e1tica tubos desde \u00f8 20mm &#8211; max. \u00f8 305 mm <\/p>\n<p>Carga autom\u00e1tica longitudes desde 1500 mm a 6500 mm aumentable a petici\u00f3n<\/p>\n<p>Superficies de deslizamiento enteramente revestidas en material pl\u00e1stico para evitar da\u00f1os y rayaduras en tubos delicados<\/p>\n<p>Posibilidad de montaje en zona lado operador o posterior, para optimizar el layout dentro del \u00e1rea de trabajo<\/p>\n<p>Carga, descarga y almac\u00e9n<\/p>\n<p>El sistema PLUS TUBE puede ser equipado con el sistema de carga y descarga de chapa en l\u00ednea o a 90\u00b0 y con la adici\u00f3n de almacenes de almacenamiento autom\u00e1ticos.<\/p>\n","protected":false},"excerpt":{"rendered":"<p>Cutlite Penta LME Tube El sistema de corte por l\u00e1ser de fibra LME TUBE representa la opci\u00f3n m\u00e1s flexible y [&hellip;]<\/p>\n","protected":false},"featured_media":2249,"comment_status":"open","ping_status":"closed","template":"","meta":{"_acf_changed":false,"_uag_custom_page_level_css":"","site-sidebar-layout":"default","site-content-layout":"","ast-site-content-layout":"default","site-content-style":"default","site-sidebar-style":"default","ast-global-header-display":"","ast-banner-title-visibility":"","ast-main-header-display":"","ast-hfb-above-header-display":"","ast-hfb-below-header-display":"","ast-hfb-mobile-header-display":"","site-post-title":"","ast-breadcrumbs-content":"","ast-featured-img":"","footer-sml-layout":"","ast-disable-related-posts":"","theme-transparent-header-meta":"default","adv-header-id-meta":"","stick-header-meta":"default","header-above-stick-meta":"","header-main-stick-meta":"","header-below-stick-meta":"","astra-migrate-meta-layouts":"default","ast-page-background-enabled":"default","ast-page-background-meta":{"desktop":{"background-color":"var(--ast-global-color-5)","background-image":"","background-repeat":"repeat","background-position":"center center","background-size":"auto","background-attachment":"scroll","background-type":"","background-media":"","overlay-type":"","overlay-color":"","overlay-opacity":"","overlay-gradient":""},"tablet":{"background-color":"","background-image":"","background-repeat":"repeat","background-position":"center center","background-size":"auto","background-attachment":"scroll","background-type":"","background-media":"","overlay-type":"","overlay-color":"","overlay-opacity":"","overlay-gradient":""},"mobile":{"background-color":"","background-image":"","background-repeat":"repeat","background-position":"center center","background-size":"auto","background-attachment":"scroll","background-type":"","background-media":"","overlay-type":"","overlay-color":"","overlay-opacity":"","overlay-gradient":""}},"ast-content-background-meta":{"desktop":{"background-color":"var(--ast-global-color-4)","background-image":"","background-repeat":"repeat","background-position":"center center","background-size":"auto","background-attachment":"scroll","background-type":"","background-media":"","overlay-type":"","overlay-color":"","overlay-opacity":"","overlay-gradient":""},"tablet":{"background-color":"var(--ast-global-color-4)","background-image":"","background-repeat":"repeat","background-position":"center center","background-size":"auto","background-attachment":"scroll","background-type":"","background-media":"","overlay-type":"","overlay-color":"","overlay-opacity":"","overlay-gradient":""},"mobile":{"background-color":"var(--ast-global-color-4)","background-image":"","background-repeat":"repeat","background-position":"center center","background-size":"auto","background-attachment":"scroll","background-type":"","background-media":"","overlay-type":"","overlay-color":"","overlay-opacity":"","overlay-gradient":""}},"iawp_total_views":0},"product_brand":[2026],"product_cat":[1354],"product_tag":[],"class_list":{"0":"post-8562","1":"product","2":"type-product","3":"status-publish","4":"has-post-thumbnail","6":"product_brand-cutlite-penta","7":"product_cat-corte-laser-de-tubos","8":"desktop-align-left","9":"tablet-align-left","10":"mobile-align-left","12":"first","13":"instock","14":"shipping-taxable","15":"product-type-simple"},"acf":[],"yoast_head":"<!-- This site is optimized with the Yoast SEO plugin v27.4 - https:\/\/yoast.com\/product\/yoast-seo-wordpress\/ -->\n<title>Cutlite Penta LME Tube | TPC SRL<\/title>\n<meta name=\"description\" content=\"Cutlite Penta LME Tube: el sistema de corte por l\u00e1ser de fibra flexible y multifuncional para carpinter\u00eda met\u00e1lica, corte de chapa y tubos autom\u00e1tico con cabezal EVO 3.\" \/>\n<meta name=\"robots\" content=\"index, follow, max-snippet:-1, max-image-preview:large, max-video-preview:-1\" \/>\n<link rel=\"canonical\" href=\"https:\/\/www.tpcsrl.com\/es\/cutlite-penta-lme-tube\/\" \/>\n<meta property=\"og:locale\" content=\"es_ES\" \/>\n<meta property=\"og:type\" content=\"article\" \/>\n<meta property=\"og:title\" content=\"Cutlite Penta LME Tube - TPC SRL\" \/>\n<meta property=\"og:description\" content=\"Cutlite Penta LME Tube: el sistema de corte por l\u00e1ser de fibra flexible y multifuncional para carpinter\u00eda met\u00e1lica, corte de chapa y tubos autom\u00e1tico con cabezal EVO 3.\" \/>\n<meta property=\"og:url\" content=\"https:\/\/www.tpcsrl.com\/es\/cutlite-penta-lme-tube\/\" \/>\n<meta property=\"og:site_name\" content=\"TPC SRL\" \/>\n<meta property=\"article:publisher\" content=\"https:\/\/www.facebook.com\/tpcsrl2022\" \/>\n<meta property=\"article:modified_time\" content=\"2025-12-09T15:28:36+00:00\" \/>\n<meta property=\"og:image\" content=\"https:\/\/www.tpcsrl.com\/wp-content\/uploads\/2025\/03\/original-cutlite-penta-lme-tube.jpg\" \/>\n\t<meta property=\"og:image:width\" content=\"1536\" \/>\n\t<meta property=\"og:image:height\" content=\"864\" \/>\n\t<meta property=\"og:image:type\" content=\"image\/jpeg\" \/>\n<meta name=\"twitter:card\" content=\"summary_large_image\" \/>\n<meta name=\"twitter:label1\" content=\"Tiempo de lectura\" \/>\n\t<meta name=\"twitter:data1\" content=\"3 minuto\" \/>\n<script type=\"application\/ld+json\" class=\"yoast-schema-graph\">{\"@context\":\"https:\\\/\\\/schema.org\",\"@graph\":[{\"@type\":\"WebPage\",\"@id\":\"https:\\\/\\\/www.tpcsrl.com\\\/es\\\/cutlite-penta-lme-tube\\\/\",\"url\":\"https:\\\/\\\/www.tpcsrl.com\\\/es\\\/cutlite-penta-lme-tube\\\/\",\"name\":\"Cutlite Penta LME Tube - TPC SRL\",\"isPartOf\":{\"@id\":\"https:\\\/\\\/www.tpcsrl.com\\\/es\\\/#website\"},\"primaryImageOfPage\":{\"@id\":\"https:\\\/\\\/www.tpcsrl.com\\\/es\\\/cutlite-penta-lme-tube\\\/#primaryimage\"},\"image\":{\"@id\":\"https:\\\/\\\/www.tpcsrl.com\\\/es\\\/cutlite-penta-lme-tube\\\/#primaryimage\"},\"thumbnailUrl\":\"https:\\\/\\\/www.tpcsrl.com\\\/wp-content\\\/uploads\\\/2025\\\/03\\\/original-cutlite-penta-lme-tube.jpg\",\"datePublished\":\"2025-03-19T15:16:12+00:00\",\"dateModified\":\"2025-12-09T15:28:36+00:00\",\"description\":\"Cutlite Penta LME Tube: el sistema de corte por l\u00e1ser de fibra flexible y multifuncional para carpinter\u00eda met\u00e1lica, corte de chapa y tubos autom\u00e1tico con cabezal EVO 3.\",\"breadcrumb\":{\"@id\":\"https:\\\/\\\/www.tpcsrl.com\\\/es\\\/cutlite-penta-lme-tube\\\/#breadcrumb\"},\"inLanguage\":\"es\",\"potentialAction\":[{\"@type\":\"ReadAction\",\"target\":[\"https:\\\/\\\/www.tpcsrl.com\\\/es\\\/cutlite-penta-lme-tube\\\/\"]}]},{\"@type\":\"ImageObject\",\"inLanguage\":\"es\",\"@id\":\"https:\\\/\\\/www.tpcsrl.com\\\/es\\\/cutlite-penta-lme-tube\\\/#primaryimage\",\"url\":\"https:\\\/\\\/www.tpcsrl.com\\\/wp-content\\\/uploads\\\/2025\\\/03\\\/original-cutlite-penta-lme-tube.jpg\",\"contentUrl\":\"https:\\\/\\\/www.tpcsrl.com\\\/wp-content\\\/uploads\\\/2025\\\/03\\\/original-cutlite-penta-lme-tube.jpg\",\"width\":1536,\"height\":864,\"caption\":\"Cutlite Penta LME Tube\"},{\"@type\":\"BreadcrumbList\",\"@id\":\"https:\\\/\\\/www.tpcsrl.com\\\/es\\\/cutlite-penta-lme-tube\\\/#breadcrumb\",\"itemListElement\":[{\"@type\":\"ListItem\",\"position\":1,\"name\":\"Home\",\"item\":\"https:\\\/\\\/www.tpcsrl.com\\\/es\\\/\"},{\"@type\":\"ListItem\",\"position\":2,\"name\":\"Tienda\",\"item\":\"https:\\\/\\\/www.tpcsrl.com\\\/es\\\/tienda\\\/\"},{\"@type\":\"ListItem\",\"position\":3,\"name\":\"Cutlite Penta LME Tube\"}]},{\"@type\":\"WebSite\",\"@id\":\"https:\\\/\\\/www.tpcsrl.com\\\/es\\\/#website\",\"url\":\"https:\\\/\\\/www.tpcsrl.com\\\/es\\\/\",\"name\":\"TPC SRL\",\"description\":\"Leader nell\u2019acquisto e vendita di macchine utensili\",\"publisher\":{\"@id\":\"https:\\\/\\\/www.tpcsrl.com\\\/es\\\/#organization\"},\"potentialAction\":[{\"@type\":\"SearchAction\",\"target\":{\"@type\":\"EntryPoint\",\"urlTemplate\":\"https:\\\/\\\/www.tpcsrl.com\\\/es\\\/?s={search_term_string}\"},\"query-input\":{\"@type\":\"PropertyValueSpecification\",\"valueRequired\":true,\"valueName\":\"search_term_string\"}}],\"inLanguage\":\"es\"},{\"@type\":\"Organization\",\"@id\":\"https:\\\/\\\/www.tpcsrl.com\\\/es\\\/#organization\",\"name\":\"TPC SRL\",\"url\":\"https:\\\/\\\/www.tpcsrl.com\\\/es\\\/\",\"logo\":{\"@type\":\"ImageObject\",\"inLanguage\":\"es\",\"@id\":\"https:\\\/\\\/www.tpcsrl.com\\\/es\\\/#\\\/schema\\\/logo\\\/image\\\/\",\"url\":\"https:\\\/\\\/www.tpcsrl.com\\\/wp-content\\\/uploads\\\/2026\\\/01\\\/logo-tpc-es.jpg\",\"contentUrl\":\"https:\\\/\\\/www.tpcsrl.com\\\/wp-content\\\/uploads\\\/2026\\\/01\\\/logo-tpc-es.jpg\",\"width\":640,\"height\":316,\"caption\":\"TPC SRL\"},\"image\":{\"@id\":\"https:\\\/\\\/www.tpcsrl.com\\\/es\\\/#\\\/schema\\\/logo\\\/image\\\/\"},\"sameAs\":[\"https:\\\/\\\/www.facebook.com\\\/tpcsrl2022\",\"https:\\\/\\\/www.youtube.com\\\/@TPCSRL\"]}]}<\/script>\n<!-- \/ Yoast SEO plugin. -->","yoast_head_json":{"title":"Cutlite Penta LME Tube | TPC SRL","description":"Cutlite Penta LME Tube: el sistema de corte por l\u00e1ser de fibra flexible y multifuncional para carpinter\u00eda met\u00e1lica, corte de chapa y tubos autom\u00e1tico con cabezal EVO 3.","robots":{"index":"index","follow":"follow","max-snippet":"max-snippet:-1","max-image-preview":"max-image-preview:large","max-video-preview":"max-video-preview:-1"},"canonical":"https:\/\/www.tpcsrl.com\/es\/cutlite-penta-lme-tube\/","og_locale":"es_ES","og_type":"article","og_title":"Cutlite Penta LME Tube - TPC SRL","og_description":"Cutlite Penta LME Tube: el sistema de corte por l\u00e1ser de fibra flexible y multifuncional para carpinter\u00eda met\u00e1lica, corte de chapa y tubos autom\u00e1tico con cabezal EVO 3.","og_url":"https:\/\/www.tpcsrl.com\/es\/cutlite-penta-lme-tube\/","og_site_name":"TPC SRL","article_publisher":"https:\/\/www.facebook.com\/tpcsrl2022","article_modified_time":"2025-12-09T15:28:36+00:00","og_image":[{"width":1536,"height":864,"url":"https:\/\/www.tpcsrl.com\/wp-content\/uploads\/2025\/03\/original-cutlite-penta-lme-tube.jpg","type":"image\/jpeg"}],"twitter_card":"summary_large_image","twitter_misc":{"Tiempo de lectura":"3 minuto"},"schema":{"@context":"https:\/\/schema.org","@graph":[{"@type":"WebPage","@id":"https:\/\/www.tpcsrl.com\/es\/cutlite-penta-lme-tube\/","url":"https:\/\/www.tpcsrl.com\/es\/cutlite-penta-lme-tube\/","name":"Cutlite Penta LME Tube - TPC SRL","isPartOf":{"@id":"https:\/\/www.tpcsrl.com\/es\/#website"},"primaryImageOfPage":{"@id":"https:\/\/www.tpcsrl.com\/es\/cutlite-penta-lme-tube\/#primaryimage"},"image":{"@id":"https:\/\/www.tpcsrl.com\/es\/cutlite-penta-lme-tube\/#primaryimage"},"thumbnailUrl":"https:\/\/www.tpcsrl.com\/wp-content\/uploads\/2025\/03\/original-cutlite-penta-lme-tube.jpg","datePublished":"2025-03-19T15:16:12+00:00","dateModified":"2025-12-09T15:28:36+00:00","description":"Cutlite Penta LME Tube: el sistema de corte por l\u00e1ser de fibra flexible y multifuncional para carpinter\u00eda met\u00e1lica, corte de chapa y tubos autom\u00e1tico con cabezal EVO 3.","breadcrumb":{"@id":"https:\/\/www.tpcsrl.com\/es\/cutlite-penta-lme-tube\/#breadcrumb"},"inLanguage":"es","potentialAction":[{"@type":"ReadAction","target":["https:\/\/www.tpcsrl.com\/es\/cutlite-penta-lme-tube\/"]}]},{"@type":"ImageObject","inLanguage":"es","@id":"https:\/\/www.tpcsrl.com\/es\/cutlite-penta-lme-tube\/#primaryimage","url":"https:\/\/www.tpcsrl.com\/wp-content\/uploads\/2025\/03\/original-cutlite-penta-lme-tube.jpg","contentUrl":"https:\/\/www.tpcsrl.com\/wp-content\/uploads\/2025\/03\/original-cutlite-penta-lme-tube.jpg","width":1536,"height":864,"caption":"Cutlite Penta LME Tube"},{"@type":"BreadcrumbList","@id":"https:\/\/www.tpcsrl.com\/es\/cutlite-penta-lme-tube\/#breadcrumb","itemListElement":[{"@type":"ListItem","position":1,"name":"Home","item":"https:\/\/www.tpcsrl.com\/es\/"},{"@type":"ListItem","position":2,"name":"Tienda","item":"https:\/\/www.tpcsrl.com\/es\/tienda\/"},{"@type":"ListItem","position":3,"name":"Cutlite Penta LME Tube"}]},{"@type":"WebSite","@id":"https:\/\/www.tpcsrl.com\/es\/#website","url":"https:\/\/www.tpcsrl.com\/es\/","name":"TPC SRL","description":"Leader nell\u2019acquisto e vendita di macchine utensili","publisher":{"@id":"https:\/\/www.tpcsrl.com\/es\/#organization"},"potentialAction":[{"@type":"SearchAction","target":{"@type":"EntryPoint","urlTemplate":"https:\/\/www.tpcsrl.com\/es\/?s={search_term_string}"},"query-input":{"@type":"PropertyValueSpecification","valueRequired":true,"valueName":"search_term_string"}}],"inLanguage":"es"},{"@type":"Organization","@id":"https:\/\/www.tpcsrl.com\/es\/#organization","name":"TPC SRL","url":"https:\/\/www.tpcsrl.com\/es\/","logo":{"@type":"ImageObject","inLanguage":"es","@id":"https:\/\/www.tpcsrl.com\/es\/#\/schema\/logo\/image\/","url":"https:\/\/www.tpcsrl.com\/wp-content\/uploads\/2026\/01\/logo-tpc-es.jpg","contentUrl":"https:\/\/www.tpcsrl.com\/wp-content\/uploads\/2026\/01\/logo-tpc-es.jpg","width":640,"height":316,"caption":"TPC SRL"},"image":{"@id":"https:\/\/www.tpcsrl.com\/es\/#\/schema\/logo\/image\/"},"sameAs":["https:\/\/www.facebook.com\/tpcsrl2022","https:\/\/www.youtube.com\/@TPCSRL"]}]}},"uagb_featured_image_src":{"full":["https:\/\/www.tpcsrl.com\/wp-content\/uploads\/2025\/03\/original-cutlite-penta-lme-tube.jpg",1536,864,false],"thumbnail":["https:\/\/www.tpcsrl.com\/wp-content\/uploads\/2025\/03\/original-cutlite-penta-lme-tube-150x150.jpg",150,150,true],"medium":["https:\/\/www.tpcsrl.com\/wp-content\/uploads\/2025\/03\/original-cutlite-penta-lme-tube-300x169.jpg",300,169,true],"medium_large":["https:\/\/www.tpcsrl.com\/wp-content\/uploads\/2025\/03\/original-cutlite-penta-lme-tube-768x432.jpg",768,432,true],"large":["https:\/\/www.tpcsrl.com\/wp-content\/uploads\/2025\/03\/original-cutlite-penta-lme-tube-1024x576.jpg",1024,576,true],"1536x1536":["https:\/\/www.tpcsrl.com\/wp-content\/uploads\/2025\/03\/original-cutlite-penta-lme-tube.jpg",1536,864,false],"2048x2048":["https:\/\/www.tpcsrl.com\/wp-content\/uploads\/2025\/03\/original-cutlite-penta-lme-tube.jpg",1536,864,false],"woocommerce_thumbnail":["https:\/\/www.tpcsrl.com\/wp-content\/uploads\/2025\/03\/original-cutlite-penta-lme-tube-300x225.jpg",300,225,true],"woocommerce_single":["https:\/\/www.tpcsrl.com\/wp-content\/uploads\/2025\/03\/original-cutlite-penta-lme-tube-600x338.jpg",600,338,true],"woocommerce_gallery_thumbnail":["https:\/\/www.tpcsrl.com\/wp-content\/uploads\/2025\/03\/original-cutlite-penta-lme-tube-100x100.jpg",100,100,true]},"uagb_author_info":{"display_name":"tpc srl","author_link":"https:\/\/www.tpcsrl.com\/es\/author\/"},"uagb_comment_info":0,"uagb_excerpt":"Cutlite Penta LME Tube El sistema de corte por l\u00e1ser de fibra LME TUBE representa la opci\u00f3n m\u00e1s flexible y [&hellip;]","_links":{"self":[{"href":"https:\/\/www.tpcsrl.com\/es\/wp-json\/wp\/v2\/product\/8562","targetHints":{"allow":["GET"]}}],"collection":[{"href":"https:\/\/www.tpcsrl.com\/es\/wp-json\/wp\/v2\/product"}],"about":[{"href":"https:\/\/www.tpcsrl.com\/es\/wp-json\/wp\/v2\/types\/product"}],"replies":[{"embeddable":true,"href":"https:\/\/www.tpcsrl.com\/es\/wp-json\/wp\/v2\/comments?post=8562"}],"wp:featuredmedia":[{"embeddable":true,"href":"https:\/\/www.tpcsrl.com\/es\/wp-json\/wp\/v2\/media\/2249"}],"wp:attachment":[{"href":"https:\/\/www.tpcsrl.com\/es\/wp-json\/wp\/v2\/media?parent=8562"}],"wp:term":[{"taxonomy":"product_brand","embeddable":true,"href":"https:\/\/www.tpcsrl.com\/es\/wp-json\/wp\/v2\/product_brand?post=8562"},{"taxonomy":"product_cat","embeddable":true,"href":"https:\/\/www.tpcsrl.com\/es\/wp-json\/wp\/v2\/product_cat?post=8562"},{"taxonomy":"product_tag","embeddable":true,"href":"https:\/\/www.tpcsrl.com\/es\/wp-json\/wp\/v2\/product_tag?post=8562"}],"curies":[{"name":"wp","href":"https:\/\/api.w.org\/{rel}","templated":true}]}}