{"id":8452,"date":"2025-03-19T16:16:12","date_gmt":"2025-03-19T15:16:12","guid":{"rendered":"https:\/\/www.tpcsrl.com\/corte-de-tubos-fiber-tube\/"},"modified":"2025-12-09T11:20:59","modified_gmt":"2025-12-09T10:20:59","slug":"corte-de-tubos-fiber-tube","status":"publish","type":"product","link":"https:\/\/www.tpcsrl.com\/es\/corte-de-tubos-fiber-tube\/","title":{"rendered":"Corte de Tubos Fiber Tube"},"content":{"rendered":"<p>Potencia de 2000 w a 6000 w<\/p>\n<p>Di\u00e1metros Disponibles:<\/p>\n<p>Redondo: m\u00edn. 12 mm &#8211; m\u00e1x. 120 mm, Rect.: m\u00edn. 12 mm &#8211; m\u00e1x. 120 mm<\/p>\n<p>Redondo: m\u00edn. 15 mm &#8211; m\u00e1x. 152,4 mm, Rect.: m\u00edn. 15 mm &#8211; m\u00e1x. 152,4 mm<\/p>\n<p>Redondo: m\u00edn. 20 mm &#8211; m\u00e1x. 220 mm, Rect.: m\u00edn. 20 mm &#8211; m\u00e1x. 160\/220 mm<\/p>\n<p>Redondo: m\u00edn. 20 mm &#8211; m\u00e1x. 305 mm, Rect.: m\u00edn. 20 mm &#8211; m\u00e1x. 220 mm<\/p>\n<p>La m\u00e1quina l\u00e1ser para el corte de tubos<\/p>\n<p>Fruto de la larga y consolidada experiencia de CUTLITE PENTA en el campo de las m\u00e1quinas l\u00e1ser, TUBE representa el futuro de la tecnolog\u00eda l\u00e1ser aplicada al corte de tubos met\u00e1licos. El sistema TUBE es una instalaci\u00f3n de procesamiento autom\u00e1tico que permite obtener una pieza terminada, completa con todos los procesos de corte requeridos, en un \u00fanico ciclo de trabajo. <\/p>\n<p>Este enfoque representa un salto tecnol\u00f3gico y productivo respecto a los m\u00e9todos tradicionales, que requieren m\u00faltiples pasos en diferentes m\u00e1quinas operadoras para realizar posteriormente las operaciones requeridas de corte, desbarbado, perforaci\u00f3n, refrentado, encastre y mecanizados especiales de control num\u00e9rico. Todo ello realizado con la velocidad, calidad, precisi\u00f3n, flexibilidad y fiabilidad de la tecnolog\u00eda l\u00e1ser. El sistema permite trabajar autom\u00e1ticamente tubos de secci\u00f3n redonda, cuadrada, rectangular y perfiles abiertos.  <\/p>\n<p>Cabezal TUBE<\/p>\n<p>Los sistemas TUBE cuentan con un cabezal de corte \u00fanico, fruto del ingenio de nuestro departamento de investigaci\u00f3n y desarrollo. El dise\u00f1o esencial, optimizado para minimizar el mantenimiento, se distingue por el aparato \u00f3ptico completamente sellado, que garantiza una larga duraci\u00f3n en el tiempo. La configuraci\u00f3n compacta y modular del cabezal Tube se caracteriza por la simplicidad de los consumibles.  <\/p>\n<p>Cargador autom\u00e1tico<\/p>\n<p>Capacidad m\u00e1xima 6 tubos con di\u00e1metro \u00f8 305 mm o lado m\u00e1ximo 220 mm<\/p>\n<p>Carga autom\u00e1tica de tubos de \u00f8 20mm &#8211; m\u00e1x. \u00f8 305 mm <\/p>\n<p>Carga autom\u00e1tica de longitudes de 1500 mm a 6500 mm ampliable bajo petici\u00f3n<\/p>\n<p>Superficies de deslizamiento completamente revestidas de material pl\u00e1stico para evitar da\u00f1os y rayaduras en tubos delicados<\/p>\n<p>Posibilidad de montaje en la zona del lado del operador o posterior, para optimizar el dise\u00f1o dentro del \u00e1rea de trabajo<\/p>\n<p>Cargador autom\u00e1tico<\/p>\n<p>DE HAZ<\/p>\n<p>Capacidad m\u00e1xima 2000\/4000 Kg<\/p>\n<p>Carga autom\u00e1tica de tubos de \u00d8 20mm (**) m\u00e1x. \u00f8 220mm (**) reducible bajo petici\u00f3n <\/p>\n<p>Carga autom\u00e1tica de longitudes de 1200 mm a 6500 mm ampliable bajo petici\u00f3n<\/p>\n<p>Medici\u00f3n de la longitud del tubo antes de la carga en la m\u00e1quina<\/p>\n<p>Superficies de deslizamiento completamente revestidas de material pl\u00e1stico para evitar da\u00f1os y rayaduras en tubos delicados<\/p>\n","protected":false},"excerpt":{"rendered":"<p>Potencia de 2000 w a 6000 w Di\u00e1metros Disponibles: Redondo: m\u00edn. 12 mm &#8211; m\u00e1x. 120 mm, Rect.: m\u00edn. 12 [&hellip;]<\/p>\n","protected":false},"featured_media":2239,"comment_status":"open","ping_status":"closed","template":"","meta":{"_acf_changed":false,"_uag_custom_page_level_css":"","site-sidebar-layout":"default","site-content-layout":"","ast-site-content-layout":"default","site-content-style":"default","site-sidebar-style":"default","ast-global-header-display":"","ast-banner-title-visibility":"","ast-main-header-display":"","ast-hfb-above-header-display":"","ast-hfb-below-header-display":"","ast-hfb-mobile-header-display":"","site-post-title":"","ast-breadcrumbs-content":"","ast-featured-img":"","footer-sml-layout":"","ast-disable-related-posts":"","theme-transparent-header-meta":"","adv-header-id-meta":"","stick-header-meta":"","header-above-stick-meta":"","header-main-stick-meta":"","header-below-stick-meta":"","astra-migrate-meta-layouts":"default","ast-page-background-enabled":"default","ast-page-background-meta":{"desktop":{"background-color":"var(--ast-global-color-5)","background-image":"","background-repeat":"repeat","background-position":"center center","background-size":"auto","background-attachment":"scroll","background-type":"","background-media":"","overlay-type":"","overlay-color":"","overlay-opacity":"","overlay-gradient":""},"tablet":{"background-color":"","background-image":"","background-repeat":"repeat","background-position":"center center","background-size":"auto","background-attachment":"scroll","background-type":"","background-media":"","overlay-type":"","overlay-color":"","overlay-opacity":"","overlay-gradient":""},"mobile":{"background-color":"","background-image":"","background-repeat":"repeat","background-position":"center center","background-size":"auto","background-attachment":"scroll","background-type":"","background-media":"","overlay-type":"","overlay-color":"","overlay-opacity":"","overlay-gradient":""}},"ast-content-background-meta":{"desktop":{"background-color":"var(--ast-global-color-4)","background-image":"","background-repeat":"repeat","background-position":"center center","background-size":"auto","background-attachment":"scroll","background-type":"","background-media":"","overlay-type":"","overlay-color":"","overlay-opacity":"","overlay-gradient":""},"tablet":{"background-color":"var(--ast-global-color-4)","background-image":"","background-repeat":"repeat","background-position":"center center","background-size":"auto","background-attachment":"scroll","background-type":"","background-media":"","overlay-type":"","overlay-color":"","overlay-opacity":"","overlay-gradient":""},"mobile":{"background-color":"var(--ast-global-color-4)","background-image":"","background-repeat":"repeat","background-position":"center center","background-size":"auto","background-attachment":"scroll","background-type":"","background-media":"","overlay-type":"","overlay-color":"","overlay-opacity":"","overlay-gradient":""}},"iawp_total_views":3},"product_brand":[2026],"product_cat":[1354],"product_tag":[],"class_list":{"0":"post-8452","1":"product","2":"type-product","3":"status-publish","4":"has-post-thumbnail","6":"product_brand-cutlite-penta","7":"product_cat-corte-laser-de-tubos","8":"desktop-align-left","9":"tablet-align-left","10":"mobile-align-left","12":"first","13":"instock","14":"shipping-taxable","15":"product-type-simple"},"acf":[],"yoast_head":"<!-- This site is optimized with the Yoast SEO plugin v27.4 - https:\/\/yoast.com\/product\/yoast-seo-wordpress\/ -->\n<title>Corte de Tubos Fiber Tube | TPC SRL<\/title>\n<meta name=\"description\" content=\"Scopri Corte de Tubos Fiber Tube su TPC SRL - qualit\u00e0, prestazioni e assistenza garantita.\" \/>\n<meta name=\"robots\" content=\"index, follow, max-snippet:-1, max-image-preview:large, max-video-preview:-1\" \/>\n<link rel=\"canonical\" href=\"https:\/\/www.tpcsrl.com\/es\/corte-de-tubos-fiber-tube\/\" \/>\n<meta property=\"og:locale\" content=\"es_ES\" \/>\n<meta property=\"og:type\" content=\"article\" \/>\n<meta property=\"og:title\" content=\"Corte de Tubos Fiber Tube - TPC SRL\" \/>\n<meta property=\"og:description\" content=\"Scopri Corte de Tubos Fiber Tube su TPC SRL - qualit\u00e0, prestazioni e assistenza garantita.\" \/>\n<meta property=\"og:url\" content=\"https:\/\/www.tpcsrl.com\/es\/corte-de-tubos-fiber-tube\/\" \/>\n<meta property=\"og:site_name\" content=\"TPC SRL\" \/>\n<meta property=\"article:publisher\" content=\"https:\/\/www.facebook.com\/tpcsrl2022\" \/>\n<meta property=\"article:modified_time\" content=\"2025-12-09T10:20:59+00:00\" \/>\n<meta property=\"og:image\" content=\"https:\/\/www.tpcsrl.com\/wp-content\/uploads\/2025\/03\/original-taglio-tubi-fiber-tube.jpg\" \/>\n\t<meta property=\"og:image:width\" content=\"1536\" \/>\n\t<meta property=\"og:image:height\" content=\"864\" \/>\n\t<meta property=\"og:image:type\" content=\"image\/jpeg\" \/>\n<meta name=\"twitter:card\" content=\"summary_large_image\" \/>\n<meta name=\"twitter:label1\" content=\"Tiempo de lectura\" \/>\n\t<meta name=\"twitter:data1\" content=\"2 minuto\" \/>\n<script type=\"application\/ld+json\" class=\"yoast-schema-graph\">{\"@context\":\"https:\\\/\\\/schema.org\",\"@graph\":[{\"@type\":\"WebPage\",\"@id\":\"https:\\\/\\\/www.tpcsrl.com\\\/es\\\/corte-de-tubos-fiber-tube\\\/\",\"url\":\"https:\\\/\\\/www.tpcsrl.com\\\/es\\\/corte-de-tubos-fiber-tube\\\/\",\"name\":\"Corte de Tubos Fiber Tube - TPC SRL\",\"isPartOf\":{\"@id\":\"https:\\\/\\\/www.tpcsrl.com\\\/es\\\/#website\"},\"primaryImageOfPage\":{\"@id\":\"https:\\\/\\\/www.tpcsrl.com\\\/es\\\/corte-de-tubos-fiber-tube\\\/#primaryimage\"},\"image\":{\"@id\":\"https:\\\/\\\/www.tpcsrl.com\\\/es\\\/corte-de-tubos-fiber-tube\\\/#primaryimage\"},\"thumbnailUrl\":\"https:\\\/\\\/www.tpcsrl.com\\\/wp-content\\\/uploads\\\/2025\\\/03\\\/original-taglio-tubi-fiber-tube.jpg\",\"datePublished\":\"2025-03-19T15:16:12+00:00\",\"dateModified\":\"2025-12-09T10:20:59+00:00\",\"description\":\"Scopri Corte de Tubos Fiber Tube su TPC SRL - qualit\u00e0, prestazioni e assistenza garantita.\",\"breadcrumb\":{\"@id\":\"https:\\\/\\\/www.tpcsrl.com\\\/es\\\/corte-de-tubos-fiber-tube\\\/#breadcrumb\"},\"inLanguage\":\"es\",\"potentialAction\":[{\"@type\":\"ReadAction\",\"target\":[\"https:\\\/\\\/www.tpcsrl.com\\\/es\\\/corte-de-tubos-fiber-tube\\\/\"]}]},{\"@type\":\"ImageObject\",\"inLanguage\":\"es\",\"@id\":\"https:\\\/\\\/www.tpcsrl.com\\\/es\\\/corte-de-tubos-fiber-tube\\\/#primaryimage\",\"url\":\"https:\\\/\\\/www.tpcsrl.com\\\/wp-content\\\/uploads\\\/2025\\\/03\\\/original-taglio-tubi-fiber-tube.jpg\",\"contentUrl\":\"https:\\\/\\\/www.tpcsrl.com\\\/wp-content\\\/uploads\\\/2025\\\/03\\\/original-taglio-tubi-fiber-tube.jpg\",\"width\":1536,\"height\":864,\"caption\":\"Corte de Tubos Fiber Tube\"},{\"@type\":\"BreadcrumbList\",\"@id\":\"https:\\\/\\\/www.tpcsrl.com\\\/es\\\/corte-de-tubos-fiber-tube\\\/#breadcrumb\",\"itemListElement\":[{\"@type\":\"ListItem\",\"position\":1,\"name\":\"Home\",\"item\":\"https:\\\/\\\/www.tpcsrl.com\\\/es\\\/\"},{\"@type\":\"ListItem\",\"position\":2,\"name\":\"Tienda\",\"item\":\"https:\\\/\\\/www.tpcsrl.com\\\/es\\\/tienda\\\/\"},{\"@type\":\"ListItem\",\"position\":3,\"name\":\"Corte de Tubos Fiber Tube\"}]},{\"@type\":\"WebSite\",\"@id\":\"https:\\\/\\\/www.tpcsrl.com\\\/es\\\/#website\",\"url\":\"https:\\\/\\\/www.tpcsrl.com\\\/es\\\/\",\"name\":\"TPC SRL\",\"description\":\"Leader nell\u2019acquisto e vendita di macchine utensili\",\"publisher\":{\"@id\":\"https:\\\/\\\/www.tpcsrl.com\\\/es\\\/#organization\"},\"potentialAction\":[{\"@type\":\"SearchAction\",\"target\":{\"@type\":\"EntryPoint\",\"urlTemplate\":\"https:\\\/\\\/www.tpcsrl.com\\\/es\\\/?s={search_term_string}\"},\"query-input\":{\"@type\":\"PropertyValueSpecification\",\"valueRequired\":true,\"valueName\":\"search_term_string\"}}],\"inLanguage\":\"es\"},{\"@type\":\"Organization\",\"@id\":\"https:\\\/\\\/www.tpcsrl.com\\\/es\\\/#organization\",\"name\":\"TPC SRL\",\"url\":\"https:\\\/\\\/www.tpcsrl.com\\\/es\\\/\",\"logo\":{\"@type\":\"ImageObject\",\"inLanguage\":\"es\",\"@id\":\"https:\\\/\\\/www.tpcsrl.com\\\/es\\\/#\\\/schema\\\/logo\\\/image\\\/\",\"url\":\"https:\\\/\\\/www.tpcsrl.com\\\/wp-content\\\/uploads\\\/2026\\\/01\\\/logo-tpc-es.jpg\",\"contentUrl\":\"https:\\\/\\\/www.tpcsrl.com\\\/wp-content\\\/uploads\\\/2026\\\/01\\\/logo-tpc-es.jpg\",\"width\":640,\"height\":316,\"caption\":\"TPC SRL\"},\"image\":{\"@id\":\"https:\\\/\\\/www.tpcsrl.com\\\/es\\\/#\\\/schema\\\/logo\\\/image\\\/\"},\"sameAs\":[\"https:\\\/\\\/www.facebook.com\\\/tpcsrl2022\",\"https:\\\/\\\/www.youtube.com\\\/@TPCSRL\"]}]}<\/script>\n<!-- \/ Yoast SEO plugin. -->","yoast_head_json":{"title":"Corte de Tubos Fiber Tube | TPC SRL","description":"Scopri Corte de Tubos Fiber Tube su TPC SRL - qualit\u00e0, prestazioni e assistenza garantita.","robots":{"index":"index","follow":"follow","max-snippet":"max-snippet:-1","max-image-preview":"max-image-preview:large","max-video-preview":"max-video-preview:-1"},"canonical":"https:\/\/www.tpcsrl.com\/es\/corte-de-tubos-fiber-tube\/","og_locale":"es_ES","og_type":"article","og_title":"Corte de Tubos Fiber Tube - TPC SRL","og_description":"Scopri Corte de Tubos Fiber Tube su TPC SRL - qualit\u00e0, prestazioni e assistenza garantita.","og_url":"https:\/\/www.tpcsrl.com\/es\/corte-de-tubos-fiber-tube\/","og_site_name":"TPC SRL","article_publisher":"https:\/\/www.facebook.com\/tpcsrl2022","article_modified_time":"2025-12-09T10:20:59+00:00","og_image":[{"width":1536,"height":864,"url":"https:\/\/www.tpcsrl.com\/wp-content\/uploads\/2025\/03\/original-taglio-tubi-fiber-tube.jpg","type":"image\/jpeg"}],"twitter_card":"summary_large_image","twitter_misc":{"Tiempo de lectura":"2 minuto"},"schema":{"@context":"https:\/\/schema.org","@graph":[{"@type":"WebPage","@id":"https:\/\/www.tpcsrl.com\/es\/corte-de-tubos-fiber-tube\/","url":"https:\/\/www.tpcsrl.com\/es\/corte-de-tubos-fiber-tube\/","name":"Corte de Tubos Fiber Tube - TPC SRL","isPartOf":{"@id":"https:\/\/www.tpcsrl.com\/es\/#website"},"primaryImageOfPage":{"@id":"https:\/\/www.tpcsrl.com\/es\/corte-de-tubos-fiber-tube\/#primaryimage"},"image":{"@id":"https:\/\/www.tpcsrl.com\/es\/corte-de-tubos-fiber-tube\/#primaryimage"},"thumbnailUrl":"https:\/\/www.tpcsrl.com\/wp-content\/uploads\/2025\/03\/original-taglio-tubi-fiber-tube.jpg","datePublished":"2025-03-19T15:16:12+00:00","dateModified":"2025-12-09T10:20:59+00:00","description":"Scopri Corte de Tubos Fiber Tube su TPC SRL - qualit\u00e0, prestazioni e assistenza garantita.","breadcrumb":{"@id":"https:\/\/www.tpcsrl.com\/es\/corte-de-tubos-fiber-tube\/#breadcrumb"},"inLanguage":"es","potentialAction":[{"@type":"ReadAction","target":["https:\/\/www.tpcsrl.com\/es\/corte-de-tubos-fiber-tube\/"]}]},{"@type":"ImageObject","inLanguage":"es","@id":"https:\/\/www.tpcsrl.com\/es\/corte-de-tubos-fiber-tube\/#primaryimage","url":"https:\/\/www.tpcsrl.com\/wp-content\/uploads\/2025\/03\/original-taglio-tubi-fiber-tube.jpg","contentUrl":"https:\/\/www.tpcsrl.com\/wp-content\/uploads\/2025\/03\/original-taglio-tubi-fiber-tube.jpg","width":1536,"height":864,"caption":"Corte de Tubos Fiber Tube"},{"@type":"BreadcrumbList","@id":"https:\/\/www.tpcsrl.com\/es\/corte-de-tubos-fiber-tube\/#breadcrumb","itemListElement":[{"@type":"ListItem","position":1,"name":"Home","item":"https:\/\/www.tpcsrl.com\/es\/"},{"@type":"ListItem","position":2,"name":"Tienda","item":"https:\/\/www.tpcsrl.com\/es\/tienda\/"},{"@type":"ListItem","position":3,"name":"Corte de Tubos Fiber Tube"}]},{"@type":"WebSite","@id":"https:\/\/www.tpcsrl.com\/es\/#website","url":"https:\/\/www.tpcsrl.com\/es\/","name":"TPC SRL","description":"Leader nell\u2019acquisto e vendita di macchine utensili","publisher":{"@id":"https:\/\/www.tpcsrl.com\/es\/#organization"},"potentialAction":[{"@type":"SearchAction","target":{"@type":"EntryPoint","urlTemplate":"https:\/\/www.tpcsrl.com\/es\/?s={search_term_string}"},"query-input":{"@type":"PropertyValueSpecification","valueRequired":true,"valueName":"search_term_string"}}],"inLanguage":"es"},{"@type":"Organization","@id":"https:\/\/www.tpcsrl.com\/es\/#organization","name":"TPC SRL","url":"https:\/\/www.tpcsrl.com\/es\/","logo":{"@type":"ImageObject","inLanguage":"es","@id":"https:\/\/www.tpcsrl.com\/es\/#\/schema\/logo\/image\/","url":"https:\/\/www.tpcsrl.com\/wp-content\/uploads\/2026\/01\/logo-tpc-es.jpg","contentUrl":"https:\/\/www.tpcsrl.com\/wp-content\/uploads\/2026\/01\/logo-tpc-es.jpg","width":640,"height":316,"caption":"TPC SRL"},"image":{"@id":"https:\/\/www.tpcsrl.com\/es\/#\/schema\/logo\/image\/"},"sameAs":["https:\/\/www.facebook.com\/tpcsrl2022","https:\/\/www.youtube.com\/@TPCSRL"]}]}},"uagb_featured_image_src":{"full":["https:\/\/www.tpcsrl.com\/wp-content\/uploads\/2025\/03\/original-taglio-tubi-fiber-tube.jpg",1536,864,false],"thumbnail":["https:\/\/www.tpcsrl.com\/wp-content\/uploads\/2025\/03\/original-taglio-tubi-fiber-tube-150x150.jpg",150,150,true],"medium":["https:\/\/www.tpcsrl.com\/wp-content\/uploads\/2025\/03\/original-taglio-tubi-fiber-tube-300x169.jpg",300,169,true],"medium_large":["https:\/\/www.tpcsrl.com\/wp-content\/uploads\/2025\/03\/original-taglio-tubi-fiber-tube-768x432.jpg",768,432,true],"large":["https:\/\/www.tpcsrl.com\/wp-content\/uploads\/2025\/03\/original-taglio-tubi-fiber-tube-1024x576.jpg",1024,576,true],"1536x1536":["https:\/\/www.tpcsrl.com\/wp-content\/uploads\/2025\/03\/original-taglio-tubi-fiber-tube.jpg",1536,864,false],"2048x2048":["https:\/\/www.tpcsrl.com\/wp-content\/uploads\/2025\/03\/original-taglio-tubi-fiber-tube.jpg",1536,864,false],"woocommerce_thumbnail":["https:\/\/www.tpcsrl.com\/wp-content\/uploads\/2025\/03\/original-taglio-tubi-fiber-tube-300x225.jpg",300,225,true],"woocommerce_single":["https:\/\/www.tpcsrl.com\/wp-content\/uploads\/2025\/03\/original-taglio-tubi-fiber-tube-600x338.jpg",600,338,true],"woocommerce_gallery_thumbnail":["https:\/\/www.tpcsrl.com\/wp-content\/uploads\/2025\/03\/original-taglio-tubi-fiber-tube-100x100.jpg",100,100,true]},"uagb_author_info":{"display_name":"tpc srl","author_link":"https:\/\/www.tpcsrl.com\/es\/author\/"},"uagb_comment_info":0,"uagb_excerpt":"Potencia de 2000 w a 6000 w Di\u00e1metros Disponibles: Redondo: m\u00edn. 12 mm &#8211; m\u00e1x. 120 mm, Rect.: m\u00edn. 12 [&hellip;]","_links":{"self":[{"href":"https:\/\/www.tpcsrl.com\/es\/wp-json\/wp\/v2\/product\/8452","targetHints":{"allow":["GET"]}}],"collection":[{"href":"https:\/\/www.tpcsrl.com\/es\/wp-json\/wp\/v2\/product"}],"about":[{"href":"https:\/\/www.tpcsrl.com\/es\/wp-json\/wp\/v2\/types\/product"}],"replies":[{"embeddable":true,"href":"https:\/\/www.tpcsrl.com\/es\/wp-json\/wp\/v2\/comments?post=8452"}],"wp:featuredmedia":[{"embeddable":true,"href":"https:\/\/www.tpcsrl.com\/es\/wp-json\/wp\/v2\/media\/2239"}],"wp:attachment":[{"href":"https:\/\/www.tpcsrl.com\/es\/wp-json\/wp\/v2\/media?parent=8452"}],"wp:term":[{"taxonomy":"product_brand","embeddable":true,"href":"https:\/\/www.tpcsrl.com\/es\/wp-json\/wp\/v2\/product_brand?post=8452"},{"taxonomy":"product_cat","embeddable":true,"href":"https:\/\/www.tpcsrl.com\/es\/wp-json\/wp\/v2\/product_cat?post=8452"},{"taxonomy":"product_tag","embeddable":true,"href":"https:\/\/www.tpcsrl.com\/es\/wp-json\/wp\/v2\/product_tag?post=8452"}],"curies":[{"name":"wp","href":"https:\/\/api.w.org\/{rel}","templated":true}]}}