{"id":8443,"date":"2025-03-19T16:16:13","date_gmt":"2025-03-19T15:16:13","guid":{"rendered":"https:\/\/www.tpcsrl.com\/corte-laser-fibra-trumpf-trulaser-3030-l49-fiber-1500x3000-mm-potencia-3000-w\/"},"modified":"2025-12-09T11:20:58","modified_gmt":"2025-12-09T10:20:58","slug":"corte-laser-fibra-trumpf-trulaser-3030-l49-fiber-1500x3000-mm-potencia-3000-w","status":"publish","type":"product","link":"https:\/\/www.tpcsrl.com\/es\/corte-laser-fibra-trumpf-trulaser-3030-l49-fiber-1500x3000-mm-potencia-3000-w\/","title":{"rendered":"Corte L\u00e1ser Fibra Trumpf Trulaser 3030 (L49) Fiber &#8211; 1500&#215;3000 mm Potencia 3000 W"},"content":{"rendered":"<p>&#8211; n\u00b0 01 Sistema de corte l\u00e1ser fibra Trumpf modelo TruLaser 3030 Fiber (L49) &#8211; usado &#8211;<\/p>\n<p>&#8211; marca: Trumpf<\/p>\n<p>&#8211; modelo: TruLaser 3030 Fiber (L49)<\/p>\n<p>&#8211; a\u00f1o de fabricaci\u00f3n 2013<\/p>\n<p>&#8211; \u00e1rea de trabajo 3000&#215;1500 mm<\/p>\n<p>&#8211; l\u00e1ser de estado s\u00f3lido TruDisk 3001 con una salida para fibra \u00f3ptica (LLK)<\/p>\n<p>&#8211; dispositivo de cambio de boquillas<\/p>\n<p>&#8211; cepillo de limpieza para cambio de pal\u00e9<\/p>\n<p>&#8211; Instalaci\u00f3n de la m\u00e1quina a la derecha<\/p>\n<p>&#8211; Sistema antiincendios de CO2 para el desempolvador compacto<\/p>\n<p>&#8211; m\u00e1quina marcada CE, completa con manuales y certificado de conformidad CE<\/p>\n","protected":false},"excerpt":{"rendered":"<p>&#8211; n\u00b0 01 Sistema de corte l\u00e1ser fibra Trumpf modelo TruLaser 3030 Fiber (L49) &#8211; usado &#8211; &#8211; marca: Trumpf [&hellip;]<\/p>\n","protected":false},"featured_media":2263,"comment_status":"open","ping_status":"closed","template":"","meta":{"_acf_changed":false,"_uag_custom_page_level_css":"","site-sidebar-layout":"default","site-content-layout":"","ast-site-content-layout":"default","site-content-style":"default","site-sidebar-style":"default","ast-global-header-display":"","ast-banner-title-visibility":"","ast-main-header-display":"","ast-hfb-above-header-display":"","ast-hfb-below-header-display":"","ast-hfb-mobile-header-display":"","site-post-title":"","ast-breadcrumbs-content":"","ast-featured-img":"","footer-sml-layout":"","ast-disable-related-posts":"","theme-transparent-header-meta":"default","adv-header-id-meta":"","stick-header-meta":"","header-above-stick-meta":"","header-main-stick-meta":"","header-below-stick-meta":"","astra-migrate-meta-layouts":"default","ast-page-background-enabled":"default","ast-page-background-meta":{"desktop":{"background-color":"var(--ast-global-color-5)","background-image":"","background-repeat":"repeat","background-position":"center center","background-size":"auto","background-attachment":"scroll","background-type":"","background-media":"","overlay-type":"","overlay-color":"","overlay-opacity":"","overlay-gradient":""},"tablet":{"background-color":"","background-image":"","background-repeat":"repeat","background-position":"center center","background-size":"auto","background-attachment":"scroll","background-type":"","background-media":"","overlay-type":"","overlay-color":"","overlay-opacity":"","overlay-gradient":""},"mobile":{"background-color":"","background-image":"","background-repeat":"repeat","background-position":"center center","background-size":"auto","background-attachment":"scroll","background-type":"","background-media":"","overlay-type":"","overlay-color":"","overlay-opacity":"","overlay-gradient":""}},"ast-content-background-meta":{"desktop":{"background-color":"var(--ast-global-color-4)","background-image":"","background-repeat":"repeat","background-position":"center center","background-size":"auto","background-attachment":"scroll","background-type":"","background-media":"","overlay-type":"","overlay-color":"","overlay-opacity":"","overlay-gradient":""},"tablet":{"background-color":"var(--ast-global-color-4)","background-image":"","background-repeat":"repeat","background-position":"center center","background-size":"auto","background-attachment":"scroll","background-type":"","background-media":"","overlay-type":"","overlay-color":"","overlay-opacity":"","overlay-gradient":""},"mobile":{"background-color":"var(--ast-global-color-4)","background-image":"","background-repeat":"repeat","background-position":"center center","background-size":"auto","background-attachment":"scroll","background-type":"","background-media":"","overlay-type":"","overlay-color":"","overlay-opacity":"","overlay-gradient":""}},"iawp_total_views":0},"product_brand":[1994],"product_cat":[620],"product_tag":[],"class_list":{"0":"post-8443","1":"product","2":"type-product","3":"status-publish","4":"has-post-thumbnail","6":"product_brand-trumpf","7":"product_cat-corte-laser-usado","8":"desktop-align-left","9":"tablet-align-left","10":"mobile-align-left","12":"first","13":"instock","14":"shipping-taxable","15":"product-type-simple"},"acf":[],"yoast_head":"<!-- This site is optimized with the Yoast SEO plugin v27.6 - https:\/\/yoast.com\/product\/yoast-seo-wordpress\/ -->\n<title>Corte L\u00e1ser Fibra Trumpf Trulaser 3030 (L49) Fiber \u2013 1500\u00d73000 mm Potencia 3000 W | TPC SRL<\/title>\n<meta name=\"description\" content=\"Scopri Corte L\u00e1ser Fibra Trumpf Trulaser 3030 (L49) Fiber - 1500x3000 mm Potencia 3000 W su TPC SRL - qualit\u00e0, prestazioni e assistenza garantita.\" \/>\n<meta name=\"robots\" content=\"index, follow, max-snippet:-1, max-image-preview:large, max-video-preview:-1\" \/>\n<link rel=\"canonical\" href=\"https:\/\/www.tpcsrl.com\/es\/corte-laser-fibra-trumpf-trulaser-3030-l49-fiber-1500x3000-mm-potencia-3000-w\/\" \/>\n<meta property=\"og:locale\" content=\"es_ES\" \/>\n<meta property=\"og:type\" content=\"article\" \/>\n<meta property=\"og:title\" content=\"Corte L\u00e1ser Fibra Trumpf Trulaser 3030 (L49) Fiber - 1500x3000 mm Potencia 3000 W - TPC SRL\" \/>\n<meta property=\"og:description\" content=\"Scopri Corte L\u00e1ser Fibra Trumpf Trulaser 3030 (L49) Fiber - 1500x3000 mm Potencia 3000 W su TPC SRL - qualit\u00e0, prestazioni e assistenza garantita.\" \/>\n<meta property=\"og:url\" content=\"https:\/\/www.tpcsrl.com\/es\/corte-laser-fibra-trumpf-trulaser-3030-l49-fiber-1500x3000-mm-potencia-3000-w\/\" \/>\n<meta property=\"og:site_name\" content=\"TPC SRL\" \/>\n<meta property=\"article:publisher\" content=\"https:\/\/www.facebook.com\/tpcsrl2022\" \/>\n<meta property=\"article:modified_time\" content=\"2025-12-09T10:20:58+00:00\" \/>\n<meta name=\"twitter:card\" content=\"summary_large_image\" \/>\n<script type=\"application\/ld+json\" class=\"yoast-schema-graph\">{\"@context\":\"https:\\\/\\\/schema.org\",\"@graph\":[{\"@type\":\"WebPage\",\"@id\":\"https:\\\/\\\/www.tpcsrl.com\\\/es\\\/corte-laser-fibra-trumpf-trulaser-3030-l49-fiber-1500x3000-mm-potencia-3000-w\\\/\",\"url\":\"https:\\\/\\\/www.tpcsrl.com\\\/es\\\/corte-laser-fibra-trumpf-trulaser-3030-l49-fiber-1500x3000-mm-potencia-3000-w\\\/\",\"name\":\"Corte L\u00e1ser Fibra Trumpf Trulaser 3030 (L49) Fiber - 1500x3000 mm Potencia 3000 W - TPC SRL\",\"isPartOf\":{\"@id\":\"https:\\\/\\\/www.tpcsrl.com\\\/es\\\/#website\"},\"primaryImageOfPage\":{\"@id\":\"https:\\\/\\\/www.tpcsrl.com\\\/es\\\/corte-laser-fibra-trumpf-trulaser-3030-l49-fiber-1500x3000-mm-potencia-3000-w\\\/#primaryimage\"},\"image\":{\"@id\":\"https:\\\/\\\/www.tpcsrl.com\\\/es\\\/corte-laser-fibra-trumpf-trulaser-3030-l49-fiber-1500x3000-mm-potencia-3000-w\\\/#primaryimage\"},\"thumbnailUrl\":\"https:\\\/\\\/www.tpcsrl.com\\\/wp-content\\\/uploads\\\/2025\\\/03\\\/original-used-taglio-laser-fibra-trumpf-trulaser-3030-l49-fiber-1500x3000-mm-potenza-3000-w-scaled.jpg\",\"datePublished\":\"2025-03-19T15:16:13+00:00\",\"dateModified\":\"2025-12-09T10:20:58+00:00\",\"description\":\"Scopri Corte L\u00e1ser Fibra Trumpf Trulaser 3030 (L49) Fiber - 1500x3000 mm Potencia 3000 W su TPC SRL - qualit\u00e0, prestazioni e assistenza garantita.\",\"breadcrumb\":{\"@id\":\"https:\\\/\\\/www.tpcsrl.com\\\/es\\\/corte-laser-fibra-trumpf-trulaser-3030-l49-fiber-1500x3000-mm-potencia-3000-w\\\/#breadcrumb\"},\"inLanguage\":\"es\",\"potentialAction\":[{\"@type\":\"ReadAction\",\"target\":[\"https:\\\/\\\/www.tpcsrl.com\\\/es\\\/corte-laser-fibra-trumpf-trulaser-3030-l49-fiber-1500x3000-mm-potencia-3000-w\\\/\"]}]},{\"@type\":\"ImageObject\",\"inLanguage\":\"es\",\"@id\":\"https:\\\/\\\/www.tpcsrl.com\\\/es\\\/corte-laser-fibra-trumpf-trulaser-3030-l49-fiber-1500x3000-mm-potencia-3000-w\\\/#primaryimage\",\"url\":\"https:\\\/\\\/www.tpcsrl.com\\\/wp-content\\\/uploads\\\/2025\\\/03\\\/original-used-taglio-laser-fibra-trumpf-trulaser-3030-l49-fiber-1500x3000-mm-potenza-3000-w-scaled.jpg\",\"contentUrl\":\"https:\\\/\\\/www.tpcsrl.com\\\/wp-content\\\/uploads\\\/2025\\\/03\\\/original-used-taglio-laser-fibra-trumpf-trulaser-3030-l49-fiber-1500x3000-mm-potenza-3000-w-scaled.jpg\",\"width\":1920,\"height\":2560,\"caption\":\"Corte L\u00e1ser Fibra Trumpf Trulaser 3030 (L49) Fiber \u2013 1500\u00d73000 mm Potencia 3000 W\"},{\"@type\":\"BreadcrumbList\",\"@id\":\"https:\\\/\\\/www.tpcsrl.com\\\/es\\\/corte-laser-fibra-trumpf-trulaser-3030-l49-fiber-1500x3000-mm-potencia-3000-w\\\/#breadcrumb\",\"itemListElement\":[{\"@type\":\"ListItem\",\"position\":1,\"name\":\"Home\",\"item\":\"https:\\\/\\\/www.tpcsrl.com\\\/es\\\/\"},{\"@type\":\"ListItem\",\"position\":2,\"name\":\"Tienda\",\"item\":\"https:\\\/\\\/www.tpcsrl.com\\\/es\\\/tienda\\\/\"},{\"@type\":\"ListItem\",\"position\":3,\"name\":\"Corte L\u00e1ser Fibra Trumpf Trulaser 3030 (L49) Fiber &#8211; 1500&#215;3000 mm Potencia 3000 W\"}]},{\"@type\":\"WebSite\",\"@id\":\"https:\\\/\\\/www.tpcsrl.com\\\/es\\\/#website\",\"url\":\"https:\\\/\\\/www.tpcsrl.com\\\/es\\\/\",\"name\":\"TPC SRL\",\"description\":\"Leader nell\u2019acquisto e vendita di macchine utensili\",\"publisher\":{\"@id\":\"https:\\\/\\\/www.tpcsrl.com\\\/es\\\/#organization\"},\"potentialAction\":[{\"@type\":\"SearchAction\",\"target\":{\"@type\":\"EntryPoint\",\"urlTemplate\":\"https:\\\/\\\/www.tpcsrl.com\\\/es\\\/?s={search_term_string}\"},\"query-input\":{\"@type\":\"PropertyValueSpecification\",\"valueRequired\":true,\"valueName\":\"search_term_string\"}}],\"inLanguage\":\"es\"},{\"@type\":\"Organization\",\"@id\":\"https:\\\/\\\/www.tpcsrl.com\\\/es\\\/#organization\",\"name\":\"TPC SRL\",\"url\":\"https:\\\/\\\/www.tpcsrl.com\\\/es\\\/\",\"logo\":{\"@type\":\"ImageObject\",\"inLanguage\":\"es\",\"@id\":\"https:\\\/\\\/www.tpcsrl.com\\\/es\\\/#\\\/schema\\\/logo\\\/image\\\/\",\"url\":\"https:\\\/\\\/www.tpcsrl.com\\\/wp-content\\\/uploads\\\/2026\\\/01\\\/logo-tpc-es.jpg\",\"contentUrl\":\"https:\\\/\\\/www.tpcsrl.com\\\/wp-content\\\/uploads\\\/2026\\\/01\\\/logo-tpc-es.jpg\",\"width\":640,\"height\":316,\"caption\":\"TPC SRL\"},\"image\":{\"@id\":\"https:\\\/\\\/www.tpcsrl.com\\\/es\\\/#\\\/schema\\\/logo\\\/image\\\/\"},\"sameAs\":[\"https:\\\/\\\/www.facebook.com\\\/tpcsrl2022\",\"https:\\\/\\\/www.youtube.com\\\/@TPCSRL\"]}]}<\/script>\n<!-- \/ Yoast SEO plugin. -->","yoast_head_json":{"title":"Corte L\u00e1ser Fibra Trumpf Trulaser 3030 (L49) Fiber \u2013 1500\u00d73000 mm Potencia 3000 W | TPC SRL","description":"Scopri Corte L\u00e1ser Fibra Trumpf Trulaser 3030 (L49) Fiber - 1500x3000 mm Potencia 3000 W su TPC SRL - qualit\u00e0, prestazioni e assistenza garantita.","robots":{"index":"index","follow":"follow","max-snippet":"max-snippet:-1","max-image-preview":"max-image-preview:large","max-video-preview":"max-video-preview:-1"},"canonical":"https:\/\/www.tpcsrl.com\/es\/corte-laser-fibra-trumpf-trulaser-3030-l49-fiber-1500x3000-mm-potencia-3000-w\/","og_locale":"es_ES","og_type":"article","og_title":"Corte L\u00e1ser Fibra Trumpf Trulaser 3030 (L49) Fiber - 1500x3000 mm Potencia 3000 W - TPC SRL","og_description":"Scopri Corte L\u00e1ser Fibra Trumpf Trulaser 3030 (L49) Fiber - 1500x3000 mm Potencia 3000 W su TPC SRL - qualit\u00e0, prestazioni e assistenza garantita.","og_url":"https:\/\/www.tpcsrl.com\/es\/corte-laser-fibra-trumpf-trulaser-3030-l49-fiber-1500x3000-mm-potencia-3000-w\/","og_site_name":"TPC SRL","article_publisher":"https:\/\/www.facebook.com\/tpcsrl2022","article_modified_time":"2025-12-09T10:20:58+00:00","twitter_card":"summary_large_image","schema":{"@context":"https:\/\/schema.org","@graph":[{"@type":"WebPage","@id":"https:\/\/www.tpcsrl.com\/es\/corte-laser-fibra-trumpf-trulaser-3030-l49-fiber-1500x3000-mm-potencia-3000-w\/","url":"https:\/\/www.tpcsrl.com\/es\/corte-laser-fibra-trumpf-trulaser-3030-l49-fiber-1500x3000-mm-potencia-3000-w\/","name":"Corte L\u00e1ser Fibra Trumpf Trulaser 3030 (L49) Fiber - 1500x3000 mm Potencia 3000 W - TPC SRL","isPartOf":{"@id":"https:\/\/www.tpcsrl.com\/es\/#website"},"primaryImageOfPage":{"@id":"https:\/\/www.tpcsrl.com\/es\/corte-laser-fibra-trumpf-trulaser-3030-l49-fiber-1500x3000-mm-potencia-3000-w\/#primaryimage"},"image":{"@id":"https:\/\/www.tpcsrl.com\/es\/corte-laser-fibra-trumpf-trulaser-3030-l49-fiber-1500x3000-mm-potencia-3000-w\/#primaryimage"},"thumbnailUrl":"https:\/\/www.tpcsrl.com\/wp-content\/uploads\/2025\/03\/original-used-taglio-laser-fibra-trumpf-trulaser-3030-l49-fiber-1500x3000-mm-potenza-3000-w-scaled.jpg","datePublished":"2025-03-19T15:16:13+00:00","dateModified":"2025-12-09T10:20:58+00:00","description":"Scopri Corte L\u00e1ser Fibra Trumpf Trulaser 3030 (L49) Fiber - 1500x3000 mm Potencia 3000 W su TPC SRL - qualit\u00e0, prestazioni e assistenza garantita.","breadcrumb":{"@id":"https:\/\/www.tpcsrl.com\/es\/corte-laser-fibra-trumpf-trulaser-3030-l49-fiber-1500x3000-mm-potencia-3000-w\/#breadcrumb"},"inLanguage":"es","potentialAction":[{"@type":"ReadAction","target":["https:\/\/www.tpcsrl.com\/es\/corte-laser-fibra-trumpf-trulaser-3030-l49-fiber-1500x3000-mm-potencia-3000-w\/"]}]},{"@type":"ImageObject","inLanguage":"es","@id":"https:\/\/www.tpcsrl.com\/es\/corte-laser-fibra-trumpf-trulaser-3030-l49-fiber-1500x3000-mm-potencia-3000-w\/#primaryimage","url":"https:\/\/www.tpcsrl.com\/wp-content\/uploads\/2025\/03\/original-used-taglio-laser-fibra-trumpf-trulaser-3030-l49-fiber-1500x3000-mm-potenza-3000-w-scaled.jpg","contentUrl":"https:\/\/www.tpcsrl.com\/wp-content\/uploads\/2025\/03\/original-used-taglio-laser-fibra-trumpf-trulaser-3030-l49-fiber-1500x3000-mm-potenza-3000-w-scaled.jpg","width":1920,"height":2560,"caption":"Corte L\u00e1ser Fibra Trumpf Trulaser 3030 (L49) Fiber \u2013 1500\u00d73000 mm Potencia 3000 W"},{"@type":"BreadcrumbList","@id":"https:\/\/www.tpcsrl.com\/es\/corte-laser-fibra-trumpf-trulaser-3030-l49-fiber-1500x3000-mm-potencia-3000-w\/#breadcrumb","itemListElement":[{"@type":"ListItem","position":1,"name":"Home","item":"https:\/\/www.tpcsrl.com\/es\/"},{"@type":"ListItem","position":2,"name":"Tienda","item":"https:\/\/www.tpcsrl.com\/es\/tienda\/"},{"@type":"ListItem","position":3,"name":"Corte L\u00e1ser Fibra Trumpf Trulaser 3030 (L49) Fiber &#8211; 1500&#215;3000 mm Potencia 3000 W"}]},{"@type":"WebSite","@id":"https:\/\/www.tpcsrl.com\/es\/#website","url":"https:\/\/www.tpcsrl.com\/es\/","name":"TPC SRL","description":"Leader nell\u2019acquisto e vendita di macchine utensili","publisher":{"@id":"https:\/\/www.tpcsrl.com\/es\/#organization"},"potentialAction":[{"@type":"SearchAction","target":{"@type":"EntryPoint","urlTemplate":"https:\/\/www.tpcsrl.com\/es\/?s={search_term_string}"},"query-input":{"@type":"PropertyValueSpecification","valueRequired":true,"valueName":"search_term_string"}}],"inLanguage":"es"},{"@type":"Organization","@id":"https:\/\/www.tpcsrl.com\/es\/#organization","name":"TPC SRL","url":"https:\/\/www.tpcsrl.com\/es\/","logo":{"@type":"ImageObject","inLanguage":"es","@id":"https:\/\/www.tpcsrl.com\/es\/#\/schema\/logo\/image\/","url":"https:\/\/www.tpcsrl.com\/wp-content\/uploads\/2026\/01\/logo-tpc-es.jpg","contentUrl":"https:\/\/www.tpcsrl.com\/wp-content\/uploads\/2026\/01\/logo-tpc-es.jpg","width":640,"height":316,"caption":"TPC SRL"},"image":{"@id":"https:\/\/www.tpcsrl.com\/es\/#\/schema\/logo\/image\/"},"sameAs":["https:\/\/www.facebook.com\/tpcsrl2022","https:\/\/www.youtube.com\/@TPCSRL"]}]}},"uagb_featured_image_src":{"full":["https:\/\/www.tpcsrl.com\/wp-content\/uploads\/2025\/03\/original-used-taglio-laser-fibra-trumpf-trulaser-3030-l49-fiber-1500x3000-mm-potenza-3000-w-scaled.jpg",1920,2560,false],"thumbnail":["https:\/\/www.tpcsrl.com\/wp-content\/uploads\/2025\/03\/original-used-taglio-laser-fibra-trumpf-trulaser-3030-l49-fiber-1500x3000-mm-potenza-3000-w-150x150.jpg",150,150,true],"medium":["https:\/\/www.tpcsrl.com\/wp-content\/uploads\/2025\/03\/original-used-taglio-laser-fibra-trumpf-trulaser-3030-l49-fiber-1500x3000-mm-potenza-3000-w-225x300.jpg",225,300,true],"medium_large":["https:\/\/www.tpcsrl.com\/wp-content\/uploads\/2025\/03\/original-used-taglio-laser-fibra-trumpf-trulaser-3030-l49-fiber-1500x3000-mm-potenza-3000-w-768x1024.jpg",768,1024,true],"large":["https:\/\/www.tpcsrl.com\/wp-content\/uploads\/2025\/03\/original-used-taglio-laser-fibra-trumpf-trulaser-3030-l49-fiber-1500x3000-mm-potenza-3000-w-768x1024.jpg",768,1024,true],"1536x1536":["https:\/\/www.tpcsrl.com\/wp-content\/uploads\/2025\/03\/original-used-taglio-laser-fibra-trumpf-trulaser-3030-l49-fiber-1500x3000-mm-potenza-3000-w-1152x1536.jpg",1152,1536,true],"2048x2048":["https:\/\/www.tpcsrl.com\/wp-content\/uploads\/2025\/03\/original-used-taglio-laser-fibra-trumpf-trulaser-3030-l49-fiber-1500x3000-mm-potenza-3000-w-1536x2048.jpg",1536,2048,true],"woocommerce_thumbnail":["https:\/\/www.tpcsrl.com\/wp-content\/uploads\/2025\/03\/original-used-taglio-laser-fibra-trumpf-trulaser-3030-l49-fiber-1500x3000-mm-potenza-3000-w-scaled-300x225.jpg",300,225,true],"woocommerce_single":["https:\/\/www.tpcsrl.com\/wp-content\/uploads\/2025\/03\/original-used-taglio-laser-fibra-trumpf-trulaser-3030-l49-fiber-1500x3000-mm-potenza-3000-w-scaled-600x800.jpg",600,800,true],"woocommerce_gallery_thumbnail":["https:\/\/www.tpcsrl.com\/wp-content\/uploads\/2025\/03\/original-used-taglio-laser-fibra-trumpf-trulaser-3030-l49-fiber-1500x3000-mm-potenza-3000-w-scaled-100x100.jpg",100,100,true]},"uagb_author_info":{"display_name":"tpc srl","author_link":"https:\/\/www.tpcsrl.com\/es\/author\/"},"uagb_comment_info":0,"uagb_excerpt":"&#8211; n\u00b0 01 Sistema de corte l\u00e1ser fibra Trumpf modelo TruLaser 3030 Fiber (L49) &#8211; usado &#8211; &#8211; marca: Trumpf [&hellip;]","_links":{"self":[{"href":"https:\/\/www.tpcsrl.com\/es\/wp-json\/wp\/v2\/product\/8443","targetHints":{"allow":["GET"]}}],"collection":[{"href":"https:\/\/www.tpcsrl.com\/es\/wp-json\/wp\/v2\/product"}],"about":[{"href":"https:\/\/www.tpcsrl.com\/es\/wp-json\/wp\/v2\/types\/product"}],"replies":[{"embeddable":true,"href":"https:\/\/www.tpcsrl.com\/es\/wp-json\/wp\/v2\/comments?post=8443"}],"wp:featuredmedia":[{"embeddable":true,"href":"https:\/\/www.tpcsrl.com\/es\/wp-json\/wp\/v2\/media\/2263"}],"wp:attachment":[{"href":"https:\/\/www.tpcsrl.com\/es\/wp-json\/wp\/v2\/media?parent=8443"}],"wp:term":[{"taxonomy":"product_brand","embeddable":true,"href":"https:\/\/www.tpcsrl.com\/es\/wp-json\/wp\/v2\/product_brand?post=8443"},{"taxonomy":"product_cat","embeddable":true,"href":"https:\/\/www.tpcsrl.com\/es\/wp-json\/wp\/v2\/product_cat?post=8443"},{"taxonomy":"product_tag","embeddable":true,"href":"https:\/\/www.tpcsrl.com\/es\/wp-json\/wp\/v2\/product_tag?post=8443"}],"curies":[{"name":"wp","href":"https:\/\/api.w.org\/{rel}","templated":true}]}}