{"id":8417,"date":"2025-03-19T16:16:35","date_gmt":"2025-03-19T15:16:35","guid":{"rendered":"https:\/\/www.tpcsrl.com\/corte-laser-trumpf-trulaser-3530-3000x1500-mm-potencia-4000w-completo-con-automatizacion-para-la-carga-y-descarga-de-chapa-liftmaster\/"},"modified":"2025-12-09T11:17:40","modified_gmt":"2025-12-09T10:17:40","slug":"corte-laser-trumpf-trulaser-3530-3000x1500-mm-potencia-4000w-completo-con-automatizacion-para-la-carga-y-descarga-de-chapa-liftmaster","status":"publish","type":"product","link":"https:\/\/www.tpcsrl.com\/es\/corte-laser-trumpf-trulaser-3530-3000x1500-mm-potencia-4000w-completo-con-automatizacion-para-la-carga-y-descarga-de-chapa-liftmaster\/","title":{"rendered":"Corte L\u00e1ser Trumpf Trulaser 3530 &#8211; 3000&#215;1500 mm &#8211; Potencia 4000w Completo con automatizaci\u00f3n para la carga y descarga de chapa \u00abLiftMaster\u00bb"},"content":{"rendered":"<p>Corte L\u00e1ser Trumpf de CO2 modelo Trulaser 3530 &#8211; 3000&#215;1500 mm &#8211; Potencia 4000w<\/p>\n<p>&#8211; Completo con automatizaci\u00f3n para la carga y descarga de chapa \u00abLiftMaster\u00bb<br \/>\n&#8211; Campo de trabajo 1500&#215;3000 mm<br \/>\n&#8211; potencia 4000 vatios<br \/>\n&#8211; espesor m\u00e1x. en Fe 20 mm<br \/>\n&#8211; espesor m\u00e1x. en Inox 15 mm<br \/>\n&#8211; espesor m\u00e1x. en Al 10 mm<br \/>\n&#8211; eje XP adicional (eje r\u00e1pido)<\/p>\n","protected":false},"excerpt":{"rendered":"<p>Corte L\u00e1ser Trumpf de CO2 modelo Trulaser 3530 &#8211; 3000&#215;1500 mm &#8211; Potencia 4000w &#8211; Completo con automatizaci\u00f3n para la [&hellip;]<\/p>\n","protected":false},"featured_media":2269,"comment_status":"open","ping_status":"closed","template":"","meta":{"_acf_changed":false,"_uag_custom_page_level_css":"","site-sidebar-layout":"default","site-content-layout":"","ast-site-content-layout":"default","site-content-style":"default","site-sidebar-style":"default","ast-global-header-display":"","ast-banner-title-visibility":"","ast-main-header-display":"","ast-hfb-above-header-display":"","ast-hfb-below-header-display":"","ast-hfb-mobile-header-display":"","site-post-title":"","ast-breadcrumbs-content":"","ast-featured-img":"","footer-sml-layout":"","ast-disable-related-posts":"","theme-transparent-header-meta":"","adv-header-id-meta":"","stick-header-meta":"","header-above-stick-meta":"","header-main-stick-meta":"","header-below-stick-meta":"","astra-migrate-meta-layouts":"default","ast-page-background-enabled":"default","ast-page-background-meta":{"desktop":{"background-color":"var(--ast-global-color-5)","background-image":"","background-repeat":"repeat","background-position":"center center","background-size":"auto","background-attachment":"scroll","background-type":"","background-media":"","overlay-type":"","overlay-color":"","overlay-opacity":"","overlay-gradient":""},"tablet":{"background-color":"","background-image":"","background-repeat":"repeat","background-position":"center center","background-size":"auto","background-attachment":"scroll","background-type":"","background-media":"","overlay-type":"","overlay-color":"","overlay-opacity":"","overlay-gradient":""},"mobile":{"background-color":"","background-image":"","background-repeat":"repeat","background-position":"center center","background-size":"auto","background-attachment":"scroll","background-type":"","background-media":"","overlay-type":"","overlay-color":"","overlay-opacity":"","overlay-gradient":""}},"ast-content-background-meta":{"desktop":{"background-color":"var(--ast-global-color-4)","background-image":"","background-repeat":"repeat","background-position":"center center","background-size":"auto","background-attachment":"scroll","background-type":"","background-media":"","overlay-type":"","overlay-color":"","overlay-opacity":"","overlay-gradient":""},"tablet":{"background-color":"var(--ast-global-color-4)","background-image":"","background-repeat":"repeat","background-position":"center center","background-size":"auto","background-attachment":"scroll","background-type":"","background-media":"","overlay-type":"","overlay-color":"","overlay-opacity":"","overlay-gradient":""},"mobile":{"background-color":"var(--ast-global-color-4)","background-image":"","background-repeat":"repeat","background-position":"center center","background-size":"auto","background-attachment":"scroll","background-type":"","background-media":"","overlay-type":"","overlay-color":"","overlay-opacity":"","overlay-gradient":""}},"iawp_total_views":1},"product_brand":[1994],"product_cat":[620],"product_tag":[],"class_list":{"0":"post-8417","1":"product","2":"type-product","3":"status-publish","4":"has-post-thumbnail","6":"product_brand-trumpf","7":"product_cat-corte-laser-usado","8":"desktop-align-left","9":"tablet-align-left","10":"mobile-align-left","12":"first","13":"instock","14":"shipping-taxable","15":"product-type-simple"},"acf":[],"yoast_head":"<!-- This site is optimized with the Yoast SEO plugin v27.6 - https:\/\/yoast.com\/product\/yoast-seo-wordpress\/ -->\n<title>Corte L\u00e1ser Trumpf Trulaser 3530 \u2013 3000\u00d71500 mm \u2013 Potencia 4000w Completo con automatizaci\u00f3n para la carga y descarga de chapa \u00abLiftMaster\u00bb | TPC SRL<\/title>\n<meta name=\"description\" content=\"Scopri Corte L\u00e1ser Trumpf Trulaser 3530 - 3000x1500 mm - Potencia 4000w Completo con automatizaci\u00f3n para la carga y descarga de chapa &quot;LiftMaster&quot; su TPC SRL - qualit\u00e0, prestazioni e assistenza garantita.\" \/>\n<meta name=\"robots\" content=\"index, follow, max-snippet:-1, max-image-preview:large, max-video-preview:-1\" \/>\n<link rel=\"canonical\" href=\"https:\/\/www.tpcsrl.com\/es\/corte-laser-trumpf-trulaser-3530-3000x1500-mm-potencia-4000w-completo-con-automatizacion-para-la-carga-y-descarga-de-chapa-liftmaster\/\" \/>\n<meta property=\"og:locale\" content=\"es_ES\" \/>\n<meta property=\"og:type\" content=\"article\" \/>\n<meta property=\"og:title\" content=\"Corte L\u00e1ser Trumpf Trulaser 3530 - 3000x1500 mm - Potencia 4000w Completo con automatizaci\u00f3n para la carga y descarga de chapa &quot;LiftMaster&quot; - TPC SRL\" \/>\n<meta property=\"og:description\" content=\"Scopri Corte L\u00e1ser Trumpf Trulaser 3530 - 3000x1500 mm - Potencia 4000w Completo con automatizaci\u00f3n para la carga y descarga de chapa &quot;LiftMaster&quot; su TPC SRL - qualit\u00e0, prestazioni e assistenza garantita.\" \/>\n<meta property=\"og:url\" content=\"https:\/\/www.tpcsrl.com\/es\/corte-laser-trumpf-trulaser-3530-3000x1500-mm-potencia-4000w-completo-con-automatizacion-para-la-carga-y-descarga-de-chapa-liftmaster\/\" \/>\n<meta property=\"og:site_name\" content=\"TPC SRL\" \/>\n<meta property=\"article:publisher\" content=\"https:\/\/www.facebook.com\/tpcsrl2022\" \/>\n<meta property=\"article:modified_time\" content=\"2025-12-09T10:17:40+00:00\" \/>\n<meta name=\"twitter:card\" content=\"summary_large_image\" \/>\n<script type=\"application\/ld+json\" class=\"yoast-schema-graph\">{\"@context\":\"https:\\\/\\\/schema.org\",\"@graph\":[{\"@type\":\"WebPage\",\"@id\":\"https:\\\/\\\/www.tpcsrl.com\\\/es\\\/corte-laser-trumpf-trulaser-3530-3000x1500-mm-potencia-4000w-completo-con-automatizacion-para-la-carga-y-descarga-de-chapa-liftmaster\\\/\",\"url\":\"https:\\\/\\\/www.tpcsrl.com\\\/es\\\/corte-laser-trumpf-trulaser-3530-3000x1500-mm-potencia-4000w-completo-con-automatizacion-para-la-carga-y-descarga-de-chapa-liftmaster\\\/\",\"name\":\"Corte L\u00e1ser Trumpf Trulaser 3530 - 3000x1500 mm - Potencia 4000w Completo con automatizaci\u00f3n para la carga y descarga de chapa \\\"LiftMaster\\\" - TPC SRL\",\"isPartOf\":{\"@id\":\"https:\\\/\\\/www.tpcsrl.com\\\/es\\\/#website\"},\"primaryImageOfPage\":{\"@id\":\"https:\\\/\\\/www.tpcsrl.com\\\/es\\\/corte-laser-trumpf-trulaser-3530-3000x1500-mm-potencia-4000w-completo-con-automatizacion-para-la-carga-y-descarga-de-chapa-liftmaster\\\/#primaryimage\"},\"image\":{\"@id\":\"https:\\\/\\\/www.tpcsrl.com\\\/es\\\/corte-laser-trumpf-trulaser-3530-3000x1500-mm-potencia-4000w-completo-con-automatizacion-para-la-carga-y-descarga-de-chapa-liftmaster\\\/#primaryimage\"},\"thumbnailUrl\":\"https:\\\/\\\/www.tpcsrl.com\\\/wp-content\\\/uploads\\\/2025\\\/03\\\/original-used-taglio-laser-trumpf-trulaser-3530-3000x1500-mm-potenza-4000w-completo-di-automazione-pe.jpg\",\"datePublished\":\"2025-03-19T15:16:35+00:00\",\"dateModified\":\"2025-12-09T10:17:40+00:00\",\"description\":\"Scopri Corte L\u00e1ser Trumpf Trulaser 3530 - 3000x1500 mm - Potencia 4000w Completo con automatizaci\u00f3n para la carga y descarga de chapa \\\"LiftMaster\\\" su TPC SRL - qualit\u00e0, prestazioni e assistenza garantita.\",\"breadcrumb\":{\"@id\":\"https:\\\/\\\/www.tpcsrl.com\\\/es\\\/corte-laser-trumpf-trulaser-3530-3000x1500-mm-potencia-4000w-completo-con-automatizacion-para-la-carga-y-descarga-de-chapa-liftmaster\\\/#breadcrumb\"},\"inLanguage\":\"es\",\"potentialAction\":[{\"@type\":\"ReadAction\",\"target\":[\"https:\\\/\\\/www.tpcsrl.com\\\/es\\\/corte-laser-trumpf-trulaser-3530-3000x1500-mm-potencia-4000w-completo-con-automatizacion-para-la-carga-y-descarga-de-chapa-liftmaster\\\/\"]}]},{\"@type\":\"ImageObject\",\"inLanguage\":\"es\",\"@id\":\"https:\\\/\\\/www.tpcsrl.com\\\/es\\\/corte-laser-trumpf-trulaser-3530-3000x1500-mm-potencia-4000w-completo-con-automatizacion-para-la-carga-y-descarga-de-chapa-liftmaster\\\/#primaryimage\",\"url\":\"https:\\\/\\\/www.tpcsrl.com\\\/wp-content\\\/uploads\\\/2025\\\/03\\\/original-used-taglio-laser-trumpf-trulaser-3530-3000x1500-mm-potenza-4000w-completo-di-automazione-pe.jpg\",\"contentUrl\":\"https:\\\/\\\/www.tpcsrl.com\\\/wp-content\\\/uploads\\\/2025\\\/03\\\/original-used-taglio-laser-trumpf-trulaser-3530-3000x1500-mm-potenza-4000w-completo-di-automazione-pe.jpg\",\"width\":1200,\"height\":1600,\"caption\":\"Corte L\u00e1ser Trumpf Trulaser 3530 \u2013 3000\u00d71500 mm \u2013 Potencia 4000w Completo con automatizaci\u00f3n para la carga y descarga de chapa \\\"LiftMaster\\\"\"},{\"@type\":\"BreadcrumbList\",\"@id\":\"https:\\\/\\\/www.tpcsrl.com\\\/es\\\/corte-laser-trumpf-trulaser-3530-3000x1500-mm-potencia-4000w-completo-con-automatizacion-para-la-carga-y-descarga-de-chapa-liftmaster\\\/#breadcrumb\",\"itemListElement\":[{\"@type\":\"ListItem\",\"position\":1,\"name\":\"Home\",\"item\":\"https:\\\/\\\/www.tpcsrl.com\\\/es\\\/\"},{\"@type\":\"ListItem\",\"position\":2,\"name\":\"Tienda\",\"item\":\"https:\\\/\\\/www.tpcsrl.com\\\/es\\\/tienda\\\/\"},{\"@type\":\"ListItem\",\"position\":3,\"name\":\"Corte L\u00e1ser Trumpf Trulaser 3530 &#8211; 3000&#215;1500 mm &#8211; Potencia 4000w Completo con automatizaci\u00f3n para la carga y descarga de chapa &#8220;LiftMaster&#8221;\"}]},{\"@type\":\"WebSite\",\"@id\":\"https:\\\/\\\/www.tpcsrl.com\\\/es\\\/#website\",\"url\":\"https:\\\/\\\/www.tpcsrl.com\\\/es\\\/\",\"name\":\"TPC SRL\",\"description\":\"Leader nell\u2019acquisto e vendita di macchine utensili\",\"publisher\":{\"@id\":\"https:\\\/\\\/www.tpcsrl.com\\\/es\\\/#organization\"},\"potentialAction\":[{\"@type\":\"SearchAction\",\"target\":{\"@type\":\"EntryPoint\",\"urlTemplate\":\"https:\\\/\\\/www.tpcsrl.com\\\/es\\\/?s={search_term_string}\"},\"query-input\":{\"@type\":\"PropertyValueSpecification\",\"valueRequired\":true,\"valueName\":\"search_term_string\"}}],\"inLanguage\":\"es\"},{\"@type\":\"Organization\",\"@id\":\"https:\\\/\\\/www.tpcsrl.com\\\/es\\\/#organization\",\"name\":\"TPC SRL\",\"url\":\"https:\\\/\\\/www.tpcsrl.com\\\/es\\\/\",\"logo\":{\"@type\":\"ImageObject\",\"inLanguage\":\"es\",\"@id\":\"https:\\\/\\\/www.tpcsrl.com\\\/es\\\/#\\\/schema\\\/logo\\\/image\\\/\",\"url\":\"https:\\\/\\\/www.tpcsrl.com\\\/wp-content\\\/uploads\\\/2026\\\/01\\\/logo-tpc-es.jpg\",\"contentUrl\":\"https:\\\/\\\/www.tpcsrl.com\\\/wp-content\\\/uploads\\\/2026\\\/01\\\/logo-tpc-es.jpg\",\"width\":640,\"height\":316,\"caption\":\"TPC SRL\"},\"image\":{\"@id\":\"https:\\\/\\\/www.tpcsrl.com\\\/es\\\/#\\\/schema\\\/logo\\\/image\\\/\"},\"sameAs\":[\"https:\\\/\\\/www.facebook.com\\\/tpcsrl2022\",\"https:\\\/\\\/www.youtube.com\\\/@TPCSRL\"]}]}<\/script>\n<!-- \/ Yoast SEO plugin. -->","yoast_head_json":{"title":"Corte L\u00e1ser Trumpf Trulaser 3530 \u2013 3000\u00d71500 mm \u2013 Potencia 4000w Completo con automatizaci\u00f3n para la carga y descarga de chapa \u00abLiftMaster\u00bb | TPC SRL","description":"Scopri Corte L\u00e1ser Trumpf Trulaser 3530 - 3000x1500 mm - Potencia 4000w Completo con automatizaci\u00f3n para la carga y descarga de chapa \"LiftMaster\" su TPC SRL - qualit\u00e0, prestazioni e assistenza garantita.","robots":{"index":"index","follow":"follow","max-snippet":"max-snippet:-1","max-image-preview":"max-image-preview:large","max-video-preview":"max-video-preview:-1"},"canonical":"https:\/\/www.tpcsrl.com\/es\/corte-laser-trumpf-trulaser-3530-3000x1500-mm-potencia-4000w-completo-con-automatizacion-para-la-carga-y-descarga-de-chapa-liftmaster\/","og_locale":"es_ES","og_type":"article","og_title":"Corte L\u00e1ser Trumpf Trulaser 3530 - 3000x1500 mm - Potencia 4000w Completo con automatizaci\u00f3n para la carga y descarga de chapa \"LiftMaster\" - TPC SRL","og_description":"Scopri Corte L\u00e1ser Trumpf Trulaser 3530 - 3000x1500 mm - Potencia 4000w Completo con automatizaci\u00f3n para la carga y descarga de chapa \"LiftMaster\" su TPC SRL - qualit\u00e0, prestazioni e assistenza garantita.","og_url":"https:\/\/www.tpcsrl.com\/es\/corte-laser-trumpf-trulaser-3530-3000x1500-mm-potencia-4000w-completo-con-automatizacion-para-la-carga-y-descarga-de-chapa-liftmaster\/","og_site_name":"TPC SRL","article_publisher":"https:\/\/www.facebook.com\/tpcsrl2022","article_modified_time":"2025-12-09T10:17:40+00:00","twitter_card":"summary_large_image","schema":{"@context":"https:\/\/schema.org","@graph":[{"@type":"WebPage","@id":"https:\/\/www.tpcsrl.com\/es\/corte-laser-trumpf-trulaser-3530-3000x1500-mm-potencia-4000w-completo-con-automatizacion-para-la-carga-y-descarga-de-chapa-liftmaster\/","url":"https:\/\/www.tpcsrl.com\/es\/corte-laser-trumpf-trulaser-3530-3000x1500-mm-potencia-4000w-completo-con-automatizacion-para-la-carga-y-descarga-de-chapa-liftmaster\/","name":"Corte L\u00e1ser Trumpf Trulaser 3530 - 3000x1500 mm - Potencia 4000w Completo con automatizaci\u00f3n para la carga y descarga de chapa \"LiftMaster\" - TPC SRL","isPartOf":{"@id":"https:\/\/www.tpcsrl.com\/es\/#website"},"primaryImageOfPage":{"@id":"https:\/\/www.tpcsrl.com\/es\/corte-laser-trumpf-trulaser-3530-3000x1500-mm-potencia-4000w-completo-con-automatizacion-para-la-carga-y-descarga-de-chapa-liftmaster\/#primaryimage"},"image":{"@id":"https:\/\/www.tpcsrl.com\/es\/corte-laser-trumpf-trulaser-3530-3000x1500-mm-potencia-4000w-completo-con-automatizacion-para-la-carga-y-descarga-de-chapa-liftmaster\/#primaryimage"},"thumbnailUrl":"https:\/\/www.tpcsrl.com\/wp-content\/uploads\/2025\/03\/original-used-taglio-laser-trumpf-trulaser-3530-3000x1500-mm-potenza-4000w-completo-di-automazione-pe.jpg","datePublished":"2025-03-19T15:16:35+00:00","dateModified":"2025-12-09T10:17:40+00:00","description":"Scopri Corte L\u00e1ser Trumpf Trulaser 3530 - 3000x1500 mm - Potencia 4000w Completo con automatizaci\u00f3n para la carga y descarga de chapa \"LiftMaster\" su TPC SRL - qualit\u00e0, prestazioni e assistenza garantita.","breadcrumb":{"@id":"https:\/\/www.tpcsrl.com\/es\/corte-laser-trumpf-trulaser-3530-3000x1500-mm-potencia-4000w-completo-con-automatizacion-para-la-carga-y-descarga-de-chapa-liftmaster\/#breadcrumb"},"inLanguage":"es","potentialAction":[{"@type":"ReadAction","target":["https:\/\/www.tpcsrl.com\/es\/corte-laser-trumpf-trulaser-3530-3000x1500-mm-potencia-4000w-completo-con-automatizacion-para-la-carga-y-descarga-de-chapa-liftmaster\/"]}]},{"@type":"ImageObject","inLanguage":"es","@id":"https:\/\/www.tpcsrl.com\/es\/corte-laser-trumpf-trulaser-3530-3000x1500-mm-potencia-4000w-completo-con-automatizacion-para-la-carga-y-descarga-de-chapa-liftmaster\/#primaryimage","url":"https:\/\/www.tpcsrl.com\/wp-content\/uploads\/2025\/03\/original-used-taglio-laser-trumpf-trulaser-3530-3000x1500-mm-potenza-4000w-completo-di-automazione-pe.jpg","contentUrl":"https:\/\/www.tpcsrl.com\/wp-content\/uploads\/2025\/03\/original-used-taglio-laser-trumpf-trulaser-3530-3000x1500-mm-potenza-4000w-completo-di-automazione-pe.jpg","width":1200,"height":1600,"caption":"Corte L\u00e1ser Trumpf Trulaser 3530 \u2013 3000\u00d71500 mm \u2013 Potencia 4000w Completo con automatizaci\u00f3n para la carga y descarga de chapa \"LiftMaster\""},{"@type":"BreadcrumbList","@id":"https:\/\/www.tpcsrl.com\/es\/corte-laser-trumpf-trulaser-3530-3000x1500-mm-potencia-4000w-completo-con-automatizacion-para-la-carga-y-descarga-de-chapa-liftmaster\/#breadcrumb","itemListElement":[{"@type":"ListItem","position":1,"name":"Home","item":"https:\/\/www.tpcsrl.com\/es\/"},{"@type":"ListItem","position":2,"name":"Tienda","item":"https:\/\/www.tpcsrl.com\/es\/tienda\/"},{"@type":"ListItem","position":3,"name":"Corte L\u00e1ser Trumpf Trulaser 3530 &#8211; 3000&#215;1500 mm &#8211; Potencia 4000w Completo con automatizaci\u00f3n para la carga y descarga de chapa &#8220;LiftMaster&#8221;"}]},{"@type":"WebSite","@id":"https:\/\/www.tpcsrl.com\/es\/#website","url":"https:\/\/www.tpcsrl.com\/es\/","name":"TPC SRL","description":"Leader nell\u2019acquisto e vendita di macchine utensili","publisher":{"@id":"https:\/\/www.tpcsrl.com\/es\/#organization"},"potentialAction":[{"@type":"SearchAction","target":{"@type":"EntryPoint","urlTemplate":"https:\/\/www.tpcsrl.com\/es\/?s={search_term_string}"},"query-input":{"@type":"PropertyValueSpecification","valueRequired":true,"valueName":"search_term_string"}}],"inLanguage":"es"},{"@type":"Organization","@id":"https:\/\/www.tpcsrl.com\/es\/#organization","name":"TPC SRL","url":"https:\/\/www.tpcsrl.com\/es\/","logo":{"@type":"ImageObject","inLanguage":"es","@id":"https:\/\/www.tpcsrl.com\/es\/#\/schema\/logo\/image\/","url":"https:\/\/www.tpcsrl.com\/wp-content\/uploads\/2026\/01\/logo-tpc-es.jpg","contentUrl":"https:\/\/www.tpcsrl.com\/wp-content\/uploads\/2026\/01\/logo-tpc-es.jpg","width":640,"height":316,"caption":"TPC SRL"},"image":{"@id":"https:\/\/www.tpcsrl.com\/es\/#\/schema\/logo\/image\/"},"sameAs":["https:\/\/www.facebook.com\/tpcsrl2022","https:\/\/www.youtube.com\/@TPCSRL"]}]}},"uagb_featured_image_src":{"full":["https:\/\/www.tpcsrl.com\/wp-content\/uploads\/2025\/03\/original-used-taglio-laser-trumpf-trulaser-3530-3000x1500-mm-potenza-4000w-completo-di-automazione-pe.jpg",1200,1600,false],"thumbnail":["https:\/\/www.tpcsrl.com\/wp-content\/uploads\/2025\/03\/original-used-taglio-laser-trumpf-trulaser-3530-3000x1500-mm-potenza-4000w-completo-di-automazione-pe-150x150.jpg",150,150,true],"medium":["https:\/\/www.tpcsrl.com\/wp-content\/uploads\/2025\/03\/original-used-taglio-laser-trumpf-trulaser-3530-3000x1500-mm-potenza-4000w-completo-di-automazione-pe-225x300.jpg",225,300,true],"medium_large":["https:\/\/www.tpcsrl.com\/wp-content\/uploads\/2025\/03\/original-used-taglio-laser-trumpf-trulaser-3530-3000x1500-mm-potenza-4000w-completo-di-automazione-pe-768x1024.jpg",768,1024,true],"large":["https:\/\/www.tpcsrl.com\/wp-content\/uploads\/2025\/03\/original-used-taglio-laser-trumpf-trulaser-3530-3000x1500-mm-potenza-4000w-completo-di-automazione-pe-768x1024.jpg",768,1024,true],"1536x1536":["https:\/\/www.tpcsrl.com\/wp-content\/uploads\/2025\/03\/original-used-taglio-laser-trumpf-trulaser-3530-3000x1500-mm-potenza-4000w-completo-di-automazione-pe-1152x1536.jpg",1152,1536,true],"2048x2048":["https:\/\/www.tpcsrl.com\/wp-content\/uploads\/2025\/03\/original-used-taglio-laser-trumpf-trulaser-3530-3000x1500-mm-potenza-4000w-completo-di-automazione-pe.jpg",1200,1600,false],"woocommerce_thumbnail":["https:\/\/www.tpcsrl.com\/wp-content\/uploads\/2025\/03\/original-used-taglio-laser-trumpf-trulaser-3530-3000x1500-mm-potenza-4000w-completo-di-automazione-pe-300x225.jpg",300,225,true],"woocommerce_single":["https:\/\/www.tpcsrl.com\/wp-content\/uploads\/2025\/03\/original-used-taglio-laser-trumpf-trulaser-3530-3000x1500-mm-potenza-4000w-completo-di-automazione-pe-600x800.jpg",600,800,true],"woocommerce_gallery_thumbnail":["https:\/\/www.tpcsrl.com\/wp-content\/uploads\/2025\/03\/original-used-taglio-laser-trumpf-trulaser-3530-3000x1500-mm-potenza-4000w-completo-di-automazione-pe-100x100.jpg",100,100,true]},"uagb_author_info":{"display_name":"tpc srl","author_link":"https:\/\/www.tpcsrl.com\/es\/author\/"},"uagb_comment_info":0,"uagb_excerpt":"Corte L\u00e1ser Trumpf de CO2 modelo Trulaser 3530 &#8211; 3000&#215;1500 mm &#8211; Potencia 4000w &#8211; Completo con automatizaci\u00f3n para la [&hellip;]","_links":{"self":[{"href":"https:\/\/www.tpcsrl.com\/es\/wp-json\/wp\/v2\/product\/8417","targetHints":{"allow":["GET"]}}],"collection":[{"href":"https:\/\/www.tpcsrl.com\/es\/wp-json\/wp\/v2\/product"}],"about":[{"href":"https:\/\/www.tpcsrl.com\/es\/wp-json\/wp\/v2\/types\/product"}],"replies":[{"embeddable":true,"href":"https:\/\/www.tpcsrl.com\/es\/wp-json\/wp\/v2\/comments?post=8417"}],"wp:featuredmedia":[{"embeddable":true,"href":"https:\/\/www.tpcsrl.com\/es\/wp-json\/wp\/v2\/media\/2269"}],"wp:attachment":[{"href":"https:\/\/www.tpcsrl.com\/es\/wp-json\/wp\/v2\/media?parent=8417"}],"wp:term":[{"taxonomy":"product_brand","embeddable":true,"href":"https:\/\/www.tpcsrl.com\/es\/wp-json\/wp\/v2\/product_brand?post=8417"},{"taxonomy":"product_cat","embeddable":true,"href":"https:\/\/www.tpcsrl.com\/es\/wp-json\/wp\/v2\/product_cat?post=8417"},{"taxonomy":"product_tag","embeddable":true,"href":"https:\/\/www.tpcsrl.com\/es\/wp-json\/wp\/v2\/product_tag?post=8417"}],"curies":[{"name":"wp","href":"https:\/\/api.w.org\/{rel}","templated":true}]}}