{"id":8405,"date":"2025-03-20T14:05:29","date_gmt":"2025-03-20T13:05:29","guid":{"rendered":"https:\/\/www.tpcsrl.com\/plegadora-hidraulica-warcom-4200x200-ton\/"},"modified":"2025-12-09T11:17:38","modified_gmt":"2025-12-09T10:17:38","slug":"plegadora-hidraulica-warcom-4200x200-ton","status":"publish","type":"product","link":"https:\/\/www.tpcsrl.com\/es\/plegadora-hidraulica-warcom-4200x200-ton\/","title":{"rendered":"Plegadora hidr\u00e1ulica Warcom 4200&#215;200 ton"},"content":{"rendered":"<p>APERTURA AUMENTADA<\/p>\n<p>Hueco entre montantes 500 mm<\/p>\n<p>Paso entre montantes 3550 mm<\/p>\n<p class=\"p1\">&#8211; CNC Talento n.\u00ba 8 Ejes: Y1-Y2-X1-X2-R1-R2-Z1-Z2 <\/p>\n<p>Motor 15 Kw<\/p>\n<p>Peso 20.000 Kg<\/p>\n","protected":false},"excerpt":{"rendered":"<p>APERTURA AUMENTADA Hueco entre montantes 500 mm Paso entre montantes 3550 mm &#8211; CNC Talento n.\u00ba 8 Ejes: Y1-Y2-X1-X2-R1-R2-Z1-Z2 Motor [&hellip;]<\/p>\n","protected":false},"featured_media":10886,"comment_status":"open","ping_status":"closed","template":"","meta":{"_acf_changed":false,"_uag_custom_page_level_css":"","site-sidebar-layout":"default","site-content-layout":"","ast-site-content-layout":"default","site-content-style":"default","site-sidebar-style":"default","ast-global-header-display":"","ast-banner-title-visibility":"","ast-main-header-display":"","ast-hfb-above-header-display":"","ast-hfb-below-header-display":"","ast-hfb-mobile-header-display":"","site-post-title":"","ast-breadcrumbs-content":"","ast-featured-img":"","footer-sml-layout":"","ast-disable-related-posts":"","theme-transparent-header-meta":"default","adv-header-id-meta":"","stick-header-meta":"default","header-above-stick-meta":"","header-main-stick-meta":"","header-below-stick-meta":"","astra-migrate-meta-layouts":"default","ast-page-background-enabled":"default","ast-page-background-meta":{"desktop":{"background-color":"var(--ast-global-color-5)","background-image":"","background-repeat":"repeat","background-position":"center center","background-size":"auto","background-attachment":"scroll","background-type":"","background-media":"","overlay-type":"","overlay-color":"","overlay-opacity":"","overlay-gradient":""},"tablet":{"background-color":"","background-image":"","background-repeat":"repeat","background-position":"center center","background-size":"auto","background-attachment":"scroll","background-type":"","background-media":"","overlay-type":"","overlay-color":"","overlay-opacity":"","overlay-gradient":""},"mobile":{"background-color":"","background-image":"","background-repeat":"repeat","background-position":"center center","background-size":"auto","background-attachment":"scroll","background-type":"","background-media":"","overlay-type":"","overlay-color":"","overlay-opacity":"","overlay-gradient":""}},"ast-content-background-meta":{"desktop":{"background-color":"var(--ast-global-color-4)","background-image":"","background-repeat":"repeat","background-position":"center center","background-size":"auto","background-attachment":"scroll","background-type":"","background-media":"","overlay-type":"","overlay-color":"","overlay-opacity":"","overlay-gradient":""},"tablet":{"background-color":"var(--ast-global-color-4)","background-image":"","background-repeat":"repeat","background-position":"center center","background-size":"auto","background-attachment":"scroll","background-type":"","background-media":"","overlay-type":"","overlay-color":"","overlay-opacity":"","overlay-gradient":""},"mobile":{"background-color":"var(--ast-global-color-4)","background-image":"","background-repeat":"repeat","background-position":"center center","background-size":"auto","background-attachment":"scroll","background-type":"","background-media":"","overlay-type":"","overlay-color":"","overlay-opacity":"","overlay-gradient":""}},"iawp_total_views":1},"product_brand":[2001],"product_cat":[593],"product_tag":[],"class_list":{"0":"post-8405","1":"product","2":"type-product","3":"status-publish","4":"has-post-thumbnail","6":"product_brand-warcom","7":"product_cat-prensa-plegadora-usada","8":"desktop-align-left","9":"tablet-align-left","10":"mobile-align-left","12":"first","13":"instock","14":"shipping-taxable","15":"product-type-simple"},"acf":[],"yoast_head":"<!-- This site is optimized with the Yoast SEO plugin v27.6 - https:\/\/yoast.com\/product\/yoast-seo-wordpress\/ -->\n<title>Plegadora hidr\u00e1ulica Warcom 4200\u00d7200 ton | TPC SRL<\/title>\n<meta name=\"description\" content=\"Scopri Plegadora hidr\u00e1ulica Warcom 4200x200 ton su TPC SRL - qualit\u00e0, prestazioni e assistenza garantita.\" \/>\n<meta name=\"robots\" content=\"index, follow, max-snippet:-1, max-image-preview:large, max-video-preview:-1\" \/>\n<link rel=\"canonical\" href=\"https:\/\/www.tpcsrl.com\/es\/plegadora-hidraulica-warcom-4200x200-ton\/\" \/>\n<meta property=\"og:locale\" content=\"es_ES\" \/>\n<meta property=\"og:type\" content=\"article\" \/>\n<meta property=\"og:title\" content=\"Plegadora hidr\u00e1ulica Warcom 4200x200 ton - TPC SRL\" \/>\n<meta property=\"og:description\" content=\"Scopri Plegadora hidr\u00e1ulica Warcom 4200x200 ton su TPC SRL - qualit\u00e0, prestazioni e assistenza garantita.\" \/>\n<meta property=\"og:url\" content=\"https:\/\/www.tpcsrl.com\/es\/plegadora-hidraulica-warcom-4200x200-ton\/\" \/>\n<meta property=\"og:site_name\" content=\"TPC SRL\" \/>\n<meta property=\"article:publisher\" content=\"https:\/\/www.facebook.com\/tpcsrl2022\" \/>\n<meta property=\"article:modified_time\" content=\"2025-12-09T10:17:38+00:00\" \/>\n<meta property=\"og:image\" content=\"https:\/\/www.tpcsrl.com\/wp-content\/uploads\/2025\/03\/generated-image-c714f906-e3a0-427f-8883-7154bd128456-1.jpeg\" \/>\n\t<meta property=\"og:image:width\" content=\"480\" \/>\n\t<meta property=\"og:image:height\" content=\"480\" \/>\n\t<meta property=\"og:image:type\" content=\"image\/jpeg\" \/>\n<meta name=\"twitter:card\" content=\"summary_large_image\" \/>\n<script type=\"application\/ld+json\" class=\"yoast-schema-graph\">{\"@context\":\"https:\\\/\\\/schema.org\",\"@graph\":[{\"@type\":\"WebPage\",\"@id\":\"https:\\\/\\\/www.tpcsrl.com\\\/es\\\/plegadora-hidraulica-warcom-4200x200-ton\\\/\",\"url\":\"https:\\\/\\\/www.tpcsrl.com\\\/es\\\/plegadora-hidraulica-warcom-4200x200-ton\\\/\",\"name\":\"Plegadora hidr\u00e1ulica Warcom 4200x200 ton - TPC SRL\",\"isPartOf\":{\"@id\":\"https:\\\/\\\/www.tpcsrl.com\\\/es\\\/#website\"},\"primaryImageOfPage\":{\"@id\":\"https:\\\/\\\/www.tpcsrl.com\\\/es\\\/plegadora-hidraulica-warcom-4200x200-ton\\\/#primaryimage\"},\"image\":{\"@id\":\"https:\\\/\\\/www.tpcsrl.com\\\/es\\\/plegadora-hidraulica-warcom-4200x200-ton\\\/#primaryimage\"},\"thumbnailUrl\":\"https:\\\/\\\/www.tpcsrl.com\\\/wp-content\\\/uploads\\\/2025\\\/03\\\/generated-image-c714f906-e3a0-427f-8883-7154bd128456-1.jpeg\",\"datePublished\":\"2025-03-20T13:05:29+00:00\",\"dateModified\":\"2025-12-09T10:17:38+00:00\",\"description\":\"Scopri Plegadora hidr\u00e1ulica Warcom 4200x200 ton su TPC SRL - qualit\u00e0, prestazioni e assistenza garantita.\",\"breadcrumb\":{\"@id\":\"https:\\\/\\\/www.tpcsrl.com\\\/es\\\/plegadora-hidraulica-warcom-4200x200-ton\\\/#breadcrumb\"},\"inLanguage\":\"es\",\"potentialAction\":[{\"@type\":\"ReadAction\",\"target\":[\"https:\\\/\\\/www.tpcsrl.com\\\/es\\\/plegadora-hidraulica-warcom-4200x200-ton\\\/\"]}]},{\"@type\":\"ImageObject\",\"inLanguage\":\"es\",\"@id\":\"https:\\\/\\\/www.tpcsrl.com\\\/es\\\/plegadora-hidraulica-warcom-4200x200-ton\\\/#primaryimage\",\"url\":\"https:\\\/\\\/www.tpcsrl.com\\\/wp-content\\\/uploads\\\/2025\\\/03\\\/generated-image-c714f906-e3a0-427f-8883-7154bd128456-1.jpeg\",\"contentUrl\":\"https:\\\/\\\/www.tpcsrl.com\\\/wp-content\\\/uploads\\\/2025\\\/03\\\/generated-image-c714f906-e3a0-427f-8883-7154bd128456-1.jpeg\",\"width\":480,\"height\":480,\"caption\":\"Plegadora hidr\u00e1ulica Warcom 4200\u00d7200 ton\"},{\"@type\":\"BreadcrumbList\",\"@id\":\"https:\\\/\\\/www.tpcsrl.com\\\/es\\\/plegadora-hidraulica-warcom-4200x200-ton\\\/#breadcrumb\",\"itemListElement\":[{\"@type\":\"ListItem\",\"position\":1,\"name\":\"Home\",\"item\":\"https:\\\/\\\/www.tpcsrl.com\\\/es\\\/\"},{\"@type\":\"ListItem\",\"position\":2,\"name\":\"Tienda\",\"item\":\"https:\\\/\\\/www.tpcsrl.com\\\/es\\\/tienda\\\/\"},{\"@type\":\"ListItem\",\"position\":3,\"name\":\"Plegadora hidr\u00e1ulica Warcom 4200&#215;200 ton\"}]},{\"@type\":\"WebSite\",\"@id\":\"https:\\\/\\\/www.tpcsrl.com\\\/es\\\/#website\",\"url\":\"https:\\\/\\\/www.tpcsrl.com\\\/es\\\/\",\"name\":\"TPC SRL\",\"description\":\"Leader nell\u2019acquisto e vendita di macchine utensili\",\"publisher\":{\"@id\":\"https:\\\/\\\/www.tpcsrl.com\\\/es\\\/#organization\"},\"potentialAction\":[{\"@type\":\"SearchAction\",\"target\":{\"@type\":\"EntryPoint\",\"urlTemplate\":\"https:\\\/\\\/www.tpcsrl.com\\\/es\\\/?s={search_term_string}\"},\"query-input\":{\"@type\":\"PropertyValueSpecification\",\"valueRequired\":true,\"valueName\":\"search_term_string\"}}],\"inLanguage\":\"es\"},{\"@type\":\"Organization\",\"@id\":\"https:\\\/\\\/www.tpcsrl.com\\\/es\\\/#organization\",\"name\":\"TPC SRL\",\"url\":\"https:\\\/\\\/www.tpcsrl.com\\\/es\\\/\",\"logo\":{\"@type\":\"ImageObject\",\"inLanguage\":\"es\",\"@id\":\"https:\\\/\\\/www.tpcsrl.com\\\/es\\\/#\\\/schema\\\/logo\\\/image\\\/\",\"url\":\"https:\\\/\\\/www.tpcsrl.com\\\/wp-content\\\/uploads\\\/2026\\\/01\\\/logo-tpc-es.jpg\",\"contentUrl\":\"https:\\\/\\\/www.tpcsrl.com\\\/wp-content\\\/uploads\\\/2026\\\/01\\\/logo-tpc-es.jpg\",\"width\":640,\"height\":316,\"caption\":\"TPC SRL\"},\"image\":{\"@id\":\"https:\\\/\\\/www.tpcsrl.com\\\/es\\\/#\\\/schema\\\/logo\\\/image\\\/\"},\"sameAs\":[\"https:\\\/\\\/www.facebook.com\\\/tpcsrl2022\",\"https:\\\/\\\/www.youtube.com\\\/@TPCSRL\"]}]}<\/script>\n<!-- \/ Yoast SEO plugin. -->","yoast_head_json":{"title":"Plegadora hidr\u00e1ulica Warcom 4200\u00d7200 ton | TPC SRL","description":"Scopri Plegadora hidr\u00e1ulica Warcom 4200x200 ton su TPC SRL - qualit\u00e0, prestazioni e assistenza garantita.","robots":{"index":"index","follow":"follow","max-snippet":"max-snippet:-1","max-image-preview":"max-image-preview:large","max-video-preview":"max-video-preview:-1"},"canonical":"https:\/\/www.tpcsrl.com\/es\/plegadora-hidraulica-warcom-4200x200-ton\/","og_locale":"es_ES","og_type":"article","og_title":"Plegadora hidr\u00e1ulica Warcom 4200x200 ton - TPC SRL","og_description":"Scopri Plegadora hidr\u00e1ulica Warcom 4200x200 ton su TPC SRL - qualit\u00e0, prestazioni e assistenza garantita.","og_url":"https:\/\/www.tpcsrl.com\/es\/plegadora-hidraulica-warcom-4200x200-ton\/","og_site_name":"TPC SRL","article_publisher":"https:\/\/www.facebook.com\/tpcsrl2022","article_modified_time":"2025-12-09T10:17:38+00:00","og_image":[{"width":480,"height":480,"url":"https:\/\/www.tpcsrl.com\/wp-content\/uploads\/2025\/03\/generated-image-c714f906-e3a0-427f-8883-7154bd128456-1.jpeg","type":"image\/jpeg"}],"twitter_card":"summary_large_image","schema":{"@context":"https:\/\/schema.org","@graph":[{"@type":"WebPage","@id":"https:\/\/www.tpcsrl.com\/es\/plegadora-hidraulica-warcom-4200x200-ton\/","url":"https:\/\/www.tpcsrl.com\/es\/plegadora-hidraulica-warcom-4200x200-ton\/","name":"Plegadora hidr\u00e1ulica Warcom 4200x200 ton - TPC SRL","isPartOf":{"@id":"https:\/\/www.tpcsrl.com\/es\/#website"},"primaryImageOfPage":{"@id":"https:\/\/www.tpcsrl.com\/es\/plegadora-hidraulica-warcom-4200x200-ton\/#primaryimage"},"image":{"@id":"https:\/\/www.tpcsrl.com\/es\/plegadora-hidraulica-warcom-4200x200-ton\/#primaryimage"},"thumbnailUrl":"https:\/\/www.tpcsrl.com\/wp-content\/uploads\/2025\/03\/generated-image-c714f906-e3a0-427f-8883-7154bd128456-1.jpeg","datePublished":"2025-03-20T13:05:29+00:00","dateModified":"2025-12-09T10:17:38+00:00","description":"Scopri Plegadora hidr\u00e1ulica Warcom 4200x200 ton su TPC SRL - qualit\u00e0, prestazioni e assistenza garantita.","breadcrumb":{"@id":"https:\/\/www.tpcsrl.com\/es\/plegadora-hidraulica-warcom-4200x200-ton\/#breadcrumb"},"inLanguage":"es","potentialAction":[{"@type":"ReadAction","target":["https:\/\/www.tpcsrl.com\/es\/plegadora-hidraulica-warcom-4200x200-ton\/"]}]},{"@type":"ImageObject","inLanguage":"es","@id":"https:\/\/www.tpcsrl.com\/es\/plegadora-hidraulica-warcom-4200x200-ton\/#primaryimage","url":"https:\/\/www.tpcsrl.com\/wp-content\/uploads\/2025\/03\/generated-image-c714f906-e3a0-427f-8883-7154bd128456-1.jpeg","contentUrl":"https:\/\/www.tpcsrl.com\/wp-content\/uploads\/2025\/03\/generated-image-c714f906-e3a0-427f-8883-7154bd128456-1.jpeg","width":480,"height":480,"caption":"Plegadora hidr\u00e1ulica Warcom 4200\u00d7200 ton"},{"@type":"BreadcrumbList","@id":"https:\/\/www.tpcsrl.com\/es\/plegadora-hidraulica-warcom-4200x200-ton\/#breadcrumb","itemListElement":[{"@type":"ListItem","position":1,"name":"Home","item":"https:\/\/www.tpcsrl.com\/es\/"},{"@type":"ListItem","position":2,"name":"Tienda","item":"https:\/\/www.tpcsrl.com\/es\/tienda\/"},{"@type":"ListItem","position":3,"name":"Plegadora hidr\u00e1ulica Warcom 4200&#215;200 ton"}]},{"@type":"WebSite","@id":"https:\/\/www.tpcsrl.com\/es\/#website","url":"https:\/\/www.tpcsrl.com\/es\/","name":"TPC SRL","description":"Leader nell\u2019acquisto e vendita di macchine utensili","publisher":{"@id":"https:\/\/www.tpcsrl.com\/es\/#organization"},"potentialAction":[{"@type":"SearchAction","target":{"@type":"EntryPoint","urlTemplate":"https:\/\/www.tpcsrl.com\/es\/?s={search_term_string}"},"query-input":{"@type":"PropertyValueSpecification","valueRequired":true,"valueName":"search_term_string"}}],"inLanguage":"es"},{"@type":"Organization","@id":"https:\/\/www.tpcsrl.com\/es\/#organization","name":"TPC SRL","url":"https:\/\/www.tpcsrl.com\/es\/","logo":{"@type":"ImageObject","inLanguage":"es","@id":"https:\/\/www.tpcsrl.com\/es\/#\/schema\/logo\/image\/","url":"https:\/\/www.tpcsrl.com\/wp-content\/uploads\/2026\/01\/logo-tpc-es.jpg","contentUrl":"https:\/\/www.tpcsrl.com\/wp-content\/uploads\/2026\/01\/logo-tpc-es.jpg","width":640,"height":316,"caption":"TPC SRL"},"image":{"@id":"https:\/\/www.tpcsrl.com\/es\/#\/schema\/logo\/image\/"},"sameAs":["https:\/\/www.facebook.com\/tpcsrl2022","https:\/\/www.youtube.com\/@TPCSRL"]}]}},"uagb_featured_image_src":{"full":["https:\/\/www.tpcsrl.com\/wp-content\/uploads\/2025\/03\/generated-image-c714f906-e3a0-427f-8883-7154bd128456-1.jpeg",480,480,false],"thumbnail":["https:\/\/www.tpcsrl.com\/wp-content\/uploads\/2025\/03\/generated-image-c714f906-e3a0-427f-8883-7154bd128456-1-150x150.jpeg",150,150,true],"medium":["https:\/\/www.tpcsrl.com\/wp-content\/uploads\/2025\/03\/generated-image-c714f906-e3a0-427f-8883-7154bd128456-1-300x300.jpeg",300,300,true],"medium_large":["https:\/\/www.tpcsrl.com\/wp-content\/uploads\/2025\/03\/generated-image-c714f906-e3a0-427f-8883-7154bd128456-1.jpeg",480,480,false],"large":["https:\/\/www.tpcsrl.com\/wp-content\/uploads\/2025\/03\/generated-image-c714f906-e3a0-427f-8883-7154bd128456-1.jpeg",480,480,false],"1536x1536":["https:\/\/www.tpcsrl.com\/wp-content\/uploads\/2025\/03\/generated-image-c714f906-e3a0-427f-8883-7154bd128456-1.jpeg",480,480,false],"2048x2048":["https:\/\/www.tpcsrl.com\/wp-content\/uploads\/2025\/03\/generated-image-c714f906-e3a0-427f-8883-7154bd128456-1.jpeg",480,480,false],"woocommerce_thumbnail":["https:\/\/www.tpcsrl.com\/wp-content\/uploads\/2025\/03\/generated-image-c714f906-e3a0-427f-8883-7154bd128456-1-300x225.jpeg",300,225,true],"woocommerce_single":["https:\/\/www.tpcsrl.com\/wp-content\/uploads\/2025\/03\/generated-image-c714f906-e3a0-427f-8883-7154bd128456-1.jpeg",480,480,false],"woocommerce_gallery_thumbnail":["https:\/\/www.tpcsrl.com\/wp-content\/uploads\/2025\/03\/generated-image-c714f906-e3a0-427f-8883-7154bd128456-1-100x100.jpeg",100,100,true]},"uagb_author_info":{"display_name":"tpc srl","author_link":"https:\/\/www.tpcsrl.com\/es\/author\/"},"uagb_comment_info":0,"uagb_excerpt":"APERTURA AUMENTADA Hueco entre montantes 500 mm Paso entre montantes 3550 mm &#8211; CNC Talento n.\u00ba 8 Ejes: Y1-Y2-X1-X2-R1-R2-Z1-Z2 Motor [&hellip;]","_links":{"self":[{"href":"https:\/\/www.tpcsrl.com\/es\/wp-json\/wp\/v2\/product\/8405","targetHints":{"allow":["GET"]}}],"collection":[{"href":"https:\/\/www.tpcsrl.com\/es\/wp-json\/wp\/v2\/product"}],"about":[{"href":"https:\/\/www.tpcsrl.com\/es\/wp-json\/wp\/v2\/types\/product"}],"replies":[{"embeddable":true,"href":"https:\/\/www.tpcsrl.com\/es\/wp-json\/wp\/v2\/comments?post=8405"}],"wp:featuredmedia":[{"embeddable":true,"href":"https:\/\/www.tpcsrl.com\/es\/wp-json\/wp\/v2\/media\/10886"}],"wp:attachment":[{"href":"https:\/\/www.tpcsrl.com\/es\/wp-json\/wp\/v2\/media?parent=8405"}],"wp:term":[{"taxonomy":"product_brand","embeddable":true,"href":"https:\/\/www.tpcsrl.com\/es\/wp-json\/wp\/v2\/product_brand?post=8405"},{"taxonomy":"product_cat","embeddable":true,"href":"https:\/\/www.tpcsrl.com\/es\/wp-json\/wp\/v2\/product_cat?post=8405"},{"taxonomy":"product_tag","embeddable":true,"href":"https:\/\/www.tpcsrl.com\/es\/wp-json\/wp\/v2\/product_tag?post=8405"}],"curies":[{"name":"wp","href":"https:\/\/api.w.org\/{rel}","templated":true}]}}