{"id":7661,"date":"2025-06-14T09:18:16","date_gmt":"2025-06-14T07:18:16","guid":{"rendered":"https:\/\/www.tpcsrl.com\/compresor-fiac-new-silver-20-sd-8\/"},"modified":"2025-12-05T08:22:58","modified_gmt":"2025-12-05T07:22:58","slug":"compresor-fiac-new-silver-20-sd-8","status":"publish","type":"product","link":"https:\/\/www.tpcsrl.com\/es\/compresor-fiac-new-silver-20-sd-8\/","title":{"rendered":"Compresor FIAC NEW SILVER 20 SD 8"},"content":{"rendered":"<p>COD:RCP294<br \/>\n<span style=\"font-size: 16px\">Compresor Rotativo de Tornillo Insonorizado <\/span><span style=\"font-size: 16px\">con \u00abInverter\u00bb<\/span><\/p>\n<p>Transmisi\u00f3n por correa<\/p>\n<p>A\u00f1o 2016 con 18.675h<\/p>\n<ul>\n<li>Presi\u00f3n m\u00e1xima de trabajo: 8 bar<\/li>\n<li>Volumen de aire suministrado: m\u00edn. 678 L\/min &#8212; m\u00e1x. 2586 L\/min<\/li>\n<li>Potencia del motor: 15 kW<\/li>\n<li>Nivel sonoro: 65 dB (A)<\/li>\n<li>Alimentaci\u00f3n: Trif\u00e1sica &#8211; 400\/50\/3<\/li>\n<li>Dimensiones totales: 1130 x 780 x 1250 h mm<\/li>\n<li>Peso neto: 347 kg<\/li>\n<\/ul>\n<p>&nbsp;<\/p>\n","protected":false},"excerpt":{"rendered":"<p>COD:RCP294 Compresor Rotativo de Tornillo Insonorizado con \u00abInverter\u00bb Transmisi\u00f3n por correa A\u00f1o 2016 con 18.675h Presi\u00f3n m\u00e1xima de trabajo: 8 [&hellip;]<\/p>\n","protected":false},"featured_media":7663,"comment_status":"open","ping_status":"closed","template":"","meta":{"_acf_changed":false,"_uag_custom_page_level_css":"","site-sidebar-layout":"default","site-content-layout":"","ast-site-content-layout":"default","site-content-style":"default","site-sidebar-style":"default","ast-global-header-display":"","ast-banner-title-visibility":"","ast-main-header-display":"","ast-hfb-above-header-display":"","ast-hfb-below-header-display":"","ast-hfb-mobile-header-display":"","site-post-title":"","ast-breadcrumbs-content":"","ast-featured-img":"","footer-sml-layout":"","ast-disable-related-posts":"","theme-transparent-header-meta":"default","adv-header-id-meta":"","stick-header-meta":"default","header-above-stick-meta":"","header-main-stick-meta":"","header-below-stick-meta":"","astra-migrate-meta-layouts":"default","ast-page-background-enabled":"default","ast-page-background-meta":{"desktop":{"background-color":"var(--ast-global-color-5)","background-image":"","background-repeat":"repeat","background-position":"center center","background-size":"auto","background-attachment":"scroll","background-type":"","background-media":"","overlay-type":"","overlay-color":"","overlay-opacity":"","overlay-gradient":""},"tablet":{"background-color":"","background-image":"","background-repeat":"repeat","background-position":"center center","background-size":"auto","background-attachment":"scroll","background-type":"","background-media":"","overlay-type":"","overlay-color":"","overlay-opacity":"","overlay-gradient":""},"mobile":{"background-color":"","background-image":"","background-repeat":"repeat","background-position":"center center","background-size":"auto","background-attachment":"scroll","background-type":"","background-media":"","overlay-type":"","overlay-color":"","overlay-opacity":"","overlay-gradient":""}},"ast-content-background-meta":{"desktop":{"background-color":"var(--ast-global-color-4)","background-image":"","background-repeat":"repeat","background-position":"center center","background-size":"auto","background-attachment":"scroll","background-type":"","background-media":"","overlay-type":"","overlay-color":"","overlay-opacity":"","overlay-gradient":""},"tablet":{"background-color":"var(--ast-global-color-4)","background-image":"","background-repeat":"repeat","background-position":"center center","background-size":"auto","background-attachment":"scroll","background-type":"","background-media":"","overlay-type":"","overlay-color":"","overlay-opacity":"","overlay-gradient":""},"mobile":{"background-color":"var(--ast-global-color-4)","background-image":"","background-repeat":"repeat","background-position":"center center","background-size":"auto","background-attachment":"scroll","background-type":"","background-media":"","overlay-type":"","overlay-color":"","overlay-opacity":"","overlay-gradient":""}},"iawp_total_views":0},"product_brand":[2052],"product_cat":[601],"product_tag":[995,996,990,997,993,992,994,1002,1001,1000,991,998,999],"class_list":{"0":"post-7661","1":"product","2":"type-product","3":"status-publish","4":"has-post-thumbnail","6":"product_brand-fiac","7":"product_cat-compresor","8":"product_tag-995","9":"product_tag-996","10":"product_tag-compresor","11":"product_tag-correa","12":"product_tag-fiac","13":"product_tag-insonorizado","14":"product_tag-inverter","15":"product_tag-off","16":"product_tag-on","17":"product_tag-revisado","18":"product_tag-tornillo","19":"product_tag-unidad-de-control","20":"product_tag-usado","21":"desktop-align-left","22":"tablet-align-left","23":"mobile-align-left","25":"first","26":"instock","27":"sale","28":"shipping-taxable","29":"purchasable","30":"product-type-simple"},"acf":[],"yoast_head":"<!-- This site is optimized with the Yoast SEO plugin v27.4 - https:\/\/yoast.com\/product\/yoast-seo-wordpress\/ -->\n<title>Compresor FIAC NEW SILVER 20 SD 8 | TPC SRL<\/title>\n<meta name=\"description\" content=\"Scopri Compresor FIAC NEW SILVER 20 SD 8 su TPC SRL - qualit\u00e0, prestazioni e assistenza garantita.\" \/>\n<meta name=\"robots\" content=\"index, follow, max-snippet:-1, max-image-preview:large, max-video-preview:-1\" \/>\n<link rel=\"canonical\" href=\"https:\/\/www.tpcsrl.com\/es\/compresor-fiac-new-silver-20-sd-8\/\" \/>\n<meta property=\"og:locale\" content=\"es_ES\" \/>\n<meta property=\"og:type\" content=\"article\" \/>\n<meta property=\"og:title\" content=\"Compresor FIAC NEW SILVER 20 SD 8 - TPC SRL\" \/>\n<meta property=\"og:description\" content=\"Scopri Compresor FIAC NEW SILVER 20 SD 8 su TPC SRL - qualit\u00e0, prestazioni e assistenza garantita.\" \/>\n<meta property=\"og:url\" content=\"https:\/\/www.tpcsrl.com\/es\/compresor-fiac-new-silver-20-sd-8\/\" \/>\n<meta property=\"og:site_name\" content=\"TPC SRL\" \/>\n<meta property=\"article:publisher\" content=\"https:\/\/www.facebook.com\/tpcsrl2022\" \/>\n<meta property=\"article:modified_time\" content=\"2025-12-05T07:22:58+00:00\" \/>\n<meta property=\"og:image\" content=\"https:\/\/www.tpcsrl.com\/wp-content\/uploads\/2025\/06\/IMG_6051-1-scaled.jpeg\" \/>\n\t<meta property=\"og:image:width\" content=\"2560\" \/>\n\t<meta property=\"og:image:height\" content=\"1920\" \/>\n\t<meta property=\"og:image:type\" content=\"image\/jpeg\" \/>\n<meta name=\"twitter:card\" content=\"summary_large_image\" \/>\n<script type=\"application\/ld+json\" class=\"yoast-schema-graph\">{\"@context\":\"https:\\\/\\\/schema.org\",\"@graph\":[{\"@type\":\"WebPage\",\"@id\":\"https:\\\/\\\/www.tpcsrl.com\\\/es\\\/compresor-fiac-new-silver-20-sd-8\\\/\",\"url\":\"https:\\\/\\\/www.tpcsrl.com\\\/es\\\/compresor-fiac-new-silver-20-sd-8\\\/\",\"name\":\"Compresor FIAC NEW SILVER 20 SD 8 - TPC SRL\",\"isPartOf\":{\"@id\":\"https:\\\/\\\/www.tpcsrl.com\\\/es\\\/#website\"},\"primaryImageOfPage\":{\"@id\":\"https:\\\/\\\/www.tpcsrl.com\\\/es\\\/compresor-fiac-new-silver-20-sd-8\\\/#primaryimage\"},\"image\":{\"@id\":\"https:\\\/\\\/www.tpcsrl.com\\\/es\\\/compresor-fiac-new-silver-20-sd-8\\\/#primaryimage\"},\"thumbnailUrl\":\"https:\\\/\\\/www.tpcsrl.com\\\/wp-content\\\/uploads\\\/2025\\\/06\\\/IMG_6051-1-scaled.jpeg\",\"datePublished\":\"2025-06-14T07:18:16+00:00\",\"dateModified\":\"2025-12-05T07:22:58+00:00\",\"description\":\"Scopri Compresor FIAC NEW SILVER 20 SD 8 su TPC SRL - qualit\u00e0, prestazioni e assistenza garantita.\",\"breadcrumb\":{\"@id\":\"https:\\\/\\\/www.tpcsrl.com\\\/es\\\/compresor-fiac-new-silver-20-sd-8\\\/#breadcrumb\"},\"inLanguage\":\"es\",\"potentialAction\":[{\"@type\":\"ReadAction\",\"target\":[\"https:\\\/\\\/www.tpcsrl.com\\\/es\\\/compresor-fiac-new-silver-20-sd-8\\\/\"]}]},{\"@type\":\"ImageObject\",\"inLanguage\":\"es\",\"@id\":\"https:\\\/\\\/www.tpcsrl.com\\\/es\\\/compresor-fiac-new-silver-20-sd-8\\\/#primaryimage\",\"url\":\"https:\\\/\\\/www.tpcsrl.com\\\/wp-content\\\/uploads\\\/2025\\\/06\\\/IMG_6051-1-scaled.jpeg\",\"contentUrl\":\"https:\\\/\\\/www.tpcsrl.com\\\/wp-content\\\/uploads\\\/2025\\\/06\\\/IMG_6051-1-scaled.jpeg\",\"width\":2560,\"height\":1920,\"caption\":\"Compresor FIAC NEW SILVER 20 SD 8\"},{\"@type\":\"BreadcrumbList\",\"@id\":\"https:\\\/\\\/www.tpcsrl.com\\\/es\\\/compresor-fiac-new-silver-20-sd-8\\\/#breadcrumb\",\"itemListElement\":[{\"@type\":\"ListItem\",\"position\":1,\"name\":\"Home\",\"item\":\"https:\\\/\\\/www.tpcsrl.com\\\/es\\\/\"},{\"@type\":\"ListItem\",\"position\":2,\"name\":\"Tienda\",\"item\":\"https:\\\/\\\/www.tpcsrl.com\\\/es\\\/tienda\\\/\"},{\"@type\":\"ListItem\",\"position\":3,\"name\":\"Compresor FIAC NEW SILVER 20 SD 8\"}]},{\"@type\":\"WebSite\",\"@id\":\"https:\\\/\\\/www.tpcsrl.com\\\/es\\\/#website\",\"url\":\"https:\\\/\\\/www.tpcsrl.com\\\/es\\\/\",\"name\":\"TPC SRL\",\"description\":\"Leader nell\u2019acquisto e vendita di macchine utensili\",\"publisher\":{\"@id\":\"https:\\\/\\\/www.tpcsrl.com\\\/es\\\/#organization\"},\"potentialAction\":[{\"@type\":\"SearchAction\",\"target\":{\"@type\":\"EntryPoint\",\"urlTemplate\":\"https:\\\/\\\/www.tpcsrl.com\\\/es\\\/?s={search_term_string}\"},\"query-input\":{\"@type\":\"PropertyValueSpecification\",\"valueRequired\":true,\"valueName\":\"search_term_string\"}}],\"inLanguage\":\"es\"},{\"@type\":\"Organization\",\"@id\":\"https:\\\/\\\/www.tpcsrl.com\\\/es\\\/#organization\",\"name\":\"TPC SRL\",\"url\":\"https:\\\/\\\/www.tpcsrl.com\\\/es\\\/\",\"logo\":{\"@type\":\"ImageObject\",\"inLanguage\":\"es\",\"@id\":\"https:\\\/\\\/www.tpcsrl.com\\\/es\\\/#\\\/schema\\\/logo\\\/image\\\/\",\"url\":\"https:\\\/\\\/www.tpcsrl.com\\\/wp-content\\\/uploads\\\/2026\\\/01\\\/logo-tpc-es.jpg\",\"contentUrl\":\"https:\\\/\\\/www.tpcsrl.com\\\/wp-content\\\/uploads\\\/2026\\\/01\\\/logo-tpc-es.jpg\",\"width\":640,\"height\":316,\"caption\":\"TPC SRL\"},\"image\":{\"@id\":\"https:\\\/\\\/www.tpcsrl.com\\\/es\\\/#\\\/schema\\\/logo\\\/image\\\/\"},\"sameAs\":[\"https:\\\/\\\/www.facebook.com\\\/tpcsrl2022\",\"https:\\\/\\\/www.youtube.com\\\/@TPCSRL\"]}]}<\/script>\n<!-- \/ Yoast SEO plugin. -->","yoast_head_json":{"title":"Compresor FIAC NEW SILVER 20 SD 8 | TPC SRL","description":"Scopri Compresor FIAC NEW SILVER 20 SD 8 su TPC SRL - qualit\u00e0, prestazioni e assistenza garantita.","robots":{"index":"index","follow":"follow","max-snippet":"max-snippet:-1","max-image-preview":"max-image-preview:large","max-video-preview":"max-video-preview:-1"},"canonical":"https:\/\/www.tpcsrl.com\/es\/compresor-fiac-new-silver-20-sd-8\/","og_locale":"es_ES","og_type":"article","og_title":"Compresor FIAC NEW SILVER 20 SD 8 - TPC SRL","og_description":"Scopri Compresor FIAC NEW SILVER 20 SD 8 su TPC SRL - qualit\u00e0, prestazioni e assistenza garantita.","og_url":"https:\/\/www.tpcsrl.com\/es\/compresor-fiac-new-silver-20-sd-8\/","og_site_name":"TPC SRL","article_publisher":"https:\/\/www.facebook.com\/tpcsrl2022","article_modified_time":"2025-12-05T07:22:58+00:00","og_image":[{"width":2560,"height":1920,"url":"https:\/\/www.tpcsrl.com\/wp-content\/uploads\/2025\/06\/IMG_6051-1-scaled.jpeg","type":"image\/jpeg"}],"twitter_card":"summary_large_image","schema":{"@context":"https:\/\/schema.org","@graph":[{"@type":"WebPage","@id":"https:\/\/www.tpcsrl.com\/es\/compresor-fiac-new-silver-20-sd-8\/","url":"https:\/\/www.tpcsrl.com\/es\/compresor-fiac-new-silver-20-sd-8\/","name":"Compresor FIAC NEW SILVER 20 SD 8 - TPC SRL","isPartOf":{"@id":"https:\/\/www.tpcsrl.com\/es\/#website"},"primaryImageOfPage":{"@id":"https:\/\/www.tpcsrl.com\/es\/compresor-fiac-new-silver-20-sd-8\/#primaryimage"},"image":{"@id":"https:\/\/www.tpcsrl.com\/es\/compresor-fiac-new-silver-20-sd-8\/#primaryimage"},"thumbnailUrl":"https:\/\/www.tpcsrl.com\/wp-content\/uploads\/2025\/06\/IMG_6051-1-scaled.jpeg","datePublished":"2025-06-14T07:18:16+00:00","dateModified":"2025-12-05T07:22:58+00:00","description":"Scopri Compresor FIAC NEW SILVER 20 SD 8 su TPC SRL - qualit\u00e0, prestazioni e assistenza garantita.","breadcrumb":{"@id":"https:\/\/www.tpcsrl.com\/es\/compresor-fiac-new-silver-20-sd-8\/#breadcrumb"},"inLanguage":"es","potentialAction":[{"@type":"ReadAction","target":["https:\/\/www.tpcsrl.com\/es\/compresor-fiac-new-silver-20-sd-8\/"]}]},{"@type":"ImageObject","inLanguage":"es","@id":"https:\/\/www.tpcsrl.com\/es\/compresor-fiac-new-silver-20-sd-8\/#primaryimage","url":"https:\/\/www.tpcsrl.com\/wp-content\/uploads\/2025\/06\/IMG_6051-1-scaled.jpeg","contentUrl":"https:\/\/www.tpcsrl.com\/wp-content\/uploads\/2025\/06\/IMG_6051-1-scaled.jpeg","width":2560,"height":1920,"caption":"Compresor FIAC NEW SILVER 20 SD 8"},{"@type":"BreadcrumbList","@id":"https:\/\/www.tpcsrl.com\/es\/compresor-fiac-new-silver-20-sd-8\/#breadcrumb","itemListElement":[{"@type":"ListItem","position":1,"name":"Home","item":"https:\/\/www.tpcsrl.com\/es\/"},{"@type":"ListItem","position":2,"name":"Tienda","item":"https:\/\/www.tpcsrl.com\/es\/tienda\/"},{"@type":"ListItem","position":3,"name":"Compresor FIAC NEW SILVER 20 SD 8"}]},{"@type":"WebSite","@id":"https:\/\/www.tpcsrl.com\/es\/#website","url":"https:\/\/www.tpcsrl.com\/es\/","name":"TPC SRL","description":"Leader nell\u2019acquisto e vendita di macchine utensili","publisher":{"@id":"https:\/\/www.tpcsrl.com\/es\/#organization"},"potentialAction":[{"@type":"SearchAction","target":{"@type":"EntryPoint","urlTemplate":"https:\/\/www.tpcsrl.com\/es\/?s={search_term_string}"},"query-input":{"@type":"PropertyValueSpecification","valueRequired":true,"valueName":"search_term_string"}}],"inLanguage":"es"},{"@type":"Organization","@id":"https:\/\/www.tpcsrl.com\/es\/#organization","name":"TPC SRL","url":"https:\/\/www.tpcsrl.com\/es\/","logo":{"@type":"ImageObject","inLanguage":"es","@id":"https:\/\/www.tpcsrl.com\/es\/#\/schema\/logo\/image\/","url":"https:\/\/www.tpcsrl.com\/wp-content\/uploads\/2026\/01\/logo-tpc-es.jpg","contentUrl":"https:\/\/www.tpcsrl.com\/wp-content\/uploads\/2026\/01\/logo-tpc-es.jpg","width":640,"height":316,"caption":"TPC SRL"},"image":{"@id":"https:\/\/www.tpcsrl.com\/es\/#\/schema\/logo\/image\/"},"sameAs":["https:\/\/www.facebook.com\/tpcsrl2022","https:\/\/www.youtube.com\/@TPCSRL"]}]}},"uagb_featured_image_src":{"full":["https:\/\/www.tpcsrl.com\/wp-content\/uploads\/2025\/06\/IMG_6051-1-scaled.jpeg",2560,1920,false],"thumbnail":["https:\/\/www.tpcsrl.com\/wp-content\/uploads\/2025\/06\/IMG_6051-1-150x150.jpeg",150,150,true],"medium":["https:\/\/www.tpcsrl.com\/wp-content\/uploads\/2025\/06\/IMG_6051-1-300x225.jpeg",300,225,true],"medium_large":["https:\/\/www.tpcsrl.com\/wp-content\/uploads\/2025\/06\/IMG_6051-1-768x576.jpeg",768,576,true],"large":["https:\/\/www.tpcsrl.com\/wp-content\/uploads\/2025\/06\/IMG_6051-1-1024x768.jpeg",1024,768,true],"1536x1536":["https:\/\/www.tpcsrl.com\/wp-content\/uploads\/2025\/06\/IMG_6051-1-1536x1152.jpeg",1536,1152,true],"2048x2048":["https:\/\/www.tpcsrl.com\/wp-content\/uploads\/2025\/06\/IMG_6051-1-2048x1536.jpeg",2048,1536,true],"woocommerce_thumbnail":["https:\/\/www.tpcsrl.com\/wp-content\/uploads\/2025\/06\/IMG_6051-1-scaled-300x225.jpeg",300,225,true],"woocommerce_single":["https:\/\/www.tpcsrl.com\/wp-content\/uploads\/2025\/06\/IMG_6051-1-scaled-600x450.jpeg",600,450,true],"woocommerce_gallery_thumbnail":["https:\/\/www.tpcsrl.com\/wp-content\/uploads\/2025\/06\/IMG_6051-1-scaled-100x100.jpeg",100,100,true]},"uagb_author_info":{"display_name":"daniele.brezzi@tpcgroup.it","author_link":"https:\/\/www.tpcsrl.com\/es\/author\/"},"uagb_comment_info":0,"uagb_excerpt":"COD:RCP294 Compresor Rotativo de Tornillo Insonorizado con \u00abInverter\u00bb Transmisi\u00f3n por correa A\u00f1o 2016 con 18.675h Presi\u00f3n m\u00e1xima de trabajo: 8 [&hellip;]","_links":{"self":[{"href":"https:\/\/www.tpcsrl.com\/es\/wp-json\/wp\/v2\/product\/7661","targetHints":{"allow":["GET"]}}],"collection":[{"href":"https:\/\/www.tpcsrl.com\/es\/wp-json\/wp\/v2\/product"}],"about":[{"href":"https:\/\/www.tpcsrl.com\/es\/wp-json\/wp\/v2\/types\/product"}],"replies":[{"embeddable":true,"href":"https:\/\/www.tpcsrl.com\/es\/wp-json\/wp\/v2\/comments?post=7661"}],"wp:featuredmedia":[{"embeddable":true,"href":"https:\/\/www.tpcsrl.com\/es\/wp-json\/wp\/v2\/media\/7663"}],"wp:attachment":[{"href":"https:\/\/www.tpcsrl.com\/es\/wp-json\/wp\/v2\/media?parent=7661"}],"wp:term":[{"taxonomy":"product_brand","embeddable":true,"href":"https:\/\/www.tpcsrl.com\/es\/wp-json\/wp\/v2\/product_brand?post=7661"},{"taxonomy":"product_cat","embeddable":true,"href":"https:\/\/www.tpcsrl.com\/es\/wp-json\/wp\/v2\/product_cat?post=7661"},{"taxonomy":"product_tag","embeddable":true,"href":"https:\/\/www.tpcsrl.com\/es\/wp-json\/wp\/v2\/product_tag?post=7661"}],"curies":[{"name":"wp","href":"https:\/\/api.w.org\/{rel}","templated":true}]}}