{"id":9725,"date":"2025-03-19T16:06:42","date_gmt":"2025-03-19T15:06:42","guid":{"rendered":"https:\/\/www.tpcsrl.com\/hydraulic-bending-press-xl-4050x175-ton-esa-875-nr-6-axes-y1-y2-x-r-z1-z2\/"},"modified":"2025-03-19T16:06:42","modified_gmt":"2025-03-19T15:06:42","slug":"hydraulic-bending-press-xl-4050x175-ton-esa-875-nr-6-axes-y1-y2-x-r-z1-z2","status":"publish","type":"product","link":"https:\/\/www.tpcsrl.com\/en\/hydraulic-bending-press-xl-4050x175-ton-esa-875-nr-6-axes-y1-y2-x-r-z1-z2\/","title":{"rendered":"Hydraulic Bending Press XL 4050\u00d7175 ton Esa 875 nr.6 Axes: Y1-Y2-X-R-Z1-Z2"},"content":{"rendered":"<p>MACHINE READY FOR DELIVERY<\/p>\n<p>Press brake Dener 4050&#215;175 ton, control Esa 875, nr.6 controlled axes, possibility of additional crazy back stops, column recess 450 mm, opening 600 mm, possibility of increased opening, tank 300 lt, approximate weight 14150 kg, passage between columns 3555, reinforced linear guides for X axes, double sliding guides, added crazy back stops, main motor 22 kw, working height 900 mm<\/p>\n","protected":false},"excerpt":{"rendered":"<p>MACHINE READY FOR DELIVERY Press brake Dener 4050&#215;175 ton, control Esa 875, nr.6 controlled axes, possibility of additional crazy back [&hellip;]<\/p>\n","protected":false},"featured_media":8630,"comment_status":"open","ping_status":"closed","template":"","meta":{"_acf_changed":false,"_uag_custom_page_level_css":"","site-sidebar-layout":"default","site-content-layout":"","ast-site-content-layout":"default","site-content-style":"default","site-sidebar-style":"default","ast-global-header-display":"","ast-banner-title-visibility":"","ast-main-header-display":"","ast-hfb-above-header-display":"","ast-hfb-below-header-display":"","ast-hfb-mobile-header-display":"","site-post-title":"","ast-breadcrumbs-content":"","ast-featured-img":"","footer-sml-layout":"","ast-disable-related-posts":"","theme-transparent-header-meta":"default","adv-header-id-meta":"","stick-header-meta":"default","header-above-stick-meta":"","header-main-stick-meta":"","header-below-stick-meta":"","astra-migrate-meta-layouts":"default","ast-page-background-enabled":"default","ast-page-background-meta":{"desktop":{"background-color":"var(--ast-global-color-5)","background-image":"","background-repeat":"repeat","background-position":"center center","background-size":"auto","background-attachment":"scroll","background-type":"","background-media":"","overlay-type":"","overlay-color":"","overlay-opacity":"","overlay-gradient":""},"tablet":{"background-color":"","background-image":"","background-repeat":"repeat","background-position":"center center","background-size":"auto","background-attachment":"scroll","background-type":"","background-media":"","overlay-type":"","overlay-color":"","overlay-opacity":"","overlay-gradient":""},"mobile":{"background-color":"","background-image":"","background-repeat":"repeat","background-position":"center center","background-size":"auto","background-attachment":"scroll","background-type":"","background-media":"","overlay-type":"","overlay-color":"","overlay-opacity":"","overlay-gradient":""}},"ast-content-background-meta":{"desktop":{"background-color":"var(--ast-global-color-4)","background-image":"","background-repeat":"repeat","background-position":"center center","background-size":"auto","background-attachment":"scroll","background-type":"","background-media":"","overlay-type":"","overlay-color":"","overlay-opacity":"","overlay-gradient":""},"tablet":{"background-color":"var(--ast-global-color-4)","background-image":"","background-repeat":"repeat","background-position":"center center","background-size":"auto","background-attachment":"scroll","background-type":"","background-media":"","overlay-type":"","overlay-color":"","overlay-opacity":"","overlay-gradient":""},"mobile":{"background-color":"var(--ast-global-color-4)","background-image":"","background-repeat":"repeat","background-position":"center center","background-size":"auto","background-attachment":"scroll","background-type":"","background-media":"","overlay-type":"","overlay-color":"","overlay-opacity":"","overlay-gradient":""}},"iawp_total_views":0},"product_brand":[1982],"product_cat":[1065],"product_tag":[],"class_list":{"0":"post-9725","1":"product","2":"type-product","3":"status-publish","4":"has-post-thumbnail","6":"product_brand-dener","7":"product_cat-hydraulic-press-brake","8":"desktop-align-left","9":"tablet-align-left","10":"mobile-align-left","12":"first","13":"instock","14":"shipping-taxable","15":"product-type-simple"},"acf":[],"yoast_head":"<!-- This site is optimized with the Yoast SEO plugin v27.6 - https:\/\/yoast.com\/product\/yoast-seo-wordpress\/ -->\n<title>Hydraulic Bending Press XL 4050\u00d7175 ton Esa 875 nr.6 Axes: Y1-Y2-X-R-Z1-Z2 | TPC SRL<\/title>\n<meta name=\"description\" content=\"Scopri Hydraulic Bending Press XL 4050\u00d7175 ton Esa 875 nr.6 Axes: Y1-Y2-X-R-Z1-Z2 su TPC SRL - qualit\u00e0, prestazioni e assistenza garantita.\" \/>\n<meta name=\"robots\" content=\"index, follow, max-snippet:-1, max-image-preview:large, max-video-preview:-1\" \/>\n<link rel=\"canonical\" href=\"https:\/\/www.tpcsrl.com\/en\/hydraulic-bending-press-xl-4050x175-ton-esa-875-nr-6-axes-y1-y2-x-r-z1-z2\/\" \/>\n<meta property=\"og:locale\" content=\"en_US\" \/>\n<meta property=\"og:type\" content=\"article\" \/>\n<meta property=\"og:title\" content=\"Hydraulic Bending Press XL 4050\u00d7175 ton Esa 875 nr.6 Axes: Y1-Y2-X-R-Z1-Z2 - TPC SRL\" \/>\n<meta property=\"og:description\" content=\"Scopri Hydraulic Bending Press XL 4050\u00d7175 ton Esa 875 nr.6 Axes: Y1-Y2-X-R-Z1-Z2 su TPC SRL - qualit\u00e0, prestazioni e assistenza garantita.\" \/>\n<meta property=\"og:url\" content=\"https:\/\/www.tpcsrl.com\/en\/hydraulic-bending-press-xl-4050x175-ton-esa-875-nr-6-axes-y1-y2-x-r-z1-z2\/\" \/>\n<meta property=\"og:site_name\" content=\"TPC SRL\" \/>\n<meta property=\"article:publisher\" content=\"https:\/\/www.facebook.com\/tpcsrl2022\" \/>\n<meta property=\"og:image\" content=\"https:\/\/www.tpcsrl.com\/wp-content\/uploads\/2025\/03\/original-pressa-piegatrice-idraulica-xl-4050-175-ton-esa-875-nr-6-assi-y1-y2-x-r-z1-z2.jpg\" \/>\n\t<meta property=\"og:image:width\" content=\"914\" \/>\n\t<meta property=\"og:image:height\" content=\"820\" \/>\n\t<meta property=\"og:image:type\" content=\"image\/jpeg\" \/>\n<meta name=\"twitter:card\" content=\"summary_large_image\" \/>\n<script type=\"application\/ld+json\" class=\"yoast-schema-graph\">{\"@context\":\"https:\\\/\\\/schema.org\",\"@graph\":[{\"@type\":\"WebPage\",\"@id\":\"https:\\\/\\\/www.tpcsrl.com\\\/en\\\/hydraulic-bending-press-xl-4050x175-ton-esa-875-nr-6-axes-y1-y2-x-r-z1-z2\\\/\",\"url\":\"https:\\\/\\\/www.tpcsrl.com\\\/en\\\/hydraulic-bending-press-xl-4050x175-ton-esa-875-nr-6-axes-y1-y2-x-r-z1-z2\\\/\",\"name\":\"Hydraulic Bending Press XL 4050\u00d7175 ton Esa 875 nr.6 Axes: Y1-Y2-X-R-Z1-Z2 - TPC SRL\",\"isPartOf\":{\"@id\":\"https:\\\/\\\/www.tpcsrl.com\\\/en\\\/#website\"},\"primaryImageOfPage\":{\"@id\":\"https:\\\/\\\/www.tpcsrl.com\\\/en\\\/hydraulic-bending-press-xl-4050x175-ton-esa-875-nr-6-axes-y1-y2-x-r-z1-z2\\\/#primaryimage\"},\"image\":{\"@id\":\"https:\\\/\\\/www.tpcsrl.com\\\/en\\\/hydraulic-bending-press-xl-4050x175-ton-esa-875-nr-6-axes-y1-y2-x-r-z1-z2\\\/#primaryimage\"},\"thumbnailUrl\":\"https:\\\/\\\/www.tpcsrl.com\\\/wp-content\\\/uploads\\\/2025\\\/03\\\/original-pressa-piegatrice-idraulica-xl-4050-175-ton-esa-875-nr-6-assi-y1-y2-x-r-z1-z2.jpg\",\"datePublished\":\"2025-03-19T15:06:42+00:00\",\"description\":\"Scopri Hydraulic Bending Press XL 4050\u00d7175 ton Esa 875 nr.6 Axes: Y1-Y2-X-R-Z1-Z2 su TPC SRL - qualit\u00e0, prestazioni e assistenza garantita.\",\"breadcrumb\":{\"@id\":\"https:\\\/\\\/www.tpcsrl.com\\\/en\\\/hydraulic-bending-press-xl-4050x175-ton-esa-875-nr-6-axes-y1-y2-x-r-z1-z2\\\/#breadcrumb\"},\"inLanguage\":\"en-US\",\"potentialAction\":[{\"@type\":\"ReadAction\",\"target\":[\"https:\\\/\\\/www.tpcsrl.com\\\/en\\\/hydraulic-bending-press-xl-4050x175-ton-esa-875-nr-6-axes-y1-y2-x-r-z1-z2\\\/\"]}]},{\"@type\":\"ImageObject\",\"inLanguage\":\"en-US\",\"@id\":\"https:\\\/\\\/www.tpcsrl.com\\\/en\\\/hydraulic-bending-press-xl-4050x175-ton-esa-875-nr-6-axes-y1-y2-x-r-z1-z2\\\/#primaryimage\",\"url\":\"https:\\\/\\\/www.tpcsrl.com\\\/wp-content\\\/uploads\\\/2025\\\/03\\\/original-pressa-piegatrice-idraulica-xl-4050-175-ton-esa-875-nr-6-assi-y1-y2-x-r-z1-z2.jpg\",\"contentUrl\":\"https:\\\/\\\/www.tpcsrl.com\\\/wp-content\\\/uploads\\\/2025\\\/03\\\/original-pressa-piegatrice-idraulica-xl-4050-175-ton-esa-875-nr-6-assi-y1-y2-x-r-z1-z2.jpg\",\"width\":914,\"height\":820,\"caption\":\"Hydraulic Bending Press XL 4050\u00d7175 ton Esa 875 nr.6 Axes: Y1-Y2-X-R-Z1-Z2\"},{\"@type\":\"BreadcrumbList\",\"@id\":\"https:\\\/\\\/www.tpcsrl.com\\\/en\\\/hydraulic-bending-press-xl-4050x175-ton-esa-875-nr-6-axes-y1-y2-x-r-z1-z2\\\/#breadcrumb\",\"itemListElement\":[{\"@type\":\"ListItem\",\"position\":1,\"name\":\"Home\",\"item\":\"https:\\\/\\\/www.tpcsrl.com\\\/en\\\/\"},{\"@type\":\"ListItem\",\"position\":2,\"name\":\"Shop\",\"item\":\"https:\\\/\\\/www.tpcsrl.com\\\/en\\\/shop\\\/\"},{\"@type\":\"ListItem\",\"position\":3,\"name\":\"Hydraulic Bending Press XL 4050\u00d7175 ton Esa 875 nr.6 Axes: Y1-Y2-X-R-Z1-Z2\"}]},{\"@type\":\"WebSite\",\"@id\":\"https:\\\/\\\/www.tpcsrl.com\\\/en\\\/#website\",\"url\":\"https:\\\/\\\/www.tpcsrl.com\\\/en\\\/\",\"name\":\"TPC SRL\",\"description\":\"Leader nell\u2019acquisto e vendita di macchine utensili\",\"publisher\":{\"@id\":\"https:\\\/\\\/www.tpcsrl.com\\\/en\\\/#organization\"},\"potentialAction\":[{\"@type\":\"SearchAction\",\"target\":{\"@type\":\"EntryPoint\",\"urlTemplate\":\"https:\\\/\\\/www.tpcsrl.com\\\/en\\\/?s={search_term_string}\"},\"query-input\":{\"@type\":\"PropertyValueSpecification\",\"valueRequired\":true,\"valueName\":\"search_term_string\"}}],\"inLanguage\":\"en-US\"},{\"@type\":\"Organization\",\"@id\":\"https:\\\/\\\/www.tpcsrl.com\\\/en\\\/#organization\",\"name\":\"TPC SRL\",\"url\":\"https:\\\/\\\/www.tpcsrl.com\\\/en\\\/\",\"logo\":{\"@type\":\"ImageObject\",\"inLanguage\":\"en-US\",\"@id\":\"https:\\\/\\\/www.tpcsrl.com\\\/en\\\/#\\\/schema\\\/logo\\\/image\\\/\",\"url\":\"https:\\\/\\\/www.tpcsrl.com\\\/wp-content\\\/uploads\\\/2026\\\/01\\\/logo-tpc-eng.jpg\",\"contentUrl\":\"https:\\\/\\\/www.tpcsrl.com\\\/wp-content\\\/uploads\\\/2026\\\/01\\\/logo-tpc-eng.jpg\",\"width\":640,\"height\":316,\"caption\":\"TPC SRL\"},\"image\":{\"@id\":\"https:\\\/\\\/www.tpcsrl.com\\\/en\\\/#\\\/schema\\\/logo\\\/image\\\/\"},\"sameAs\":[\"https:\\\/\\\/www.facebook.com\\\/tpcsrl2022\",\"https:\\\/\\\/www.youtube.com\\\/@TPCSRL\"]}]}<\/script>\n<!-- \/ Yoast SEO plugin. -->","yoast_head_json":{"title":"Hydraulic Bending Press XL 4050\u00d7175 ton Esa 875 nr.6 Axes: Y1-Y2-X-R-Z1-Z2 | TPC SRL","description":"Scopri Hydraulic Bending Press XL 4050\u00d7175 ton Esa 875 nr.6 Axes: Y1-Y2-X-R-Z1-Z2 su TPC SRL - qualit\u00e0, prestazioni e assistenza garantita.","robots":{"index":"index","follow":"follow","max-snippet":"max-snippet:-1","max-image-preview":"max-image-preview:large","max-video-preview":"max-video-preview:-1"},"canonical":"https:\/\/www.tpcsrl.com\/en\/hydraulic-bending-press-xl-4050x175-ton-esa-875-nr-6-axes-y1-y2-x-r-z1-z2\/","og_locale":"en_US","og_type":"article","og_title":"Hydraulic Bending Press XL 4050\u00d7175 ton Esa 875 nr.6 Axes: Y1-Y2-X-R-Z1-Z2 - TPC SRL","og_description":"Scopri Hydraulic Bending Press XL 4050\u00d7175 ton Esa 875 nr.6 Axes: Y1-Y2-X-R-Z1-Z2 su TPC SRL - qualit\u00e0, prestazioni e assistenza garantita.","og_url":"https:\/\/www.tpcsrl.com\/en\/hydraulic-bending-press-xl-4050x175-ton-esa-875-nr-6-axes-y1-y2-x-r-z1-z2\/","og_site_name":"TPC SRL","article_publisher":"https:\/\/www.facebook.com\/tpcsrl2022","og_image":[{"width":914,"height":820,"url":"https:\/\/www.tpcsrl.com\/wp-content\/uploads\/2025\/03\/original-pressa-piegatrice-idraulica-xl-4050-175-ton-esa-875-nr-6-assi-y1-y2-x-r-z1-z2.jpg","type":"image\/jpeg"}],"twitter_card":"summary_large_image","schema":{"@context":"https:\/\/schema.org","@graph":[{"@type":"WebPage","@id":"https:\/\/www.tpcsrl.com\/en\/hydraulic-bending-press-xl-4050x175-ton-esa-875-nr-6-axes-y1-y2-x-r-z1-z2\/","url":"https:\/\/www.tpcsrl.com\/en\/hydraulic-bending-press-xl-4050x175-ton-esa-875-nr-6-axes-y1-y2-x-r-z1-z2\/","name":"Hydraulic Bending Press XL 4050\u00d7175 ton Esa 875 nr.6 Axes: Y1-Y2-X-R-Z1-Z2 - TPC SRL","isPartOf":{"@id":"https:\/\/www.tpcsrl.com\/en\/#website"},"primaryImageOfPage":{"@id":"https:\/\/www.tpcsrl.com\/en\/hydraulic-bending-press-xl-4050x175-ton-esa-875-nr-6-axes-y1-y2-x-r-z1-z2\/#primaryimage"},"image":{"@id":"https:\/\/www.tpcsrl.com\/en\/hydraulic-bending-press-xl-4050x175-ton-esa-875-nr-6-axes-y1-y2-x-r-z1-z2\/#primaryimage"},"thumbnailUrl":"https:\/\/www.tpcsrl.com\/wp-content\/uploads\/2025\/03\/original-pressa-piegatrice-idraulica-xl-4050-175-ton-esa-875-nr-6-assi-y1-y2-x-r-z1-z2.jpg","datePublished":"2025-03-19T15:06:42+00:00","description":"Scopri Hydraulic Bending Press XL 4050\u00d7175 ton Esa 875 nr.6 Axes: Y1-Y2-X-R-Z1-Z2 su TPC SRL - qualit\u00e0, prestazioni e assistenza garantita.","breadcrumb":{"@id":"https:\/\/www.tpcsrl.com\/en\/hydraulic-bending-press-xl-4050x175-ton-esa-875-nr-6-axes-y1-y2-x-r-z1-z2\/#breadcrumb"},"inLanguage":"en-US","potentialAction":[{"@type":"ReadAction","target":["https:\/\/www.tpcsrl.com\/en\/hydraulic-bending-press-xl-4050x175-ton-esa-875-nr-6-axes-y1-y2-x-r-z1-z2\/"]}]},{"@type":"ImageObject","inLanguage":"en-US","@id":"https:\/\/www.tpcsrl.com\/en\/hydraulic-bending-press-xl-4050x175-ton-esa-875-nr-6-axes-y1-y2-x-r-z1-z2\/#primaryimage","url":"https:\/\/www.tpcsrl.com\/wp-content\/uploads\/2025\/03\/original-pressa-piegatrice-idraulica-xl-4050-175-ton-esa-875-nr-6-assi-y1-y2-x-r-z1-z2.jpg","contentUrl":"https:\/\/www.tpcsrl.com\/wp-content\/uploads\/2025\/03\/original-pressa-piegatrice-idraulica-xl-4050-175-ton-esa-875-nr-6-assi-y1-y2-x-r-z1-z2.jpg","width":914,"height":820,"caption":"Hydraulic Bending Press XL 4050\u00d7175 ton Esa 875 nr.6 Axes: Y1-Y2-X-R-Z1-Z2"},{"@type":"BreadcrumbList","@id":"https:\/\/www.tpcsrl.com\/en\/hydraulic-bending-press-xl-4050x175-ton-esa-875-nr-6-axes-y1-y2-x-r-z1-z2\/#breadcrumb","itemListElement":[{"@type":"ListItem","position":1,"name":"Home","item":"https:\/\/www.tpcsrl.com\/en\/"},{"@type":"ListItem","position":2,"name":"Shop","item":"https:\/\/www.tpcsrl.com\/en\/shop\/"},{"@type":"ListItem","position":3,"name":"Hydraulic Bending Press XL 4050\u00d7175 ton Esa 875 nr.6 Axes: Y1-Y2-X-R-Z1-Z2"}]},{"@type":"WebSite","@id":"https:\/\/www.tpcsrl.com\/en\/#website","url":"https:\/\/www.tpcsrl.com\/en\/","name":"TPC SRL","description":"Leader nell\u2019acquisto e vendita di macchine utensili","publisher":{"@id":"https:\/\/www.tpcsrl.com\/en\/#organization"},"potentialAction":[{"@type":"SearchAction","target":{"@type":"EntryPoint","urlTemplate":"https:\/\/www.tpcsrl.com\/en\/?s={search_term_string}"},"query-input":{"@type":"PropertyValueSpecification","valueRequired":true,"valueName":"search_term_string"}}],"inLanguage":"en-US"},{"@type":"Organization","@id":"https:\/\/www.tpcsrl.com\/en\/#organization","name":"TPC SRL","url":"https:\/\/www.tpcsrl.com\/en\/","logo":{"@type":"ImageObject","inLanguage":"en-US","@id":"https:\/\/www.tpcsrl.com\/en\/#\/schema\/logo\/image\/","url":"https:\/\/www.tpcsrl.com\/wp-content\/uploads\/2026\/01\/logo-tpc-eng.jpg","contentUrl":"https:\/\/www.tpcsrl.com\/wp-content\/uploads\/2026\/01\/logo-tpc-eng.jpg","width":640,"height":316,"caption":"TPC SRL"},"image":{"@id":"https:\/\/www.tpcsrl.com\/en\/#\/schema\/logo\/image\/"},"sameAs":["https:\/\/www.facebook.com\/tpcsrl2022","https:\/\/www.youtube.com\/@TPCSRL"]}]}},"uagb_featured_image_src":{"full":["https:\/\/www.tpcsrl.com\/wp-content\/uploads\/2025\/03\/original-pressa-piegatrice-idraulica-xl-4050-175-ton-esa-875-nr-6-assi-y1-y2-x-r-z1-z2.jpg",914,820,false],"thumbnail":["https:\/\/www.tpcsrl.com\/wp-content\/uploads\/2025\/03\/original-pressa-piegatrice-idraulica-xl-4050-175-ton-esa-875-nr-6-assi-y1-y2-x-r-z1-z2-150x150.jpg",150,150,true],"medium":["https:\/\/www.tpcsrl.com\/wp-content\/uploads\/2025\/03\/original-pressa-piegatrice-idraulica-xl-4050-175-ton-esa-875-nr-6-assi-y1-y2-x-r-z1-z2-300x269.jpg",300,269,true],"medium_large":["https:\/\/www.tpcsrl.com\/wp-content\/uploads\/2025\/03\/original-pressa-piegatrice-idraulica-xl-4050-175-ton-esa-875-nr-6-assi-y1-y2-x-r-z1-z2-768x689.jpg",768,689,true],"large":["https:\/\/www.tpcsrl.com\/wp-content\/uploads\/2025\/03\/original-pressa-piegatrice-idraulica-xl-4050-175-ton-esa-875-nr-6-assi-y1-y2-x-r-z1-z2.jpg",914,820,false],"1536x1536":["https:\/\/www.tpcsrl.com\/wp-content\/uploads\/2025\/03\/original-pressa-piegatrice-idraulica-xl-4050-175-ton-esa-875-nr-6-assi-y1-y2-x-r-z1-z2.jpg",914,820,false],"2048x2048":["https:\/\/www.tpcsrl.com\/wp-content\/uploads\/2025\/03\/original-pressa-piegatrice-idraulica-xl-4050-175-ton-esa-875-nr-6-assi-y1-y2-x-r-z1-z2.jpg",914,820,false],"woocommerce_thumbnail":["https:\/\/www.tpcsrl.com\/wp-content\/uploads\/2025\/03\/original-pressa-piegatrice-idraulica-xl-4050-175-ton-esa-875-nr-6-assi-y1-y2-x-r-z1-z2-300x225.jpg",300,225,true],"woocommerce_single":["https:\/\/www.tpcsrl.com\/wp-content\/uploads\/2025\/03\/original-pressa-piegatrice-idraulica-xl-4050-175-ton-esa-875-nr-6-assi-y1-y2-x-r-z1-z2-600x538.jpg",600,538,true],"woocommerce_gallery_thumbnail":["https:\/\/www.tpcsrl.com\/wp-content\/uploads\/2025\/03\/original-pressa-piegatrice-idraulica-xl-4050-175-ton-esa-875-nr-6-assi-y1-y2-x-r-z1-z2-100x100.jpg",100,100,true]},"uagb_author_info":{"display_name":"tpc srl","author_link":"https:\/\/www.tpcsrl.com\/en\/author\/"},"uagb_comment_info":0,"uagb_excerpt":"MACHINE READY FOR DELIVERY Press brake Dener 4050&#215;175 ton, control Esa 875, nr.6 controlled axes, possibility of additional crazy back [&hellip;]","_links":{"self":[{"href":"https:\/\/www.tpcsrl.com\/en\/wp-json\/wp\/v2\/product\/9725","targetHints":{"allow":["GET"]}}],"collection":[{"href":"https:\/\/www.tpcsrl.com\/en\/wp-json\/wp\/v2\/product"}],"about":[{"href":"https:\/\/www.tpcsrl.com\/en\/wp-json\/wp\/v2\/types\/product"}],"replies":[{"embeddable":true,"href":"https:\/\/www.tpcsrl.com\/en\/wp-json\/wp\/v2\/comments?post=9725"}],"wp:featuredmedia":[{"embeddable":true,"href":"https:\/\/www.tpcsrl.com\/en\/wp-json\/wp\/v2\/media\/8630"}],"wp:attachment":[{"href":"https:\/\/www.tpcsrl.com\/en\/wp-json\/wp\/v2\/media?parent=9725"}],"wp:term":[{"taxonomy":"product_brand","embeddable":true,"href":"https:\/\/www.tpcsrl.com\/en\/wp-json\/wp\/v2\/product_brand?post=9725"},{"taxonomy":"product_cat","embeddable":true,"href":"https:\/\/www.tpcsrl.com\/en\/wp-json\/wp\/v2\/product_cat?post=9725"},{"taxonomy":"product_tag","embeddable":true,"href":"https:\/\/www.tpcsrl.com\/en\/wp-json\/wp\/v2\/product_tag?post=9725"}],"curies":[{"name":"wp","href":"https:\/\/api.w.org\/{rel}","templated":true}]}}