{"id":9640,"date":"2025-03-19T16:06:41","date_gmt":"2025-03-19T15:06:41","guid":{"rendered":"https:\/\/www.tpcsrl.com\/electric-bending-machine-servo-dd-m-2000x50-ton\/"},"modified":"2025-03-19T16:06:41","modified_gmt":"2025-03-19T15:06:41","slug":"electric-bending-machine-servo-dd-m-2000x50-ton","status":"publish","type":"product","link":"https:\/\/www.tpcsrl.com\/en\/electric-bending-machine-servo-dd-m-2000x50-ton\/","title":{"rendered":"Electric Bending Machine Servo DD-M 2000\u00d750 Ton"},"content":{"rendered":"<p>MACHINE READY FOR DELIVERY<\/p>\n<p>Electric bending press dener 2050&#215;50 ton, useful bending length 2050 mm, bending power 50 ton, machine managed by CNC control ESA 875, tool attachment Promecan, die and punch attachment of European type, lightweight supports, working table height 900 mm, stroke 220 mm, column passage 2150 mm, column recess 450 mmSER<\/p>\n","protected":false},"excerpt":{"rendered":"<p>MACHINE READY FOR DELIVERY Electric bending press dener 2050&#215;50 ton, useful bending length 2050 mm, bending power 50 ton, machine [&hellip;]<\/p>\n","protected":false},"featured_media":8555,"comment_status":"open","ping_status":"closed","template":"","meta":{"_acf_changed":false,"_uag_custom_page_level_css":"","site-sidebar-layout":"default","site-content-layout":"","ast-site-content-layout":"default","site-content-style":"default","site-sidebar-style":"default","ast-global-header-display":"","ast-banner-title-visibility":"","ast-main-header-display":"","ast-hfb-above-header-display":"","ast-hfb-below-header-display":"","ast-hfb-mobile-header-display":"","site-post-title":"","ast-breadcrumbs-content":"","ast-featured-img":"","footer-sml-layout":"","ast-disable-related-posts":"","theme-transparent-header-meta":"default","adv-header-id-meta":"","stick-header-meta":"default","header-above-stick-meta":"","header-main-stick-meta":"","header-below-stick-meta":"","astra-migrate-meta-layouts":"default","ast-page-background-enabled":"default","ast-page-background-meta":{"desktop":{"background-color":"var(--ast-global-color-5)","background-image":"","background-repeat":"repeat","background-position":"center center","background-size":"auto","background-attachment":"scroll","background-type":"","background-media":"","overlay-type":"","overlay-color":"","overlay-opacity":"","overlay-gradient":""},"tablet":{"background-color":"","background-image":"","background-repeat":"repeat","background-position":"center center","background-size":"auto","background-attachment":"scroll","background-type":"","background-media":"","overlay-type":"","overlay-color":"","overlay-opacity":"","overlay-gradient":""},"mobile":{"background-color":"","background-image":"","background-repeat":"repeat","background-position":"center center","background-size":"auto","background-attachment":"scroll","background-type":"","background-media":"","overlay-type":"","overlay-color":"","overlay-opacity":"","overlay-gradient":""}},"ast-content-background-meta":{"desktop":{"background-color":"var(--ast-global-color-4)","background-image":"","background-repeat":"repeat","background-position":"center center","background-size":"auto","background-attachment":"scroll","background-type":"","background-media":"","overlay-type":"","overlay-color":"","overlay-opacity":"","overlay-gradient":""},"tablet":{"background-color":"var(--ast-global-color-4)","background-image":"","background-repeat":"repeat","background-position":"center center","background-size":"auto","background-attachment":"scroll","background-type":"","background-media":"","overlay-type":"","overlay-color":"","overlay-opacity":"","overlay-gradient":""},"mobile":{"background-color":"var(--ast-global-color-4)","background-image":"","background-repeat":"repeat","background-position":"center center","background-size":"auto","background-attachment":"scroll","background-type":"","background-media":"","overlay-type":"","overlay-color":"","overlay-opacity":"","overlay-gradient":""}},"iawp_total_views":0},"product_brand":[1982],"product_cat":[1123],"product_tag":[],"class_list":{"0":"post-9640","1":"product","2":"type-product","3":"status-publish","4":"has-post-thumbnail","6":"product_brand-dener","7":"product_cat-electric-press-brake","8":"desktop-align-left","9":"tablet-align-left","10":"mobile-align-left","12":"first","13":"instock","14":"shipping-taxable","15":"product-type-simple"},"acf":[],"yoast_head":"<!-- This site is optimized with the Yoast SEO plugin v27.4 - https:\/\/yoast.com\/product\/yoast-seo-wordpress\/ -->\n<title>Electric Bending Machine Servo DD-M 2000\u00d750 Ton | TPC SRL<\/title>\n<meta name=\"description\" content=\"Scopri Electric Bending Machine Servo DD-M 2000\u00d750 Ton su TPC SRL - qualit\u00e0, prestazioni e assistenza garantita.\" \/>\n<meta name=\"robots\" content=\"index, follow, max-snippet:-1, max-image-preview:large, max-video-preview:-1\" \/>\n<link rel=\"canonical\" href=\"https:\/\/www.tpcsrl.com\/en\/electric-bending-machine-servo-dd-m-2000x50-ton\/\" \/>\n<meta property=\"og:locale\" content=\"en_US\" \/>\n<meta property=\"og:type\" content=\"article\" \/>\n<meta property=\"og:title\" content=\"Electric Bending Machine Servo DD-M 2000\u00d750 Ton - TPC SRL\" \/>\n<meta property=\"og:description\" content=\"Scopri Electric Bending Machine Servo DD-M 2000\u00d750 Ton su TPC SRL - qualit\u00e0, prestazioni e assistenza garantita.\" \/>\n<meta property=\"og:url\" content=\"https:\/\/www.tpcsrl.com\/en\/electric-bending-machine-servo-dd-m-2000x50-ton\/\" \/>\n<meta property=\"og:site_name\" content=\"TPC SRL\" \/>\n<meta property=\"article:publisher\" content=\"https:\/\/www.facebook.com\/tpcsrl2022\" \/>\n<meta property=\"og:image\" content=\"https:\/\/www.tpcsrl.com\/wp-content\/uploads\/2025\/03\/original-piegatrice-elettrica-servo-dd-m-2000-50-ton-scaled.jpg\" \/>\n\t<meta property=\"og:image:width\" content=\"1920\" \/>\n\t<meta property=\"og:image:height\" content=\"2560\" \/>\n\t<meta property=\"og:image:type\" content=\"image\/jpeg\" \/>\n<meta name=\"twitter:card\" content=\"summary_large_image\" \/>\n<script type=\"application\/ld+json\" class=\"yoast-schema-graph\">{\"@context\":\"https:\\\/\\\/schema.org\",\"@graph\":[{\"@type\":\"WebPage\",\"@id\":\"https:\\\/\\\/www.tpcsrl.com\\\/en\\\/electric-bending-machine-servo-dd-m-2000x50-ton\\\/\",\"url\":\"https:\\\/\\\/www.tpcsrl.com\\\/en\\\/electric-bending-machine-servo-dd-m-2000x50-ton\\\/\",\"name\":\"Electric Bending Machine Servo DD-M 2000\u00d750 Ton - TPC SRL\",\"isPartOf\":{\"@id\":\"https:\\\/\\\/www.tpcsrl.com\\\/en\\\/#website\"},\"primaryImageOfPage\":{\"@id\":\"https:\\\/\\\/www.tpcsrl.com\\\/en\\\/electric-bending-machine-servo-dd-m-2000x50-ton\\\/#primaryimage\"},\"image\":{\"@id\":\"https:\\\/\\\/www.tpcsrl.com\\\/en\\\/electric-bending-machine-servo-dd-m-2000x50-ton\\\/#primaryimage\"},\"thumbnailUrl\":\"https:\\\/\\\/www.tpcsrl.com\\\/wp-content\\\/uploads\\\/2025\\\/03\\\/original-piegatrice-elettrica-servo-dd-m-2000-50-ton-scaled.jpg\",\"datePublished\":\"2025-03-19T15:06:41+00:00\",\"description\":\"Scopri Electric Bending Machine Servo DD-M 2000\u00d750 Ton su TPC SRL - qualit\u00e0, prestazioni e assistenza garantita.\",\"breadcrumb\":{\"@id\":\"https:\\\/\\\/www.tpcsrl.com\\\/en\\\/electric-bending-machine-servo-dd-m-2000x50-ton\\\/#breadcrumb\"},\"inLanguage\":\"en-US\",\"potentialAction\":[{\"@type\":\"ReadAction\",\"target\":[\"https:\\\/\\\/www.tpcsrl.com\\\/en\\\/electric-bending-machine-servo-dd-m-2000x50-ton\\\/\"]}]},{\"@type\":\"ImageObject\",\"inLanguage\":\"en-US\",\"@id\":\"https:\\\/\\\/www.tpcsrl.com\\\/en\\\/electric-bending-machine-servo-dd-m-2000x50-ton\\\/#primaryimage\",\"url\":\"https:\\\/\\\/www.tpcsrl.com\\\/wp-content\\\/uploads\\\/2025\\\/03\\\/original-piegatrice-elettrica-servo-dd-m-2000-50-ton-scaled.jpg\",\"contentUrl\":\"https:\\\/\\\/www.tpcsrl.com\\\/wp-content\\\/uploads\\\/2025\\\/03\\\/original-piegatrice-elettrica-servo-dd-m-2000-50-ton-scaled.jpg\",\"width\":1920,\"height\":2560,\"caption\":\"Electric Bending Machine Servo DD-M 2000\u00d750 Ton\"},{\"@type\":\"BreadcrumbList\",\"@id\":\"https:\\\/\\\/www.tpcsrl.com\\\/en\\\/electric-bending-machine-servo-dd-m-2000x50-ton\\\/#breadcrumb\",\"itemListElement\":[{\"@type\":\"ListItem\",\"position\":1,\"name\":\"Home\",\"item\":\"https:\\\/\\\/www.tpcsrl.com\\\/en\\\/\"},{\"@type\":\"ListItem\",\"position\":2,\"name\":\"Shop\",\"item\":\"https:\\\/\\\/www.tpcsrl.com\\\/en\\\/shop\\\/\"},{\"@type\":\"ListItem\",\"position\":3,\"name\":\"Electric Bending Machine Servo DD-M 2000\u00d750 Ton\"}]},{\"@type\":\"WebSite\",\"@id\":\"https:\\\/\\\/www.tpcsrl.com\\\/en\\\/#website\",\"url\":\"https:\\\/\\\/www.tpcsrl.com\\\/en\\\/\",\"name\":\"TPC SRL\",\"description\":\"Leader nell\u2019acquisto e vendita di macchine utensili\",\"publisher\":{\"@id\":\"https:\\\/\\\/www.tpcsrl.com\\\/en\\\/#organization\"},\"potentialAction\":[{\"@type\":\"SearchAction\",\"target\":{\"@type\":\"EntryPoint\",\"urlTemplate\":\"https:\\\/\\\/www.tpcsrl.com\\\/en\\\/?s={search_term_string}\"},\"query-input\":{\"@type\":\"PropertyValueSpecification\",\"valueRequired\":true,\"valueName\":\"search_term_string\"}}],\"inLanguage\":\"en-US\"},{\"@type\":\"Organization\",\"@id\":\"https:\\\/\\\/www.tpcsrl.com\\\/en\\\/#organization\",\"name\":\"TPC SRL\",\"url\":\"https:\\\/\\\/www.tpcsrl.com\\\/en\\\/\",\"logo\":{\"@type\":\"ImageObject\",\"inLanguage\":\"en-US\",\"@id\":\"https:\\\/\\\/www.tpcsrl.com\\\/en\\\/#\\\/schema\\\/logo\\\/image\\\/\",\"url\":\"https:\\\/\\\/www.tpcsrl.com\\\/wp-content\\\/uploads\\\/2026\\\/01\\\/logo-tpc-eng.jpg\",\"contentUrl\":\"https:\\\/\\\/www.tpcsrl.com\\\/wp-content\\\/uploads\\\/2026\\\/01\\\/logo-tpc-eng.jpg\",\"width\":640,\"height\":316,\"caption\":\"TPC SRL\"},\"image\":{\"@id\":\"https:\\\/\\\/www.tpcsrl.com\\\/en\\\/#\\\/schema\\\/logo\\\/image\\\/\"},\"sameAs\":[\"https:\\\/\\\/www.facebook.com\\\/tpcsrl2022\",\"https:\\\/\\\/www.youtube.com\\\/@TPCSRL\"]}]}<\/script>\n<!-- \/ Yoast SEO plugin. -->","yoast_head_json":{"title":"Electric Bending Machine Servo DD-M 2000\u00d750 Ton | TPC SRL","description":"Scopri Electric Bending Machine Servo DD-M 2000\u00d750 Ton su TPC SRL - qualit\u00e0, prestazioni e assistenza garantita.","robots":{"index":"index","follow":"follow","max-snippet":"max-snippet:-1","max-image-preview":"max-image-preview:large","max-video-preview":"max-video-preview:-1"},"canonical":"https:\/\/www.tpcsrl.com\/en\/electric-bending-machine-servo-dd-m-2000x50-ton\/","og_locale":"en_US","og_type":"article","og_title":"Electric Bending Machine Servo DD-M 2000\u00d750 Ton - TPC SRL","og_description":"Scopri Electric Bending Machine Servo DD-M 2000\u00d750 Ton su TPC SRL - qualit\u00e0, prestazioni e assistenza garantita.","og_url":"https:\/\/www.tpcsrl.com\/en\/electric-bending-machine-servo-dd-m-2000x50-ton\/","og_site_name":"TPC SRL","article_publisher":"https:\/\/www.facebook.com\/tpcsrl2022","og_image":[{"width":1920,"height":2560,"url":"https:\/\/www.tpcsrl.com\/wp-content\/uploads\/2025\/03\/original-piegatrice-elettrica-servo-dd-m-2000-50-ton-scaled.jpg","type":"image\/jpeg"}],"twitter_card":"summary_large_image","schema":{"@context":"https:\/\/schema.org","@graph":[{"@type":"WebPage","@id":"https:\/\/www.tpcsrl.com\/en\/electric-bending-machine-servo-dd-m-2000x50-ton\/","url":"https:\/\/www.tpcsrl.com\/en\/electric-bending-machine-servo-dd-m-2000x50-ton\/","name":"Electric Bending Machine Servo DD-M 2000\u00d750 Ton - TPC SRL","isPartOf":{"@id":"https:\/\/www.tpcsrl.com\/en\/#website"},"primaryImageOfPage":{"@id":"https:\/\/www.tpcsrl.com\/en\/electric-bending-machine-servo-dd-m-2000x50-ton\/#primaryimage"},"image":{"@id":"https:\/\/www.tpcsrl.com\/en\/electric-bending-machine-servo-dd-m-2000x50-ton\/#primaryimage"},"thumbnailUrl":"https:\/\/www.tpcsrl.com\/wp-content\/uploads\/2025\/03\/original-piegatrice-elettrica-servo-dd-m-2000-50-ton-scaled.jpg","datePublished":"2025-03-19T15:06:41+00:00","description":"Scopri Electric Bending Machine Servo DD-M 2000\u00d750 Ton su TPC SRL - qualit\u00e0, prestazioni e assistenza garantita.","breadcrumb":{"@id":"https:\/\/www.tpcsrl.com\/en\/electric-bending-machine-servo-dd-m-2000x50-ton\/#breadcrumb"},"inLanguage":"en-US","potentialAction":[{"@type":"ReadAction","target":["https:\/\/www.tpcsrl.com\/en\/electric-bending-machine-servo-dd-m-2000x50-ton\/"]}]},{"@type":"ImageObject","inLanguage":"en-US","@id":"https:\/\/www.tpcsrl.com\/en\/electric-bending-machine-servo-dd-m-2000x50-ton\/#primaryimage","url":"https:\/\/www.tpcsrl.com\/wp-content\/uploads\/2025\/03\/original-piegatrice-elettrica-servo-dd-m-2000-50-ton-scaled.jpg","contentUrl":"https:\/\/www.tpcsrl.com\/wp-content\/uploads\/2025\/03\/original-piegatrice-elettrica-servo-dd-m-2000-50-ton-scaled.jpg","width":1920,"height":2560,"caption":"Electric Bending Machine Servo DD-M 2000\u00d750 Ton"},{"@type":"BreadcrumbList","@id":"https:\/\/www.tpcsrl.com\/en\/electric-bending-machine-servo-dd-m-2000x50-ton\/#breadcrumb","itemListElement":[{"@type":"ListItem","position":1,"name":"Home","item":"https:\/\/www.tpcsrl.com\/en\/"},{"@type":"ListItem","position":2,"name":"Shop","item":"https:\/\/www.tpcsrl.com\/en\/shop\/"},{"@type":"ListItem","position":3,"name":"Electric Bending Machine Servo DD-M 2000\u00d750 Ton"}]},{"@type":"WebSite","@id":"https:\/\/www.tpcsrl.com\/en\/#website","url":"https:\/\/www.tpcsrl.com\/en\/","name":"TPC SRL","description":"Leader nell\u2019acquisto e vendita di macchine utensili","publisher":{"@id":"https:\/\/www.tpcsrl.com\/en\/#organization"},"potentialAction":[{"@type":"SearchAction","target":{"@type":"EntryPoint","urlTemplate":"https:\/\/www.tpcsrl.com\/en\/?s={search_term_string}"},"query-input":{"@type":"PropertyValueSpecification","valueRequired":true,"valueName":"search_term_string"}}],"inLanguage":"en-US"},{"@type":"Organization","@id":"https:\/\/www.tpcsrl.com\/en\/#organization","name":"TPC SRL","url":"https:\/\/www.tpcsrl.com\/en\/","logo":{"@type":"ImageObject","inLanguage":"en-US","@id":"https:\/\/www.tpcsrl.com\/en\/#\/schema\/logo\/image\/","url":"https:\/\/www.tpcsrl.com\/wp-content\/uploads\/2026\/01\/logo-tpc-eng.jpg","contentUrl":"https:\/\/www.tpcsrl.com\/wp-content\/uploads\/2026\/01\/logo-tpc-eng.jpg","width":640,"height":316,"caption":"TPC SRL"},"image":{"@id":"https:\/\/www.tpcsrl.com\/en\/#\/schema\/logo\/image\/"},"sameAs":["https:\/\/www.facebook.com\/tpcsrl2022","https:\/\/www.youtube.com\/@TPCSRL"]}]}},"uagb_featured_image_src":{"full":["https:\/\/www.tpcsrl.com\/wp-content\/uploads\/2025\/03\/original-piegatrice-elettrica-servo-dd-m-2000-50-ton-scaled.jpg",1920,2560,false],"thumbnail":["https:\/\/www.tpcsrl.com\/wp-content\/uploads\/2025\/03\/original-piegatrice-elettrica-servo-dd-m-2000-50-ton-150x150.jpg",150,150,true],"medium":["https:\/\/www.tpcsrl.com\/wp-content\/uploads\/2025\/03\/original-piegatrice-elettrica-servo-dd-m-2000-50-ton-225x300.jpg",225,300,true],"medium_large":["https:\/\/www.tpcsrl.com\/wp-content\/uploads\/2025\/03\/original-piegatrice-elettrica-servo-dd-m-2000-50-ton-768x1024.jpg",768,1024,true],"large":["https:\/\/www.tpcsrl.com\/wp-content\/uploads\/2025\/03\/original-piegatrice-elettrica-servo-dd-m-2000-50-ton-768x1024.jpg",768,1024,true],"1536x1536":["https:\/\/www.tpcsrl.com\/wp-content\/uploads\/2025\/03\/original-piegatrice-elettrica-servo-dd-m-2000-50-ton-1152x1536.jpg",1152,1536,true],"2048x2048":["https:\/\/www.tpcsrl.com\/wp-content\/uploads\/2025\/03\/original-piegatrice-elettrica-servo-dd-m-2000-50-ton-1536x2048.jpg",1536,2048,true],"woocommerce_thumbnail":["https:\/\/www.tpcsrl.com\/wp-content\/uploads\/2025\/03\/original-piegatrice-elettrica-servo-dd-m-2000-50-ton-scaled-300x225.jpg",300,225,true],"woocommerce_single":["https:\/\/www.tpcsrl.com\/wp-content\/uploads\/2025\/03\/original-piegatrice-elettrica-servo-dd-m-2000-50-ton-scaled-600x800.jpg",600,800,true],"woocommerce_gallery_thumbnail":["https:\/\/www.tpcsrl.com\/wp-content\/uploads\/2025\/03\/original-piegatrice-elettrica-servo-dd-m-2000-50-ton-scaled-100x100.jpg",100,100,true]},"uagb_author_info":{"display_name":"tpc srl","author_link":"https:\/\/www.tpcsrl.com\/en\/author\/"},"uagb_comment_info":0,"uagb_excerpt":"MACHINE READY FOR DELIVERY Electric bending press dener 2050&#215;50 ton, useful bending length 2050 mm, bending power 50 ton, machine [&hellip;]","_links":{"self":[{"href":"https:\/\/www.tpcsrl.com\/en\/wp-json\/wp\/v2\/product\/9640","targetHints":{"allow":["GET"]}}],"collection":[{"href":"https:\/\/www.tpcsrl.com\/en\/wp-json\/wp\/v2\/product"}],"about":[{"href":"https:\/\/www.tpcsrl.com\/en\/wp-json\/wp\/v2\/types\/product"}],"replies":[{"embeddable":true,"href":"https:\/\/www.tpcsrl.com\/en\/wp-json\/wp\/v2\/comments?post=9640"}],"wp:featuredmedia":[{"embeddable":true,"href":"https:\/\/www.tpcsrl.com\/en\/wp-json\/wp\/v2\/media\/8555"}],"wp:attachment":[{"href":"https:\/\/www.tpcsrl.com\/en\/wp-json\/wp\/v2\/media?parent=9640"}],"wp:term":[{"taxonomy":"product_brand","embeddable":true,"href":"https:\/\/www.tpcsrl.com\/en\/wp-json\/wp\/v2\/product_brand?post=9640"},{"taxonomy":"product_cat","embeddable":true,"href":"https:\/\/www.tpcsrl.com\/en\/wp-json\/wp\/v2\/product_cat?post=9640"},{"taxonomy":"product_tag","embeddable":true,"href":"https:\/\/www.tpcsrl.com\/en\/wp-json\/wp\/v2\/product_tag?post=9640"}],"curies":[{"name":"wp","href":"https:\/\/api.w.org\/{rel}","templated":true}]}}