{"id":9239,"date":"2025-03-19T16:07:00","date_gmt":"2025-03-19T15:07:00","guid":{"rendered":"https:\/\/www.tpcsrl.com\/fiber-laser-cutting-machine-mod-fl-working-area-1500x3000-mm-4000x2000-mm-6000x2000-mm\/"},"modified":"2025-03-19T16:07:00","modified_gmt":"2025-03-19T15:07:00","slug":"fiber-laser-cutting-machine-mod-fl-working-area-1500x3000-mm-4000x2000-mm-6000x2000-mm","status":"publish","type":"product","link":"https:\/\/www.tpcsrl.com\/en\/fiber-laser-cutting-machine-mod-fl-working-area-1500x3000-mm-4000x2000-mm-6000x2000-mm\/","title":{"rendered":"Fiber Laser Cutting mod. FL working area 1500&#215;3000 mm, 4000&#215;2000 mm, 6000&#215;2000 mm"},"content":{"rendered":"<p>The range of products of the Laser Fiber Cutting Machines Dener includes three models:<\/p>\n<p>&#8211; FL 3015 &#8211; The working area 1500&#215;3000 mm<br \/>\n&#8211; FL 4020 &#8211; The working area 2000&#215;4000 mm<br \/>\n&#8211; FL 6020 &#8211; The working area 2000&#215;6000 mm<\/p>\n<p>The Powers range from 1000 w to 8000 w<\/p>\n<p>Laser Source IPG<\/p>\n<p>Cutting Head Precitec<\/p>\n<p>CNC Fanuc<\/p>\n<p>Table change<\/p>\n<p>Suction filter<\/p>\n<p>Machines Ready 4.0<\/p>\n","protected":false},"excerpt":{"rendered":"<p>The range of products of the Laser Fiber Cutting Machines Dener includes three models: &#8211; FL 3015 &#8211; The working [&hellip;]<\/p>\n","protected":false},"featured_media":9240,"comment_status":"open","ping_status":"closed","template":"","meta":{"_acf_changed":false,"_uag_custom_page_level_css":"","site-sidebar-layout":"default","site-content-layout":"","ast-site-content-layout":"default","site-content-style":"default","site-sidebar-style":"default","ast-global-header-display":"","ast-banner-title-visibility":"","ast-main-header-display":"","ast-hfb-above-header-display":"","ast-hfb-below-header-display":"","ast-hfb-mobile-header-display":"","site-post-title":"","ast-breadcrumbs-content":"","ast-featured-img":"","footer-sml-layout":"","ast-disable-related-posts":"","theme-transparent-header-meta":"default","adv-header-id-meta":"","stick-header-meta":"default","header-above-stick-meta":"","header-main-stick-meta":"","header-below-stick-meta":"","astra-migrate-meta-layouts":"default","ast-page-background-enabled":"default","ast-page-background-meta":{"desktop":{"background-color":"var(--ast-global-color-5)","background-image":"","background-repeat":"repeat","background-position":"center center","background-size":"auto","background-attachment":"scroll","background-type":"","background-media":"","overlay-type":"","overlay-color":"","overlay-opacity":"","overlay-gradient":""},"tablet":{"background-color":"","background-image":"","background-repeat":"repeat","background-position":"center center","background-size":"auto","background-attachment":"scroll","background-type":"","background-media":"","overlay-type":"","overlay-color":"","overlay-opacity":"","overlay-gradient":""},"mobile":{"background-color":"","background-image":"","background-repeat":"repeat","background-position":"center center","background-size":"auto","background-attachment":"scroll","background-type":"","background-media":"","overlay-type":"","overlay-color":"","overlay-opacity":"","overlay-gradient":""}},"ast-content-background-meta":{"desktop":{"background-color":"var(--ast-global-color-4)","background-image":"","background-repeat":"repeat","background-position":"center center","background-size":"auto","background-attachment":"scroll","background-type":"","background-media":"","overlay-type":"","overlay-color":"","overlay-opacity":"","overlay-gradient":""},"tablet":{"background-color":"var(--ast-global-color-4)","background-image":"","background-repeat":"repeat","background-position":"center center","background-size":"auto","background-attachment":"scroll","background-type":"","background-media":"","overlay-type":"","overlay-color":"","overlay-opacity":"","overlay-gradient":""},"mobile":{"background-color":"var(--ast-global-color-4)","background-image":"","background-repeat":"repeat","background-position":"center center","background-size":"auto","background-attachment":"scroll","background-type":"","background-media":"","overlay-type":"","overlay-color":"","overlay-opacity":"","overlay-gradient":""}},"iawp_total_views":1},"product_brand":[1982],"product_cat":[1097],"product_tag":[],"class_list":{"0":"post-9239","1":"product","2":"type-product","3":"status-publish","4":"has-post-thumbnail","6":"product_brand-dener","7":"product_cat-flat-laser-cutting","8":"desktop-align-left","9":"tablet-align-left","10":"mobile-align-left","12":"first","13":"instock","14":"shipping-taxable","15":"product-type-simple"},"acf":[],"yoast_head":"<!-- This site is optimized with the Yoast SEO plugin v27.4 - https:\/\/yoast.com\/product\/yoast-seo-wordpress\/ -->\n<title>Fiber Laser Cutting mod. FL working area 1500\u00d73000 mm, 4000\u00d72000 mm, 6000\u00d72000 mm | TPC SRL<\/title>\n<meta name=\"description\" content=\"Scopri Fiber Laser Cutting mod. FL working area 1500x3000 mm, 4000x2000 mm, 6000x2000 mm su TPC SRL - qualit\u00e0, prestazioni e assistenza garantita.\" \/>\n<meta name=\"robots\" content=\"index, follow, max-snippet:-1, max-image-preview:large, max-video-preview:-1\" \/>\n<link rel=\"canonical\" href=\"https:\/\/www.tpcsrl.com\/en\/fiber-laser-cutting-machine-mod-fl-working-area-1500x3000-mm-4000x2000-mm-6000x2000-mm\/\" \/>\n<meta property=\"og:locale\" content=\"en_US\" \/>\n<meta property=\"og:type\" content=\"article\" \/>\n<meta property=\"og:title\" content=\"Fiber Laser Cutting mod. FL working area 1500x3000 mm, 4000x2000 mm, 6000x2000 mm - TPC SRL\" \/>\n<meta property=\"og:description\" content=\"Scopri Fiber Laser Cutting mod. FL working area 1500x3000 mm, 4000x2000 mm, 6000x2000 mm su TPC SRL - qualit\u00e0, prestazioni e assistenza garantita.\" \/>\n<meta property=\"og:url\" content=\"https:\/\/www.tpcsrl.com\/en\/fiber-laser-cutting-machine-mod-fl-working-area-1500x3000-mm-4000x2000-mm-6000x2000-mm\/\" \/>\n<meta property=\"og:site_name\" content=\"TPC SRL\" \/>\n<meta property=\"article:publisher\" content=\"https:\/\/www.facebook.com\/tpcsrl2022\" \/>\n<meta property=\"og:image\" content=\"https:\/\/www.tpcsrl.com\/wp-content\/uploads\/2025\/03\/original-taglio-laser-fibra-mod-fl-campo-di-lavoro-1500x3000-mm-4000x2000-mm-6000x2000-mm.png\" \/>\n\t<meta property=\"og:image:width\" content=\"2560\" \/>\n\t<meta property=\"og:image:height\" content=\"1440\" \/>\n\t<meta property=\"og:image:type\" content=\"image\/png\" \/>\n<meta name=\"twitter:card\" content=\"summary_large_image\" \/>\n<script type=\"application\/ld+json\" class=\"yoast-schema-graph\">{\"@context\":\"https:\\\/\\\/schema.org\",\"@graph\":[{\"@type\":\"WebPage\",\"@id\":\"https:\\\/\\\/www.tpcsrl.com\\\/en\\\/fiber-laser-cutting-machine-mod-fl-working-area-1500x3000-mm-4000x2000-mm-6000x2000-mm\\\/\",\"url\":\"https:\\\/\\\/www.tpcsrl.com\\\/en\\\/fiber-laser-cutting-machine-mod-fl-working-area-1500x3000-mm-4000x2000-mm-6000x2000-mm\\\/\",\"name\":\"Fiber Laser Cutting mod. FL working area 1500x3000 mm, 4000x2000 mm, 6000x2000 mm - TPC SRL\",\"isPartOf\":{\"@id\":\"https:\\\/\\\/www.tpcsrl.com\\\/en\\\/#website\"},\"primaryImageOfPage\":{\"@id\":\"https:\\\/\\\/www.tpcsrl.com\\\/en\\\/fiber-laser-cutting-machine-mod-fl-working-area-1500x3000-mm-4000x2000-mm-6000x2000-mm\\\/#primaryimage\"},\"image\":{\"@id\":\"https:\\\/\\\/www.tpcsrl.com\\\/en\\\/fiber-laser-cutting-machine-mod-fl-working-area-1500x3000-mm-4000x2000-mm-6000x2000-mm\\\/#primaryimage\"},\"thumbnailUrl\":\"https:\\\/\\\/www.tpcsrl.com\\\/wp-content\\\/uploads\\\/2025\\\/03\\\/original-taglio-laser-fibra-mod-fl-campo-di-lavoro-1500x3000-mm-4000x2000-mm-6000x2000-mm.png\",\"datePublished\":\"2025-03-19T15:07:00+00:00\",\"description\":\"Scopri Fiber Laser Cutting mod. FL working area 1500x3000 mm, 4000x2000 mm, 6000x2000 mm su TPC SRL - qualit\u00e0, prestazioni e assistenza garantita.\",\"breadcrumb\":{\"@id\":\"https:\\\/\\\/www.tpcsrl.com\\\/en\\\/fiber-laser-cutting-machine-mod-fl-working-area-1500x3000-mm-4000x2000-mm-6000x2000-mm\\\/#breadcrumb\"},\"inLanguage\":\"en-US\",\"potentialAction\":[{\"@type\":\"ReadAction\",\"target\":[\"https:\\\/\\\/www.tpcsrl.com\\\/en\\\/fiber-laser-cutting-machine-mod-fl-working-area-1500x3000-mm-4000x2000-mm-6000x2000-mm\\\/\"]}]},{\"@type\":\"ImageObject\",\"inLanguage\":\"en-US\",\"@id\":\"https:\\\/\\\/www.tpcsrl.com\\\/en\\\/fiber-laser-cutting-machine-mod-fl-working-area-1500x3000-mm-4000x2000-mm-6000x2000-mm\\\/#primaryimage\",\"url\":\"https:\\\/\\\/www.tpcsrl.com\\\/wp-content\\\/uploads\\\/2025\\\/03\\\/original-taglio-laser-fibra-mod-fl-campo-di-lavoro-1500x3000-mm-4000x2000-mm-6000x2000-mm.png\",\"contentUrl\":\"https:\\\/\\\/www.tpcsrl.com\\\/wp-content\\\/uploads\\\/2025\\\/03\\\/original-taglio-laser-fibra-mod-fl-campo-di-lavoro-1500x3000-mm-4000x2000-mm-6000x2000-mm.png\",\"width\":2560,\"height\":1440,\"caption\":\"Fiber Laser Cutting mod. FL working area 1500\u00d73000 mm, 4000\u00d72000 mm, 6000\u00d72000 mm\"},{\"@type\":\"BreadcrumbList\",\"@id\":\"https:\\\/\\\/www.tpcsrl.com\\\/en\\\/fiber-laser-cutting-machine-mod-fl-working-area-1500x3000-mm-4000x2000-mm-6000x2000-mm\\\/#breadcrumb\",\"itemListElement\":[{\"@type\":\"ListItem\",\"position\":1,\"name\":\"Home\",\"item\":\"https:\\\/\\\/www.tpcsrl.com\\\/en\\\/\"},{\"@type\":\"ListItem\",\"position\":2,\"name\":\"Shop\",\"item\":\"https:\\\/\\\/www.tpcsrl.com\\\/en\\\/shop\\\/\"},{\"@type\":\"ListItem\",\"position\":3,\"name\":\"Fiber Laser Cutting mod. FL working area 1500&#215;3000 mm, 4000&#215;2000 mm, 6000&#215;2000 mm\"}]},{\"@type\":\"WebSite\",\"@id\":\"https:\\\/\\\/www.tpcsrl.com\\\/en\\\/#website\",\"url\":\"https:\\\/\\\/www.tpcsrl.com\\\/en\\\/\",\"name\":\"TPC SRL\",\"description\":\"Leader nell\u2019acquisto e vendita di macchine utensili\",\"publisher\":{\"@id\":\"https:\\\/\\\/www.tpcsrl.com\\\/en\\\/#organization\"},\"potentialAction\":[{\"@type\":\"SearchAction\",\"target\":{\"@type\":\"EntryPoint\",\"urlTemplate\":\"https:\\\/\\\/www.tpcsrl.com\\\/en\\\/?s={search_term_string}\"},\"query-input\":{\"@type\":\"PropertyValueSpecification\",\"valueRequired\":true,\"valueName\":\"search_term_string\"}}],\"inLanguage\":\"en-US\"},{\"@type\":\"Organization\",\"@id\":\"https:\\\/\\\/www.tpcsrl.com\\\/en\\\/#organization\",\"name\":\"TPC SRL\",\"url\":\"https:\\\/\\\/www.tpcsrl.com\\\/en\\\/\",\"logo\":{\"@type\":\"ImageObject\",\"inLanguage\":\"en-US\",\"@id\":\"https:\\\/\\\/www.tpcsrl.com\\\/en\\\/#\\\/schema\\\/logo\\\/image\\\/\",\"url\":\"https:\\\/\\\/www.tpcsrl.com\\\/wp-content\\\/uploads\\\/2026\\\/01\\\/logo-tpc-eng.jpg\",\"contentUrl\":\"https:\\\/\\\/www.tpcsrl.com\\\/wp-content\\\/uploads\\\/2026\\\/01\\\/logo-tpc-eng.jpg\",\"width\":640,\"height\":316,\"caption\":\"TPC SRL\"},\"image\":{\"@id\":\"https:\\\/\\\/www.tpcsrl.com\\\/en\\\/#\\\/schema\\\/logo\\\/image\\\/\"},\"sameAs\":[\"https:\\\/\\\/www.facebook.com\\\/tpcsrl2022\",\"https:\\\/\\\/www.youtube.com\\\/@TPCSRL\"]}]}<\/script>\n<!-- \/ Yoast SEO plugin. -->","yoast_head_json":{"title":"Fiber Laser Cutting mod. FL working area 1500\u00d73000 mm, 4000\u00d72000 mm, 6000\u00d72000 mm | TPC SRL","description":"Scopri Fiber Laser Cutting mod. FL working area 1500x3000 mm, 4000x2000 mm, 6000x2000 mm su TPC SRL - qualit\u00e0, prestazioni e assistenza garantita.","robots":{"index":"index","follow":"follow","max-snippet":"max-snippet:-1","max-image-preview":"max-image-preview:large","max-video-preview":"max-video-preview:-1"},"canonical":"https:\/\/www.tpcsrl.com\/en\/fiber-laser-cutting-machine-mod-fl-working-area-1500x3000-mm-4000x2000-mm-6000x2000-mm\/","og_locale":"en_US","og_type":"article","og_title":"Fiber Laser Cutting mod. FL working area 1500x3000 mm, 4000x2000 mm, 6000x2000 mm - TPC SRL","og_description":"Scopri Fiber Laser Cutting mod. FL working area 1500x3000 mm, 4000x2000 mm, 6000x2000 mm su TPC SRL - qualit\u00e0, prestazioni e assistenza garantita.","og_url":"https:\/\/www.tpcsrl.com\/en\/fiber-laser-cutting-machine-mod-fl-working-area-1500x3000-mm-4000x2000-mm-6000x2000-mm\/","og_site_name":"TPC SRL","article_publisher":"https:\/\/www.facebook.com\/tpcsrl2022","og_image":[{"width":2560,"height":1440,"url":"https:\/\/www.tpcsrl.com\/wp-content\/uploads\/2025\/03\/original-taglio-laser-fibra-mod-fl-campo-di-lavoro-1500x3000-mm-4000x2000-mm-6000x2000-mm.png","type":"image\/png"}],"twitter_card":"summary_large_image","schema":{"@context":"https:\/\/schema.org","@graph":[{"@type":"WebPage","@id":"https:\/\/www.tpcsrl.com\/en\/fiber-laser-cutting-machine-mod-fl-working-area-1500x3000-mm-4000x2000-mm-6000x2000-mm\/","url":"https:\/\/www.tpcsrl.com\/en\/fiber-laser-cutting-machine-mod-fl-working-area-1500x3000-mm-4000x2000-mm-6000x2000-mm\/","name":"Fiber Laser Cutting mod. FL working area 1500x3000 mm, 4000x2000 mm, 6000x2000 mm - TPC SRL","isPartOf":{"@id":"https:\/\/www.tpcsrl.com\/en\/#website"},"primaryImageOfPage":{"@id":"https:\/\/www.tpcsrl.com\/en\/fiber-laser-cutting-machine-mod-fl-working-area-1500x3000-mm-4000x2000-mm-6000x2000-mm\/#primaryimage"},"image":{"@id":"https:\/\/www.tpcsrl.com\/en\/fiber-laser-cutting-machine-mod-fl-working-area-1500x3000-mm-4000x2000-mm-6000x2000-mm\/#primaryimage"},"thumbnailUrl":"https:\/\/www.tpcsrl.com\/wp-content\/uploads\/2025\/03\/original-taglio-laser-fibra-mod-fl-campo-di-lavoro-1500x3000-mm-4000x2000-mm-6000x2000-mm.png","datePublished":"2025-03-19T15:07:00+00:00","description":"Scopri Fiber Laser Cutting mod. FL working area 1500x3000 mm, 4000x2000 mm, 6000x2000 mm su TPC SRL - qualit\u00e0, prestazioni e assistenza garantita.","breadcrumb":{"@id":"https:\/\/www.tpcsrl.com\/en\/fiber-laser-cutting-machine-mod-fl-working-area-1500x3000-mm-4000x2000-mm-6000x2000-mm\/#breadcrumb"},"inLanguage":"en-US","potentialAction":[{"@type":"ReadAction","target":["https:\/\/www.tpcsrl.com\/en\/fiber-laser-cutting-machine-mod-fl-working-area-1500x3000-mm-4000x2000-mm-6000x2000-mm\/"]}]},{"@type":"ImageObject","inLanguage":"en-US","@id":"https:\/\/www.tpcsrl.com\/en\/fiber-laser-cutting-machine-mod-fl-working-area-1500x3000-mm-4000x2000-mm-6000x2000-mm\/#primaryimage","url":"https:\/\/www.tpcsrl.com\/wp-content\/uploads\/2025\/03\/original-taglio-laser-fibra-mod-fl-campo-di-lavoro-1500x3000-mm-4000x2000-mm-6000x2000-mm.png","contentUrl":"https:\/\/www.tpcsrl.com\/wp-content\/uploads\/2025\/03\/original-taglio-laser-fibra-mod-fl-campo-di-lavoro-1500x3000-mm-4000x2000-mm-6000x2000-mm.png","width":2560,"height":1440,"caption":"Fiber Laser Cutting mod. FL working area 1500\u00d73000 mm, 4000\u00d72000 mm, 6000\u00d72000 mm"},{"@type":"BreadcrumbList","@id":"https:\/\/www.tpcsrl.com\/en\/fiber-laser-cutting-machine-mod-fl-working-area-1500x3000-mm-4000x2000-mm-6000x2000-mm\/#breadcrumb","itemListElement":[{"@type":"ListItem","position":1,"name":"Home","item":"https:\/\/www.tpcsrl.com\/en\/"},{"@type":"ListItem","position":2,"name":"Shop","item":"https:\/\/www.tpcsrl.com\/en\/shop\/"},{"@type":"ListItem","position":3,"name":"Fiber Laser Cutting mod. FL working area 1500&#215;3000 mm, 4000&#215;2000 mm, 6000&#215;2000 mm"}]},{"@type":"WebSite","@id":"https:\/\/www.tpcsrl.com\/en\/#website","url":"https:\/\/www.tpcsrl.com\/en\/","name":"TPC SRL","description":"Leader nell\u2019acquisto e vendita di macchine utensili","publisher":{"@id":"https:\/\/www.tpcsrl.com\/en\/#organization"},"potentialAction":[{"@type":"SearchAction","target":{"@type":"EntryPoint","urlTemplate":"https:\/\/www.tpcsrl.com\/en\/?s={search_term_string}"},"query-input":{"@type":"PropertyValueSpecification","valueRequired":true,"valueName":"search_term_string"}}],"inLanguage":"en-US"},{"@type":"Organization","@id":"https:\/\/www.tpcsrl.com\/en\/#organization","name":"TPC SRL","url":"https:\/\/www.tpcsrl.com\/en\/","logo":{"@type":"ImageObject","inLanguage":"en-US","@id":"https:\/\/www.tpcsrl.com\/en\/#\/schema\/logo\/image\/","url":"https:\/\/www.tpcsrl.com\/wp-content\/uploads\/2026\/01\/logo-tpc-eng.jpg","contentUrl":"https:\/\/www.tpcsrl.com\/wp-content\/uploads\/2026\/01\/logo-tpc-eng.jpg","width":640,"height":316,"caption":"TPC SRL"},"image":{"@id":"https:\/\/www.tpcsrl.com\/en\/#\/schema\/logo\/image\/"},"sameAs":["https:\/\/www.facebook.com\/tpcsrl2022","https:\/\/www.youtube.com\/@TPCSRL"]}]}},"uagb_featured_image_src":{"full":["https:\/\/www.tpcsrl.com\/wp-content\/uploads\/2025\/03\/original-taglio-laser-fibra-mod-fl-campo-di-lavoro-1500x3000-mm-4000x2000-mm-6000x2000-mm.png",2560,1440,false],"thumbnail":["https:\/\/www.tpcsrl.com\/wp-content\/uploads\/2025\/03\/original-taglio-laser-fibra-mod-fl-campo-di-lavoro-1500x3000-mm-4000x2000-mm-6000x2000-mm-150x150.png",150,150,true],"medium":["https:\/\/www.tpcsrl.com\/wp-content\/uploads\/2025\/03\/original-taglio-laser-fibra-mod-fl-campo-di-lavoro-1500x3000-mm-4000x2000-mm-6000x2000-mm-300x169.png",300,169,true],"medium_large":["https:\/\/www.tpcsrl.com\/wp-content\/uploads\/2025\/03\/original-taglio-laser-fibra-mod-fl-campo-di-lavoro-1500x3000-mm-4000x2000-mm-6000x2000-mm-768x432.png",768,432,true],"large":["https:\/\/www.tpcsrl.com\/wp-content\/uploads\/2025\/03\/original-taglio-laser-fibra-mod-fl-campo-di-lavoro-1500x3000-mm-4000x2000-mm-6000x2000-mm-1024x576.png",1024,576,true],"1536x1536":["https:\/\/www.tpcsrl.com\/wp-content\/uploads\/2025\/03\/original-taglio-laser-fibra-mod-fl-campo-di-lavoro-1500x3000-mm-4000x2000-mm-6000x2000-mm-1536x864.png",1536,864,true],"2048x2048":["https:\/\/www.tpcsrl.com\/wp-content\/uploads\/2025\/03\/original-taglio-laser-fibra-mod-fl-campo-di-lavoro-1500x3000-mm-4000x2000-mm-6000x2000-mm-2048x1152.png",2048,1152,true],"woocommerce_thumbnail":["https:\/\/www.tpcsrl.com\/wp-content\/uploads\/2025\/03\/original-taglio-laser-fibra-mod-fl-campo-di-lavoro-1500x3000-mm-4000x2000-mm-6000x2000-mm-300x225.png",300,225,true],"woocommerce_single":["https:\/\/www.tpcsrl.com\/wp-content\/uploads\/2025\/03\/original-taglio-laser-fibra-mod-fl-campo-di-lavoro-1500x3000-mm-4000x2000-mm-6000x2000-mm-600x338.png",600,338,true],"woocommerce_gallery_thumbnail":["https:\/\/www.tpcsrl.com\/wp-content\/uploads\/2025\/03\/original-taglio-laser-fibra-mod-fl-campo-di-lavoro-1500x3000-mm-4000x2000-mm-6000x2000-mm-100x100.png",100,100,true]},"uagb_author_info":{"display_name":"tpc srl","author_link":"https:\/\/www.tpcsrl.com\/en\/author\/"},"uagb_comment_info":0,"uagb_excerpt":"The range of products of the Laser Fiber Cutting Machines Dener includes three models: &#8211; FL 3015 &#8211; The working [&hellip;]","_links":{"self":[{"href":"https:\/\/www.tpcsrl.com\/en\/wp-json\/wp\/v2\/product\/9239","targetHints":{"allow":["GET"]}}],"collection":[{"href":"https:\/\/www.tpcsrl.com\/en\/wp-json\/wp\/v2\/product"}],"about":[{"href":"https:\/\/www.tpcsrl.com\/en\/wp-json\/wp\/v2\/types\/product"}],"replies":[{"embeddable":true,"href":"https:\/\/www.tpcsrl.com\/en\/wp-json\/wp\/v2\/comments?post=9239"}],"wp:featuredmedia":[{"embeddable":true,"href":"https:\/\/www.tpcsrl.com\/en\/wp-json\/wp\/v2\/media\/9240"}],"wp:attachment":[{"href":"https:\/\/www.tpcsrl.com\/en\/wp-json\/wp\/v2\/media?parent=9239"}],"wp:term":[{"taxonomy":"product_brand","embeddable":true,"href":"https:\/\/www.tpcsrl.com\/en\/wp-json\/wp\/v2\/product_brand?post=9239"},{"taxonomy":"product_cat","embeddable":true,"href":"https:\/\/www.tpcsrl.com\/en\/wp-json\/wp\/v2\/product_cat?post=9239"},{"taxonomy":"product_tag","embeddable":true,"href":"https:\/\/www.tpcsrl.com\/en\/wp-json\/wp\/v2\/product_tag?post=9239"}],"curies":[{"name":"wp","href":"https:\/\/api.w.org\/{rel}","templated":true}]}}